{"id":870,"date":"2019-06-28T22:55:43","date_gmt":"2019-06-28T20:55:43","guid":{"rendered":"http:\/\/asu77ussy.fr\/?page_id=870"},"modified":"2023-10-19T12:38:14","modified_gmt":"2023-10-19T10:38:14","slug":"liens-et-associations-parentes","status":"publish","type":"page","link":"https:\/\/asu77ussy.fr\/index.php\/liens-et-associations-parentes\/","title":{"rendered":"Liens"},"content":{"rendered":"<p style=\"text-align: center;\"><a href=\"http:\/\/www.amisaintcolomban.org\/wordpress\/\" target=\"_blank\" rel=\"noopener noreferrer\"><strong><span style=\"color: #ff0000;\"><span style=\"color: #ff6600;\">Amis de Saint Colomban<\/span><\/span><\/strong><\/a><\/p>\n<p style=\"text-align: center;\"><span style=\"color: #ff6600;\"><strong><a style=\"color: #ff6600;\" href=\"http:\/\/www.grandvoyeux.fr\/\" target=\"_blank\" rel=\"noopener noreferrer\">Association pour la Valorisation des Espaces Natures du Grand Voyeux<\/a><\/strong><\/span><\/p>\n<p style=\"text-align: center;\"><span style=\"color: #ff6600;\"><strong><a style=\"color: #ff6600;\" href=\"https:\/\/www.caue77.fr\/\" target=\"_blank\" rel=\"noopener noreferrer\">Conseil d&rsquo;Architecture, d&rsquo;Urbaniste et de l&rsquo;Environnement<\/a><\/strong><\/span><\/p>\n<p style=\"text-align: center;\"><span style=\"color: #ff6600;\"><strong><a style=\"color: #ff6600;\" href=\"https:\/\/www.fondation-patrimoine.org\/\" target=\"_blank\" rel=\"noopener noreferrer\">Fondation du Patrimoine<\/a><\/strong><\/span><\/p>\n<p style=\"text-align: center;\"><span style=\"color: #ff6600;\"><strong><a style=\"color: #ff6600;\" href=\"http:\/\/www.ussy-sur-marne.fr\/\" target=\"_blank\" rel=\"noopener noreferrer\">Mairie d&rsquo;Ussy sur Marne<\/a><\/strong><\/span><\/p>\n<p style=\"text-align: center;\"><span style=\"color: #ff6600;\"><strong><a style=\"color: #ff6600;\" href=\"http:\/\/www.meteofrance.com\/previsions-meteo-france\/ussy-sur-marne\/77260\" target=\"_blank\" rel=\"noopener noreferrer\">M\u00e9t\u00e9o \u00e0 Ussy sur Marne<\/a><\/strong><\/span><\/p>\n<p style=\"text-align: center;\"><span style=\"color: #ff6600;\"><strong><a style=\"color: #ff6600;\" href=\"https:\/\/www.pnrbrie2morin.fr\/\" target=\"_blank\" rel=\"noopener noreferrer\">Parc Naturel R\u00e9gional Brie et deux Morin<\/a><\/strong><\/span><\/p>\n<p style=\"text-align: center;\"><span style=\"color: #ff6600;\"><strong><a style=\"color: #ff6600;\" href=\"http:\/\/paroissesaintjean.org\/\" target=\"_blank\" rel=\"noopener noreferrer\">Paroisse des cinq clochers<\/a><\/strong><\/span><\/p>\n<p style=\"text-align: center;\"><span style=\"color: #ff6600;\"><strong><a style=\"color: #ff6600;\" href=\"https:\/\/www.youtube.com\/watch?v=cpCUvKDw60E\" target=\"_blank\" rel=\"noopener noreferrer\">Petite chanson sur les villages de Barbara<\/a><\/strong><\/span><\/p>\n<p style=\"text-align: center;\"><a href=\"https:\/\/www.lesportesdelachampagne.com\/\" target=\"_blank\" rel=\"noopener\"><span style=\"color: #ff6600;\"><strong>Les Portes de la Champagne<\/strong><\/span><\/a><\/p>\n<p style=\"text-align: center;\"><a href=\"https:\/\/www.ressourcerielaboussole.fr\/\" target=\"_blank\" rel=\"noopener\"><span style=\"color: #ff6600;\"><strong>Ressourcerie LA BOUSSOLE<\/strong><\/span><\/a><\/p>\n<p style=\"text-align: center;\"><span style=\"color: #ff6600;\"><strong><a style=\"color: #ff6600;\" href=\"https:\/\/www.sortirenpaysdebrie.com\/\" target=\"_blank\" rel=\"noopener noreferrer\">Sortir en Pays de Brie<\/a><\/strong><\/span><\/p>\n<p style=\"text-align: center;\"><span style=\"color: #ff6600;\"><strong><a style=\"color: #ff6600;\" href=\"http:\/\/tourismepaysfertois.fr\/\" target=\"_blank\" rel=\"noopener noreferrer\">Coulommiers Pays de Brie Tourisme (anciennement Tourisme en Pays Fertois<\/a>)<\/strong><\/span><\/p>\n","protected":false},"excerpt":{"rendered":"<p>Amis de Saint Colomban Association pour la Valorisation des Espaces Natures du Grand Voyeux Conseil d&rsquo;Architecture, d&rsquo;Urbaniste et de l&rsquo;Environnement<\/p>\n","protected":false},"author":1,"featured_media":0,"parent":0,"menu_order":0,"comment_status":"closed","ping_status":"closed","template":"","meta":{"colormag_page_container_layout":"default_layout","colormag_page_sidebar_layout":"default_layout","jetpack_post_was_ever_published":false,"footnotes":""},"class_list":["post-870","page","type-page","status-publish","hentry"],"jetpack_sharing_enabled":true,"jetpack_shortlink":"https:\/\/wp.me\/PaUFS9-e2","_links":{"self":[{"href":"https:\/\/asu77ussy.fr\/index.php\/wp-json\/wp\/v2\/pages\/870","targetHints":{"allow":["GET"]}}],"collection":[{"href":"https:\/\/asu77ussy.fr\/index.php\/wp-json\/wp\/v2\/pages"}],"about":[{"href":"https:\/\/asu77ussy.fr\/index.php\/wp-json\/wp\/v2\/types\/page"}],"author":[{"embeddable":true,"href":"https:\/\/asu77ussy.fr\/index.php\/wp-json\/wp\/v2\/users\/1"}],"replies":[{"embeddable":true,"href":"https:\/\/asu77ussy.fr\/index.php\/wp-json\/wp\/v2\/comments?post=870"}],"version-history":[{"count":8,"href":"https:\/\/asu77ussy.fr\/index.php\/wp-json\/wp\/v2\/pages\/870\/revisions"}],"predecessor-version":[{"id":6001,"href":"https:\/\/asu77ussy.fr\/index.php\/wp-json\/wp\/v2\/pages\/870\/revisions\/6001"}],"wp:attachment":[{"href":"https:\/\/asu77ussy.fr\/index.php\/wp-json\/wp\/v2\/media?parent=870"}],"curies":[{"name":"wp","href":"https:\/\/api.w.org\/{rel}","templated":true}]}}