{"id":784,"date":"2019-06-23T21:42:18","date_gmt":"2019-06-23T19:42:18","guid":{"rendered":"http:\/\/asu77ussy.fr\/?page_id=784"},"modified":"2024-01-30T12:01:57","modified_gmt":"2024-01-30T11:01:57","slug":"ussy-quelle-est-lorigine-de-ce-nom","status":"publish","type":"page","link":"https:\/\/asu77ussy.fr\/index.php\/decouvrir-ussy\/ussy-quelle-est-lorigine-de-ce-nom\/","title":{"rendered":"USSY et son histoire"},"content":{"rendered":"<h6><span style=\"color: #ff0000;\"><a href=\"https:\/\/asu77ussy.fr\/index.php\/ussy-quelle-est-lorigine-de-ce-nom\/\">USSY : quelle est l\u2019origine de ce nom ?<\/a><\/span><\/h6>\n<h6><a href=\"https:\/\/asu77ussy.fr\/index.php\/les-seigneurs-dussy-du-xve-siecle-a-la-revolution\/\" target=\"_blank\" rel=\"noopener\">Les seigneurs d&rsquo;Ussy du XV<strong><sup>e<\/sup><\/strong> si\u00e8cle \u00e0 la r\u00e9volution<\/a><\/h6>\n","protected":false},"excerpt":{"rendered":"<p>USSY : quelle est l\u2019origine de ce nom ? Les seigneurs d&rsquo;Ussy du XVe si\u00e8cle \u00e0 la r\u00e9volution<\/p>\n","protected":false},"author":1,"featured_media":0,"parent":42,"menu_order":0,"comment_status":"closed","ping_status":"closed","template":"","meta":{"colormag_page_container_layout":"no_sidebar_content_centered","colormag_page_sidebar_layout":"no_sidebar","jetpack_post_was_ever_published":false,"footnotes":""},"class_list":["post-784","page","type-page","status-publish","hentry"],"jetpack_sharing_enabled":true,"jetpack_shortlink":"https:\/\/wp.me\/PaUFS9-cE","_links":{"self":[{"href":"https:\/\/asu77ussy.fr\/index.php\/wp-json\/wp\/v2\/pages\/784","targetHints":{"allow":["GET"]}}],"collection":[{"href":"https:\/\/asu77ussy.fr\/index.php\/wp-json\/wp\/v2\/pages"}],"about":[{"href":"https:\/\/asu77ussy.fr\/index.php\/wp-json\/wp\/v2\/types\/page"}],"author":[{"embeddable":true,"href":"https:\/\/asu77ussy.fr\/index.php\/wp-json\/wp\/v2\/users\/1"}],"replies":[{"embeddable":true,"href":"https:\/\/asu77ussy.fr\/index.php\/wp-json\/wp\/v2\/comments?post=784"}],"version-history":[{"count":12,"href":"https:\/\/asu77ussy.fr\/index.php\/wp-json\/wp\/v2\/pages\/784\/revisions"}],"predecessor-version":[{"id":6194,"href":"https:\/\/asu77ussy.fr\/index.php\/wp-json\/wp\/v2\/pages\/784\/revisions\/6194"}],"up":[{"embeddable":true,"href":"https:\/\/asu77ussy.fr\/index.php\/wp-json\/wp\/v2\/pages\/42"}],"wp:attachment":[{"href":"https:\/\/asu77ussy.fr\/index.php\/wp-json\/wp\/v2\/media?parent=784"}],"curies":[{"name":"wp","href":"https:\/\/api.w.org\/{rel}","templated":true}]}}