{"id":744,"date":"2019-06-17T08:44:43","date_gmt":"2019-06-17T06:44:43","guid":{"rendered":"http:\/\/asu77ussy.fr\/?page_id=744"},"modified":"2023-11-28T12:29:54","modified_gmt":"2023-11-28T11:29:54","slug":"croix-reliquaire-du-xiiie-s","status":"publish","type":"page","link":"https:\/\/asu77ussy.fr\/index.php\/ouvrages-a-vendre\/croix-reliquaire-du-xiiie-s\/","title":{"rendered":"Croix reliquaire du XIII\u00e8 S. (carte postale)"},"content":{"rendered":"<div class=\"separator\" style=\"text-align: center;\"><strong><span style=\"color: #993300;\">Un morceau de bois, de la croix d&rsquo;origine, rapport\u00e9 d&rsquo;une croisade par un Seigneur d&rsquo;Ussy, Compagnon de Saint Louis, serait inclus dans ce travail d&rsquo;orf\u00e8vrerie<\/span><\/strong><\/div>\n<div class=\"separator\" style=\"text-align: center;\"><strong><span style=\"color: #993300;\">(actuellement en d\u00e9p\u00f4t \u00e0 l&rsquo;Ev\u00each\u00e9 de Meaux)<\/span><\/strong><\/div>\n<div><img data-recalc-dims=\"1\" loading=\"lazy\" decoding=\"async\" class=\"aligncenter size-full wp-image-745\" src=\"https:\/\/i0.wp.com\/asu77ussy.fr\/wp-content\/uploads\/2019\/06\/Croix-reliquaire.png?resize=606%2C866\" alt=\"\" width=\"606\" height=\"866\" srcset=\"https:\/\/i0.wp.com\/asu77ussy.fr\/wp-content\/uploads\/2019\/06\/Croix-reliquaire.png?w=606&amp;ssl=1 606w, https:\/\/i0.wp.com\/asu77ussy.fr\/wp-content\/uploads\/2019\/06\/Croix-reliquaire.png?resize=210%2C300&amp;ssl=1 210w\" sizes=\"auto, (max-width: 606px) 100vw, 606px\" \/><\/div>\n<div style=\"text-align: center;\"><span style=\"color: #993300;\"><strong>Prix de vente de la carte postale : 0,50 \u20ac +\u00a0 le prix du timbre en vigueur<\/strong><\/span><\/p>\n<p style=\"text-align: center;\"><span style=\"color: #993300;\">Pour tout renseignement : asu77260@gmail.com<\/span><\/p>\n<p style=\"text-align: center;\"><span style=\"color: #993300;\">Paiement par ch\u00e8que \u00e0 l&rsquo;ordre de <strong>l&rsquo;ASU<\/strong> \u00e0 envoyer \u00e0 :<\/span><\/p>\n<p style=\"text-align: center;\"><span style=\"color: #993300;\">Madame B\u00e9atrice DU SAULT\u00a0 (Tr\u00e9sori\u00e8re de l&rsquo;ASU) &#8211; <\/span><span style=\"color: #993300;\">6, rue de la Dehors &#8211; 77260 USSY-SUR-MARNE<\/span><\/p>\n<\/div>\n","protected":false},"excerpt":{"rendered":"<p>Un morceau de bois, de la croix d&rsquo;origine, rapport\u00e9 d&rsquo;une croisade par un Seigneur d&rsquo;Ussy, Compagnon de Saint Louis, serait<\/p>\n","protected":false},"author":1,"featured_media":0,"parent":621,"menu_order":0,"comment_status":"closed","ping_status":"closed","template":"","meta":{"colormag_page_container_layout":"no_sidebar_content_centered","colormag_page_sidebar_layout":"no_sidebar","jetpack_post_was_ever_published":false,"footnotes":""},"class_list":["post-744","page","type-page","status-publish","hentry"],"jetpack_sharing_enabled":true,"jetpack_shortlink":"https:\/\/wp.me\/PaUFS9-c0","_links":{"self":[{"href":"https:\/\/asu77ussy.fr\/index.php\/wp-json\/wp\/v2\/pages\/744","targetHints":{"allow":["GET"]}}],"collection":[{"href":"https:\/\/asu77ussy.fr\/index.php\/wp-json\/wp\/v2\/pages"}],"about":[{"href":"https:\/\/asu77ussy.fr\/index.php\/wp-json\/wp\/v2\/types\/page"}],"author":[{"embeddable":true,"href":"https:\/\/asu77ussy.fr\/index.php\/wp-json\/wp\/v2\/users\/1"}],"replies":[{"embeddable":true,"href":"https:\/\/asu77ussy.fr\/index.php\/wp-json\/wp\/v2\/comments?post=744"}],"version-history":[{"count":4,"href":"https:\/\/asu77ussy.fr\/index.php\/wp-json\/wp\/v2\/pages\/744\/revisions"}],"predecessor-version":[{"id":6114,"href":"https:\/\/asu77ussy.fr\/index.php\/wp-json\/wp\/v2\/pages\/744\/revisions\/6114"}],"up":[{"embeddable":true,"href":"https:\/\/asu77ussy.fr\/index.php\/wp-json\/wp\/v2\/pages\/621"}],"wp:attachment":[{"href":"https:\/\/asu77ussy.fr\/index.php\/wp-json\/wp\/v2\/media?parent=744"}],"curies":[{"name":"wp","href":"https:\/\/api.w.org\/{rel}","templated":true}]}}