{"id":6890,"date":"2026-01-05T10:51:34","date_gmt":"2026-01-05T09:51:34","guid":{"rendered":"https:\/\/asu77ussy.fr\/?page_id=6890"},"modified":"2026-01-05T10:51:34","modified_gmt":"2026-01-05T09:51:34","slug":"2025-lasu-fete-les-50-ans-de-lassociation","status":"publish","type":"page","link":"https:\/\/asu77ussy.fr\/index.php\/2025-lasu-fete-les-50-ans-de-lassociation\/","title":{"rendered":"2025, l&rsquo;ASU f\u00eate les 50 ans de l&rsquo;association"},"content":{"rendered":"\n\n\n<p>Dimanche 14 septembre, l\u2019ASU a c\u00e9l\u00e9br\u00e9 ses 50 ans d\u2019existence.<\/p>\n\n\n\n<p>Le matin, l&rsquo;association a rendu hommage aux 2 amis, Samuel Beckett et Henri Hayden. Tout d&rsquo;abord, rue de Rohan \u00e0 Reuil-en-Brie o\u00f9 nous ont accueillis Magali et Yann, propri\u00e9taires actuels de la maison du peintre. Avec po\u00e9sie et \u00e9motion, ils nous ont cont\u00e9s leur belle rencontre avec ce lieu.<\/p>\n\n\n\n<p>Puis Yann et monsieur l&rsquo;Ambassadeur d\u2019Irlande Niall Burgess, pr\u00e9sent pour l&rsquo;occasion et tr\u00e8s attach\u00e9 \u00e0 notre village, a d\u00e9voil\u00e9 la plaque des 2 amis, appos\u00e9 sur la grille de la maison, juste devant le <a href=\"https:\/\/www.a-la-lampe-pigeon.com\/\">g\u00eete \u00abA LA LAMPE PIGEON\u00bb<\/a> ouvert r\u00e9cemment par Magali.<\/p>\n\n\n<p><img data-recalc-dims=\"1\" loading=\"lazy\" decoding=\"async\" class=\"alignnone  wp-image-6897 alignleft\" src=\"https:\/\/i0.wp.com\/asu77ussy.fr\/wp-content\/uploads\/2025\/11\/M.-Chassagnard-et-Niall-Burgess.jpg?resize=338%2C225&#038;ssl=1\" alt=\"\" width=\"338\" height=\"225\" srcset=\"https:\/\/i0.wp.com\/asu77ussy.fr\/wp-content\/uploads\/2025\/11\/M.-Chassagnard-et-Niall-Burgess.jpg?resize=300%2C200&amp;ssl=1 300w, https:\/\/i0.wp.com\/asu77ussy.fr\/wp-content\/uploads\/2025\/11\/M.-Chassagnard-et-Niall-Burgess.jpg?resize=1024%2C684&amp;ssl=1 1024w, https:\/\/i0.wp.com\/asu77ussy.fr\/wp-content\/uploads\/2025\/11\/M.-Chassagnard-et-Niall-Burgess.jpg?resize=768%2C513&amp;ssl=1 768w, https:\/\/i0.wp.com\/asu77ussy.fr\/wp-content\/uploads\/2025\/11\/M.-Chassagnard-et-Niall-Burgess.jpg?w=1395&amp;ssl=1 1395w\" sizes=\"auto, (max-width: 338px) 100vw, 338px\" \/> <img data-recalc-dims=\"1\" loading=\"lazy\" decoding=\"async\" class=\"alignnone size-medium wp-image-6892 alignleft\" src=\"https:\/\/i0.wp.com\/asu77ussy.fr\/wp-content\/uploads\/2025\/11\/20250914_104912.jpg?resize=300%2C225&#038;ssl=1\" alt=\"\" width=\"300\" height=\"225\" srcset=\"https:\/\/i0.wp.com\/asu77ussy.fr\/wp-content\/uploads\/2025\/11\/20250914_104912-scaled.jpg?resize=300%2C225&amp;ssl=1 300w, https:\/\/i0.wp.com\/asu77ussy.fr\/wp-content\/uploads\/2025\/11\/20250914_104912-scaled.jpg?resize=1024%2C768&amp;ssl=1 1024w, https:\/\/i0.wp.com\/asu77ussy.fr\/wp-content\/uploads\/2025\/11\/20250914_104912-scaled.jpg?resize=768%2C576&amp;ssl=1 768w, https:\/\/i0.wp.com\/asu77ussy.fr\/wp-content\/uploads\/2025\/11\/20250914_104912-scaled.jpg?resize=1536%2C1152&amp;ssl=1 1536w, https:\/\/i0.wp.com\/asu77ussy.fr\/wp-content\/uploads\/2025\/11\/20250914_104912-scaled.jpg?resize=2048%2C1536&amp;ssl=1 2048w, https:\/\/i0.wp.com\/asu77ussy.fr\/wp-content\/uploads\/2025\/11\/20250914_104912-scaled.jpg?w=1600&amp;ssl=1 1600w, https:\/\/i0.wp.com\/asu77ussy.fr\/wp-content\/uploads\/2025\/11\/20250914_104912-scaled.jpg?w=2400&amp;ssl=1 2400w\" sizes=\"auto, (max-width: 300px) 100vw, 300px\" \/><\/p>\n\n\n<p><\/p>\n\n\n\n<p><\/p>\n\n\n\n<p>Ensuite, nous nous sommes rendus au hameau de Molien pour inaugurer la deuxi\u00e8me plaque des 2 amis, appos\u00e9e devant la \u00ab\u00a0petite maison de Samuel Beckett\u00a0\u00bb. Louis Musnier, ancien Ussois, nous avait pr\u00e9par\u00e9 une conf\u00e9rence autour de l\u2019amiti\u00e9 entre les 2 hommes.<\/p>\n\n\n\n<figure class=\"wp-block-image size-full\"><img data-recalc-dims=\"1\" loading=\"lazy\" decoding=\"async\" width=\"800\" height=\"483\" src=\"https:\/\/i0.wp.com\/asu77ussy.fr\/wp-content\/uploads\/2025\/11\/Devant-la-maison-de-Beckett.jpg?resize=800%2C483&#038;ssl=1\" alt=\"\" class=\"wp-image-6895\" srcset=\"https:\/\/i0.wp.com\/asu77ussy.fr\/wp-content\/uploads\/2025\/11\/Devant-la-maison-de-Beckett.jpg?w=831&amp;ssl=1 831w, https:\/\/i0.wp.com\/asu77ussy.fr\/wp-content\/uploads\/2025\/11\/Devant-la-maison-de-Beckett.jpg?resize=300%2C181&amp;ssl=1 300w, https:\/\/i0.wp.com\/asu77ussy.fr\/wp-content\/uploads\/2025\/11\/Devant-la-maison-de-Beckett.jpg?resize=768%2C464&amp;ssl=1 768w\" sizes=\"auto, (max-width: 800px) 100vw, 800px\" \/><\/figure>\n\n\n\n<p><br>De retour \u00e0 la salle polyvalente, quelques exposants, associations du village et Ussois nous attendaient pour un apr\u00e8s-midi festif.<\/p>\n\n\n\n<p><br>Avant l\u2019ap\u00e9ritif, une r\u00e9trospective des 50 ans de l\u2019ASU a \u00e9t\u00e9 faite par Marthe Ridart et Yvonne Ampen, toujours adh\u00e9rentes et pr\u00e9sentes au bureau de l\u2019association depuis sa cr\u00e9ation.<\/p>\n\n\n\n<p>Le repas a \u00e9t\u00e9 ponctu\u00e9 de quelques chor\u00e9graphies propos\u00e9es par l\u2019association de danse \u00ab C DES ROUGES \u00bb.<br>Ont suivi une balade digestive dans les sentes et les ruelles d\u2019Ussy ainsi qu\u2019un quiz portant sur l\u2019architecture du village et son patrimoine.<\/p>\n\n\n\n<figure class=\"wp-block-image size-large\"><img data-recalc-dims=\"1\" loading=\"lazy\" decoding=\"async\" width=\"800\" height=\"320\" src=\"https:\/\/i0.wp.com\/asu77ussy.fr\/wp-content\/uploads\/2025\/11\/Assemblee-et-danseuses.jpg?resize=800%2C320&#038;ssl=1\" alt=\"\" class=\"wp-image-6893\" srcset=\"https:\/\/i0.wp.com\/asu77ussy.fr\/wp-content\/uploads\/2025\/11\/Assemblee-et-danseuses.jpg?resize=1024%2C410&amp;ssl=1 1024w, https:\/\/i0.wp.com\/asu77ussy.fr\/wp-content\/uploads\/2025\/11\/Assemblee-et-danseuses.jpg?resize=300%2C120&amp;ssl=1 300w, https:\/\/i0.wp.com\/asu77ussy.fr\/wp-content\/uploads\/2025\/11\/Assemblee-et-danseuses.jpg?resize=768%2C308&amp;ssl=1 768w, https:\/\/i0.wp.com\/asu77ussy.fr\/wp-content\/uploads\/2025\/11\/Assemblee-et-danseuses.jpg?resize=1536%2C615&amp;ssl=1 1536w, https:\/\/i0.wp.com\/asu77ussy.fr\/wp-content\/uploads\/2025\/11\/Assemblee-et-danseuses.jpg?w=1910&amp;ssl=1 1910w, https:\/\/i0.wp.com\/asu77ussy.fr\/wp-content\/uploads\/2025\/11\/Assemblee-et-danseuses.jpg?w=1600&amp;ssl=1 1600w\" sizes=\"auto, (max-width: 800px) 100vw, 800px\" \/><\/figure>\n\n\n\n<p>Des cartes postales du village ont \u00e9t\u00e9 pr\u00e9sent\u00e9es ainsi que des <a href=\"https:\/\/asu77ussy.fr\/index.php\/artistes-a-ussy\/jean-lefevre\/\" data-type=\"page\" data-id=\"5119\">tableaux du peintre Jean Lefevre<\/a>. L\u2019association d\u2019anciens combattants \u00ab LE POILU \u00bb a expos\u00e9 une maquette du bombardier Lancaster et de nombreux documents historiques. \u00c9tait pr\u00e9sente l\u2019<a href=\"https:\/\/www.ressourcerielaboussole.fr\/\">association \u00ab LA BOUSSOLE \u00bb<\/a> avec quelques objets typiques que l\u2019on peut trouver lors des ressourceries \u00e9ph\u00e9m\u00e8res qu\u2019elle organise r\u00e9guli\u00e8rement.<\/p>\n\n\n\n<figure class=\"wp-block-image aligncenter size-full is-resized\"><img data-recalc-dims=\"1\" loading=\"lazy\" decoding=\"async\" width=\"653\" height=\"672\" src=\"https:\/\/i0.wp.com\/asu77ussy.fr\/wp-content\/uploads\/2025\/11\/expo-cartes.jpg?resize=653%2C672&#038;ssl=1\" alt=\"\" class=\"wp-image-6896\" style=\"width:430px;height:auto\" srcset=\"https:\/\/i0.wp.com\/asu77ussy.fr\/wp-content\/uploads\/2025\/11\/expo-cartes.jpg?w=653&amp;ssl=1 653w, https:\/\/i0.wp.com\/asu77ussy.fr\/wp-content\/uploads\/2025\/11\/expo-cartes.jpg?resize=292%2C300&amp;ssl=1 292w\" sizes=\"auto, (max-width: 653px) 100vw, 653px\" \/><\/figure>\n","protected":false},"excerpt":{"rendered":"<p>Dimanche 14 septembre, l\u2019ASU a c\u00e9l\u00e9br\u00e9 ses 50 ans d\u2019existence. Le matin, l&rsquo;association a rendu hommage aux 2 amis, Samuel<\/p>\n","protected":false},"author":1,"featured_media":0,"parent":0,"menu_order":0,"comment_status":"closed","ping_status":"closed","template":"","meta":{"colormag_page_container_layout":"default_layout","colormag_page_sidebar_layout":"default_layout","jetpack_post_was_ever_published":false,"footnotes":""},"class_list":["post-6890","page","type-page","status-publish","hentry"],"jetpack_sharing_enabled":true,"jetpack_shortlink":"https:\/\/wp.me\/PaUFS9-1N8","_links":{"self":[{"href":"https:\/\/asu77ussy.fr\/index.php\/wp-json\/wp\/v2\/pages\/6890","targetHints":{"allow":["GET"]}}],"collection":[{"href":"https:\/\/asu77ussy.fr\/index.php\/wp-json\/wp\/v2\/pages"}],"about":[{"href":"https:\/\/asu77ussy.fr\/index.php\/wp-json\/wp\/v2\/types\/page"}],"author":[{"embeddable":true,"href":"https:\/\/asu77ussy.fr\/index.php\/wp-json\/wp\/v2\/users\/1"}],"replies":[{"embeddable":true,"href":"https:\/\/asu77ussy.fr\/index.php\/wp-json\/wp\/v2\/comments?post=6890"}],"version-history":[{"count":4,"href":"https:\/\/asu77ussy.fr\/index.php\/wp-json\/wp\/v2\/pages\/6890\/revisions"}],"predecessor-version":[{"id":6943,"href":"https:\/\/asu77ussy.fr\/index.php\/wp-json\/wp\/v2\/pages\/6890\/revisions\/6943"}],"wp:attachment":[{"href":"https:\/\/asu77ussy.fr\/index.php\/wp-json\/wp\/v2\/media?parent=6890"}],"curies":[{"name":"wp","href":"https:\/\/api.w.org\/{rel}","templated":true}]}}