{"id":6391,"date":"2024-04-19T11:16:43","date_gmt":"2024-04-19T09:16:43","guid":{"rendered":"https:\/\/asu77ussy.fr\/?page_id=6391"},"modified":"2024-05-02T15:03:18","modified_gmt":"2024-05-02T13:03:18","slug":"depuis-ussy-samuel-beckett-rectifie-un-point-de-la-mise-en-scene-de-en-attendant-godot","status":"publish","type":"page","link":"https:\/\/asu77ussy.fr\/index.php\/personnalites-et-artistes-remarquables\/samuel-beckett\/depuis-ussy-samuel-beckett-rectifie-un-point-de-la-mise-en-scene-de-en-attendant-godot\/","title":{"rendered":"Depuis Ussy, Samuel Beckett\u00a0 rectifie\u00a0 un point de la mise en sc\u00e8ne de \u00ab\u00a0En attendant Godot&#8230;..\u00a0\u00bb lors de la cr\u00e9ation de la pi\u00e8ce \u00e0 Paris (1953)"},"content":{"rendered":"<p>Voici la lettre que Samuel Beckett a \u00e9crite \u00e0 Roger BLIN\u00a0pour la premi\u00e8re mise en sc\u00e8ne de \u00ab\u00a0<em>En attendant Godot\u00a0\u00bb<\/em> en 1953.<\/p>\n<p>Cette lettre de Samuel Beckett a \u00e9t\u00e9 dactylographi\u00e9e le 9 Janvier 1953 \u00e0 Ussy-sur-Marne, probablement dans sa maison construite en 1952\/1953 sur un terrain acquis en Juin 1952 \u00e0 Molien (1) (hameau d\u2019Ussy).<\/p>\n<p>Il est \u00e9galement possible que Samuel Beckett ait commenc\u00e9 \u00e0 venir \u00e0 la campagne\u00a0\u00e0 Ussy-sur-Marne, d\u00e8s 1948, d&rsquo;apr\u00e8s son biographe James Knowlson (2),<em>\u00a0<\/em>le village \u00e9tant facilement accessible par le train et il \u00e9tait alors en location dans le village bien avant l&rsquo;acquisition du terrain et la construction de la maison par un ma\u00e7on du village (3).\u00a0 Sans nul doute cette pi\u00e8ce a \u00e9t\u00e9 \u00e9crite en partie \u00e0 Paris, et \u00e0 Ussy, entre 1948 et 1949.<\/p>\n<p>Qui est Roger Blin ?<\/p>\n<p>En 1949, Roger Blin dirige le th\u00e9\u00e2tre de la Gait\u00e9 Montparnasse en tant que g\u00e9rant.<em>\u00a0<\/em>En\u00a01950, il rencontre Suzanne Deschevaux-Dumesnil, future \u00e9pouse de Samuel Beckett, laquelle confiera \u00e0 Roger Blin deux manuscrits de son compagnon\u00a0:\u00a0\u00ab\u00a0<em>Eleutheria\u00a0\u00bb<\/em>\u00a0et\u00a0\u00ab\u00a0<em>En attendant Godot\u00a0\u00bb<\/em>.\u00a0 Cette pi\u00e8ce est \u00e9crite en fran\u00e7ais et publi\u00e9e en 1952 \u00e0 Paris, aux Editions de Minuit.<\/p>\n<p>Samuel Beckett se fit conna\u00eetre au d\u00e9but des ann\u00e9es 50, d\u2019un tr\u00e8s petit nombre de lecteurs du quartier de Saint-Germain-des-Pr\u00e9s. \u00ab J\u2019ai commenc\u00e9 d\u2019\u00e9crire Godot pour me d\u00e9tendre, pour fuir l\u2019horrible prose que j\u2019\u00e9crivais \u00e0 l\u2019\u00e9poque \u00bb d\u00e9clara Beckett lorsqu\u2019il re\u00e7ut, seize ans plus tard, le Prix Nobel de Litt\u00e9rature. R\u00e9dig\u00e9 en langue fran\u00e7aise, le manuscrit indique les dates du 9 octobre 1948 et 29 janvier 1949\u00a0(4).<\/p>\n<p>Timide, introverti, solitaire, Beckett \u00e9tait incapable de pr\u00e9senter ses \u00e9crits \u00e0 quelqu\u2019un et encore moins de les d\u00e9fendre. La t\u00e2che en revint \u00e0 Suzanne, l\u2019\u00e9pouse parfaite d\u2019un auteur dramatique. Ne trouvant aucun recours aupr\u00e8s des directeurs de th\u00e9\u00e2tre, elle s\u2019adressa au metteur en sc\u00e8ne Roger Blin, bien connu dans les milieux de l\u2019avant-garde litt\u00e9raire (4).<\/p>\n<ul>\n<li>\u00ab Je connaissais un peu Beckett de r\u00e9putation, raconta Blin, (&#8230;) Beckett avait fr\u00e9quent\u00e9 un moment de sa vie les surr\u00e9alistes et Tristan Tzara qui admirait beaucoup <em>\u00ab\u00a0<\/em><em>En Attendant Godot\u00a0\u00bb<\/em>\u00a0et m\u2019en avait beaucoup parl\u00e9. Quand j\u2019ai lu Godot, j\u2019ai \u00e9t\u00e9 s\u00e9duit imm\u00e9diatement par l\u2019humour et la provocation (&#8230;). J\u2019\u00e9tais tr\u00e8s excit\u00e9 par cette pi\u00e8ce et je d\u00e9sirais la monter tr\u00e8s vite\u00a0\u00bb\u00a0<\/li>\n<\/ul>\n<p>La pi\u00e8ce faillit ne jamais voir le jour. Trente-cinq directeurs de th\u00e9\u00e2tre la refus\u00e8rent. Pour les uns, le manuscrit n\u2019\u00e9tait qu\u2019un canular, pour les autres une ineptie incompr\u00e9hensible donc injouable, une esbroufe qui pr\u00e9tendait faire du neuf (4).<\/p>\n<p>C\u2019est au th\u00e9\u00e2tre de Babylone, boulevard Raspail que la pi\u00e8ce fut alors cr\u00e9\u00e9e, car son directeur, Jean-Marie Serreau l\u2019ayant ouvert au printemps 1952 se trouvait en faillite d\u00e8s d\u00e9cembre de la m\u00eame ann\u00e9e\u2026 Il invita Roger Blin \u00e0 utiliser la salle.<\/p>\n<p>Et c\u2019est ainsi que Samuel Beckett et Roger Blin prirent possession de la petite salle\u00a0du th\u00e9\u00e2tre de Babylone.<\/p>\n<p>La cr\u00e9ation a eu lieu en janvier 1953 avec la mise en sc\u00e8ne de Roger Blin qui jouait lui-m\u00eame le r\u00f4le de Pozzo sous la supervision pr\u00e9cise de Samuel Beckett.\u00a0 L&rsquo;acteur qui jouait Estragon, Pierre Latour, (4) \u00a0ne voulait pas baisser son\u00a0 pantalon \u00e0 la fin de la pi\u00e8ce, car il trouvait cela ridicule. En l&rsquo;apprenant, Beckett \u00e9crivit \u00e0 Blin (ndlr : d&rsquo;o\u00f9 cette lettre \u00e9crite \u00e0 Ussy.ndlr<strong>)\u00a0<\/strong>pour lui expliquer que la chute du pantalon \u00e9tait une des choses les plus importantes de la pi\u00e8ce. Apr\u00e8s de longues n\u00e9gociations, Latour accepta. Le pantalon tomba. L&rsquo;effet produit fut assez inattendu\u00a0: ce fut un des rares moments de\u00a0<em>Godot<\/em>\u00a0o\u00f9 personne ne rit (4).<\/p>\n<p>Le temps des r\u00e9p\u00e9titions fut tr\u00e8s court. Depuis de longs mois, les com\u00e9diens,\u00a0 se r\u00e9unissaient chez Roger Blin pour travailler, sans toujours bien comprendre o\u00f9 voulait en venir l\u2019auteur.\u00a0Le texte leur para\u00eet facile \u00e0 apprendre et \u00e0 retenir. Le dialogue est limpide, fait de phrases courtes, banales, sans aucune ambigu\u00eft\u00e9. Les personnages s\u2019entretiennent simplement, comme tout un chacun dans le quotidien. L\u00e0 o\u00f9 les choses se compliquaient et posaient quelques probl\u00e8mes aux com\u00e9diens, c\u2019\u00e9tait l\u2019encha\u00eenement de l\u2019\u00e9criture. La ponctuation avait une grande importance.<\/p>\n<p>La pi\u00e8ce fit scandale \u00e0 l&rsquo;\u00e9poque.\u00a0La situation a d\u00e9g\u00e9n\u00e9r\u00e9 un soir en une bagarre et\u00a0 le rideau s&rsquo;est baiss\u00e9 au d\u00e9but de l&rsquo;acte II. C&rsquo;est aussi ce qui l&rsquo;a rendue c\u00e9l\u00e8bre\u00a0: les gens se d\u00e9pla\u00e7aient pour vivre le scandale, plus que pour d\u00e9couvrir un jeune auteur. (4)<\/p>\n<p>Pas besoin d\u2019affiche publicitaire \u2013 d\u2019ailleurs on n\u2019a pas d\u2019argent \u2013 le bouche \u00e0 bouche fonctionne \u00e0 merveille et le bruit circule dans le tout Paris \u00ab qu\u2019il se passe quelque chose au 38, boulevard Raspail \u00bb.\u00a0Tandis que la caissi\u00e8re affiche\u00a0<em>COMPLET<\/em>, Jean-Marie Serreau va emprunter au caf\u00e9 voisin des chaises pour les spectateurs de derni\u00e8re minute. Le th\u00e9\u00e2tre Babylone fut sauv\u00e9 pour une ann\u00e9e.<\/p>\n<p>Et la pi\u00e8ce \u00ab\u00a0En Attendant Godot\u00a0\u00bb commen\u00e7ait une tr\u00e8s longue carri\u00e8re : c\u2019est en effet l\u2019une des pi\u00e8ces les plus connues de la seconde moiti\u00e9 du 20<sup>e<\/sup> si\u00e8cle et sans doute l\u2019une des plus jou\u00e9es.<\/p>\n<p>Yvonne AMPEN, adh\u00e9rente.<\/p>\n<p>_____________________________________________________________________________________________________________________________________<\/p>\n<p style=\"text-align: justify;\"><span style=\"font-size: 8.0pt; font-family: 'Calibri',sans-serif; color: black;\">(1)<i>\u00a0voir page 11 et 12 de notre brochure ASU \u00ab\u00a0Samuel Beckett \u00e0 Ussy-sur-Marne\u00a0\u00bb<\/i><\/span><\/p>\n<p style=\"text-align: justify;\"><i><span style=\"font-size: 8.0pt; font-family: 'Calibri',sans-serif; color: black;\">(2) James Knowlson est le seul \u00e9crivain ayant obtenu de Samuel Beckett l\u2019autorisation de r\u00e9diger sa biographie (parution 1996 Londres) traduite en fran\u00e7ais chez Actes Sud en 1999 \u2013 883 pages et 160 pages de notes. Il fut un proche de Beckett pendant plus de vingt ans.<\/span><\/i><\/p>\n<p style=\"text-align: justify;\"><i><span style=\"font-size: 8.0pt; font-family: 'Calibri',sans-serif; color: black;\">(3)\u00a0voir page 7 \u00e0 11 de notre brochure<\/span><\/i><\/p>\n<p style=\"text-align: justify;\"><i><span style=\"font-size: 8.0pt; font-family: 'Calibri',sans-serif; color: black;\">(4) Extraits d&rsquo;archives France Archives, portail national \u2013 souvenirs de Genevi\u00e8ve Latour \u00e9pouse de Pierre Latour- Comm\u00e9morations collections 2003<\/span><\/i><\/p>\n<p style=\"text-align: right;\"><a href=\"https:\/\/youtu.be\/ohVPVkWt2p4?si=_hc0Jv96rbgn7Ra9\" target=\"_blank\" rel=\"noopener\">Sabrina sur Youtube nous parle de la pi\u00e8ce<img data-recalc-dims=\"1\" loading=\"lazy\" decoding=\"async\" class=\"alignnone size-medium wp-image-6423\" src=\"https:\/\/i0.wp.com\/asu77ussy.fr\/wp-content\/uploads\/2024\/04\/9x16-godot.jpg?resize=300%2C166&#038;ssl=1\" alt=\"\" width=\"300\" height=\"166\" srcset=\"https:\/\/i0.wp.com\/asu77ussy.fr\/wp-content\/uploads\/2024\/04\/9x16-godot.jpg?resize=300%2C166&amp;ssl=1 300w, https:\/\/i0.wp.com\/asu77ussy.fr\/wp-content\/uploads\/2024\/04\/9x16-godot.jpg?w=598&amp;ssl=1 598w\" sizes=\"auto, (max-width: 300px) 100vw, 300px\" \/><\/a><\/p>\n\n<a href=\"https:\/\/asu77ussy.fr\/wp-content\/uploads\/2024\/04\/Lettre-SB-a-Roger-Blin-Ussy-9-janvier-1953.pdf\" class=\"pdfemb-viewer\" style=\"\" data-width=\"max\" data-height=\"max\" data-toolbar=\"bottom\" data-toolbar-fixed=\"on\">Lettre-SB-a-Roger-Blin-Ussy-9-janvier-1953<\/a>","protected":false},"excerpt":{"rendered":"<p>Voici la lettre que Samuel Beckett a \u00e9crite \u00e0 Roger BLIN\u00a0pour la premi\u00e8re mise en sc\u00e8ne de \u00ab\u00a0En attendant Godot\u00a0\u00bb<\/p>\n","protected":false},"author":1,"featured_media":0,"parent":271,"menu_order":0,"comment_status":"closed","ping_status":"closed","template":"","meta":{"colormag_page_container_layout":"default_layout","colormag_page_sidebar_layout":"default_layout","jetpack_post_was_ever_published":false,"footnotes":""},"class_list":["post-6391","page","type-page","status-publish","hentry"],"jetpack_sharing_enabled":true,"jetpack_shortlink":"https:\/\/wp.me\/PaUFS9-1F5","_links":{"self":[{"href":"https:\/\/asu77ussy.fr\/index.php\/wp-json\/wp\/v2\/pages\/6391","targetHints":{"allow":["GET"]}}],"collection":[{"href":"https:\/\/asu77ussy.fr\/index.php\/wp-json\/wp\/v2\/pages"}],"about":[{"href":"https:\/\/asu77ussy.fr\/index.php\/wp-json\/wp\/v2\/types\/page"}],"author":[{"embeddable":true,"href":"https:\/\/asu77ussy.fr\/index.php\/wp-json\/wp\/v2\/users\/1"}],"replies":[{"embeddable":true,"href":"https:\/\/asu77ussy.fr\/index.php\/wp-json\/wp\/v2\/comments?post=6391"}],"version-history":[{"count":9,"href":"https:\/\/asu77ussy.fr\/index.php\/wp-json\/wp\/v2\/pages\/6391\/revisions"}],"predecessor-version":[{"id":6451,"href":"https:\/\/asu77ussy.fr\/index.php\/wp-json\/wp\/v2\/pages\/6391\/revisions\/6451"}],"up":[{"embeddable":true,"href":"https:\/\/asu77ussy.fr\/index.php\/wp-json\/wp\/v2\/pages\/271"}],"wp:attachment":[{"href":"https:\/\/asu77ussy.fr\/index.php\/wp-json\/wp\/v2\/media?parent=6391"}],"curies":[{"name":"wp","href":"https:\/\/api.w.org\/{rel}","templated":true}]}}