{"id":6045,"date":"2023-11-14T16:16:01","date_gmt":"2023-11-14T15:16:01","guid":{"rendered":"https:\/\/asu77ussy.fr\/?page_id=6045"},"modified":"2023-11-14T16:16:03","modified_gmt":"2023-11-14T15:16:03","slug":"cabine-a-livres-dans-la-cour-des-loges","status":"publish","type":"page","link":"https:\/\/asu77ussy.fr\/index.php\/decouvrir-ussy\/cabine-a-livres-dans-la-cour-des-loges\/","title":{"rendered":"Cabine \u00e0 livres dans la cour des Loges"},"content":{"rendered":"<p>La cabine t\u00e9l\u00e9phonique est agenc\u00e9e et garnie de livres en tout genre. Un grand merci \u00e0 B\u00e9atrice, Jean-Fran\u00e7ois et Alexandre pour ce travail d&rsquo;\u00e9quipe.<\/p>\n<p><img data-recalc-dims=\"1\" loading=\"lazy\" decoding=\"async\" class=\"alignnone  wp-image-5798\" src=\"https:\/\/i0.wp.com\/asu77ussy.fr\/wp-content\/uploads\/2023\/07\/20230707_173324.jpg?resize=235%2C313&#038;ssl=1\" alt=\"\" width=\"235\" height=\"313\" srcset=\"https:\/\/i0.wp.com\/asu77ussy.fr\/wp-content\/uploads\/2023\/07\/20230707_173324-scaled.jpg?resize=225%2C300&amp;ssl=1 225w, https:\/\/i0.wp.com\/asu77ussy.fr\/wp-content\/uploads\/2023\/07\/20230707_173324-scaled.jpg?resize=768%2C1024&amp;ssl=1 768w, https:\/\/i0.wp.com\/asu77ussy.fr\/wp-content\/uploads\/2023\/07\/20230707_173324-scaled.jpg?resize=1152%2C1536&amp;ssl=1 1152w, https:\/\/i0.wp.com\/asu77ussy.fr\/wp-content\/uploads\/2023\/07\/20230707_173324-scaled.jpg?resize=1536%2C2048&amp;ssl=1 1536w, https:\/\/i0.wp.com\/asu77ussy.fr\/wp-content\/uploads\/2023\/07\/20230707_173324-scaled.jpg?w=1920&amp;ssl=1 1920w, https:\/\/i0.wp.com\/asu77ussy.fr\/wp-content\/uploads\/2023\/07\/20230707_173324-scaled.jpg?w=1600&amp;ssl=1 1600w\" sizes=\"auto, (max-width: 235px) 100vw, 235px\" \/>\u00a0 <img data-recalc-dims=\"1\" loading=\"lazy\" decoding=\"async\" class=\"alignnone  wp-image-5799\" src=\"https:\/\/i0.wp.com\/asu77ussy.fr\/wp-content\/uploads\/2023\/07\/20230707_173612.jpg?resize=235%2C313&#038;ssl=1\" alt=\"\" width=\"235\" height=\"313\" srcset=\"https:\/\/i0.wp.com\/asu77ussy.fr\/wp-content\/uploads\/2023\/07\/20230707_173612-scaled.jpg?resize=225%2C300&amp;ssl=1 225w, https:\/\/i0.wp.com\/asu77ussy.fr\/wp-content\/uploads\/2023\/07\/20230707_173612-scaled.jpg?resize=768%2C1024&amp;ssl=1 768w, https:\/\/i0.wp.com\/asu77ussy.fr\/wp-content\/uploads\/2023\/07\/20230707_173612-scaled.jpg?resize=1152%2C1536&amp;ssl=1 1152w, https:\/\/i0.wp.com\/asu77ussy.fr\/wp-content\/uploads\/2023\/07\/20230707_173612-scaled.jpg?resize=1536%2C2048&amp;ssl=1 1536w, https:\/\/i0.wp.com\/asu77ussy.fr\/wp-content\/uploads\/2023\/07\/20230707_173612-scaled.jpg?w=1920&amp;ssl=1 1920w, https:\/\/i0.wp.com\/asu77ussy.fr\/wp-content\/uploads\/2023\/07\/20230707_173612-scaled.jpg?w=1600&amp;ssl=1 1600w\" sizes=\"auto, (max-width: 235px) 100vw, 235px\" \/>\u00a0 <img data-recalc-dims=\"1\" loading=\"lazy\" decoding=\"async\" class=\"alignnone  wp-image-5800\" src=\"https:\/\/i0.wp.com\/asu77ussy.fr\/wp-content\/uploads\/2023\/07\/20230715_203236.jpg?resize=235%2C313&#038;ssl=1\" alt=\"\" width=\"235\" height=\"313\" srcset=\"https:\/\/i0.wp.com\/asu77ussy.fr\/wp-content\/uploads\/2023\/07\/20230715_203236-scaled.jpg?resize=225%2C300&amp;ssl=1 225w, https:\/\/i0.wp.com\/asu77ussy.fr\/wp-content\/uploads\/2023\/07\/20230715_203236-scaled.jpg?resize=768%2C1024&amp;ssl=1 768w, https:\/\/i0.wp.com\/asu77ussy.fr\/wp-content\/uploads\/2023\/07\/20230715_203236-scaled.jpg?resize=1152%2C1536&amp;ssl=1 1152w, https:\/\/i0.wp.com\/asu77ussy.fr\/wp-content\/uploads\/2023\/07\/20230715_203236-scaled.jpg?resize=1536%2C2048&amp;ssl=1 1536w, https:\/\/i0.wp.com\/asu77ussy.fr\/wp-content\/uploads\/2023\/07\/20230715_203236-scaled.jpg?w=1920&amp;ssl=1 1920w, https:\/\/i0.wp.com\/asu77ussy.fr\/wp-content\/uploads\/2023\/07\/20230715_203236-scaled.jpg?w=1600&amp;ssl=1 1600w\" sizes=\"auto, (max-width: 235px) 100vw, 235px\" \/>\u00a0 <img data-recalc-dims=\"1\" loading=\"lazy\" decoding=\"async\" class=\"alignnone  wp-image-5801\" src=\"https:\/\/i0.wp.com\/asu77ussy.fr\/wp-content\/uploads\/2023\/07\/20230716_181255.jpg?resize=223%2C314&#038;ssl=1\" alt=\"\" width=\"223\" height=\"314\" srcset=\"https:\/\/i0.wp.com\/asu77ussy.fr\/wp-content\/uploads\/2023\/07\/20230716_181255-scaled.jpg?resize=213%2C300&amp;ssl=1 213w, https:\/\/i0.wp.com\/asu77ussy.fr\/wp-content\/uploads\/2023\/07\/20230716_181255-scaled.jpg?resize=726%2C1024&amp;ssl=1 726w, https:\/\/i0.wp.com\/asu77ussy.fr\/wp-content\/uploads\/2023\/07\/20230716_181255-scaled.jpg?resize=768%2C1083&amp;ssl=1 768w, https:\/\/i0.wp.com\/asu77ussy.fr\/wp-content\/uploads\/2023\/07\/20230716_181255-scaled.jpg?resize=1089%2C1536&amp;ssl=1 1089w, https:\/\/i0.wp.com\/asu77ussy.fr\/wp-content\/uploads\/2023\/07\/20230716_181255-scaled.jpg?resize=1452%2C2048&amp;ssl=1 1452w, https:\/\/i0.wp.com\/asu77ussy.fr\/wp-content\/uploads\/2023\/07\/20230716_181255-scaled.jpg?w=1815&amp;ssl=1 1815w, https:\/\/i0.wp.com\/asu77ussy.fr\/wp-content\/uploads\/2023\/07\/20230716_181255-scaled.jpg?w=1600&amp;ssl=1 1600w\" sizes=\"auto, (max-width: 223px) 100vw, 223px\" \/><\/p>\n<p>Merci aux nombreuses personnes qui contribuent \u00e0 faire tourner les livres de village en village et aux personnes qui d\u00e9posent toute sorte d&rsquo;ouvrage.<\/p>\n<p>L&rsquo;ancienne cabane est toujours en place et r\u00e9serv\u00e9e aux enfants.<img data-recalc-dims=\"1\" loading=\"lazy\" decoding=\"async\" class=\"wp-image-5802 alignleft\" src=\"https:\/\/i0.wp.com\/asu77ussy.fr\/wp-content\/uploads\/2023\/07\/20230716_181305.jpg?resize=125%2C167&#038;ssl=1\" alt=\"\" width=\"125\" height=\"167\" srcset=\"https:\/\/i0.wp.com\/asu77ussy.fr\/wp-content\/uploads\/2023\/07\/20230716_181305-scaled.jpg?resize=225%2C300&amp;ssl=1 225w, https:\/\/i0.wp.com\/asu77ussy.fr\/wp-content\/uploads\/2023\/07\/20230716_181305-scaled.jpg?resize=768%2C1024&amp;ssl=1 768w, https:\/\/i0.wp.com\/asu77ussy.fr\/wp-content\/uploads\/2023\/07\/20230716_181305-scaled.jpg?resize=1152%2C1536&amp;ssl=1 1152w, https:\/\/i0.wp.com\/asu77ussy.fr\/wp-content\/uploads\/2023\/07\/20230716_181305-scaled.jpg?resize=1536%2C2048&amp;ssl=1 1536w, https:\/\/i0.wp.com\/asu77ussy.fr\/wp-content\/uploads\/2023\/07\/20230716_181305-scaled.jpg?w=1920&amp;ssl=1 1920w, https:\/\/i0.wp.com\/asu77ussy.fr\/wp-content\/uploads\/2023\/07\/20230716_181305-scaled.jpg?w=1600&amp;ssl=1 1600w\" sizes=\"auto, (max-width: 125px) 100vw, 125px\" \/><\/p>\n<p>Bien \u00e0 vous.<\/p>\n<p>Nathalie<\/p>\n","protected":false},"excerpt":{"rendered":"<p>La cabine t\u00e9l\u00e9phonique est agenc\u00e9e et garnie de livres en tout genre. Un grand merci \u00e0 B\u00e9atrice, Jean-Fran\u00e7ois et Alexandre<\/p>\n","protected":false},"author":1,"featured_media":0,"parent":42,"menu_order":0,"comment_status":"closed","ping_status":"closed","template":"","meta":{"colormag_page_container_layout":"default_layout","colormag_page_sidebar_layout":"default_layout","jetpack_post_was_ever_published":false,"footnotes":""},"class_list":["post-6045","page","type-page","status-publish","hentry"],"jetpack_sharing_enabled":true,"jetpack_shortlink":"https:\/\/wp.me\/PaUFS9-1zv","_links":{"self":[{"href":"https:\/\/asu77ussy.fr\/index.php\/wp-json\/wp\/v2\/pages\/6045","targetHints":{"allow":["GET"]}}],"collection":[{"href":"https:\/\/asu77ussy.fr\/index.php\/wp-json\/wp\/v2\/pages"}],"about":[{"href":"https:\/\/asu77ussy.fr\/index.php\/wp-json\/wp\/v2\/types\/page"}],"author":[{"embeddable":true,"href":"https:\/\/asu77ussy.fr\/index.php\/wp-json\/wp\/v2\/users\/1"}],"replies":[{"embeddable":true,"href":"https:\/\/asu77ussy.fr\/index.php\/wp-json\/wp\/v2\/comments?post=6045"}],"version-history":[{"count":1,"href":"https:\/\/asu77ussy.fr\/index.php\/wp-json\/wp\/v2\/pages\/6045\/revisions"}],"predecessor-version":[{"id":6046,"href":"https:\/\/asu77ussy.fr\/index.php\/wp-json\/wp\/v2\/pages\/6045\/revisions\/6046"}],"up":[{"embeddable":true,"href":"https:\/\/asu77ussy.fr\/index.php\/wp-json\/wp\/v2\/pages\/42"}],"wp:attachment":[{"href":"https:\/\/asu77ussy.fr\/index.php\/wp-json\/wp\/v2\/media?parent=6045"}],"curies":[{"name":"wp","href":"https:\/\/api.w.org\/{rel}","templated":true}]}}