{"id":532,"date":"2019-04-24T09:30:56","date_gmt":"2019-04-24T07:30:56","guid":{"rendered":"http:\/\/asu77ussy.fr\/?page_id=532"},"modified":"2020-05-18T17:44:16","modified_gmt":"2020-05-18T15:44:16","slug":"fragments-dhistoire","status":"publish","type":"page","link":"https:\/\/asu77ussy.fr\/index.php\/nos-publications\/fragments-dhistoire\/","title":{"rendered":"Fragments d&rsquo;Histoire"},"content":{"rendered":"<h3><span style=\"color: #993300;\">Liste des parutions FRAGMENTS d&rsquo;HISTOIRE<\/span><\/h3>\n<p><strong><em>Veuillez nous excuser pour la mauvaise qualit\u00e9 des documents pr\u00e9sent\u00e9s, ils sont issus de copies \u00e9dit\u00e9es en noir &amp; blanc pour la plupart. Retenons l&rsquo;essentiel qui est le contenu de chacun de ces ouvrages.<\/em><\/strong><\/p>\n<p><em><u>Nomenclature<\/u><\/em><\/p>\n<p><a href=\"http:\/\/asu77260.blogspot.com\/2015\/05\/fh-1996-01-histoire-de-lenseignement.html\" target=\"_blank\" rel=\"noopener noreferrer\">I\u00a0\u00a0\u00a0\u00a0\u00a0\u00a0\u00a0\u00a0\u00a0\u00a0 Janv 96\u00a0\u00a0\u00a0\u00a0\u00a0\u00a0\u00a0\u00a0\u00a0\u00a0 Enseignement populaire \u00e0 Ussy de 1720 \u00e0 1899<\/a><\/p>\n<p><a href=\"https:\/\/asu77260.blogspot.com\/2015\/03\/fh-1996-02-nomination-dun-instituteur.html\" target=\"_blank\" rel=\"noopener noreferrer\">II\u00a0\u00a0\u00a0\u00a0\u00a0\u00a0\u00a0\u00a0 Avril 96\u00a0\u00a0\u00a0\u00a0\u00a0\u00a0\u00a0\u00a0\u00a0 Nomination d&rsquo;un instituteur communal en 1832<\/a><\/p>\n<p><a href=\"http:\/\/asu77260.blogspot.com\/2015\/03\/fh-1996-03-les-ponts-dussy.html\">\u00a0 <\/a><a href=\"http:\/\/asu77260.blogspot.com\/2015\/03\/fh-1996-03-les-ponts-dussy.html\" target=\"_blank\" rel=\"noopener noreferrer\">Juil 96\u00a0\u00a0\u00a0\u00a0\u00a0\u00a0\u00a0\u00a0\u00a0\u00a0\u00a0\u00a0 Les ponts d&rsquo;Ussy<\/a><\/p>\n<p><a href=\"https:\/\/asu77260.blogspot.com\/2015\/03\/1996-04-ussy-au-temps-des-diligencesle.html\" target=\"_blank\" rel=\"noopener noreferrer\">4\u00a0\u00a0\u00a0\u00a0\u00a0\u00a0\u00a0\u00a0\u00a0 Nov 96\u00a0\u00a0\u00a0\u00a0\u00a0\u00a0\u00a0\u00a0\u00a0\u00a0\u00a0 Ussy au temps des diligences &#8211; Le bac passe-cheval<\/a><\/p>\n<p><a href=\"https:\/\/asu77260.blogspot.com\/2015\/03\/fh-1997-05-les-moulins-dussy.html\" target=\"_blank\" rel=\"noopener noreferrer\">Mars-Juin 97\u00a0\u00a0\u00a0\u00a0\u00a0\u00a0\u00a0\u00a0\u00a0\u00a0\u00a0\u00a0\u00a0 Les Moulins<\/a><\/p>\n<p><a href=\"https:\/\/asu77260.blogspot.com\/2015\/03\/fh-1997-06-martial-raysse-ussy.html\" target=\"_blank\" rel=\"noopener noreferrer\">Oct-Nov 97\u00a0\u00a0\u00a0\u00a0\u00a0\u00a0\u00a0\u00a0\u00a0\u00a0\u00a0\u00a0\u00a0\u00a0\u00a0 Martial Raysse<\/a><\/p>\n<p><a href=\"http:\/\/asu77260.blogspot.com\/2015\/03\/fh-1998-07-transcription-dun-bail-loyer.html\" target=\"_blank\" rel=\"noopener noreferrer\">Avril 98\u00a0\u00a0\u00a0\u00a0\u00a0\u00a0\u00a0\u00a0\u00a0\u00a0\u00a0\u00a0\u00a0\u00a0\u00a0\u00a0\u00a0\u00a0\u00a0\u00a0\u00a0 Bail \u00e0 loyer du 18 octobre 1758<\/a><\/p>\n<p><a href=\"https:\/\/asu77260.blogspot.com\/2015\/03\/fh-1998-06-un-peu-dhistoire-dussy-par.html\" target=\"_blank\" rel=\"noopener noreferrer\">Juin 98\u00a0\u00a0\u00a0\u00a0\u00a0\u00a0\u00a0\u00a0\u00a0\u00a0\u00a0\u00a0\u00a0\u00a0\u00a0\u00a0\u00a0\u00a0\u00a0\u00a0\u00a0\u00a0\u00a0Toponymie<\/a><\/p>\n<p><a href=\"https:\/\/asu77260.blogspot.com\/2015\/03\/fh-1998-09-histoire-du-moulin-de-lisle.html\" target=\"_blank\" rel=\"noopener noreferrer\">3\u00e8 T 98\u00a0\u00a0\u00a0\u00a0\u00a0\u00a0\u00a0\u00a0\u00a0\u00a0\u00a0\u00a0\u00a0\u00a0\u00a0\u00a0\u00a0\u00a0\u00a0\u00a0\u00a0\u00a0 Le Moulin de l&rsquo;\u00eele Notre Dame<\/a><\/p>\n<p><a href=\"https:\/\/asu77260.blogspot.com\/2015\/03\/fh-1998-10-histoire-de-lecole-suite.html\" target=\"_blank\" rel=\"noopener noreferrer\">D\u00e9c 98\u00a0\u00a0\u00a0\u00a0\u00a0\u00a0\u00a0\u00a0\u00a0\u00a0\u00a0\u00a0\u00a0\u00a0\u00a0\u00a0\u00a0\u00a0\u00a0\u00a0\u00a0\u00a0\u00a0 Histoire de l&rsquo;\u00e9cole (suite Moulin de l&rsquo;\u00eele)<\/a><\/p>\n<p><a href=\"https:\/\/asu77260.blogspot.com\/2015\/03\/fh-1999-11-les-archivesdu-parchemin-au.html\" target=\"_blank\" rel=\"noopener noreferrer\">Avril 99\u00a0\u00a0\u00a0\u00a0\u00a0\u00a0\u00a0\u00a0\u00a0\u00a0\u00a0\u00a0\u00a0\u00a0\u00a0\u00a0\u00a0\u00a0\u00a0\u00a0\u00a0 Les archives, du parchemin au vid\u00e9odisque<\/a><\/p>\n<p><a href=\"https:\/\/asu77260.blogspot.com\/2015\/03\/fh-1999-06-histoire-des-grandes-fermes.html\" target=\"_blank\" rel=\"noopener noreferrer\">Juin 99\u00a0\u00a0\u00a0\u00a0\u00a0\u00a0\u00a0\u00a0\u00a0\u00a0\u00a0\u00a0\u00a0\u00a0\u00a0\u00a0\u00a0\u00a0\u00a0\u00a0\u00a0\u00a0\u00a0 Les grandes fermes briardes<\/a><\/p>\n<p><a href=\"https:\/\/asu77260.blogspot.com\/2015\/03\/fh-1999-09-des-temoins-de-la-memoire.html\" target=\"_blank\" rel=\"noopener noreferrer\">Sept-D\u00e9c 99\u00a0\u00a0\u00a0\u00a0\u00a0\u00a0\u00a0\u00a0\u00a0\u00a0\u00a0\u00a0\u00a0\u00a0 T\u00e9moins de la m\u00e9moire d&rsquo;Ussy : les noms de lieux<\/a><\/p>\n<p><a href=\"https:\/\/asu77260.blogspot.com\/2015\/03\/fh-2000-06-les-processions-blanches-au.html\">Juin 2000\u00a0\u00a0\u00a0\u00a0\u00a0\u00a0\u00a0\u00a0\u00a0\u00a0\u00a0\u00a0\u00a0\u00a0\u00a0\u00a0\u00a0\u00a0\u00a0 Les processions blanches (1583-1584)<\/a><\/p>\n<p><a href=\"http:\/\/asu77260.blogspot.com\/2015\/03\/2001-15-les-metiers-exerces-ussy.html\" target=\"_blank\" rel=\"noopener noreferrer\">Juin 2001\u00a0\u00a0\u00a0\u00a0\u00a0\u00a0\u00a0\u00a0\u00a0\u00a0\u00a0\u00a0\u00a0\u00a0\u00a0\u00a0\u00a0\u00a0\u00a0 Les m\u00e9tiers exerc\u00e9s \u00e0 Ussy du milieu du XIX\u00e8 s. au d\u00e9but du XX\u00e8 s.<\/a><\/p>\n<p><a href=\"https:\/\/asu77260.blogspot.com\/2015\/03\/2001-16-samuel-beckett-ussy.html\">D\u00e9c 2001\u00a0\u00a0\u00a0\u00a0\u00a0\u00a0\u00a0\u00a0\u00a0\u00a0\u00a0\u00a0\u00a0\u00a0\u00a0\u00a0\u00a0\u00a0\u00a0 Samuel Beckett \u00e0 Ussy<\/a><\/p>\n<p><a href=\"https:\/\/asu77260.blogspot.com\/2015\/03\/2001-16-samuel-beckett-ussy.html\">\u00a0\u00a0\u00a0\u00a0\u00a0\u00a0\u00a0\u00a0\u00a0\u00a0\u00a0\u00a0\u00a0\u00a0\u00a0\u00a0\u00a0\u00a0\u00a0\u00a0\u00a0\u00a0\u00a0 \u00a0\u00a0\u00a0\u00a0\u00a0\u00a0\u00a0\u00a0\u00a0\u00a0\u00a0\u00a0\u00a0\u00a0\u00a0\u00a0\u00a0\u00a0\u00a0\u00a0\u00a0\u00a0\u00a0 (pose de la plaque-brochure \u00e9dition)<\/a><\/p>\n<p><a href=\"https:\/\/asu77260.blogspot.com\/2015\/03\/2002-17-les-fermes-ussy-entre-1850-et.html\">Nov 2002\u00a0\u00a0\u00a0\u00a0\u00a0\u00a0\u00a0\u00a0\u00a0\u00a0\u00a0\u00a0\u00a0\u00a0\u00a0\u00a0\u00a0\u00a0\u00a0 Les fermes entre 1850 et 1950<\/a><\/p>\n<p><a href=\"https:\/\/asu77260.blogspot.com\/2015\/03\/2003-18-comment-vivait-on-dans-une-ferme.html\">D\u00e9c 2003\u00a0\u00a0\u00a0\u00a0\u00a0\u00a0\u00a0\u00a0\u00a0\u00a0\u00a0\u00a0\u00a0\u00a0\u00a0\u00a0\u00a0\u00a0\u00a0 Vie dans une ferme aux champs pans la premi\u00e8re moiti\u00e9 du XX\u00e8<\/a><\/p>\n<p><a href=\"https:\/\/asu77260.blogspot.com\/2015\/03\/2004-19-trente-ans.html\">D\u00e9c 2004\u00a0\u00a0\u00a0\u00a0\u00a0\u00a0\u00a0\u00a0\u00a0\u00a0\u00a0\u00a0\u00a0\u00a0\u00a0\u00a0\u00a0\u00a0\u00a0 30 ans de l&rsquo;A.S.U.<\/a><\/p>\n<p><a href=\"https:\/\/asu77260.blogspot.com\/2020\/05\/fh-2005-des-origines-nos-jours.html\" target=\"_blank\" rel=\"noopener noreferrer\">Printemps 2005\u00a0\u00a0\u00a0\u00a0\u00a0\u00a0\u00a0\u00a0\u00a0 Rep\u00e8res pr\u00e9historiques et historiques \u00e0 Ussy<\/a><\/p>\n<p><a href=\"http:\/\/asu77260.blogspot.com\/2015\/03\/fh-2005-06-chemins-ruelles-et-sentes.html\">Juin 2005\u00a0\u00a0\u00a0\u00a0\u00a0\u00a0\u00a0\u00a0\u00a0\u00a0\u00a0\u00a0\u00a0\u00a0\u00a0\u00a0\u00a0\u00a0\u00a0 Les chemins, les sentes et les ruelles<\/a><\/p>\n<p><a href=\"https:\/\/asu77260.blogspot.com\/2015\/03\/2005-22-le-four-pain.html\">D\u00e9c 2005\u00a0\u00a0\u00a0\u00a0\u00a0\u00a0\u00a0\u00a0\u00a0\u00a0\u00a0\u00a0\u00a0\u00a0\u00a0\u00a0\u00a0\u00a0\u00a0 Le four \u00e0 pain<\/a><\/p>\n<p><a href=\"https:\/\/asu77260.blogspot.com\/2015\/03\/2006-23-un-chemin-champetre-pour-aller.html\">Juin 2006\u00a0\u00a0\u00a0\u00a0\u00a0\u00a0\u00a0\u00a0\u00a0\u00a0\u00a0\u00a0\u00a0\u00a0\u00a0\u00a0\u00a0\u00a0\u00a0 Chemin champ\u00eatre pour aller au cimeti\u00e8re<\/a><\/p>\n<p><a href=\"http:\/\/asu77260.blogspot.com\/2015\/03\/fh-2007-06-lessive-lavoir-bateau-lavoir.html\">Juin 2007\u00a0\u00a0\u00a0\u00a0\u00a0\u00a0\u00a0\u00a0\u00a0\u00a0\u00a0\u00a0\u00a0\u00a0\u00a0\u00a0\u00a0\u00a0\u00a0 La lessive, le lavoir et le bateau-lavoir \u00e0 Ussy<\/a><\/p>\n<p><a href=\"https:\/\/asu77260.blogspot.com\/2015\/03\/2007-25-par-les-sentes-et-par-les.html\">D\u00e9c 2007\u00a0\u00a0\u00a0\u00a0\u00a0\u00a0\u00a0\u00a0\u00a0\u00a0\u00a0\u00a0\u00a0\u00a0\u00a0\u00a0\u00a0\u00a0\u00a0 Les sentes et ruelles ( pose des panneaux)<\/a><\/p>\n<p><a href=\"https:\/\/asu77260.blogspot.com\/2015\/03\/2008-26-le-patis-hier-et-aujourdhui.html\">Avril 2008\u00a0\u00a0\u00a0\u00a0\u00a0\u00a0\u00a0\u00a0\u00a0\u00a0\u00a0\u00a0\u00a0\u00a0\u00a0\u00a0\u00a0 Le p\u00e2tis hier et aujourd&rsquo;hui<\/a><\/p>\n<p><a href=\"https:\/\/asu77260.blogspot.com\/2015\/03\/2008-27-colportage-et-colporteurs.html\">D\u00e9c 2008\u00a0\u00a0\u00a0\u00a0\u00a0\u00a0\u00a0\u00a0\u00a0\u00a0\u00a0\u00a0\u00a0\u00a0\u00a0\u00a0\u00a0\u00a0\u00a0 Colportage et colporteurs<\/a><\/p>\n<p>Avril 2009\u00a0\u00a0\u00a0\u00a0\u00a0\u00a0\u00a0\u00a0\u00a0\u00a0\u00a0\u00a0\u00a0\u00a0\u00a0\u00a0\u00a0 De P.O.S. en P.L.U. (n\u00b0 manquant)<\/p>\n<p><a href=\"https:\/\/asu77260.blogspot.com\/2015\/03\/2009-28-mariage-dantan-1er-partie.html\">Juin 2009\u00a0\u00a0\u00a0\u00a0\u00a0\u00a0\u00a0\u00a0\u00a0\u00a0\u00a0\u00a0\u00a0\u00a0\u00a0\u00a0\u00a0\u00a0\u00a0 Mariages d&rsquo;antan (1)<\/a><\/p>\n<p><a href=\"https:\/\/asu77260.blogspot.com\/2015\/03\/2010-29-mariage-dantan-2eme-partie.html\">Mars 2010\u00a0\u00a0\u00a0\u00a0\u00a0\u00a0\u00a0\u00a0\u00a0\u00a0\u00a0\u00a0\u00a0\u00a0\u00a0\u00a0\u00a0 Mariages d&rsquo;antan (2)<\/a><\/p>\n<p><a href=\"https:\/\/asu77260.blogspot.com\/2015\/03\/2010-30-celebrations-dhier-et.html\">Oct 2010\u00a0\u00a0\u00a0\u00a0\u00a0\u00a0\u00a0\u00a0\u00a0\u00a0\u00a0\u00a0\u00a0\u00a0\u00a0\u00a0\u00a0\u00a0\u00a0\u00a0 C\u00e9l\u00e9brations d&rsquo;hier et d&rsquo;aujourd&rsquo;hui<\/a><\/p>\n<p>Oct 2011\u00a0\u00a0\u00a0\u00a0\u00a0\u00a0\u00a0\u00a0\u00a0\u00a0\u00a0\u00a0\u00a0\u00a0\u00a0\u00a0\u00a0\u00a0\u00a0\u00a0 Exposition : l&rsquo;agriculture \u00e0 Ussy (n\u00b0 manquant)<\/p>\n<p><a href=\"https:\/\/asu77260.blogspot.com\/2015\/03\/2011-31-progres-scientifiques-et.html\">D\u00e9c 2011\u00a0\u00a0\u00a0\u00a0\u00a0\u00a0\u00a0\u00a0\u00a0\u00a0\u00a0\u00a0\u00a0\u00a0\u00a0\u00a0\u00a0\u00a0\u00a0 Chemin de fer &#8211; Les chemins de Samuel Beckett<\/a><br \/>\n<a href=\"http:\/\/asu77260.blogspot.com\/2015\/07\/2011-31-progres-scientifiques-et.html\">\u00a0\u00a0\u00a0\u00a0\u00a0\u00a0\u00a0\u00a0\u00a0\u00a0\u00a0\u00a0\u00a0\u00a0\u00a0\u00a0\u00a0 \u00a0 \u00a0 \u00a0 \u00a0 \u00a0 \u00a0 \u00a0 \u00a0\u00a0 Progr\u00e8s scientifiques et techniques<\/a>\u00a0 (n\u00b0 incomplet)<\/p>\n","protected":false},"excerpt":{"rendered":"<p>Liste des parutions FRAGMENTS d&rsquo;HISTOIRE Veuillez nous excuser pour la mauvaise qualit\u00e9 des documents pr\u00e9sent\u00e9s, ils sont issus de copies<\/p>\n","protected":false},"author":1,"featured_media":0,"parent":527,"menu_order":0,"comment_status":"closed","ping_status":"closed","template":"","meta":{"colormag_page_container_layout":"no_sidebar_full_width","colormag_page_sidebar_layout":"no_sidebar","jetpack_post_was_ever_published":false,"footnotes":""},"class_list":["post-532","page","type-page","status-publish","hentry"],"jetpack_sharing_enabled":true,"jetpack_shortlink":"https:\/\/wp.me\/PaUFS9-8A","_links":{"self":[{"href":"https:\/\/asu77ussy.fr\/index.php\/wp-json\/wp\/v2\/pages\/532","targetHints":{"allow":["GET"]}}],"collection":[{"href":"https:\/\/asu77ussy.fr\/index.php\/wp-json\/wp\/v2\/pages"}],"about":[{"href":"https:\/\/asu77ussy.fr\/index.php\/wp-json\/wp\/v2\/types\/page"}],"author":[{"embeddable":true,"href":"https:\/\/asu77ussy.fr\/index.php\/wp-json\/wp\/v2\/users\/1"}],"replies":[{"embeddable":true,"href":"https:\/\/asu77ussy.fr\/index.php\/wp-json\/wp\/v2\/comments?post=532"}],"version-history":[{"count":28,"href":"https:\/\/asu77ussy.fr\/index.php\/wp-json\/wp\/v2\/pages\/532\/revisions"}],"predecessor-version":[{"id":3127,"href":"https:\/\/asu77ussy.fr\/index.php\/wp-json\/wp\/v2\/pages\/532\/revisions\/3127"}],"up":[{"embeddable":true,"href":"https:\/\/asu77ussy.fr\/index.php\/wp-json\/wp\/v2\/pages\/527"}],"wp:attachment":[{"href":"https:\/\/asu77ussy.fr\/index.php\/wp-json\/wp\/v2\/media?parent=532"}],"curies":[{"name":"wp","href":"https:\/\/api.w.org\/{rel}","templated":true}]}}