{"id":530,"date":"2019-04-24T09:29:58","date_gmt":"2019-04-24T07:29:58","guid":{"rendered":"http:\/\/asu77ussy.fr\/?page_id=530"},"modified":"2020-03-24T15:48:48","modified_gmt":"2020-03-24T14:48:48","slug":"chemins-dussy-sur-marne","status":"publish","type":"page","link":"https:\/\/asu77ussy.fr\/index.php\/nos-publications\/chemins-dussy-sur-marne\/","title":{"rendered":"Chemins d&rsquo;Ussy sur Marne"},"content":{"rendered":"<h3><span style=\"color: #0000ff;\">Liste des parutions CHEMINS d&rsquo;USSY SUR MARNE<\/span><\/h3>\n<p><span style=\"color: #0000ff;\"><strong><em>Veuillez nous excuser pour la mauvaise qualit\u00e9 des documents pr\u00e9sent\u00e9s, ils sont issus de copies \u00e9dit\u00e9es en noir &amp; blanc pour la plupart. Retenons l&rsquo;essentiel qui est le contenu de chacun de ces ouvrages.<\/em><\/strong><\/span><\/p>\n<p><span style=\"color: #0000ff;\"><em><u>Nomenclature<\/u><\/em><\/span><\/p>\n<p><span style=\"color: #0000ff;\">1\u00a0\u00a0\u00a0\u00a0\u00a0\u00a0\u00a0\u00a0\u00a0<a style=\"color: #0000ff;\" href=\"http:\/\/asu77260.blogspot.com\/2015\/03\/1996-01-berges-de-la-marne-en-hiver.html\">1996\u00a0\u00a0\u00a0\u00a0\u00a0\u00a0\u00a0\u00a0\u00a0\u00a0\u00a0\u00a0\u00a0\u00a0\u00a0 \u00a0\u00a0\u00a0\u00a0\u00a0\u00a0\u00a0\u00a0\u00a0\u00a0\u00a0 Berges de la Marne en hiver<\/a><\/span><\/p>\n<p><span style=\"color: #0000ff;\"><a style=\"color: #0000ff;\" href=\"https:\/\/asu77260.blogspot.com\/2015\/03\/1996-02-patrimoine.html\">2\u00a0\u00a0\u00a0\u00a0\u00a0\u00a0\u00a0\u00a0\u00a0 Mai 96\u00a0\u00a0\u00a0\u00a0\u00a0\u00a0\u00a0\u00a0\u00a0\u00a0\u00a0\u00a0\u00a0\u00a0\u00a0\u00a0\u00a0\u00a0\u00a0\u00a0\u00a0\u00a0\u00a0Haies<\/a><\/span><\/p>\n<p><span style=\"color: #0000ff;\"><a style=\"color: #0000ff;\" href=\"https:\/\/asu77260.blogspot.com\/2015\/03\/1996-03-trois-chemins-dussy-ete-1996.html\">3\u00a0\u00a0\u00a0\u00a0\u00a0\u00a0\u00a0\u00a0\u00a0 Sept 96\u00a0\u00a0\u00a0\u00a0\u00a0\u00a0\u00a0\u00a0\u00a0\u00a0 \u00a0\u00a0\u00a0\u00a0\u00a0\u00a0\u00a0\u00a0\u00a0\u00a0\u00a0 Trois chemins d&rsquo;Ussy \u00e9t\u00e9 1996<\/a><\/span><\/p>\n<p><span style=\"color: #0000ff;\"><a style=\"color: #0000ff;\" href=\"https:\/\/asu77260.blogspot.com\/2015\/03\/1996-04-barbizon.html\">4\u00a0\u00a0\u00a0\u00a0\u00a0\u00a0\u00a0\u00a0\u00a0 D\u00e9c 96\u00a0\u00a0\u00a0\u00a0\u00a0\u00a0\u00a0\u00a0\u00a0\u00a0\u00a0 \u00a0\u00a0\u00a0\u00a0\u00a0\u00a0\u00a0\u00a0\u00a0\u00a0\u00a0 Barbizon sud Seine &amp; Marne<\/a><\/span><\/p>\n<p><span style=\"color: #0000ff;\"><a style=\"color: #0000ff;\" href=\"https:\/\/asu77260.blogspot.com\/2015\/03\/1997-05-ussy-vue-du-patis.html\">5\u00a0\u00a0\u00a0\u00a0\u00a0\u00a0\u00a0\u00a0\u00a0 Avril 97\u00a0\u00a0\u00a0\u00a0\u00a0\u00a0\u00a0\u00a0\u00a0 \u00a0\u00a0\u00a0\u00a0\u00a0\u00a0\u00a0\u00a0\u00a0\u00a0\u00a0 Ussy vue du p\u00e2tis<\/a><\/span><\/p>\n<p><span style=\"color: #0000ff;\"><a style=\"color: #0000ff;\" href=\"https:\/\/asu77260.blogspot.com\/2015\/03\/1997-06-le-patrimoine-bati-la-toiture.html\">6\u00a0\u00a0\u00a0\u00a0\u00a0\u00a0\u00a0\u00a0\u00a0 Juil 97\u00a0\u00a0\u00a0\u00a0\u00a0\u00a0\u00a0\u00a0\u00a0\u00a0\u00a0\u00a0 \u00a0\u00a0\u00a0\u00a0\u00a0\u00a0\u00a0\u00a0\u00a0\u00a0\u00a0 Le patrimoine b\u00e2ti : la toiture briarde<\/a><\/span><\/p>\n<p><span style=\"color: #0000ff;\"><a style=\"color: #0000ff;\" href=\"https:\/\/asu77260.blogspot.com\/2015\/03\/1997-07-le-patrimoine-batiles-lucarnes.html\">7\u00a0\u00a0\u00a0\u00a0\u00a0\u00a0\u00a0\u00a0\u00a0 Sept 97\u00a0\u00a0\u00a0\u00a0\u00a0\u00a0\u00a0\u00a0\u00a0\u00a0 \u00a0\u00a0\u00a0\u00a0\u00a0\u00a0\u00a0\u00a0\u00a0\u00a0\u00a0 Le patrimoine b\u00e2ti : les lucarnes<\/a><\/span><\/p>\n<p><span style=\"color: #0000ff;\"><a style=\"color: #0000ff;\" href=\"https:\/\/asu77260.blogspot.com\/2015\/03\/1997-08-special-exposition-ussy-2003.html\">8\u00a0\u00a0\u00a0\u00a0\u00a0\u00a0\u00a0\u00a0\u00a0 D\u00e9c 97\u00a0\u00a0\u00a0\u00a0\u00a0\u00a0\u00a0\u00a0\u00a0\u00a0\u00a0 \u00a0\u00a0\u00a0\u00a0\u00a0\u00a0\u00a0\u00a0\u00a0\u00a0\u00a0 Exposition : Ussy en 2003<\/a><\/span><\/p>\n<p><span style=\"color: #0000ff;\"><a style=\"color: #0000ff;\" href=\"https:\/\/asu77260.blogspot.com\/2015\/03\/1998-09-editorial.html\">9\u00a0\u00a0\u00a0\u00a0\u00a0\u00a0\u00a0\u00a0\u00a0 Mars 98\u00a0\u00a0\u00a0\u00a0\u00a0\u00a0\u00a0\u00a0\u00a0 \u00a0\u00a0\u00a0\u00a0\u00a0\u00a0\u00a0\u00a0\u00a0\u00a0\u00a0 Editorial \/ Patrimoine b\u00e2ti<\/a><\/span><\/p>\n<p><span style=\"color: #0000ff;\"><a style=\"color: #0000ff;\" href=\"https:\/\/asu77260.blogspot.com\/2015\/03\/1998-10-le-patrimoine-batiles-clotures.html\">10\u00a0\u00a0\u00a0\u00a0\u00a0\u00a0\u00a0 Juil 98\u00a0\u00a0\u00a0\u00a0\u00a0\u00a0\u00a0\u00a0\u00a0\u00a0\u00a0\u00a0 \u00a0\u00a0\u00a0\u00a0\u00a0\u00a0\u00a0\u00a0\u00a0\u00a0\u00a0 Les cl\u00f4tures<\/a><\/span><\/p>\n<p><span style=\"color: #0000ff;\"><a style=\"color: #0000ff;\" href=\"https:\/\/asu77260.blogspot.com\/2015\/03\/1998-11-nos-bords-de-marne-au-risque-de.html\">11\u00a0\u00a0\u00a0\u00a0\u00a0\u00a0\u00a0 Oct 98\u00a0\u00a0\u00a0\u00a0\u00a0\u00a0\u00a0\u00a0\u00a0\u00a0\u00a0\u00a0 \u00a0\u00a0\u00a0\u00a0\u00a0\u00a0\u00a0\u00a0\u00a0\u00a0\u00a0 Bords de Marne \/ P.O.S.<\/a><\/span><\/p>\n<p><span style=\"color: #0000ff;\"><a style=\"color: #0000ff;\" href=\"https:\/\/asu77260.blogspot.com\/2015\/03\/1998-12-special-plantations.html\">12\u00a0\u00a0\u00a0\u00a0\u00a0\u00a0\u00a0 D\u00e9c 98\u00a0\u00a0\u00a0\u00a0\u00a0\u00a0\u00a0\u00a0\u00a0\u00a0\u00a0 \u00a0\u00a0\u00a0\u00a0\u00a0\u00a0\u00a0\u00a0\u00a0\u00a0\u00a0 Plantations<\/a><\/span><\/p>\n<p><span style=\"color: #0000ff;\"><a style=\"color: #0000ff;\" href=\"https:\/\/asu77260.blogspot.com\/2015\/03\/1999-13-menaces-imminentes-sur-la-rue.html\">13\u00a0\u00a0\u00a0\u00a0\u00a0\u00a0\u00a0 Mars 99\u00a0\u00a0\u00a0\u00a0\u00a0\u00a0\u00a0\u00a0\u00a0 \u00a0\u00a0\u00a0\u00a0\u00a0\u00a0\u00a0\u00a0\u00a0\u00a0\u00a0 Menaces \u00ab\u00a0rue de la Fert\u00e9\u00a0\u00bb<\/a><\/span><\/p>\n<p><span style=\"color: #0000ff;\"><a style=\"color: #0000ff;\" href=\"https:\/\/asu77260.blogspot.com\/2015\/03\/1999-14-les-travaux-dans-la-rue-de-la.html\">14\u00a0\u00a0\u00a0\u00a0\u00a0\u00a0\u00a0 Juin 99\u00a0\u00a0\u00a0\u00a0\u00a0\u00a0\u00a0\u00a0\u00a0\u00a0\u00a0\u00a0\u00a0\u00a0\u00a0\u00a0\u00a0\u00a0\u00a0\u00a0\u00a0\u00a0\u00a0\u00a0 Travaux \u00ab\u00a0rue de la Fert\u00e9\u00a0\u00bb \/ Les puits<\/a><\/span><\/p>\n<p><span style=\"color: #0000ff;\"><a style=\"color: #0000ff;\" href=\"https:\/\/asu77260.blogspot.com\/2015\/03\/1999-15-quels-vegetaux-pour-la-nouvelle.html\">15\u00a0\u00a0\u00a0\u00a0\u00a0\u00a0\u00a0 Sept 99\u00a0\u00a0\u00a0\u00a0\u00a0\u00a0\u00a0\u00a0\u00a0\u00a0 \u00a0\u00a0\u00a0\u00a0\u00a0\u00a0\u00a0\u00a0\u00a0\u00a0\u00a0 V\u00e9g\u00e9taux \u00ab\u00a0rue de la Fert\u00e9\u00a0\u00bb<\/a><\/span><\/p>\n<p><span style=\"color: #0000ff;\"><a style=\"color: #0000ff;\" href=\"http:\/\/asu77260.blogspot.com\/2015\/07\/2000-16-que-sont-nos-arbres-devenus.html\">16\u00a0\u00a0\u00a0\u00a0\u00a0\u00a0\u00a0 D\u00e9c 99\u00a0\u00a0\u00a0\u00a0\u00a0\u00a0\u00a0\u00a0\u00a0\u00a0\u00a0 \u00a0\u00a0\u00a0\u00a0\u00a0\u00a0\u00a0\u00a0\u00a0\u00a0\u00a0 Les arbres apr\u00e8s la temp\u00eate \/ Pigeonniers<\/a><\/span><\/p>\n<p><span style=\"color: #0000ff;\"><a style=\"color: #0000ff;\" href=\"https:\/\/asu77260.blogspot.com\/2015\/03\/2000-17-union-francaise-contre-les.html\">17\u00a0\u00a0\u00a0\u00a0\u00a0\u00a0\u00a0 Mars 2000\u00a0\u00a0\u00a0\u00a0\u00a0 \u00a0\u00a0\u00a0\u00a0\u00a0\u00a0\u00a0\u00a0\u00a0\u00a0\u00a0 Nuisances a\u00e9riennes \/ Oiseaux \/ Architecture extensions<\/a>\u00a0(\u00e0 voir)<\/span><\/p>\n<p><span style=\"color: #0000ff;\"><a style=\"color: #0000ff;\" href=\"https:\/\/asu77260.blogspot.com\/2015\/03\/2000-18-faut-il-avoir-peur-des.html\">18\u00a0\u00a0\u00a0\u00a0\u00a0\u00a0\u00a0 4\u00e8meT. 2000\u00a0\u00a0\u00a0 \u00a0\u00a0\u00a0\u00a0\u00a0\u00a0\u00a0\u00a0\u00a0\u00a0\u00a0 Inondations<\/a><\/span><\/p>\n<p><span style=\"color: #0000ff;\"><a style=\"color: #0000ff;\" href=\"https:\/\/asu77260.blogspot.com\/2015\/03\/2001-19-les-inondations-du-26-juillet.html\">19\u00a0\u00a0\u00a0\u00a0\u00a0\u00a0\u00a0 1erT. 2001\u00a0\u00a0\u00a0\u00a0\u00a0 \u00a0\u00a0\u00a0\u00a0\u00a0\u00a0\u00a0\u00a0\u00a0\u00a0\u00a0 Inondations (suite)<\/a><\/span><\/p>\n<p><span style=\"color: #0000ff;\"><a style=\"color: #0000ff;\" href=\"https:\/\/asu77260.blogspot.com\/2015\/03\/2001-20-la-charte-qualite-village.html\">20\u00a0\u00a0\u00a0\u00a0\u00a0\u00a0\u00a0 2\u00e8me T. 2001\u00a0\u00a0\u00a0\u00a0\u00a0\u00a0\u00a0\u00a0\u00a0\u00a0\u00a0\u00a0\u00a0 La chartre \u00ab\u00a0Qualit\u00e9 village\u00a0\u00bb<\/a><\/span><\/p>\n<p><span style=\"color: #0000ff;\"><a style=\"color: #0000ff;\" href=\"https:\/\/asu77260.blogspot.com\/2015\/03\/2001-21-la-centrale-enrobes-routiers-de.html\">21\u00a0\u00a0\u00a0\u00a0\u00a0\u00a0\u00a0 4\u00e8meT. 2001\u00a0\u00a0\u00a0 \u00a0\u00a0\u00a0\u00a0\u00a0\u00a0\u00a0\u00a0\u00a0\u00a0\u00a0 La centrale de Sept-Sorts<\/a><\/span><\/p>\n<p><span style=\"color: #0000ff;\"><a style=\"color: #0000ff;\" href=\"https:\/\/asu77260.blogspot.com\/2015\/03\/2002-22-leglise-saint-authaire.html\">22\u00a0\u00a0\u00a0\u00a0\u00a0\u00a0\u00a0 1erT. 2002\u00a0\u00a0\u00a0\u00a0\u00a0 \u00a0\u00a0\u00a0\u00a0\u00a0\u00a0\u00a0\u00a0\u00a0\u00a0\u00a0 L&rsquo;\u00e9glise Saint Authaire<\/a><\/span><\/p>\n<p><span style=\"color: #0000ff;\"><a style=\"color: #0000ff;\" href=\"https:\/\/asu77260.blogspot.com\/2015\/03\/2002-23-patrimoine-historique.html\">23\u00a0\u00a0\u00a0\u00a0\u00a0\u00a0\u00a0 3\u00e8meT. 2002\u00a0\u00a0\u00a0 \u00a0\u00a0\u00a0\u00a0\u00a0\u00a0\u00a0\u00a0\u00a0\u00a0\u00a0 Patrimoine historique<\/a><\/span><\/p>\n<p><span style=\"color: #0000ff;\"><a style=\"color: #0000ff;\" href=\"https:\/\/asu77260.blogspot.com\/2015\/03\/2003-24-rue-des-artistes-ussy.html\">24\u00a0\u00a0\u00a0\u00a0\u00a0\u00a0\u00a0 1erT. 2003\u00a0\u00a0\u00a0\u00a0\u00a0 \u00a0\u00a0\u00a0\u00a0\u00a0\u00a0\u00a0\u00a0\u00a0\u00a0\u00a0 Rue des artistes \u00e0 Ussy<\/a><\/span><\/p>\n<p><span style=\"color: #0000ff;\"><a style=\"color: #0000ff;\" href=\"https:\/\/asu77260.blogspot.com\/2015\/03\/2004-25-election-associations.html\">25\u00a0\u00a0\u00a0\u00a0\u00a0\u00a0\u00a0 Mars 2004\u00a0\u00a0\u00a0\u00a0\u00a0 \u00a0\u00a0\u00a0\u00a0\u00a0\u00a0\u00a0\u00a0\u00a0\u00a0\u00a0 Elections-Associations \/ D\u00e9veloppement local<\/a><\/span><\/p>\n<p><a href=\"https:\/\/asu77260.blogspot.com\/2015\/03\/2004-26-laffichage-publicitaire.html\"><span style=\"color: #0000ff;\">26\u00a0\u00a0\u00a0\u00a0\u00a0\u00a0\u00a0 Juil 2004\u00a0\u00a0\u00a0\u00a0\u00a0\u00a0\u00a0\u00a0 \u00a0\u00a0\u00a0\u00a0\u00a0\u00a0\u00a0\u00a0\u00a0\u00a0\u00a0 L&rsquo;affichage publicitaire<\/span><\/a><\/p>\n<p><span style=\"color: #0000ff;\"><a style=\"color: #0000ff;\" href=\"https:\/\/asu77260.blogspot.com\/2020\/03\/2004-11-communique-lattention-des.html\">27\u00a0\u00a0\u00a0\u00a0\u00a0\u00a0\u00a0 Nov 2004\u00a0\u00a0\u00a0\u00a0\u00a0\u00a0\u00a0 \u00a0\u00a0\u00a0\u00a0\u00a0\u00a0\u00a0\u00a0\u00a0\u00a0\u00a0 Communiqu\u00e9 \u00e0 l&rsquo;attention des habitants du village<\/a><\/span><\/p>\n<p><span style=\"color: #0000ff;\"><a style=\"color: #0000ff;\" href=\"https:\/\/asu77260.blogspot.com\/2015\/03\/2005-28-pylone-et-patrimoine.html\">28\u00a0\u00a0\u00a0\u00a0\u00a0\u00a0\u00a0 Juin 2005\u00a0\u00a0\u00a0\u00a0\u00a0\u00a0\u00a0 \u00a0\u00a0\u00a0\u00a0\u00a0\u00a0\u00a0\u00a0\u00a0\u00a0\u00a0 Pyl\u00f4ne et patrimoine<\/a><\/span><\/p>\n<p><a href=\"https:\/\/asu77260.blogspot.com\/2015\/03\/2005-29-un-parc-naturel-de-la-brie-et.html\"><span style=\"color: #0000ff;\">29\u00a0\u00a0\u00a0\u00a0\u00a0\u00a0\u00a0 D\u00e9c 2005\u00a0\u00a0\u00a0\u00a0\u00a0\u00a0\u00a0 \u00a0\u00a0\u00a0\u00a0\u00a0\u00a0\u00a0\u00a0\u00a0\u00a0\u00a0 PNR Brie des deux Morins<\/span><\/a><\/p>\n<p><span style=\"color: #0000ff;\"><a style=\"color: #0000ff;\" href=\"https:\/\/asu77260.blogspot.com\/2015\/03\/2006-30-pour-la-defense-du-petit.html\">30\u00a0\u00a0\u00a0\u00a0\u00a0\u00a0\u00a0 Sept 2006\u00a0\u00a0\u00a0\u00a0\u00a0\u00a0 \u00a0\u00a0\u00a0\u00a0\u00a0\u00a0\u00a0\u00a0\u00a0\u00a0\u00a0 D\u00e9fense du petit commerce<\/a><\/span><\/p>\n<p><span style=\"color: #0000ff;\"><a style=\"color: #0000ff;\" href=\"http:\/\/asu77260.blogspot.com\/2015\/07\/les-chemins-de-samuel-beckett-2006.html\">\u00a0\u00a0\u00a0 <\/a><a style=\"color: #0000ff;\" href=\"https:\/\/asu77260.blogspot.com\/2015\/03\/les-chemins-de-samuel-beckett-2006.html\">Nov 2006\u00a0\u00a0\u00a0\u00a0\u00a0\u00a0\u00a0 \u00a0\u00a0\u00a0\u00a0\u00a0\u00a0\u00a0\u00a0\u00a0\u00a0\u00a0 Samuel Beckett hors s\u00e9rie<\/a><\/span><\/p>\n<p><span style=\"color: #0000ff;\"><a style=\"color: #0000ff;\" href=\"https:\/\/asu77260.blogspot.com\/2015\/03\/2007-31-lecole-sagrandit.html\">31\u00a0\u00a0\u00a0\u00a0\u00a0\u00a0\u00a0 F\u00e9v 2007\u00a0\u00a0\u00a0\u00a0\u00a0\u00a0\u00a0\u00a0 \u00a0\u00a0\u00a0\u00a0\u00a0\u00a0\u00a0\u00a0\u00a0\u00a0\u00a0 L&rsquo;\u00e9cole s&rsquo;agrandit<\/a><\/span><\/p>\n<p><span style=\"color: #0000ff;\"><a style=\"color: #0000ff;\" href=\"https:\/\/asu77260.blogspot.com\/2015\/03\/2007-32-pas-de-ponton-pas-de-halte.html\">32\u00a0\u00a0\u00a0\u00a0\u00a0\u00a0\u00a0 D\u00e9c 2007\u00a0\u00a0\u00a0\u00a0\u00a0\u00a0\u00a0 \u00a0\u00a0\u00a0\u00a0\u00a0\u00a0\u00a0\u00a0\u00a0\u00a0\u00a0 Pontons, halte fluviale \u00e0 Ussy<\/a><\/span><\/p>\n<p><span style=\"color: #0000ff;\"><a style=\"color: #0000ff;\" href=\"https:\/\/asu77260.blogspot.com\/2015\/03\/2008-33-elections-municipales-mars-2008.html\">33\u00a0\u00a0\u00a0\u00a0\u00a0\u00a0\u00a0 Mars 2008\u00a0\u00a0\u00a0\u00a0\u00a0 \u00a0\u00a0\u00a0\u00a0\u00a0\u00a0\u00a0\u00a0\u00a0\u00a0\u00a0 Elections municipales<\/a><\/span><\/p>\n<p><span style=\"color: #0000ff;\"><a style=\"color: #0000ff;\" href=\"http:\/\/asu77260.blogspot.com\/2015\/03\/2008-34-projet-dun-pnr-de-la-brie-et.html\">34\u00a0\u00a0\u00a0\u00a0\u00a0\u00a0\u00a0 Sept 2008\u00a0\u00a0\u00a0\u00a0\u00a0\u00a0 \u00a0\u00a0\u00a0\u00a0\u00a0\u00a0\u00a0\u00a0\u00a0\u00a0\u00a0 PNR<\/a><\/span><\/p>\n<p><span style=\"color: #0000ff;\"><a style=\"color: #0000ff;\" href=\"https:\/\/asu77260.blogspot.com\/2015\/03\/2009-35-de-pos-en-plu-plan-local.html\">35\u00a0\u00a0\u00a0\u00a0\u00a0\u00a0\u00a0 Avril 2009\u00a0\u00a0\u00a0\u00a0\u00a0 \u00a0\u00a0\u00a0\u00a0\u00a0\u00a0\u00a0\u00a0\u00a0\u00a0\u00a0 De P.O.S. en P.L.U.<\/a><\/span><\/p>\n<p><span style=\"color: #0000ff;\"><a style=\"color: #0000ff;\" href=\"https:\/\/asu77260.blogspot.com\/2015\/03\/2010-36-le-grand-paris.html\">36\u00a0\u00a0\u00a0\u00a0\u00a0\u00a0\u00a0 Ao\u00fbt 2010\u00a0\u00a0\u00a0\u00a0\u00a0\u00a0 \u00a0\u00a0\u00a0\u00a0\u00a0\u00a0\u00a0\u00a0\u00a0\u00a0\u00a0 Le grand Paris<\/a><\/span><\/p>\n<p><span style=\"color: #ff0000;\">Oct 2011\u00a0\u00a0\u00a0\u00a0\u00a0\u00a0\u00a0\u00a0 \u00a0\u00a0\u00a0\u00a0\u00a0\u00a0\u00a0\u00a0\u00a0\u00a0\u00a0 Exposition \u00ab\u00a0L&rsquo;agriculture \u00e0 Ussy\u00a0\u00bb (manquant)<\/span><\/p>\n<p><span style=\"color: #0000ff;\"><a style=\"color: #0000ff;\" href=\"https:\/\/asu77260.blogspot.com\/2015\/03\/2012-38-petrole-et-gaz-de-schiste.html\">38\u00a0\u00a0\u00a0\u00a0\u00a0\u00a0\u00a0 Avril 2012\u00a0\u00a0\u00a0\u00a0\u00a0 \u00a0\u00a0\u00a0\u00a0\u00a0\u00a0\u00a0\u00a0\u00a0\u00a0\u00a0 P\u00e9trole et gaz de schiste<\/a><\/span><\/p>\n<p><span style=\"color: #0000ff;\"><a style=\"color: #0000ff;\" href=\"https:\/\/asu77260.blogspot.com\/2015\/03\/2013-39-le-scot.html\">39\u00a0\u00a0\u00a0\u00a0\u00a0\u00a0\u00a0 Sept 2013\u00a0\u00a0\u00a0\u00a0\u00a0\u00a0 \u00a0\u00a0\u00a0\u00a0\u00a0\u00a0\u00a0\u00a0\u00a0\u00a0\u00a0 S.C.O.T.<\/a><\/span><\/p>\n<p><a href=\"https:\/\/asu77260.blogspot.com\/2015\/03\/2014-40-le-biogaz-agricole.html\"><span style=\"color: #0000ff;\">40\u00a0\u00a0\u00a0\u00a0\u00a0\u00a0\u00a0 Juin 2014\u00a0\u00a0\u00a0\u00a0\u00a0\u00a0\u00a0 \u00a0\u00a0\u00a0\u00a0\u00a0\u00a0\u00a0\u00a0\u00a0\u00a0\u00a0 Biogaz<\/span><\/a><\/p>\n","protected":false},"excerpt":{"rendered":"<p>Liste des parutions CHEMINS d&rsquo;USSY SUR MARNE Veuillez nous excuser pour la mauvaise qualit\u00e9 des documents pr\u00e9sent\u00e9s, ils sont issus<\/p>\n","protected":false},"author":1,"featured_media":0,"parent":527,"menu_order":0,"comment_status":"closed","ping_status":"closed","template":"","meta":{"colormag_page_container_layout":"no_sidebar_content_centered","colormag_page_sidebar_layout":"no_sidebar","jetpack_post_was_ever_published":false,"footnotes":""},"class_list":["post-530","page","type-page","status-publish","hentry"],"jetpack_sharing_enabled":true,"jetpack_shortlink":"https:\/\/wp.me\/PaUFS9-8y","_links":{"self":[{"href":"https:\/\/asu77ussy.fr\/index.php\/wp-json\/wp\/v2\/pages\/530","targetHints":{"allow":["GET"]}}],"collection":[{"href":"https:\/\/asu77ussy.fr\/index.php\/wp-json\/wp\/v2\/pages"}],"about":[{"href":"https:\/\/asu77ussy.fr\/index.php\/wp-json\/wp\/v2\/types\/page"}],"author":[{"embeddable":true,"href":"https:\/\/asu77ussy.fr\/index.php\/wp-json\/wp\/v2\/users\/1"}],"replies":[{"embeddable":true,"href":"https:\/\/asu77ussy.fr\/index.php\/wp-json\/wp\/v2\/comments?post=530"}],"version-history":[{"count":11,"href":"https:\/\/asu77ussy.fr\/index.php\/wp-json\/wp\/v2\/pages\/530\/revisions"}],"predecessor-version":[{"id":2977,"href":"https:\/\/asu77ussy.fr\/index.php\/wp-json\/wp\/v2\/pages\/530\/revisions\/2977"}],"up":[{"embeddable":true,"href":"https:\/\/asu77ussy.fr\/index.php\/wp-json\/wp\/v2\/pages\/527"}],"wp:attachment":[{"href":"https:\/\/asu77ussy.fr\/index.php\/wp-json\/wp\/v2\/media?parent=530"}],"curies":[{"name":"wp","href":"https:\/\/api.w.org\/{rel}","templated":true}]}}