{"id":5053,"date":"2022-08-15T16:38:51","date_gmt":"2022-08-15T14:38:51","guid":{"rendered":"https:\/\/asu77ussy.fr\/?page_id=5053"},"modified":"2022-08-22T21:12:33","modified_gmt":"2022-08-22T19:12:33","slug":"bibliotheque-paule-savane","status":"publish","type":"page","link":"https:\/\/asu77ussy.fr\/index.php\/decouvrir-ussy\/bibliotheque-paule-savane\/","title":{"rendered":"Biblioth\u00e8que Paule Savane"},"content":{"rendered":"<p style=\"text-align: center;\">Belle surprise ce matin en me baladant rue du Ch\u00e2teau, une jolie cabane \u00e0 livres, un hommage \u00e0 Paule Savane. Belle initiative.<\/p>\n<p><img data-recalc-dims=\"1\" loading=\"lazy\" decoding=\"async\" class=\"aligncenter wp-image-5055\" src=\"https:\/\/i0.wp.com\/asu77ussy.fr\/wp-content\/uploads\/2022\/08\/IMG_20220815_114304_572.jpg?resize=689%2C517&#038;ssl=1\" alt=\"\" width=\"689\" height=\"517\" srcset=\"https:\/\/i0.wp.com\/asu77ussy.fr\/wp-content\/uploads\/2022\/08\/IMG_20220815_114304_572-scaled.jpg?resize=1024%2C768&amp;ssl=1 1024w, https:\/\/i0.wp.com\/asu77ussy.fr\/wp-content\/uploads\/2022\/08\/IMG_20220815_114304_572-scaled.jpg?resize=300%2C225&amp;ssl=1 300w, https:\/\/i0.wp.com\/asu77ussy.fr\/wp-content\/uploads\/2022\/08\/IMG_20220815_114304_572-scaled.jpg?resize=768%2C576&amp;ssl=1 768w, https:\/\/i0.wp.com\/asu77ussy.fr\/wp-content\/uploads\/2022\/08\/IMG_20220815_114304_572-scaled.jpg?resize=1536%2C1152&amp;ssl=1 1536w, https:\/\/i0.wp.com\/asu77ussy.fr\/wp-content\/uploads\/2022\/08\/IMG_20220815_114304_572-scaled.jpg?resize=2048%2C1536&amp;ssl=1 2048w, https:\/\/i0.wp.com\/asu77ussy.fr\/wp-content\/uploads\/2022\/08\/IMG_20220815_114304_572-scaled.jpg?w=1600&amp;ssl=1 1600w, https:\/\/i0.wp.com\/asu77ussy.fr\/wp-content\/uploads\/2022\/08\/IMG_20220815_114304_572-scaled.jpg?w=2400&amp;ssl=1 2400w\" sizes=\"auto, (max-width: 689px) 100vw, 689px\" \/><\/p>\n<p><img data-recalc-dims=\"1\" loading=\"lazy\" decoding=\"async\" class=\"aligncenter wp-image-5064 size-large\" src=\"https:\/\/i0.wp.com\/asu77ussy.fr\/wp-content\/uploads\/2022\/08\/20220815_182439-scaled-e1661195434893-576x1024.jpg?resize=576%2C1024&#038;ssl=1\" alt=\"\" width=\"576\" height=\"1024\" srcset=\"https:\/\/i0.wp.com\/asu77ussy.fr\/wp-content\/uploads\/2022\/08\/20220815_182439-scaled-e1661195434893.jpg?resize=576%2C1024&amp;ssl=1 576w, https:\/\/i0.wp.com\/asu77ussy.fr\/wp-content\/uploads\/2022\/08\/20220815_182439-scaled-e1661195434893.jpg?resize=169%2C300&amp;ssl=1 169w, https:\/\/i0.wp.com\/asu77ussy.fr\/wp-content\/uploads\/2022\/08\/20220815_182439-scaled-e1661195434893.jpg?resize=768%2C1365&amp;ssl=1 768w, https:\/\/i0.wp.com\/asu77ussy.fr\/wp-content\/uploads\/2022\/08\/20220815_182439-scaled-e1661195434893.jpg?resize=864%2C1536&amp;ssl=1 864w, https:\/\/i0.wp.com\/asu77ussy.fr\/wp-content\/uploads\/2022\/08\/20220815_182439-scaled-e1661195434893.jpg?resize=1152%2C2048&amp;ssl=1 1152w, https:\/\/i0.wp.com\/asu77ussy.fr\/wp-content\/uploads\/2022\/08\/20220815_182439-scaled-e1661195434893.jpg?w=1440&amp;ssl=1 1440w\" sizes=\"auto, (max-width: 576px) 100vw, 576px\" \/><\/p>\n","protected":false},"excerpt":{"rendered":"<p>Belle surprise ce matin en me baladant rue du Ch\u00e2teau, une jolie cabane \u00e0 livres, un hommage \u00e0 Paule Savane.<\/p>\n","protected":false},"author":1,"featured_media":0,"parent":42,"menu_order":0,"comment_status":"closed","ping_status":"closed","template":"","meta":{"colormag_page_container_layout":"default_layout","colormag_page_sidebar_layout":"default_layout","jetpack_post_was_ever_published":false,"footnotes":""},"class_list":["post-5053","page","type-page","status-publish","hentry"],"jetpack_sharing_enabled":true,"jetpack_shortlink":"https:\/\/wp.me\/PaUFS9-1jv","_links":{"self":[{"href":"https:\/\/asu77ussy.fr\/index.php\/wp-json\/wp\/v2\/pages\/5053","targetHints":{"allow":["GET"]}}],"collection":[{"href":"https:\/\/asu77ussy.fr\/index.php\/wp-json\/wp\/v2\/pages"}],"about":[{"href":"https:\/\/asu77ussy.fr\/index.php\/wp-json\/wp\/v2\/types\/page"}],"author":[{"embeddable":true,"href":"https:\/\/asu77ussy.fr\/index.php\/wp-json\/wp\/v2\/users\/1"}],"replies":[{"embeddable":true,"href":"https:\/\/asu77ussy.fr\/index.php\/wp-json\/wp\/v2\/comments?post=5053"}],"version-history":[{"count":3,"href":"https:\/\/asu77ussy.fr\/index.php\/wp-json\/wp\/v2\/pages\/5053\/revisions"}],"predecessor-version":[{"id":5067,"href":"https:\/\/asu77ussy.fr\/index.php\/wp-json\/wp\/v2\/pages\/5053\/revisions\/5067"}],"up":[{"embeddable":true,"href":"https:\/\/asu77ussy.fr\/index.php\/wp-json\/wp\/v2\/pages\/42"}],"wp:attachment":[{"href":"https:\/\/asu77ussy.fr\/index.php\/wp-json\/wp\/v2\/media?parent=5053"}],"curies":[{"name":"wp","href":"https:\/\/api.w.org\/{rel}","templated":true}]}}