{"id":4640,"date":"2021-07-11T22:15:42","date_gmt":"2021-07-11T20:15:42","guid":{"rendered":"https:\/\/asu77ussy.fr\/?page_id=4640"},"modified":"2021-07-11T22:15:42","modified_gmt":"2021-07-11T20:15:42","slug":"depliant-sur-les-pas-du-peintre-henri-hayden","status":"publish","type":"page","link":"https:\/\/asu77ussy.fr\/index.php\/depliant-sur-les-pas-du-peintre-henri-hayden\/","title":{"rendered":"D\u00e9pliant sur les pas du peintre Henri Hayden"},"content":{"rendered":"<p>Chers lecteurs,<\/p>\n<p><img data-recalc-dims=\"1\" loading=\"lazy\" decoding=\"async\" class=\"alignleft wp-image-4642 \" src=\"https:\/\/i0.wp.com\/asu77ussy.fr\/wp-content\/uploads\/2021\/07\/20210711_205845-scaled-e1626032956343-283x300.jpg?resize=336%2C356&#038;ssl=1\" alt=\"\" width=\"336\" height=\"356\" srcset=\"https:\/\/i0.wp.com\/asu77ussy.fr\/wp-content\/uploads\/2021\/07\/20210711_205845-scaled-e1626032956343.jpg?resize=283%2C300&amp;ssl=1 283w, https:\/\/i0.wp.com\/asu77ussy.fr\/wp-content\/uploads\/2021\/07\/20210711_205845-scaled-e1626032956343.jpg?resize=965%2C1024&amp;ssl=1 965w, https:\/\/i0.wp.com\/asu77ussy.fr\/wp-content\/uploads\/2021\/07\/20210711_205845-scaled-e1626032956343.jpg?resize=768%2C815&amp;ssl=1 768w, https:\/\/i0.wp.com\/asu77ussy.fr\/wp-content\/uploads\/2021\/07\/20210711_205845-scaled-e1626032956343.jpg?resize=1448%2C1536&amp;ssl=1 1448w, https:\/\/i0.wp.com\/asu77ussy.fr\/wp-content\/uploads\/2021\/07\/20210711_205845-scaled-e1626032956343.jpg?resize=1930%2C2048&amp;ssl=1 1930w, https:\/\/i0.wp.com\/asu77ussy.fr\/wp-content\/uploads\/2021\/07\/20210711_205845-scaled-e1626032956343.jpg?w=1600&amp;ssl=1 1600w, https:\/\/i0.wp.com\/asu77ussy.fr\/wp-content\/uploads\/2021\/07\/20210711_205845-scaled-e1626032956343.jpg?w=2400&amp;ssl=1 2400w\" sizes=\"auto, (max-width: 336px) 100vw, 336px\" \/>Le d\u00e9pliant de la balade est enfin paru. Vous le trouverez soit \u00e0 la mairie, soit sur le p\u00e2tis pr\u00e8s du portrait de Andr\u00e9 Roussimof dans une jolie bo\u00eete customis\u00e9e par un adh\u00e9rent, soit dans la cour des Loges, une petite biblioth\u00e8que a \u00e9t\u00e9 ajout\u00e9e \u00e0 la cabane \u00e0 livres. Vous y trouverez, en plus de ce d\u00e9pliant, quelques id\u00e9es de sorties \u00e0 Coulommiers, la Fert\u00e9 sous Jouarre, Cr\u00e9cy la Chapelle, etc.<\/p>\n<figure id=\"attachment_4643\" aria-describedby=\"caption-attachment-4643\" style=\"width: 391px\" class=\"wp-caption alignright\"><img data-recalc-dims=\"1\" loading=\"lazy\" decoding=\"async\" class=\"wp-image-4643\" src=\"https:\/\/i0.wp.com\/asu77ussy.fr\/wp-content\/uploads\/2021\/07\/Resized_20210708_193750.jpg?resize=391%2C522&#038;ssl=1\" alt=\"\" width=\"391\" height=\"522\" srcset=\"https:\/\/i0.wp.com\/asu77ussy.fr\/wp-content\/uploads\/2021\/07\/Resized_20210708_193750.jpg?w=756&amp;ssl=1 756w, https:\/\/i0.wp.com\/asu77ussy.fr\/wp-content\/uploads\/2021\/07\/Resized_20210708_193750.jpg?resize=225%2C300&amp;ssl=1 225w\" sizes=\"auto, (max-width: 391px) 100vw, 391px\" \/><figcaption id=\"caption-attachment-4643\" class=\"wp-caption-text\">D\u00e9part du parcours Hayden, sur le P\u00e2tis, derri\u00e8re le Caf\u00e9 de la Marne<\/figcaption><\/figure>\n<figure id=\"attachment_4644\" aria-describedby=\"caption-attachment-4644\" style=\"width: 321px\" class=\"wp-caption alignright\"><img data-recalc-dims=\"1\" loading=\"lazy\" decoding=\"async\" class=\"wp-image-4644 \" src=\"https:\/\/i0.wp.com\/asu77ussy.fr\/wp-content\/uploads\/2021\/07\/IMG_20210708_173714.jpg?resize=321%2C428&#038;ssl=1\" alt=\"\" width=\"321\" height=\"428\" srcset=\"https:\/\/i0.wp.com\/asu77ussy.fr\/wp-content\/uploads\/2021\/07\/IMG_20210708_173714-scaled.jpg?resize=225%2C300&amp;ssl=1 225w, https:\/\/i0.wp.com\/asu77ussy.fr\/wp-content\/uploads\/2021\/07\/IMG_20210708_173714-scaled.jpg?resize=768%2C1024&amp;ssl=1 768w, https:\/\/i0.wp.com\/asu77ussy.fr\/wp-content\/uploads\/2021\/07\/IMG_20210708_173714-scaled.jpg?resize=1152%2C1536&amp;ssl=1 1152w, https:\/\/i0.wp.com\/asu77ussy.fr\/wp-content\/uploads\/2021\/07\/IMG_20210708_173714-scaled.jpg?resize=1536%2C2048&amp;ssl=1 1536w, https:\/\/i0.wp.com\/asu77ussy.fr\/wp-content\/uploads\/2021\/07\/IMG_20210708_173714-scaled.jpg?w=1920&amp;ssl=1 1920w, https:\/\/i0.wp.com\/asu77ussy.fr\/wp-content\/uploads\/2021\/07\/IMG_20210708_173714-scaled.jpg?w=1600&amp;ssl=1 1600w\" sizes=\"auto, (max-width: 321px) 100vw, 321px\" \/><figcaption id=\"caption-attachment-4644\" class=\"wp-caption-text\">Cour des loges<\/figcaption><\/figure>\n<p><img data-recalc-dims=\"1\" loading=\"lazy\" decoding=\"async\" class=\"alignnone wp-image-4641 size-medium\" src=\"https:\/\/i0.wp.com\/asu77ussy.fr\/wp-content\/uploads\/2021\/07\/20210710_123141-scaled-e1626032902167-225x300.jpg?resize=225%2C300&#038;ssl=1\" alt=\"\" width=\"225\" height=\"300\" srcset=\"https:\/\/i0.wp.com\/asu77ussy.fr\/wp-content\/uploads\/2021\/07\/20210710_123141-scaled-e1626032902167.jpg?resize=225%2C300&amp;ssl=1 225w, https:\/\/i0.wp.com\/asu77ussy.fr\/wp-content\/uploads\/2021\/07\/20210710_123141-scaled-e1626032902167.jpg?resize=768%2C1024&amp;ssl=1 768w, https:\/\/i0.wp.com\/asu77ussy.fr\/wp-content\/uploads\/2021\/07\/20210710_123141-scaled-e1626032902167.jpg?resize=1152%2C1536&amp;ssl=1 1152w, https:\/\/i0.wp.com\/asu77ussy.fr\/wp-content\/uploads\/2021\/07\/20210710_123141-scaled-e1626032902167.jpg?resize=1536%2C2048&amp;ssl=1 1536w, https:\/\/i0.wp.com\/asu77ussy.fr\/wp-content\/uploads\/2021\/07\/20210710_123141-scaled-e1626032902167.jpg?w=1920&amp;ssl=1 1920w, https:\/\/i0.wp.com\/asu77ussy.fr\/wp-content\/uploads\/2021\/07\/20210710_123141-scaled-e1626032902167.jpg?w=1600&amp;ssl=1 1600w\" sizes=\"auto, (max-width: 225px) 100vw, 225px\" \/><\/p>\n<p>Un petit d\u00e9sherbage a \u00e9galement \u00e9t\u00e9 effectu\u00e9, les herbes folles ont pouss\u00e9 abondamment avec toute la pluie qui est tomb\u00e9e r\u00e9cemment.<\/p>\n<p>Nous esp\u00e9rons que vous appr\u00e9cierez nos actions et restons \u00e0 votre disposition pour tout renseignement.<\/p>\n<p>Les <strong>Journ\u00e9es Europ\u00e9ennes du Patrimoine<\/strong> auront lieu (sauf nouvel \u00e9v\u00e8nement sanitaire) les <strong>18 et 19 septembre<\/strong> prochain. Une randonn\u00e9e sur les pas du peintre est pr\u00e9vue, une visite guid\u00e9e de l&rsquo;\u00e9glise et une travers\u00e9e du village \u00e0 travers les ruelles et les sentes.<\/p>\n<p>Au plaisir de vous revoir et n&rsquo;h\u00e9sitez pas \u00e0 nous laisser vos commentaires.<\/p>\n<p>Nathalie pour l&rsquo;ASU<\/p>\n<p><img data-recalc-dims=\"1\" loading=\"lazy\" decoding=\"async\" class=\"alignleft wp-image-101 \" src=\"https:\/\/i0.wp.com\/asu77ussy.fr\/wp-content\/uploads\/2019\/04\/cropped-Capture-d%E2%80%99%C3%A9cran-2019-04-16-%C3%A0-14.53.31-300x300.jpg?resize=39%2C39&#038;ssl=1\" alt=\"\" width=\"39\" height=\"39\" \/><\/p>\n","protected":false},"excerpt":{"rendered":"<p>Chers lecteurs, Le d\u00e9pliant de la balade est enfin paru. Vous le trouverez soit \u00e0 la mairie, soit sur le<\/p>\n","protected":false},"author":1,"featured_media":0,"parent":0,"menu_order":0,"comment_status":"closed","ping_status":"closed","template":"","meta":{"colormag_page_container_layout":"default_layout","colormag_page_sidebar_layout":"default_layout","jetpack_post_was_ever_published":false,"footnotes":""},"class_list":["post-4640","page","type-page","status-publish","hentry"],"jetpack_sharing_enabled":true,"jetpack_shortlink":"https:\/\/wp.me\/PaUFS9-1cQ","_links":{"self":[{"href":"https:\/\/asu77ussy.fr\/index.php\/wp-json\/wp\/v2\/pages\/4640","targetHints":{"allow":["GET"]}}],"collection":[{"href":"https:\/\/asu77ussy.fr\/index.php\/wp-json\/wp\/v2\/pages"}],"about":[{"href":"https:\/\/asu77ussy.fr\/index.php\/wp-json\/wp\/v2\/types\/page"}],"author":[{"embeddable":true,"href":"https:\/\/asu77ussy.fr\/index.php\/wp-json\/wp\/v2\/users\/1"}],"replies":[{"embeddable":true,"href":"https:\/\/asu77ussy.fr\/index.php\/wp-json\/wp\/v2\/comments?post=4640"}],"version-history":[{"count":21,"href":"https:\/\/asu77ussy.fr\/index.php\/wp-json\/wp\/v2\/pages\/4640\/revisions"}],"predecessor-version":[{"id":4665,"href":"https:\/\/asu77ussy.fr\/index.php\/wp-json\/wp\/v2\/pages\/4640\/revisions\/4665"}],"wp:attachment":[{"href":"https:\/\/asu77ussy.fr\/index.php\/wp-json\/wp\/v2\/media?parent=4640"}],"curies":[{"name":"wp","href":"https:\/\/api.w.org\/{rel}","templated":true}]}}