{"id":4387,"date":"2021-03-16T16:53:26","date_gmt":"2021-03-16T15:53:26","guid":{"rendered":"https:\/\/asu77ussy.fr\/?page_id=4387"},"modified":"2024-07-30T11:30:39","modified_gmt":"2024-07-30T09:30:39","slug":"france-nature-environnement","status":"publish","type":"page","link":"https:\/\/asu77ussy.fr\/index.php\/environnement\/france-nature-environnement\/","title":{"rendered":"FRANCE NATURE ENVIRONNEMENT"},"content":{"rendered":"<p style=\"font-weight: 400;\">Bonjour \u00e0 toutes et \u00e0 tous,<\/p>\n<p>FRANCE NATURE ENVIRONNEMENT c&rsquo;est <strong>la plus grande famille d&rsquo;associations<\/strong>\u00a0de protection de la nature et de l&rsquo;environnement en Ile-de-France. Il vous informe de l&rsquo;actualit\u00e9 environnementale francilienne et porte la parole de notre r\u00e9seau associatif.<\/p>\n<p>En tant qu&rsquo;abonn\u00e9 \u00e0 l&rsquo;organisme FRANCE NATURE ENVIRONNEMENT, nous recevons <strong>La lettre au r\u00e9seau de FNE Ile-de-France<\/strong> directement sur notre adresse mail. Les adh\u00e9rents qui souhaitent la recevoir \u00e9galement peuvent m&rsquo;en faire la demande \u00e0 asu77260@gmail.com<\/p>\n<p>Associativement v\u00f4tre.<\/p>\n<p>Nathalie<\/p>\n<p style=\"font-weight: 400;\">Retrouvez ici les num\u00e9ros jusqu&rsquo;en mars 2021 en version num\u00e9rique :<\/p>\n<h6 style=\"font-weight: 400; text-align: center;\"><span style=\"color: #ff6600;\"><a style=\"color: #ff6600;\" href=\"https:\/\/fne-idf.fr\/PDF\/Liaison\/192.pdf\" target=\"_blank\" rel=\"noopener\">num\u00e9ro 192 de f\u00e9vrier-mars 2021<\/a><\/span><\/h6>\n<h6 style=\"text-align: center;\"><span style=\"color: #ff6600;\"><a style=\"color: #ff6600;\" href=\"https:\/\/fne-idf.fr\/PDF\/Liaison\/191.pdf\" target=\"_blank\" rel=\"noopener\">num\u00e9ro 191 de septembre-octobre 2020<\/a><\/span><\/h6>\n<h6 style=\"text-align: center;\"><span style=\"color: #ff6600;\"><a style=\"color: #ff6600;\" href=\"https:\/\/fne-idf.fr\/PDF\/Liaison\/190.pdf\" target=\"_blank\" rel=\"noopener\">num\u00e9ro 190 de f\u00e9vrier-mars 2020<\/a><\/span><\/h6>\n<h6 style=\"text-align: center;\"><span style=\"color: #ff6600;\"><a style=\"color: #ff6600;\" href=\"https:\/\/fne-idf.fr\/PDF\/Liaison\/189.pdf\" target=\"_blank\" rel=\"noopener\">num\u00e9ro 189 de d\u00e9cembre 2019-janvier 2020\u00a0<\/a><\/span><\/h6>\n<h6 style=\"text-align: center;\"><span style=\"color: #ff6600;\"><a style=\"color: #ff6600;\" href=\"https:\/\/fne-idf.fr\/PDF\/Liaison\/189.pdf\" target=\"_blank\" rel=\"noopener\">num\u00e9ro 188 de octobre-novembre 2019 (notre alimentation)<\/a><\/span><\/h6>\n<h6 style=\"text-align: center;\"><span style=\"color: #ff6600;\"><a style=\"color: #ff6600;\" href=\"https:\/\/fne-idf.fr\/PDF\/Liaison\/187.pdf\" target=\"_blank\" rel=\"noopener\">num\u00e9ro 187 de l&rsquo;\u00e9t\u00e9 2019 (terminal 4)<\/a><\/span><\/h6>\n<h6 style=\"text-align: center;\"><span style=\"color: #ff6600;\"><a style=\"color: #ff6600;\" href=\"https:\/\/fne-idf.fr\/PDF\/Liaison\/186.pdf\" target=\"_blank\" rel=\"noopener\">num\u00e9ro 186 de avril-mai 2019 (m\u00e9thanisation en Ile de France)<\/a><\/span><\/h6>\n<h6 style=\"text-align: center;\"><span style=\"color: #ff6600;\"><a style=\"color: #ff6600;\" href=\"https:\/\/fne-idf.fr\/PDF\/Liaison\/185.pdf\" target=\"_blank\" rel=\"noopener\">num\u00e9ro 185 de f\u00e9vrier-mars 2019 (le chanvre)<\/a><\/span><\/h6>\n<p style=\"text-align: center;\">\u00a0<\/p>\n\n\n<p><\/p>\n","protected":false},"excerpt":{"rendered":"<p>Bonjour \u00e0 toutes et \u00e0 tous, FRANCE NATURE ENVIRONNEMENT c&rsquo;est la plus grande famille d&rsquo;associations\u00a0de protection de la nature et<\/p>\n","protected":false},"author":1,"featured_media":0,"parent":58,"menu_order":0,"comment_status":"closed","ping_status":"closed","template":"","meta":{"colormag_page_container_layout":"default_layout","colormag_page_sidebar_layout":"default_layout","jetpack_post_was_ever_published":false,"footnotes":""},"class_list":["post-4387","page","type-page","status-publish","hentry"],"jetpack_sharing_enabled":true,"jetpack_shortlink":"https:\/\/wp.me\/PaUFS9-18L","_links":{"self":[{"href":"https:\/\/asu77ussy.fr\/index.php\/wp-json\/wp\/v2\/pages\/4387","targetHints":{"allow":["GET"]}}],"collection":[{"href":"https:\/\/asu77ussy.fr\/index.php\/wp-json\/wp\/v2\/pages"}],"about":[{"href":"https:\/\/asu77ussy.fr\/index.php\/wp-json\/wp\/v2\/types\/page"}],"author":[{"embeddable":true,"href":"https:\/\/asu77ussy.fr\/index.php\/wp-json\/wp\/v2\/users\/1"}],"replies":[{"embeddable":true,"href":"https:\/\/asu77ussy.fr\/index.php\/wp-json\/wp\/v2\/comments?post=4387"}],"version-history":[{"count":2,"href":"https:\/\/asu77ussy.fr\/index.php\/wp-json\/wp\/v2\/pages\/4387\/revisions"}],"predecessor-version":[{"id":6539,"href":"https:\/\/asu77ussy.fr\/index.php\/wp-json\/wp\/v2\/pages\/4387\/revisions\/6539"}],"up":[{"embeddable":true,"href":"https:\/\/asu77ussy.fr\/index.php\/wp-json\/wp\/v2\/pages\/58"}],"wp:attachment":[{"href":"https:\/\/asu77ussy.fr\/index.php\/wp-json\/wp\/v2\/media?parent=4387"}],"curies":[{"name":"wp","href":"https:\/\/api.w.org\/{rel}","templated":true}]}}