{"id":4350,"date":"2021-02-18T19:20:14","date_gmt":"2021-02-18T18:20:14","guid":{"rendered":"https:\/\/asu77ussy.fr\/?page_id=4350"},"modified":"2021-02-22T16:11:14","modified_gmt":"2021-02-22T15:11:14","slug":"laurent-bellard-donne-une-nouvelle-vie-aux-meubles-anciens","status":"publish","type":"page","link":"https:\/\/asu77ussy.fr\/index.php\/metiers-dart\/laurent-bellard-donne-une-nouvelle-vie-aux-meubles-anciens\/","title":{"rendered":"Laurent BELLARD"},"content":{"rendered":"<h4><img data-recalc-dims=\"1\" loading=\"lazy\" decoding=\"async\" class=\" wp-image-4351 alignleft\" src=\"https:\/\/i0.wp.com\/asu77ussy.fr\/wp-content\/uploads\/2021\/02\/ebeniste1-960x640-1.jpg?resize=209%2C209&#038;ssl=1\" alt=\"\" width=\"209\" height=\"209\" srcset=\"https:\/\/i0.wp.com\/asu77ussy.fr\/wp-content\/uploads\/2021\/02\/ebeniste1-960x640-1.jpg?resize=150%2C150&amp;ssl=1 150w, https:\/\/i0.wp.com\/asu77ussy.fr\/wp-content\/uploads\/2021\/02\/ebeniste1-960x640-1.jpg?zoom=2&amp;resize=209%2C209&amp;ssl=1 418w, https:\/\/i0.wp.com\/asu77ussy.fr\/wp-content\/uploads\/2021\/02\/ebeniste1-960x640-1.jpg?zoom=3&amp;resize=209%2C209&amp;ssl=1 627w\" sizes=\"auto, (max-width: 209px) 100vw, 209px\" \/>Laurent Bellard donne une nouvelle vie aux meubles anciens<\/h4>\n<p>Laurent Bellard est \u00e9b\u00e9niste depuis 1985, et poss\u00e8de sa propre entreprise. Dans son atelier, iI travaille toutes sortes de pi\u00e8ces en bois, qu\u2019il s\u2019agisse de mobilier, de sculpture.<\/p>\n<p>Dans son atelier situ\u00e9 \u00e0 l<strong>\u2019entr\u00e9e d\u2019Ussy-sur-Marne<\/strong>, Laurent Bellard travaille avec minutie sur les diff\u00e9rentes pi\u00e8ces qui lui sont confi\u00e9es. Elles sont toutes <strong>compos\u00e9es de bois<\/strong>, car Laurent est \u00e9b\u00e9niste et<strong> restaure les meubles anciens.<\/strong> Il peut aussi s\u2019occuper de <strong>sculptures, de statues et de marqueterie.<\/strong> Il peut \u00e9galement r\u00e9aliser le cannage et le paillage de certains meubles&#8230;.<a href=\"https:\/\/actu.fr\/ile-de-france\/ussy-sur-marne_77478\/seine-marne-ebeniste-laurent-bellard-donne-une-nouvelle-vie-meubles-anciens-ussy-sur-marne_29754322.html\" target=\"_blank\" rel=\"noopener\">Lire la suite sur le PAYS BRIARD<\/a><\/p>\n<h6>Monsieur Bellard est \u00e9galement \u00e0 l&rsquo;origine de la cr\u00e9ation de boiseries de l&rsquo;\u00e9glise Saint-Authaire \u00e0 Ussy.<\/h6>\n<h6 style=\"text-align: center;\"><a href=\"https:\/\/artisansdupatrimoine.fr\/laurent-bellard-s-2120.html\" target=\"_blank\" rel=\"noopener\"><span style=\"color: #000000;\">Voir aussi :<\/span> <span style=\"color: #ff6600;\">https:\/\/artisansdupatrimoine.fr\/laurent-bellard-s-2120.html<\/span><\/a><\/h6>\n\n\n<p><\/p>\n","protected":false},"excerpt":{"rendered":"<p>Laurent Bellard donne une nouvelle vie aux meubles anciens Laurent Bellard est \u00e9b\u00e9niste depuis 1985, et poss\u00e8de sa propre entreprise.<\/p>\n","protected":false},"author":1,"featured_media":0,"parent":3861,"menu_order":0,"comment_status":"closed","ping_status":"closed","template":"","meta":{"colormag_page_container_layout":"default_layout","colormag_page_sidebar_layout":"default_layout","jetpack_post_was_ever_published":false,"footnotes":""},"class_list":["post-4350","page","type-page","status-publish","hentry"],"jetpack_sharing_enabled":true,"jetpack_shortlink":"https:\/\/wp.me\/PaUFS9-18a","_links":{"self":[{"href":"https:\/\/asu77ussy.fr\/index.php\/wp-json\/wp\/v2\/pages\/4350","targetHints":{"allow":["GET"]}}],"collection":[{"href":"https:\/\/asu77ussy.fr\/index.php\/wp-json\/wp\/v2\/pages"}],"about":[{"href":"https:\/\/asu77ussy.fr\/index.php\/wp-json\/wp\/v2\/types\/page"}],"author":[{"embeddable":true,"href":"https:\/\/asu77ussy.fr\/index.php\/wp-json\/wp\/v2\/users\/1"}],"replies":[{"embeddable":true,"href":"https:\/\/asu77ussy.fr\/index.php\/wp-json\/wp\/v2\/comments?post=4350"}],"version-history":[{"count":6,"href":"https:\/\/asu77ussy.fr\/index.php\/wp-json\/wp\/v2\/pages\/4350\/revisions"}],"predecessor-version":[{"id":4365,"href":"https:\/\/asu77ussy.fr\/index.php\/wp-json\/wp\/v2\/pages\/4350\/revisions\/4365"}],"up":[{"embeddable":true,"href":"https:\/\/asu77ussy.fr\/index.php\/wp-json\/wp\/v2\/pages\/3861"}],"wp:attachment":[{"href":"https:\/\/asu77ussy.fr\/index.php\/wp-json\/wp\/v2\/media?parent=4350"}],"curies":[{"name":"wp","href":"https:\/\/api.w.org\/{rel}","templated":true}]}}