{"id":4304,"date":"2021-02-09T14:36:56","date_gmt":"2021-02-09T13:36:56","guid":{"rendered":"https:\/\/asu77ussy.fr\/?page_id=4304"},"modified":"2021-02-09T14:36:56","modified_gmt":"2021-02-09T13:36:56","slug":"samuel-beckett-dans-le-silence-dussy","status":"publish","type":"page","link":"https:\/\/asu77ussy.fr\/index.php\/samuel-beckett-dans-le-silence-dussy\/","title":{"rendered":"Samuel Beckett dans le silence d\u2019Ussy"},"content":{"rendered":"<h6><img data-recalc-dims=\"1\" loading=\"lazy\" decoding=\"async\" class=\"alignleft wp-image-4306 size-medium\" src=\"https:\/\/i0.wp.com\/asu77ussy.fr\/wp-content\/uploads\/2021\/02\/seine-et-marne-des-ecrivains-1.png?resize=188%2C300&#038;ssl=1\" alt=\"\" width=\"188\" height=\"300\" srcset=\"https:\/\/i0.wp.com\/asu77ussy.fr\/wp-content\/uploads\/2021\/02\/seine-et-marne-des-ecrivains-1.png?resize=188%2C300&amp;ssl=1 188w, https:\/\/i0.wp.com\/asu77ussy.fr\/wp-content\/uploads\/2021\/02\/seine-et-marne-des-ecrivains-1.png?w=359&amp;ssl=1 359w\" sizes=\"auto, (max-width: 188px) 100vw, 188px\" \/><\/h6>\n<h6>Cette Seine-et-Marne des \u00e9crivains nous relate la vie intime des grands hommes et femmes, de Balzac \u00e0 Beckett, d\u2019Andr\u00e9 Dh\u00f4tel \u00e0 Michel Houellbecq\u2026 dont le d\u00e9partement a \u00e9t\u00e9 pour plus ou moins longtemps une terre d\u2019\u00e9lection.<\/h6>\n<h6>On p\u00e9n\u00e8tre dans leur demeure, et, au-del\u00e0, c\u2019est \u00e0 une d\u00e9couverte de toute cette r\u00e9gion que nous sommes convi\u00e9s.<\/h6>\n<h6><strong>Samuel Beckett dans le silence d\u2019Ussy &#8211;\u00a0<\/strong>par James Knowlson<\/h6>\n<h6>On ne doit pas sous-estimer l\u2019importance de la \u00ab petite maison \u00bb de Samuel Beckett \u00e0 Ussy, pour sa vie d\u2019\u00e9crivain. Un grand nombre de ses romans<a href=\"https:\/\/www.alexandrines.fr\/beckett-a-ussy-marne\/\" target=\"_blank\" rel=\"noopener\">&#8230;lire la suite<\/a><\/h6>\n\n\n<p><\/p>\n","protected":false},"excerpt":{"rendered":"<p>Cette Seine-et-Marne des \u00e9crivains nous relate la vie intime des grands hommes et femmes, de Balzac \u00e0 Beckett, d\u2019Andr\u00e9 Dh\u00f4tel<\/p>\n","protected":false},"author":1,"featured_media":0,"parent":0,"menu_order":0,"comment_status":"closed","ping_status":"closed","template":"","meta":{"colormag_page_container_layout":"default_layout","colormag_page_sidebar_layout":"default_layout","jetpack_post_was_ever_published":false,"footnotes":""},"class_list":["post-4304","page","type-page","status-publish","hentry"],"jetpack_sharing_enabled":true,"jetpack_shortlink":"https:\/\/wp.me\/PaUFS9-17q","_links":{"self":[{"href":"https:\/\/asu77ussy.fr\/index.php\/wp-json\/wp\/v2\/pages\/4304","targetHints":{"allow":["GET"]}}],"collection":[{"href":"https:\/\/asu77ussy.fr\/index.php\/wp-json\/wp\/v2\/pages"}],"about":[{"href":"https:\/\/asu77ussy.fr\/index.php\/wp-json\/wp\/v2\/types\/page"}],"author":[{"embeddable":true,"href":"https:\/\/asu77ussy.fr\/index.php\/wp-json\/wp\/v2\/users\/1"}],"replies":[{"embeddable":true,"href":"https:\/\/asu77ussy.fr\/index.php\/wp-json\/wp\/v2\/comments?post=4304"}],"version-history":[{"count":3,"href":"https:\/\/asu77ussy.fr\/index.php\/wp-json\/wp\/v2\/pages\/4304\/revisions"}],"predecessor-version":[{"id":4309,"href":"https:\/\/asu77ussy.fr\/index.php\/wp-json\/wp\/v2\/pages\/4304\/revisions\/4309"}],"wp:attachment":[{"href":"https:\/\/asu77ussy.fr\/index.php\/wp-json\/wp\/v2\/media?parent=4304"}],"curies":[{"name":"wp","href":"https:\/\/api.w.org\/{rel}","templated":true}]}}