{"id":3972,"date":"2021-01-28T11:34:36","date_gmt":"2021-01-28T10:34:36","guid":{"rendered":"https:\/\/asu77ussy.fr\/?page_id=3972"},"modified":"2021-01-29T11:06:47","modified_gmt":"2021-01-29T10:06:47","slug":"restauration-des-vitraux-avant-et-apres","status":"publish","type":"page","link":"https:\/\/asu77ussy.fr\/index.php\/eglise-st-authaire-et-ses-vitraux\/vitraux-de-leglise-saint-authaire\/restauration-des-vitraux-avant-et-apres\/","title":{"rendered":"Restauration des vitraux : AVANT et APRES"},"content":{"rendered":"<p style=\"text-align: center;\">Ci-dessus, quelques photos qui t\u00e9moignent du beau travail qui a \u00e9t\u00e9 r\u00e9alis\u00e9\u00a0par les Ateliers PINTO, ma\u00eetre verrier.<\/p>\n<p style=\"text-align: center;\"><strong>\u00a0<\/strong><strong>La Fondation du Patrimoine<\/strong> a recueilli la somme de <strong>8920 euros<\/strong> de <strong>dons<\/strong> pour la restauration des vitraux du XVI\u00e8me si\u00e8cle de l\u2019\u00e9glise Saint Authaire de Ussy. <strong>31<\/strong> donateurs se sont mobilis\u00e9s pour r\u00e9unir cette somme entre Novembre 2019 et D\u00e9cembre 2020.<\/p>\n<p style=\"text-align: center;\"><strong>Qu\u2019ils en soient vivement remerci\u00e9s<\/strong><\/p>\n<p style=\"text-align: center;\">La collecte continuera au cours de l\u2019ann\u00e9e 2021<\/p>\n<p><img data-recalc-dims=\"1\" loading=\"lazy\" decoding=\"async\" class=\"wp-image-3977  alignnone\" src=\"https:\/\/i0.wp.com\/asu77ussy.fr\/wp-content\/uploads\/2021\/01\/11b2-AVANT_DSCF1005.jpg?resize=374%2C499&#038;ssl=1\" alt=\"\" width=\"374\" height=\"499\" srcset=\"https:\/\/i0.wp.com\/asu77ussy.fr\/wp-content\/uploads\/2021\/01\/11b2-AVANT_DSCF1005.jpg?resize=225%2C300&amp;ssl=1 225w, https:\/\/i0.wp.com\/asu77ussy.fr\/wp-content\/uploads\/2021\/01\/11b2-AVANT_DSCF1005.jpg?resize=768%2C1024&amp;ssl=1 768w, https:\/\/i0.wp.com\/asu77ussy.fr\/wp-content\/uploads\/2021\/01\/11b2-AVANT_DSCF1005.jpg?w=960&amp;ssl=1 960w\" sizes=\"auto, (max-width: 374px) 100vw, 374px\" \/>\u00a0 <img data-recalc-dims=\"1\" loading=\"lazy\" decoding=\"async\" class=\"wp-image-3978 alignnone\" src=\"https:\/\/i0.wp.com\/asu77ussy.fr\/wp-content\/uploads\/2021\/01\/11b2_-APRES.jpg?resize=499%2C499&#038;ssl=1\" alt=\"\" width=\"499\" height=\"499\" \/><\/p>\n<p><b><img data-recalc-dims=\"1\" loading=\"lazy\" decoding=\"async\" class=\" wp-image-4003 alignleft\" src=\"https:\/\/i0.wp.com\/asu77ussy.fr\/wp-content\/uploads\/2021\/01\/vitrail-bas-droit-400.jpg?resize=253%2C253&#038;ssl=1\" alt=\"\" width=\"253\" height=\"253\" srcset=\"https:\/\/i0.wp.com\/asu77ussy.fr\/wp-content\/uploads\/2021\/01\/vitrail-bas-droit-400.jpg?resize=150%2C150&amp;ssl=1 150w, https:\/\/i0.wp.com\/asu77ussy.fr\/wp-content\/uploads\/2021\/01\/vitrail-bas-droit-400.jpg?resize=300%2C300&amp;ssl=1 300w, https:\/\/i0.wp.com\/asu77ussy.fr\/wp-content\/uploads\/2021\/01\/vitrail-bas-droit-400.jpg?w=400&amp;ssl=1 400w\" sizes=\"auto, (max-width: 253px) 100vw, 253px\" \/><\/b><\/p>\n<p>\u00a0<\/p>\n<p><b>Visage de Salom\u00e9,<\/b>\u00a0apr\u00e8s la d\u00e9capitation de Jean Baptiste<\/p>\n<p>\u00a0<\/p>\n<p>\u00a0<\/p>\n<p>\u00a0<\/p>\n<p>\u00a0<\/p>\n<p>\u00a0<\/p>\n<p>\u00a0<\/p>\n<p><img data-recalc-dims=\"1\" loading=\"lazy\" decoding=\"async\" class=\" wp-image-3973 alignleft\" src=\"https:\/\/i0.wp.com\/asu77ussy.fr\/wp-content\/uploads\/2021\/01\/9a2_DSCF0908recadreAVANT.jpg?resize=466%2C466&#038;ssl=1\" alt=\"\" width=\"466\" height=\"466\" \/> <img data-recalc-dims=\"1\" loading=\"lazy\" decoding=\"async\" class=\"wp-image-3974 alignleft\" src=\"https:\/\/i0.wp.com\/asu77ussy.fr\/wp-content\/uploads\/2021\/01\/9a2_DSCF4633recadreAPRES.jpg?resize=468%2C468&#038;ssl=1\" alt=\"\" width=\"468\" height=\"468\" srcset=\"https:\/\/i0.wp.com\/asu77ussy.fr\/wp-content\/uploads\/2021\/01\/9a2_DSCF4633recadreAPRES.jpg?resize=150%2C150&amp;ssl=1 150w, https:\/\/i0.wp.com\/asu77ussy.fr\/wp-content\/uploads\/2021\/01\/9a2_DSCF4633recadreAPRES.jpg?zoom=2&amp;resize=468%2C468&amp;ssl=1 936w\" sizes=\"auto, (max-width: 468px) 100vw, 468px\" \/><\/p>\n<p>\u00a0<\/p>\n<p>\u00a0<\/p>\n<p>\u00a0<\/p>\n<p>\u00a0<\/p>\n<p>\u00a0<\/p>\n<p>\u00a0<\/p>\n<p>\u00a0<\/p>\n<p>\u00a0<\/p>\n<p>\u00a0<\/p>\n<p>\u00a0<\/p>\n<p>\u00a0<\/p>\n<p>\u00a0<\/p>\n<h6><img data-recalc-dims=\"1\" loading=\"lazy\" decoding=\"async\" class=\" wp-image-4001 alignleft\" src=\"https:\/\/i0.wp.com\/asu77ussy.fr\/wp-content\/uploads\/2021\/01\/vitrail-vie-Vierge-400.jpg?resize=307%2C307&#038;ssl=1\" alt=\"\" width=\"307\" height=\"307\" \/><\/h6>\n<h6>Ci-dessus : Vie de la Vierge &#8211; \u00e9pisode de l&rsquo;Epiphanie : visite des rois Mages \u00e0 la cr\u00e8che &#8211;<b>visages de la Vierge et de Joseph en bas, et du roi mage noir Balthazar avec turban<\/b><\/h6>\n<p>\u00a0<\/p>\n<h6>Ci-dessous : \u00e9pisode de la circoncision de J\u00e9sus au Temple :\u00a0<b>visages de la Vierge et Joseph en bas, et visage d&rsquo;un servant avec cierge et d&rsquo;un pr\u00eatre avec livre<\/b><\/h6>\n<p>\u00a0<\/p>\n<p>\u00a0<\/p>\n<p>\u00a0<\/p>\n<p>\u00a0<\/p>\n<p><img data-recalc-dims=\"1\" loading=\"lazy\" decoding=\"async\" class=\" wp-image-3975 alignleft\" src=\"https:\/\/i0.wp.com\/asu77ussy.fr\/wp-content\/uploads\/2021\/01\/9b2_DSCF0914recadreAVANT.jpg?resize=469%2C469&#038;ssl=1\" alt=\"\" width=\"469\" height=\"469\" \/><\/p>\n<p><img data-recalc-dims=\"1\" loading=\"lazy\" decoding=\"async\" class=\" wp-image-3976 alignleft\" src=\"https:\/\/i0.wp.com\/asu77ussy.fr\/wp-content\/uploads\/2021\/01\/9b2_recadreAPRES.jpg?resize=469%2C469&#038;ssl=1\" alt=\"\" width=\"469\" height=\"469\" \/><\/p>\n\n\n<p><\/p>\n\n\n\n<p><\/p>\n\n\n\n<p><\/p>\n\n\n\n<p><\/p>\n\n\n\n<p><\/p>\n\n\n\n<p><\/p>\n\n\n<h6>Episode de la circoncision de J\u00e9sus au Temple :\u00a0<strong>visages de la Vierge et Joseph en bas, et visage d&rsquo;un servant avec cierge et d&rsquo;un pr\u00eatre avec livre<\/strong><\/h6>","protected":false},"excerpt":{"rendered":"<p>Ci-dessus, quelques photos qui t\u00e9moignent du beau travail qui a \u00e9t\u00e9 r\u00e9alis\u00e9\u00a0par les Ateliers PINTO, ma\u00eetre verrier. \u00a0La Fondation du<\/p>\n","protected":false},"author":1,"featured_media":0,"parent":1516,"menu_order":0,"comment_status":"closed","ping_status":"closed","template":"","meta":{"colormag_page_container_layout":"default_layout","colormag_page_sidebar_layout":"default_layout","jetpack_post_was_ever_published":false,"footnotes":""},"class_list":["post-3972","page","type-page","status-publish","hentry"],"jetpack_sharing_enabled":true,"jetpack_shortlink":"https:\/\/wp.me\/PaUFS9-124","_links":{"self":[{"href":"https:\/\/asu77ussy.fr\/index.php\/wp-json\/wp\/v2\/pages\/3972","targetHints":{"allow":["GET"]}}],"collection":[{"href":"https:\/\/asu77ussy.fr\/index.php\/wp-json\/wp\/v2\/pages"}],"about":[{"href":"https:\/\/asu77ussy.fr\/index.php\/wp-json\/wp\/v2\/types\/page"}],"author":[{"embeddable":true,"href":"https:\/\/asu77ussy.fr\/index.php\/wp-json\/wp\/v2\/users\/1"}],"replies":[{"embeddable":true,"href":"https:\/\/asu77ussy.fr\/index.php\/wp-json\/wp\/v2\/comments?post=3972"}],"version-history":[{"count":21,"href":"https:\/\/asu77ussy.fr\/index.php\/wp-json\/wp\/v2\/pages\/3972\/revisions"}],"predecessor-version":[{"id":4013,"href":"https:\/\/asu77ussy.fr\/index.php\/wp-json\/wp\/v2\/pages\/3972\/revisions\/4013"}],"up":[{"embeddable":true,"href":"https:\/\/asu77ussy.fr\/index.php\/wp-json\/wp\/v2\/pages\/1516"}],"wp:attachment":[{"href":"https:\/\/asu77ussy.fr\/index.php\/wp-json\/wp\/v2\/media?parent=3972"}],"curies":[{"name":"wp","href":"https:\/\/api.w.org\/{rel}","templated":true}]}}