{"id":3936,"date":"2021-01-26T13:33:32","date_gmt":"2021-01-26T12:33:32","guid":{"rendered":"https:\/\/asu77ussy.fr\/?page_id=3936"},"modified":"2023-11-14T16:17:24","modified_gmt":"2023-11-14T15:17:24","slug":"a-decouvrir-aussi","status":"publish","type":"page","link":"https:\/\/asu77ussy.fr\/index.php\/a-decouvrir-aussi\/","title":{"rendered":"A d\u00e9couvrir aussi&#8230;"},"content":{"rendered":"<h5 style=\"text-align: center;\"><span style=\"color: #008000;\"><a style=\"color: #008000;\" href=\"https:\/\/asu77ussy.fr\/index.php\/decouvrir-ussy\/cabine-a-livres-dans-la-cour-des-loges\/\" target=\"_blank\" rel=\"noopener\">Cabine \u00e0 livres dans la cour des Loges<\/a><\/span><\/h5>\n<h5 style=\"text-align: center;\"><span style=\"color: #008000;\"><a style=\"color: #008000;\" href=\"https:\/\/asu77ussy.fr\/index.php\/bibliotheque-paule-savane\/\" target=\"_blank\" rel=\"noopener\">Biblioth\u00e8que Paule Savane<\/a><\/span><\/h5>\n<h5 style=\"text-align: center;\"><span style=\"color: #008000;\"><a style=\"color: #008000;\" href=\"https:\/\/asu77ussy.fr\/index.php\/decouvrir-ussy\/presse-111-lieux\/\" target=\"_blank\" rel=\"noopener\">Guide : 111 lieux en Seine-et-Marne \u00e0 ne pas manquer<\/a><\/span><\/h5>\n\n\n<p><\/p>\n","protected":false},"excerpt":{"rendered":"<p>Cabine \u00e0 livres dans la cour des Loges Biblioth\u00e8que Paule Savane Guide : 111 lieux en Seine-et-Marne \u00e0 ne pas<\/p>\n","protected":false},"author":1,"featured_media":0,"parent":0,"menu_order":0,"comment_status":"closed","ping_status":"closed","template":"","meta":{"colormag_page_container_layout":"default_layout","colormag_page_sidebar_layout":"default_layout","jetpack_post_was_ever_published":false,"footnotes":""},"class_list":["post-3936","page","type-page","status-publish","hentry"],"jetpack_sharing_enabled":true,"jetpack_shortlink":"https:\/\/wp.me\/PaUFS9-11u","_links":{"self":[{"href":"https:\/\/asu77ussy.fr\/index.php\/wp-json\/wp\/v2\/pages\/3936","targetHints":{"allow":["GET"]}}],"collection":[{"href":"https:\/\/asu77ussy.fr\/index.php\/wp-json\/wp\/v2\/pages"}],"about":[{"href":"https:\/\/asu77ussy.fr\/index.php\/wp-json\/wp\/v2\/types\/page"}],"author":[{"embeddable":true,"href":"https:\/\/asu77ussy.fr\/index.php\/wp-json\/wp\/v2\/users\/1"}],"replies":[{"embeddable":true,"href":"https:\/\/asu77ussy.fr\/index.php\/wp-json\/wp\/v2\/comments?post=3936"}],"version-history":[{"count":8,"href":"https:\/\/asu77ussy.fr\/index.php\/wp-json\/wp\/v2\/pages\/3936\/revisions"}],"predecessor-version":[{"id":6047,"href":"https:\/\/asu77ussy.fr\/index.php\/wp-json\/wp\/v2\/pages\/3936\/revisions\/6047"}],"wp:attachment":[{"href":"https:\/\/asu77ussy.fr\/index.php\/wp-json\/wp\/v2\/media?parent=3936"}],"curies":[{"name":"wp","href":"https:\/\/api.w.org\/{rel}","templated":true}]}}