{"id":3519,"date":"2020-09-24T13:05:13","date_gmt":"2020-09-24T11:05:13","guid":{"rendered":"https:\/\/asu77ussy.fr\/?page_id=3519"},"modified":"2026-03-14T20:24:28","modified_gmt":"2026-03-14T19:24:28","slug":"evenements","status":"publish","type":"page","link":"https:\/\/asu77ussy.fr\/index.php\/evenements\/","title":{"rendered":"\u00c9V\u00c8NEMENTS"},"content":{"rendered":"<h6 style=\"text-align: center;\"><a href=\"https:\/\/asu77ussy.fr\/index.php\/lirlande-a-lhonneur\/\" target=\"_blank\" rel=\"noopener\">Inaugurations irlandaises &#8211; mars 2026<\/a><\/h6>\n<h6 style=\"text-align: center;\"><a href=\"https:\/\/asu77ussy.fr\/index.php\/2025-lasu-fete-les-50-ans-de-lassociation\/\">L&rsquo;ASU f\u00eate les 50 ans de l&rsquo;association 1975-2025<\/a><\/h6>\n<h6 style=\"text-align: center;\"><a href=\"https:\/\/asu77ussy.fr\/index.php\/evenements\/convivussy-2023-version-2\/\" target=\"_blank\" rel=\"noopener\">Conviv&rsquo;Ussy 2023<\/a><\/h6>\n<h6 style=\"text-align: center;\"><a href=\"https:\/\/asu77ussy.fr\/index.php\/2023\/03\/04\/5411\/\" target=\"_blank\" rel=\"noopener\">L&rsquo;exposition Henri Hayden 2022<\/a><\/h6>\n<h6 style=\"text-align: center;\"><a href=\"https:\/\/asu77ussy.fr\/index.php\/evenements\/laureat-2021-du-credit-agricole\/\" target=\"_blank\" rel=\"noopener\">L\u2019ASU a re\u00e7u le prix LAUR\u00c9AT 2021 du Cr\u00e9dit Agricole<\/a><\/h6>\n<h6 style=\"text-align: center;\"><a href=\"https:\/\/asu77ussy.fr\/index.php\/2021\/09\/07\/journees-du-patrimoine-a-ussy-2021\/\">Journ\u00e9e\u00a0Europ\u00e9enne du Patrimoine 2021<\/a><\/h6>\n<h6 style=\"text-align: center;\"><a href=\"https:\/\/asu77ussy.fr\/index.php\/evenements\/j-e-p-2020\/\">Journ\u00e9e Europ\u00e9enne du Patrimoine 2020<\/a><\/h6>\n\n\n<p><\/p>\n","protected":false},"excerpt":{"rendered":"<p>Inaugurations irlandaises &#8211; mars 2026 L&rsquo;ASU f\u00eate les 50 ans de l&rsquo;association 1975-2025 Conviv&rsquo;Ussy 2023 L&rsquo;exposition Henri Hayden 2022 L\u2019ASU<\/p>\n","protected":false},"author":1,"featured_media":0,"parent":0,"menu_order":0,"comment_status":"closed","ping_status":"closed","template":"","meta":{"colormag_page_container_layout":"default_layout","colormag_page_sidebar_layout":"default_layout","jetpack_post_was_ever_published":false,"footnotes":""},"class_list":["post-3519","page","type-page","status-publish","hentry"],"jetpack_sharing_enabled":true,"jetpack_shortlink":"https:\/\/wp.me\/PaUFS9-UL","_links":{"self":[{"href":"https:\/\/asu77ussy.fr\/index.php\/wp-json\/wp\/v2\/pages\/3519","targetHints":{"allow":["GET"]}}],"collection":[{"href":"https:\/\/asu77ussy.fr\/index.php\/wp-json\/wp\/v2\/pages"}],"about":[{"href":"https:\/\/asu77ussy.fr\/index.php\/wp-json\/wp\/v2\/types\/page"}],"author":[{"embeddable":true,"href":"https:\/\/asu77ussy.fr\/index.php\/wp-json\/wp\/v2\/users\/1"}],"replies":[{"embeddable":true,"href":"https:\/\/asu77ussy.fr\/index.php\/wp-json\/wp\/v2\/comments?post=3519"}],"version-history":[{"count":21,"href":"https:\/\/asu77ussy.fr\/index.php\/wp-json\/wp\/v2\/pages\/3519\/revisions"}],"predecessor-version":[{"id":7073,"href":"https:\/\/asu77ussy.fr\/index.php\/wp-json\/wp\/v2\/pages\/3519\/revisions\/7073"}],"wp:attachment":[{"href":"https:\/\/asu77ussy.fr\/index.php\/wp-json\/wp\/v2\/media?parent=3519"}],"curies":[{"name":"wp","href":"https:\/\/api.w.org\/{rel}","templated":true}]}}