{"id":3500,"date":"2020-09-24T12:23:33","date_gmt":"2020-09-24T10:23:33","guid":{"rendered":"https:\/\/asu77ussy.fr\/?page_id=3500"},"modified":"2023-08-15T20:31:09","modified_gmt":"2023-08-15T18:31:09","slug":"3500-2","status":"publish","type":"page","link":"https:\/\/asu77ussy.fr\/index.php\/personnalites-et-artistes-remarquables\/henri-hayden\/3500-2\/","title":{"rendered":"Biographie de Henri Hayden"},"content":{"rendered":"<h5 style=\"text-align: center;\"><span style=\"color: #ff6600;\"><strong>Cette courte biographie de Henri HAYDEN a \u00e9t\u00e9 r\u00e9alis\u00e9e par <\/strong><strong>Monsieur Jean-Jacques HUGUENOT, Conseiller Municipal \u00e0 Sammeron<\/strong><\/span><br \/>\n<span style=\"color: #ff6600;\"><strong>(extraite du bulletin municipal \u201cLE SAMMERONNAIS\u201d n\u00b0 207 \u2013 \u00e9t\u00e9 2020)<\/strong><\/span><\/h5>\n<p><img data-recalc-dims=\"1\" loading=\"lazy\" decoding=\"async\" class=\"aligncenter wp-image-3501 size-large\" src=\"https:\/\/i0.wp.com\/asu77ussy.fr\/wp-content\/uploads\/2020\/09\/HH-page-15.jpeg?resize=800%2C641&#038;ssl=1\" alt=\"\" width=\"800\" height=\"641\" srcset=\"https:\/\/i0.wp.com\/asu77ussy.fr\/wp-content\/uploads\/2020\/09\/HH-page-15-scaled.jpeg?resize=1024%2C821&amp;ssl=1 1024w, https:\/\/i0.wp.com\/asu77ussy.fr\/wp-content\/uploads\/2020\/09\/HH-page-15-scaled.jpeg?resize=300%2C241&amp;ssl=1 300w, https:\/\/i0.wp.com\/asu77ussy.fr\/wp-content\/uploads\/2020\/09\/HH-page-15-scaled.jpeg?resize=768%2C616&amp;ssl=1 768w, https:\/\/i0.wp.com\/asu77ussy.fr\/wp-content\/uploads\/2020\/09\/HH-page-15-scaled.jpeg?resize=1536%2C1232&amp;ssl=1 1536w, https:\/\/i0.wp.com\/asu77ussy.fr\/wp-content\/uploads\/2020\/09\/HH-page-15-scaled.jpeg?resize=2048%2C1642&amp;ssl=1 2048w, https:\/\/i0.wp.com\/asu77ussy.fr\/wp-content\/uploads\/2020\/09\/HH-page-15-scaled.jpeg?w=1600&amp;ssl=1 1600w, https:\/\/i0.wp.com\/asu77ussy.fr\/wp-content\/uploads\/2020\/09\/HH-page-15-scaled.jpeg?w=2400&amp;ssl=1 2400w\" sizes=\"auto, (max-width: 800px) 100vw, 800px\" \/> <img data-recalc-dims=\"1\" loading=\"lazy\" decoding=\"async\" class=\"aligncenter wp-image-3502 \" src=\"https:\/\/i0.wp.com\/asu77ussy.fr\/wp-content\/uploads\/2020\/09\/HH-page-16.jpeg?resize=753%2C1065&#038;ssl=1\" alt=\"\" width=\"753\" height=\"1065\" srcset=\"https:\/\/i0.wp.com\/asu77ussy.fr\/wp-content\/uploads\/2020\/09\/HH-page-16-scaled.jpeg?resize=724%2C1024&amp;ssl=1 724w, https:\/\/i0.wp.com\/asu77ussy.fr\/wp-content\/uploads\/2020\/09\/HH-page-16-scaled.jpeg?resize=212%2C300&amp;ssl=1 212w, https:\/\/i0.wp.com\/asu77ussy.fr\/wp-content\/uploads\/2020\/09\/HH-page-16-scaled.jpeg?resize=768%2C1086&amp;ssl=1 768w, https:\/\/i0.wp.com\/asu77ussy.fr\/wp-content\/uploads\/2020\/09\/HH-page-16-scaled.jpeg?resize=1086%2C1536&amp;ssl=1 1086w, https:\/\/i0.wp.com\/asu77ussy.fr\/wp-content\/uploads\/2020\/09\/HH-page-16-scaled.jpeg?resize=1448%2C2048&amp;ssl=1 1448w, https:\/\/i0.wp.com\/asu77ussy.fr\/wp-content\/uploads\/2020\/09\/HH-page-16-scaled.jpeg?w=1811&amp;ssl=1 1811w, https:\/\/i0.wp.com\/asu77ussy.fr\/wp-content\/uploads\/2020\/09\/HH-page-16-scaled.jpeg?w=1600&amp;ssl=1 1600w\" sizes=\"auto, (max-width: 753px) 100vw, 753px\" \/> <img data-recalc-dims=\"1\" loading=\"lazy\" decoding=\"async\" class=\"aligncenter wp-image-3503 \" src=\"https:\/\/i0.wp.com\/asu77ussy.fr\/wp-content\/uploads\/2020\/09\/HH-page-17.jpeg?resize=759%2C1085&#038;ssl=1\" alt=\"\" width=\"759\" height=\"1085\" srcset=\"https:\/\/i0.wp.com\/asu77ussy.fr\/wp-content\/uploads\/2020\/09\/HH-page-17-scaled.jpeg?resize=716%2C1024&amp;ssl=1 716w, https:\/\/i0.wp.com\/asu77ussy.fr\/wp-content\/uploads\/2020\/09\/HH-page-17-scaled.jpeg?resize=210%2C300&amp;ssl=1 210w, https:\/\/i0.wp.com\/asu77ussy.fr\/wp-content\/uploads\/2020\/09\/HH-page-17-scaled.jpeg?resize=768%2C1099&amp;ssl=1 768w, https:\/\/i0.wp.com\/asu77ussy.fr\/wp-content\/uploads\/2020\/09\/HH-page-17-scaled.jpeg?resize=1074%2C1536&amp;ssl=1 1074w, https:\/\/i0.wp.com\/asu77ussy.fr\/wp-content\/uploads\/2020\/09\/HH-page-17-scaled.jpeg?resize=1431%2C2048&amp;ssl=1 1431w, https:\/\/i0.wp.com\/asu77ussy.fr\/wp-content\/uploads\/2020\/09\/HH-page-17-scaled.jpeg?w=1789&amp;ssl=1 1789w, https:\/\/i0.wp.com\/asu77ussy.fr\/wp-content\/uploads\/2020\/09\/HH-page-17-scaled.jpeg?w=1600&amp;ssl=1 1600w\" sizes=\"auto, (max-width: 759px) 100vw, 759px\" \/> <img data-recalc-dims=\"1\" loading=\"lazy\" decoding=\"async\" class=\"aligncenter wp-image-3504 \" src=\"https:\/\/i0.wp.com\/asu77ussy.fr\/wp-content\/uploads\/2020\/09\/HH-page-18.jpeg?resize=776%2C475&#038;ssl=1\" alt=\"\" width=\"776\" height=\"475\" srcset=\"https:\/\/i0.wp.com\/asu77ussy.fr\/wp-content\/uploads\/2020\/09\/HH-page-18-scaled.jpeg?resize=1024%2C627&amp;ssl=1 1024w, https:\/\/i0.wp.com\/asu77ussy.fr\/wp-content\/uploads\/2020\/09\/HH-page-18-scaled.jpeg?resize=300%2C184&amp;ssl=1 300w, https:\/\/i0.wp.com\/asu77ussy.fr\/wp-content\/uploads\/2020\/09\/HH-page-18-scaled.jpeg?resize=768%2C470&amp;ssl=1 768w, https:\/\/i0.wp.com\/asu77ussy.fr\/wp-content\/uploads\/2020\/09\/HH-page-18-scaled.jpeg?resize=1536%2C940&amp;ssl=1 1536w, https:\/\/i0.wp.com\/asu77ussy.fr\/wp-content\/uploads\/2020\/09\/HH-page-18-scaled.jpeg?resize=2048%2C1254&amp;ssl=1 2048w, https:\/\/i0.wp.com\/asu77ussy.fr\/wp-content\/uploads\/2020\/09\/HH-page-18-scaled.jpeg?w=1600&amp;ssl=1 1600w, https:\/\/i0.wp.com\/asu77ussy.fr\/wp-content\/uploads\/2020\/09\/HH-page-18-scaled.jpeg?w=2400&amp;ssl=1 2400w\" sizes=\"auto, (max-width: 776px) 100vw, 776px\" \/><\/p>\n<p>Attention pour HAYDEN c&rsquo;est <strong>HENRI<\/strong> avec un \u00ab\u00a0I\u00a0\u00bb et non Henry comme indiqu\u00e9 sur la photo de l&rsquo;article. L&rsquo;erreur en vient au fait que en polonais Henri s&rsquo;\u00e9crit : Henryk.<\/p>\n","protected":false},"excerpt":{"rendered":"<p>Cette courte biographie de Henri HAYDEN a \u00e9t\u00e9 r\u00e9alis\u00e9e par Monsieur Jean-Jacques HUGUENOT, Conseiller Municipal \u00e0 Sammeron (extraite du bulletin<\/p>\n","protected":false},"author":1,"featured_media":0,"parent":323,"menu_order":0,"comment_status":"closed","ping_status":"closed","template":"","meta":{"colormag_page_container_layout":"default_layout","colormag_page_sidebar_layout":"default_layout","jetpack_post_was_ever_published":false,"footnotes":""},"class_list":["post-3500","page","type-page","status-publish","hentry"],"jetpack_sharing_enabled":true,"jetpack_shortlink":"https:\/\/wp.me\/PaUFS9-Us","_links":{"self":[{"href":"https:\/\/asu77ussy.fr\/index.php\/wp-json\/wp\/v2\/pages\/3500","targetHints":{"allow":["GET"]}}],"collection":[{"href":"https:\/\/asu77ussy.fr\/index.php\/wp-json\/wp\/v2\/pages"}],"about":[{"href":"https:\/\/asu77ussy.fr\/index.php\/wp-json\/wp\/v2\/types\/page"}],"author":[{"embeddable":true,"href":"https:\/\/asu77ussy.fr\/index.php\/wp-json\/wp\/v2\/users\/1"}],"replies":[{"embeddable":true,"href":"https:\/\/asu77ussy.fr\/index.php\/wp-json\/wp\/v2\/comments?post=3500"}],"version-history":[{"count":6,"href":"https:\/\/asu77ussy.fr\/index.php\/wp-json\/wp\/v2\/pages\/3500\/revisions"}],"predecessor-version":[{"id":5896,"href":"https:\/\/asu77ussy.fr\/index.php\/wp-json\/wp\/v2\/pages\/3500\/revisions\/5896"}],"up":[{"embeddable":true,"href":"https:\/\/asu77ussy.fr\/index.php\/wp-json\/wp\/v2\/pages\/323"}],"wp:attachment":[{"href":"https:\/\/asu77ussy.fr\/index.php\/wp-json\/wp\/v2\/media?parent=3500"}],"curies":[{"name":"wp","href":"https:\/\/api.w.org\/{rel}","templated":true}]}}