{"id":3182,"date":"2020-05-31T17:48:10","date_gmt":"2020-05-31T15:48:10","guid":{"rendered":"https:\/\/asu77ussy.fr\/?page_id=3182"},"modified":"2024-02-13T14:15:20","modified_gmt":"2024-02-13T13:15:20","slug":"pret-de-livres","status":"publish","type":"page","link":"https:\/\/asu77ussy.fr\/index.php\/librairie\/pret-de-livres\/","title":{"rendered":"Pr\u00eat de livres"},"content":{"rendered":"<a href=\"https:\/\/asu77ussy.fr\/wp-content\/uploads\/2020\/07\/ASU-pr\u00eat-de-livres-V5.pdf\" class=\"pdfemb-viewer\" style=\"\" data-width=\"max\" data-height=\"max\" data-toolbar=\"bottom\" data-toolbar-fixed=\"on\">ASU-pr\u00eat-de-livres-V5<\/a>\n<p class=\"wp-block-pdfemb-pdf-embedder-viewer\"><\/p>\n\n\n\n<div class=\"wp-block-group is-layout-flow wp-block-group-is-layout-flow\">\n<h1>Autres livres en pr\u00eat :<\/h1>\n<p><img data-recalc-dims=\"1\" loading=\"lazy\" decoding=\"async\" class=\"alignnone wp-image-3364\" src=\"https:\/\/i0.wp.com\/asu77ussy.fr\/wp-content\/uploads\/2020\/09\/RC-Plancke-1-e1599488159769.jpg?resize=342%2C522&#038;ssl=1\" alt=\"\" width=\"342\" height=\"522\" \/> <img data-recalc-dims=\"1\" loading=\"lazy\" decoding=\"async\" class=\"alignnone wp-image-3363 size-full\" src=\"https:\/\/i0.wp.com\/asu77ussy.fr\/wp-content\/uploads\/2020\/09\/Annotation-2020-09-04-085824-1.jpg?resize=310%2C521&#038;ssl=1\" alt=\"\" width=\"310\" height=\"521\" srcset=\"https:\/\/i0.wp.com\/asu77ussy.fr\/wp-content\/uploads\/2020\/09\/Annotation-2020-09-04-085824-1.jpg?w=310&amp;ssl=1 310w, https:\/\/i0.wp.com\/asu77ussy.fr\/wp-content\/uploads\/2020\/09\/Annotation-2020-09-04-085824-1.jpg?resize=179%2C300&amp;ssl=1 179w\" sizes=\"auto, (max-width: 310px) 100vw, 310px\" \/> <img data-recalc-dims=\"1\" loading=\"lazy\" decoding=\"async\" class=\"alignright  wp-image-2958\" src=\"https:\/\/i0.wp.com\/asu77ussy.fr\/wp-content\/uploads\/2020\/03\/Deux-amis-bartillat-e1584967529997.jpeg?resize=390%2C519&#038;ssl=1\" alt=\"\" width=\"390\" height=\"519\" \/><\/p>\n<p>Contactez l&rsquo;ASU sur : asu77260@gmail.com<\/p>\n\n\n\n<p><img data-recalc-dims=\"1\" loading=\"lazy\" decoding=\"async\" class=\"alignleft wp-image-5249 size-medium\" src=\"https:\/\/i0.wp.com\/asu77ussy.fr\/wp-content\/uploads\/2023\/02\/bulletin-n%C2%B0182-1.jpg?resize=188%2C300&#038;ssl=1\" alt=\"\" width=\"188\" height=\"300\" srcset=\"https:\/\/i0.wp.com\/asu77ussy.fr\/wp-content\/uploads\/2023\/02\/bulletin-n%C2%B0182-1-scaled.jpg?resize=188%2C300&amp;ssl=1 188w, https:\/\/i0.wp.com\/asu77ussy.fr\/wp-content\/uploads\/2023\/02\/bulletin-n%C2%B0182-1-scaled.jpg?resize=643%2C1024&amp;ssl=1 643w, https:\/\/i0.wp.com\/asu77ussy.fr\/wp-content\/uploads\/2023\/02\/bulletin-n%C2%B0182-1-scaled.jpg?resize=768%2C1223&amp;ssl=1 768w, https:\/\/i0.wp.com\/asu77ussy.fr\/wp-content\/uploads\/2023\/02\/bulletin-n%C2%B0182-1-scaled.jpg?resize=964%2C1536&amp;ssl=1 964w, https:\/\/i0.wp.com\/asu77ussy.fr\/wp-content\/uploads\/2023\/02\/bulletin-n%C2%B0182-1-scaled.jpg?resize=1286%2C2048&amp;ssl=1 1286w, https:\/\/i0.wp.com\/asu77ussy.fr\/wp-content\/uploads\/2023\/02\/bulletin-n%C2%B0182-1-scaled.jpg?w=1607&amp;ssl=1 1607w\" sizes=\"auto, (max-width: 188px) 100vw, 188px\" \/>\u00a0 <\/p>\n<p>Cette brochure est \u00e9dit\u00e9e par la \u00ab Soci\u00e9t\u00e9 Historique de Meaux et sa R\u00e9gion \u00bb.Dans le bulletin n\u00b018 \u2013 2021 \u2013 figure un article page 85 \u00e0 133 relatant l\u2019\u00e9pop\u00e9e de <strong>la famille DU MOULIN, seigneurs d\u2019Ussy-sur- Marne, du XV<sup>e<\/sup> au XVII<sup>e<\/sup> si\u00e8cle, <\/strong>la suite concernant la p\u00e9riode XVIII<strong><sup>e<\/sup><\/strong> jusqu&rsquo;\u00e0 la r\u00e9volution fran\u00e7aise, fera l&rsquo;objet d&rsquo;un autre article dans un bulletin en 2023.<\/p>\n<p>Cet article a \u00e9t\u00e9 r\u00e9dig\u00e9 par Jean Jacques GAUNY, agr\u00e9g\u00e9 d\u2019histoire et g\u00e9ographie, adh\u00e9rent \u00e0 l&rsquo;ASU et natif d&rsquo;Ussy-sur-Marne.<\/p>\n<p>Contactez l&rsquo;ASU sur : asu77260@gmail.com<\/p>\n<p>\u00a0<\/p>\n<\/div>\n","protected":false},"excerpt":{"rendered":"<p>Autres livres en pr\u00eat : Contactez l&rsquo;ASU sur : asu77260@gmail.com \u00a0 Cette brochure est \u00e9dit\u00e9e par la \u00ab Soci\u00e9t\u00e9 Historique<\/p>\n","protected":false},"author":1,"featured_media":0,"parent":3177,"menu_order":0,"comment_status":"closed","ping_status":"closed","template":"","meta":{"colormag_page_container_layout":"default_layout","colormag_page_sidebar_layout":"default_layout","jetpack_post_was_ever_published":false,"footnotes":""},"class_list":["post-3182","page","type-page","status-publish","hentry"],"jetpack_sharing_enabled":true,"jetpack_shortlink":"https:\/\/wp.me\/PaUFS9-Pk","_links":{"self":[{"href":"https:\/\/asu77ussy.fr\/index.php\/wp-json\/wp\/v2\/pages\/3182","targetHints":{"allow":["GET"]}}],"collection":[{"href":"https:\/\/asu77ussy.fr\/index.php\/wp-json\/wp\/v2\/pages"}],"about":[{"href":"https:\/\/asu77ussy.fr\/index.php\/wp-json\/wp\/v2\/types\/page"}],"author":[{"embeddable":true,"href":"https:\/\/asu77ussy.fr\/index.php\/wp-json\/wp\/v2\/users\/1"}],"replies":[{"embeddable":true,"href":"https:\/\/asu77ussy.fr\/index.php\/wp-json\/wp\/v2\/comments?post=3182"}],"version-history":[{"count":10,"href":"https:\/\/asu77ussy.fr\/index.php\/wp-json\/wp\/v2\/pages\/3182\/revisions"}],"predecessor-version":[{"id":6203,"href":"https:\/\/asu77ussy.fr\/index.php\/wp-json\/wp\/v2\/pages\/3182\/revisions\/6203"}],"up":[{"embeddable":true,"href":"https:\/\/asu77ussy.fr\/index.php\/wp-json\/wp\/v2\/pages\/3177"}],"wp:attachment":[{"href":"https:\/\/asu77ussy.fr\/index.php\/wp-json\/wp\/v2\/media?parent=3182"}],"curies":[{"name":"wp","href":"https:\/\/api.w.org\/{rel}","templated":true}]}}