{"id":3177,"date":"2020-05-31T17:23:39","date_gmt":"2020-05-31T15:23:39","guid":{"rendered":"https:\/\/asu77ussy.fr\/?page_id=3177"},"modified":"2020-05-31T18:04:52","modified_gmt":"2020-05-31T16:04:52","slug":"librairie","status":"publish","type":"page","link":"https:\/\/asu77ussy.fr\/index.php\/librairie\/","title":{"rendered":"LIBRAIRIE"},"content":{"rendered":"<p><a href=\"https:\/\/asu77ussy.fr\/index.php\/ouvrages-a-vendre\/\" target=\"_blank\" rel=\"noopener noreferrer\">Vente de livres<\/a><\/p>\n<p><a href=\"https:\/\/asu77ussy.fr\/index.php\/librairie\/pret-de-livres\/\" target=\"_blank\" rel=\"noopener noreferrer\">Pr\u00eat de livres (r\u00e9serv\u00e9 aux adh\u00e9rents)<\/a><\/p>\n","protected":false},"excerpt":{"rendered":"<p>Vente de livres Pr\u00eat de livres (r\u00e9serv\u00e9 aux adh\u00e9rents)<\/p>\n","protected":false},"author":1,"featured_media":0,"parent":0,"menu_order":0,"comment_status":"closed","ping_status":"closed","template":"","meta":{"colormag_page_container_layout":"default_layout","colormag_page_sidebar_layout":"default_layout","jetpack_post_was_ever_published":false,"footnotes":""},"class_list":["post-3177","page","type-page","status-publish","hentry"],"jetpack_sharing_enabled":true,"jetpack_shortlink":"https:\/\/wp.me\/PaUFS9-Pf","_links":{"self":[{"href":"https:\/\/asu77ussy.fr\/index.php\/wp-json\/wp\/v2\/pages\/3177","targetHints":{"allow":["GET"]}}],"collection":[{"href":"https:\/\/asu77ussy.fr\/index.php\/wp-json\/wp\/v2\/pages"}],"about":[{"href":"https:\/\/asu77ussy.fr\/index.php\/wp-json\/wp\/v2\/types\/page"}],"author":[{"embeddable":true,"href":"https:\/\/asu77ussy.fr\/index.php\/wp-json\/wp\/v2\/users\/1"}],"replies":[{"embeddable":true,"href":"https:\/\/asu77ussy.fr\/index.php\/wp-json\/wp\/v2\/comments?post=3177"}],"version-history":[{"count":3,"href":"https:\/\/asu77ussy.fr\/index.php\/wp-json\/wp\/v2\/pages\/3177\/revisions"}],"predecessor-version":[{"id":3191,"href":"https:\/\/asu77ussy.fr\/index.php\/wp-json\/wp\/v2\/pages\/3177\/revisions\/3191"}],"wp:attachment":[{"href":"https:\/\/asu77ussy.fr\/index.php\/wp-json\/wp\/v2\/media?parent=3177"}],"curies":[{"name":"wp","href":"https:\/\/api.w.org\/{rel}","templated":true}]}}