{"id":3143,"date":"2020-05-26T20:01:42","date_gmt":"2020-05-26T18:01:42","guid":{"rendered":"https:\/\/asu77ussy.fr\/?page_id=3143"},"modified":"2022-02-06T21:40:29","modified_gmt":"2022-02-06T20:40:29","slug":"le-tiers-temps","status":"publish","type":"page","link":"https:\/\/asu77ussy.fr\/index.php\/personnalites-et-artistes-remarquables\/samuel-beckett\/litterature-s-b\/le-tiers-temps\/","title":{"rendered":"Le Tiers-Temps"},"content":{"rendered":"<div>\n<p><strong><em>\u00a0MAYLIS BESSERIE est la laur\u00e9ate du GONCOURT\u00a0 2020 du PREMIER ROMAN\u00a0 &#8211;\u00a0 prestigieuse r\u00e9compense litt\u00e9raire d\u00e9cern\u00e9e en Mai 2020.<\/em><\/strong><\/p>\n<p><em>Dans ce premier roman,<strong> Le Tiers-Temps,<\/strong> Maylis Besserie imagine les derniers jours du dramaturge et \u00e9crivain irlandais Samuel Beckett.<br \/>L&rsquo;action du roman se situe rue R\u00e9my-Dumoncel (Paris, 14<sup>e<\/sup> arrondissement), dans une maison de retraite baptis\u00e9e Le Tiers-Temps, dont Samuel Beckett a vraiment \u00e9t\u00e9 le r\u00e9sident. Le dramaturge y attend la fin de sa vie et se rem\u00e9more les \u00e9pisodes et les personnes qui ont marqu\u00e9 sa vie. Ses souvenirs alternent avec l&rsquo;observation de la vie quotidienne de l&rsquo;\u00e9tablissement. Dans ses pages qui saissisent le lecteur d&rsquo;une \u00e9motion grandissante, on per\u00e7oit un \u00ab\u00a0Sam\u00a0\u00bb devenu\u00a0 lui-m\u00eame l&rsquo;un des personnages de son propre th\u00e9\u00e2tre&#8230; <strong>une lecture saisissante&#8230;.<\/strong><\/em><\/p>\n<p><em>Pour l&rsquo;\u00e9criture de ce roman, l&rsquo;auteure est venue \u00e0 <strong>Ussy sur Marne,<\/strong> s&rsquo;impr\u00e9gner du climat et des paysages, voir la \u00ab\u00a0petite maison\u00a0\u00bb de Samuel Beckett, rencontrer quelques Ussois afin de recueillir des t\u00e9moignages. Son talent a su \u00ab\u00a0ressusciter\u00a0\u00bb\u00a0 le grand dramaturge de fa\u00e7on tout \u00e0 fait surprenante mettant en sc\u00e8ne\u00a0 \u00e0 la fois m\u00e9lancolie, ironie mordante, humour lucide, autod\u00e9rision \u00e0 l&rsquo;image de Beckett lui m\u00eame, et de ses peronnages&#8230;<\/em><\/p>\n<p><em>l&rsquo;ASU recommande vivement cette lecture \u00e0 ses adh\u00e9rents et peut se faire l&rsquo;\u00e9cho de vos commentaires d\u00e9pos\u00e9s sur son adresse mail -asu77260@gmail.com-\u00a0 lesquels pourront \u00eatre transmis \u00e0 l&rsquo;auteure.<\/em><\/p>\n<p><em>Editions\u00a0 Gallimard &#8211; 178 pages &#8211; 20 euros<br \/><\/em><\/p>\n<p style=\"text-align: center;\"><em><strong>\u00ab\u00a0<u>Pr\u00eat du livre\u00a0\u00bb<\/u><\/strong> : un adh\u00e9rent met son exemplaire \u00e0 disposition de l&rsquo;ASU et de ses membres. Pour l&#8217;emprunter,\u00a0 vous pouvez adresser\u00a0 un mail \u00e0 : <strong>asu77260@gmail.com<\/strong><\/em><\/p>\n<h4><strong><span style=\"font-size: large;\"><span style=\"font-family: Times New Roman, Times, serif;\"> T\u00e9moignage suite \u00e0 sa lecture du livre Le Tiers Temps.<\/span><\/span><\/strong><\/h4>\n<\/div>\n<p><span id=\"page3R_mcid0\" class=\"markedContent\"><span dir=\"ltr\" role=\"presentation\">Une Ussoise ayant crois\u00e9<\/span> <span dir=\"ltr\" role=\"presentation\">Samuel Beckett dans son enfance<\/span> <span dir=\"ltr\" role=\"presentation\">nous fait part de<\/span> <span dir=\"ltr\" role=\"presentation\">ses sentiments<\/span> <span dir=\"ltr\" role=\"presentation\">suite<\/span> <span dir=\"ltr\" role=\"presentation\">\u00e0 la lecture du livre \u00ab<\/span> <span dir=\"ltr\" role=\"presentation\">Le Tiers Temps<\/span> <span dir=\"ltr\" role=\"presentation\">\u00bb de Maylis Besserie<\/span><\/span><span id=\"page3R_mcid1\" class=\"markedContent\"><\/span><span id=\"page3R_mcid2\" class=\"markedContent\">.<br role=\"presentation\" \/><span dir=\"ltr\" role=\"presentation\">C\u2019est avec une tr\u00e8s grande \u00e9motion que j\u2019ai \u00ab<\/span> <span dir=\"ltr\" role=\"presentation\">d\u00e9vor\u00e9<\/span> <span dir=\"ltr\" role=\"presentation\">\u00bb \u00ab<\/span> <span dir=\"ltr\" role=\"presentation\">Le Tiers Temps<\/span> <span dir=\"ltr\" role=\"presentation\">\u00bb<\/span><\/span><span id=\"page3R_mcid3\" class=\"markedContent\">. <\/span><\/p>\n<p><span id=\"page3R_mcid3\" class=\"markedContent\"><span dir=\"ltr\" role=\"presentation\">Je me<\/span> <span dir=\"ltr\" role=\"presentation\">pr\u00e9sente<\/span> <span dir=\"ltr\" role=\"presentation\">: lectrice de 74 ans, ayant v\u00e9cu<\/span> <span dir=\"ltr\" role=\"presentation\">aupr\u00e8s des personnes cit\u00e9es<\/span> <span dir=\"ltr\" role=\"presentation\">:<\/span> <span dir=\"ltr\" role=\"presentation\">Jean et Nicole,<\/span> <span dir=\"ltr\" role=\"presentation\">*<\/span> <span dir=\"ltr\" role=\"presentation\">les enfants de<\/span> <span dir=\"ltr\" role=\"presentation\">Alphonsine, que je consid\u00e9rais comme ma grand m\u00e8re, elle me gardait quand maman travaillait aux champs.<\/span><\/span><span id=\"page3R_mcid4\" class=\"markedContent\"> <span dir=\"ltr\" role=\"presentation\">J\u2019ai par ailleurs vu la construction de cette \u00ab<\/span> <span dir=\"ltr\" role=\"presentation\">maison blanche<\/span> <span dir=\"ltr\" role=\"presentation\">\u00bb \u00e0 l\u2019or\u00e9e du bois.<\/span><\/span><span id=\"page3R_mcid5\" class=\"markedContent\"><br role=\"presentation\" \/><span dir=\"ltr\" role=\"presentation\">Enfant, rentrant de l\u2019\u00e9cole d\u2019Ussy, au hameau de Molien,<\/span> <span dir=\"ltr\" role=\"presentation\">o\u00f9 nous vivions, il m\u2019arrivait tr\u00e8s souvent de rencontrer<\/span> <span dir=\"ltr\" role=\"presentation\">monsieur Samuel Beckett qui revenait de sa promenade, les bras dans le dos et avec ses petites lunettes r<\/span><span dir=\"ltr\" role=\"presentation\">ondes.<\/span> <span dir=\"ltr\" role=\"presentation\">Nous disions \u00ab<\/span> <span dir=\"ltr\" role=\"presentation\">bonsoir monsieur<\/span> <span dir=\"ltr\" role=\"presentation\">\u00bb il nous r\u00e9pondait, mais sans trop cesser sa m\u00e9ditation.<\/span><br role=\"presentation\" \/><span dir=\"ltr\" role=\"presentation\">Il \u00e9tait \u00e0 cette heure pr\u00e8s du portail de sa maison. Homme \u00e9l\u00e9gant et qui nous intriguait, dont je vois encore les<\/span> <span dir=\"ltr\" role=\"presentation\">yeux clairs et intimidants pour moi qui \u00e9tai<\/span><span dir=\"ltr\" role=\"presentation\">t encore une petite fille.<\/span><\/span><span id=\"page3R_mcid6\" class=\"markedContent\"><br role=\"presentation\" \/><span dir=\"ltr\" role=\"presentation\">Je comprends le choix et l\u2019attachement de monsieur Samuel Becke<\/span><span dir=\"ltr\" role=\"presentation\">tt pour ce lieu o\u00f9 il trouvait<\/span> <span dir=\"ltr\" role=\"presentation\">\u00ab<\/span> <span dir=\"ltr\" role=\"presentation\">le silence et<\/span> <span dir=\"ltr\" role=\"presentation\">l\u2019inspiration<\/span> <span dir=\"ltr\" role=\"presentation\">\u00bb<\/span><\/span><span id=\"page3R_mcid7\" class=\"markedContent\"><br role=\"presentation\" \/><span dir=\"ltr\" role=\"presentation\">Sa table d\u2019\u00e9criture face \u00e0 ce magnifique pa<\/span><span dir=\"ltr\" role=\"presentation\">ysage<\/span> <span dir=\"ltr\" role=\"presentation\">:<\/span> <span dir=\"ltr\" role=\"presentation\">Ces vallons, ces plaines, ces bois et les couleurs<\/span> <span dir=\"ltr\" role=\"presentation\">changeantes en<\/span> <span dir=\"ltr\" role=\"presentation\">toutes saisons !!<\/span><\/span><span id=\"page3R_mcid8\" class=\"markedContent\"><br role=\"presentation\" \/><span dir=\"ltr\" role=\"presentation\">Merci, Maylis Besserie, de<\/span> <span dir=\"ltr\" role=\"presentation\">nous avoir d\u00e9crit<\/span> <span dir=\"ltr\" role=\"presentation\">avec r\u00e9alisme mais pudeur les derniers jours de monsieur Samuel<\/span> <span dir=\"ltr\" role=\"presentation\">Beckett et d\u2019avoir r\u00e9veill\u00e9 ces magnifiques souvenirs d\u2019enfance pour moi.<\/span><\/span><span id=\"page3R_mcid9\" class=\"markedContent\"><br role=\"presentation\" \/><span dir=\"ltr\" role=\"presentation\">\u00a0\u00a0\u00a0\u00a0\u00a0\u00a0\u00a0\u00a0\u00a0\u00a0\u00a0\u00a0\u00a0\u00a0\u00a0\u00a0\u00a0\u00a0\u00a0\u00a0\u00a0\u00a0\u00a0\u00a0\u00a0\u00a0\u00a0\u00a0\u00a0\u00a0\u00a0\u00a0\u00a0\u00a0\u00a0\u00a0\u00a0\u00a0\u00a0\u00a0\u00a0\u00a0\u00a0\u00a0\u00a0\u00a0\u00a0\u00a0\u00a0\u00a0\u00a0\u00a0\u00a0\u00a0\u00a0\u00a0\u00a0\u00a0\u00a0\u00a0\u00a0\u00a0\u00a0\u00a0\u00a0\u00a0\u00a0\u00a0\u00a0\u00a0\u00a0\u00a0\u00a0\u00a0\u00a0\u00a0\u00a0\u00a0\u00a0\u00a0\u00a0\u00a0\u00a0\u00a0\u00a0\u00a0\u00a0\u00a0\u00a0\u00a0\u00a0\u00a0\u00a0\u00a0\u00a0\u00a0\u00a0\u00a0\u00a0\u00a0\u00a0\u00a0\u00a0\u00a0\u00a0\u00a0\u00a0\u00a0\u00a0\u00a0\u00a0\u00a0\u00a0\u00a0\u00a0\u00a0\u00a0\u00a0\u00a0\u00a0\u00a0\u00a0\u00a0\u00a0\u00a0\u00a0\u00a0\u00a0\u00a0\u00a0\u00a0\u00a0\u00a0\u00a0\u00a0\u00a0\u00a0\u00a0\u00a0\u00a0\u00a0\u00a0\u00a0\u00a0\u00a0\u00a0<strong> \u00a0\u00a0\u00a0\u00a0\u00a0\u00a0\u00a0\u00a0\u00a0\u00a0\u00a0\u00a0\u00a0\u00a0\u00a0\u00a0\u00a0\u00a0\u00a0\u00a0\u00a0\u00a0\u00a0\u00a0\u00a0\u00a0\u00a0\u00a0\u00a0\u00a0\u00a0\u00a0\u00a0\u00a0 Monique Soliwoda\u00a0<\/strong><\/span><strong> <span dir=\"ltr\" role=\"presentation\">(F\u00e9vrier 2021<\/span><span dir=\"ltr\" role=\"presentation\">)<\/span><span dir=\"ltr\" role=\"presentation\">**<\/span><\/strong><\/span><span id=\"page3R_mcid10\" class=\"markedContent\"><\/span><span id=\"page3R_mcid11\" class=\"markedContent\"><br role=\"presentation\" \/><span dir=\"ltr\" role=\"presentation\">*<\/span><span dir=\"ltr\" role=\"presentation\">personnes cit\u00e9es dans le livre<\/span><\/span><span id=\"page3R_mcid12\" class=\"markedContent\"><br role=\"presentation\" \/><span dir=\"ltr\" role=\"presentation\">** la narratrice est n\u00e9e \u00e0 Molien en 1946 chez ses parents ouvriers agricoles,<\/span> <span dir=\"ltr\" role=\"presentation\">et y a v\u00e9cu j<\/span><span dir=\"ltr\" role=\"presentation\">usqu\u2019<\/span><span dir=\"ltr\" role=\"presentation\">en<\/span><span dir=\"ltr\" role=\"presentation\">1967<\/span><\/span><\/p>\n<div>\n<p>\u00a0<\/p>\n<p><img data-recalc-dims=\"1\" loading=\"lazy\" decoding=\"async\" class=\"alignnone wp-image-3282\" src=\"https:\/\/i0.wp.com\/asu77ussy.fr\/wp-content\/uploads\/2020\/05\/goncourt-1er-roman.jpg?resize=507%2C745&#038;ssl=1\" alt=\"\" width=\"507\" height=\"745\" srcset=\"https:\/\/i0.wp.com\/asu77ussy.fr\/wp-content\/uploads\/2020\/05\/goncourt-1er-roman.jpg?w=238&amp;ssl=1 238w, https:\/\/i0.wp.com\/asu77ussy.fr\/wp-content\/uploads\/2020\/05\/goncourt-1er-roman.jpg?resize=204%2C300&amp;ssl=1 204w\" sizes=\"auto, (max-width: 507px) 100vw, 507px\" \/> \u00a0\u00a0\u00a0 <img data-recalc-dims=\"1\" loading=\"lazy\" decoding=\"async\" class=\"alignnone wp-image-3144\" src=\"https:\/\/i0.wp.com\/asu77ussy.fr\/wp-content\/uploads\/2020\/05\/4-e%CC%80-couverture-Tiers-Temps-rotated-e1590515831916.jpg?resize=473%2C685&#038;ssl=1\" alt=\"\" width=\"473\" height=\"685\" srcset=\"https:\/\/i0.wp.com\/asu77ussy.fr\/wp-content\/uploads\/2020\/05\/4-e%CC%80-couverture-Tiers-Temps-rotated-e1590515831916.jpg?w=442&amp;ssl=1 442w, https:\/\/i0.wp.com\/asu77ussy.fr\/wp-content\/uploads\/2020\/05\/4-e%CC%80-couverture-Tiers-Temps-rotated-e1590515831916.jpg?resize=207%2C300&amp;ssl=1 207w\" sizes=\"auto, (max-width: 473px) 100vw, 473px\" \/><\/p>\n<\/div>\n\n\n<p><\/p>\n","protected":false},"excerpt":{"rendered":"<p>\u00a0MAYLIS BESSERIE est la laur\u00e9ate du GONCOURT\u00a0 2020 du PREMIER ROMAN\u00a0 &#8211;\u00a0 prestigieuse r\u00e9compense litt\u00e9raire d\u00e9cern\u00e9e en Mai 2020. Dans<\/p>\n","protected":false},"author":1,"featured_media":0,"parent":3151,"menu_order":0,"comment_status":"closed","ping_status":"closed","template":"","meta":{"colormag_page_container_layout":"default_layout","colormag_page_sidebar_layout":"default_layout","jetpack_post_was_ever_published":false,"footnotes":""},"class_list":["post-3143","page","type-page","status-publish","hentry"],"jetpack_sharing_enabled":true,"jetpack_shortlink":"https:\/\/wp.me\/PaUFS9-OH","_links":{"self":[{"href":"https:\/\/asu77ussy.fr\/index.php\/wp-json\/wp\/v2\/pages\/3143","targetHints":{"allow":["GET"]}}],"collection":[{"href":"https:\/\/asu77ussy.fr\/index.php\/wp-json\/wp\/v2\/pages"}],"about":[{"href":"https:\/\/asu77ussy.fr\/index.php\/wp-json\/wp\/v2\/types\/page"}],"author":[{"embeddable":true,"href":"https:\/\/asu77ussy.fr\/index.php\/wp-json\/wp\/v2\/users\/1"}],"replies":[{"embeddable":true,"href":"https:\/\/asu77ussy.fr\/index.php\/wp-json\/wp\/v2\/comments?post=3143"}],"version-history":[{"count":21,"href":"https:\/\/asu77ussy.fr\/index.php\/wp-json\/wp\/v2\/pages\/3143\/revisions"}],"predecessor-version":[{"id":4865,"href":"https:\/\/asu77ussy.fr\/index.php\/wp-json\/wp\/v2\/pages\/3143\/revisions\/4865"}],"up":[{"embeddable":true,"href":"https:\/\/asu77ussy.fr\/index.php\/wp-json\/wp\/v2\/pages\/3151"}],"wp:attachment":[{"href":"https:\/\/asu77ussy.fr\/index.php\/wp-json\/wp\/v2\/media?parent=3143"}],"curies":[{"name":"wp","href":"https:\/\/api.w.org\/{rel}","templated":true}]}}