{"id":3130,"date":"2020-05-21T18:44:49","date_gmt":"2020-05-21T16:44:49","guid":{"rendered":"https:\/\/asu77ussy.fr\/?page_id=3130"},"modified":"2021-02-03T15:29:43","modified_gmt":"2021-02-03T14:29:43","slug":"architecture","status":"publish","type":"page","link":"https:\/\/asu77ussy.fr\/index.php\/architecture\/","title":{"rendered":"Architecture"},"content":{"rendered":"<h5><span style=\"color: #ff6600;\"><em><a style=\"color: #ff6600;\" href=\"https:\/\/asu77ussy.fr\/index.php\/architecture\/un-joli-toit-pres-de-leglise-a-ussy\/\">Un joli toit pr\u00e8s de l&rsquo;\u00e9glise \u00e0 Ussy<\/a><\/em><\/span><\/h5>\n","protected":false},"excerpt":{"rendered":"<p>Un joli toit pr\u00e8s de l&rsquo;\u00e9glise \u00e0 Ussy<\/p>\n","protected":false},"author":1,"featured_media":0,"parent":0,"menu_order":0,"comment_status":"closed","ping_status":"closed","template":"","meta":{"colormag_page_container_layout":"default_layout","colormag_page_sidebar_layout":"default_layout","jetpack_post_was_ever_published":false,"footnotes":""},"class_list":["post-3130","page","type-page","status-publish","hentry"],"jetpack_sharing_enabled":true,"jetpack_shortlink":"https:\/\/wp.me\/PaUFS9-Ou","_links":{"self":[{"href":"https:\/\/asu77ussy.fr\/index.php\/wp-json\/wp\/v2\/pages\/3130","targetHints":{"allow":["GET"]}}],"collection":[{"href":"https:\/\/asu77ussy.fr\/index.php\/wp-json\/wp\/v2\/pages"}],"about":[{"href":"https:\/\/asu77ussy.fr\/index.php\/wp-json\/wp\/v2\/types\/page"}],"author":[{"embeddable":true,"href":"https:\/\/asu77ussy.fr\/index.php\/wp-json\/wp\/v2\/users\/1"}],"replies":[{"embeddable":true,"href":"https:\/\/asu77ussy.fr\/index.php\/wp-json\/wp\/v2\/comments?post=3130"}],"version-history":[{"count":2,"href":"https:\/\/asu77ussy.fr\/index.php\/wp-json\/wp\/v2\/pages\/3130\/revisions"}],"predecessor-version":[{"id":4104,"href":"https:\/\/asu77ussy.fr\/index.php\/wp-json\/wp\/v2\/pages\/3130\/revisions\/4104"}],"wp:attachment":[{"href":"https:\/\/asu77ussy.fr\/index.php\/wp-json\/wp\/v2\/media?parent=3130"}],"curies":[{"name":"wp","href":"https:\/\/api.w.org\/{rel}","templated":true}]}}