{"id":3031,"date":"2020-04-23T15:18:05","date_gmt":"2020-04-23T13:18:05","guid":{"rendered":"https:\/\/asu77ussy.fr\/?page_id=3031"},"modified":"2023-08-15T16:33:59","modified_gmt":"2023-08-15T14:33:59","slug":"soutenir-le-projet-de-la-fondation-du-patrimoine","status":"publish","type":"page","link":"https:\/\/asu77ussy.fr\/index.php\/soutenir-le-projet-de-la-fondation-du-patrimoine\/","title":{"rendered":"Projet de la Fondation du Patrimoine"},"content":{"rendered":"\n<p><strong>UN PEU D&rsquo;HISTOIRE &#8230;<\/strong><\/p>\n\n\n\n<p>D\u00e8s l\u2019\u00e9poque romaine, un habitat caract\u00e9ris\u00e9 par des c\u00e9ramiques et mat\u00e9riaux de construction, s\u2019implante au niveau d\u2019un gu\u00e9 et d\u2019une source. Il lui succ\u00e8de un habitat \u00e0 l\u2019\u00e9poque m\u00e9rovingienne au moment o\u00f9 Ussy rentre dans l\u2019Histoire avec l\u2019installation d\u2019Authaire, un noble conseiller aupr\u00e8s de Clotaire II, p\u00e8re du roi Dagobert. Les enfants de cet aristocrate franc conseilleront les rois et fonderont sur leurs terres, les monast\u00e8res de Jouarre, Rebais et Reuil en Brie. Authaire est enterr\u00e9 dans l\u2019\u00e9glise et y sera honor\u00e9 jusqu&rsquo;au d\u00e9placement des reliques \u00e0 l\u2019abbaye de Rebais en 1530&#8230;.<\/p>\n\n\n\n<p><\/p>\n\n\n\n<p><strong>&nbsp;L&rsquo;EGLISE<\/strong><\/p>\n\n\n\n<p>Les parties les plus anciennes de cet \u00e9difice sont des appareillages dits en ar\u00eates de poisson typiques de l\u2019\u00e9poque m\u00e9rovingienne. Ces ma\u00e7onneries sont incluses dans les murs de la nef d\u2019une \u00e9glise, construite \u00e0 l\u2019\u00e9poque romane (XIe si\u00e8cle), d\u2019environ 40 m\u00e8tres de long. L\u2019\u00e9l\u00e9vation conserve la trace des percements primitifs comme la porte donnant sur le cimeti\u00e8re. Cette \u00e9glise poss\u00e8de encore une nef dite basilicale \u00e0 plafond \u00e0 poutres apparentes et le premier \u00e9tage du clocher. Un aspect m\u00e9connu de ce monument est sa construction en pl\u00e2tre d\u00e8s le 16e si\u00e8cle comme l\u2019atteste de nombreux graffitis.<\/p>\n\n\n\n<p>L\u2019\u00e9glise Saint Authaire est inscrite au titre des Monuments Historiques en 2013.<\/p>\n\n\n\n<p><strong>LES VITRAUX<\/strong><\/p>\n\n\n\n<p>\u00c0 la Renaissance, le seigneur du village, Antoine du Moulin et sa femme Nicole d\u2019Avrigny, construisent une chapelle priv\u00e9e ferm\u00e9e par une balustrade richement d\u00e9cor\u00e9e et aux fen\u00eatres munies de vitraux (1537). Ces ensembles sont class\u00e9s Monument Historique depuis 1907, 1975 et 1979. La cloche date de 1606 (MH) et est offerte par la famille des donateurs et l\u2019abbesse de Jouarre, Jeanne de Bourbon\u2026. <a href=\"https:\/\/www.fondation-patrimoine.org\/les-projets\/vitraux-de-l-eglise-saint-authaire-d-ussy-sur-marne\"><strong>lire la suite<\/strong><\/a>   <strong>(Pour information, la collecte est close \u00e0 ce jour).<\/strong><\/p>\n\n\n\n\n\n<figure class=\"wp-block-image aligncenter size-large\"><img data-recalc-dims=\"1\" loading=\"lazy\" decoding=\"async\" width=\"280\" height=\"280\" src=\"https:\/\/i0.wp.com\/asu77ussy.fr\/wp-content\/uploads\/2019\/10\/sans-titre.png?resize=280%2C280&#038;ssl=1\" alt=\"\" class=\"wp-image-2589\" srcset=\"https:\/\/i0.wp.com\/asu77ussy.fr\/wp-content\/uploads\/2019\/10\/sans-titre.png?w=280&amp;ssl=1 280w, https:\/\/i0.wp.com\/asu77ussy.fr\/wp-content\/uploads\/2019\/10\/sans-titre.png?resize=150%2C150&amp;ssl=1 150w\" sizes=\"auto, (max-width: 280px) 100vw, 280px\" \/><\/figure>\n\n\n\n<p><\/p>\n\n\n\n<p><\/p>\n\n\n\n<p><\/p>\n","protected":false},"excerpt":{"rendered":"<p>UN PEU D&rsquo;HISTOIRE &#8230; D\u00e8s l\u2019\u00e9poque romaine, un habitat caract\u00e9ris\u00e9 par des c\u00e9ramiques et mat\u00e9riaux de construction, s\u2019implante au niveau<\/p>\n","protected":false},"author":1,"featured_media":0,"parent":0,"menu_order":0,"comment_status":"closed","ping_status":"closed","template":"","meta":{"colormag_page_container_layout":"default_layout","colormag_page_sidebar_layout":"default_layout","jetpack_post_was_ever_published":false,"footnotes":""},"class_list":["post-3031","page","type-page","status-publish","hentry"],"jetpack_sharing_enabled":true,"jetpack_shortlink":"https:\/\/wp.me\/PaUFS9-MT","_links":{"self":[{"href":"https:\/\/asu77ussy.fr\/index.php\/wp-json\/wp\/v2\/pages\/3031","targetHints":{"allow":["GET"]}}],"collection":[{"href":"https:\/\/asu77ussy.fr\/index.php\/wp-json\/wp\/v2\/pages"}],"about":[{"href":"https:\/\/asu77ussy.fr\/index.php\/wp-json\/wp\/v2\/types\/page"}],"author":[{"embeddable":true,"href":"https:\/\/asu77ussy.fr\/index.php\/wp-json\/wp\/v2\/users\/1"}],"replies":[{"embeddable":true,"href":"https:\/\/asu77ussy.fr\/index.php\/wp-json\/wp\/v2\/comments?post=3031"}],"version-history":[{"count":7,"href":"https:\/\/asu77ussy.fr\/index.php\/wp-json\/wp\/v2\/pages\/3031\/revisions"}],"predecessor-version":[{"id":5881,"href":"https:\/\/asu77ussy.fr\/index.php\/wp-json\/wp\/v2\/pages\/3031\/revisions\/5881"}],"wp:attachment":[{"href":"https:\/\/asu77ussy.fr\/index.php\/wp-json\/wp\/v2\/media?parent=3031"}],"curies":[{"name":"wp","href":"https:\/\/api.w.org\/{rel}","templated":true}]}}