{"id":271,"date":"2019-04-20T17:17:43","date_gmt":"2019-04-20T15:17:43","guid":{"rendered":"http:\/\/asu77ussy.fr\/?page_id=271"},"modified":"2026-03-14T20:29:53","modified_gmt":"2026-03-14T19:29:53","slug":"samuel-beckett","status":"publish","type":"page","link":"https:\/\/asu77ussy.fr\/index.php\/personnalites-et-artistes-remarquables\/samuel-beckett\/","title":{"rendered":"Samuel BECKETT"},"content":{"rendered":"<h3 class=\"post-title entry-title\"><\/h3>\n<div>\n<h6><a href=\"https:\/\/asu77ussy.fr\/index.php\/personnalites-et-artistes-remarquables\/samuel-beckett\/bulletin-municipal-de-sammeron-08-2020\/\" target=\"_blank\" rel=\"noopener noreferrer\"><strong>Biographie de Samuel Beckett<\/strong><\/a><\/h6>\n<h4><span style=\"color: #000080;\"><strong>La maison de Samuel BECKETT<\/strong><\/span><\/h4>\n<ul>\n \t<li>\n<h6><a href=\"https:\/\/asu77ussy.fr\/index.php\/personnalites-et-artistes-remarquables\/samuel-beckett\/samuel-beckett-a-ussy\/\" rel=\"noopener noreferrer\">Samuel BECKETT \u00e0 Ussy<\/a><\/h6>\n<\/li>\n \t<li>\n<h6><a href=\"https:\/\/asu77ussy.fr\/index.php\/personnalites-et-artistes-remarquables\/samuel-beckett\/samuel-beckett-en-image\/\" rel=\"noopener noreferrer\">Sa derni\u00e8re demeure<\/a><\/h6>\n<\/li>\n<\/ul>\n<h6><em><span style=\"color: #ff6600;\"><!-- \/wp:post-content --><\/span><\/em><\/h6>\n<h4><span style=\"color: #000080;\"><strong>BECKETT \u00e0 Ussy : \u00e0 lire<\/strong><\/span><\/h4>\n<h6><a href=\"https:\/\/classiques-garnier.com\/beckett-a-la-lumiere-de-dostoievski.html\" target=\"_blank\" rel=\"noopener\">Beckett \u00e0 la lumi\u00e8re de Dosto\u00efevski<\/a><\/h6>\n<ul>\n \t<li><a href=\"https:\/\/llewellynbrown.weebly.com\/\" target=\"_blank\" rel=\"noopener\">Llewellyn Brown a \u00e9crit plusieurs ouvrages sur Samuel Beckett<\/a><\/li>\n<\/ul>\n<h6><em><a href=\"https:\/\/asu77ussy.fr\/index.php\/personnalites-et-artistes-remarquables\/samuel-beckett\/litterature-s-b\/le-tiers-temps\/\" rel=\"noopener noreferrer\">Le Tiers-Temps<\/a><\/em><\/h6>\n<ul>\n \t<li style=\"list-style-type: none;\">\n<ul>\n \t<li><a href=\"https:\/\/asu77ussy.fr\/index.php\/personnalites-et-artistes-remarquables\/samuel-beckett\/rencontre-avec-maylis-besserie\/\" target=\"_blank\" rel=\"noopener\">Rencontre avec Maylis Besserie<\/a><\/li>\n \t<li><a href=\"https:\/\/asu77ussy.fr\/index.php\/personnalites-et-artistes-remarquables\/samuel-beckett\/litterature-s-b\/le-tiers-temps\/le-tiers-temps-a-ecouter-sur-radiofrance\/\" target=\"_blank\" rel=\"noopener\">Le \u00ab\u00a0Tiers-Temps\u00a0\u00bb \u00e0 \u00e9couter sur radiofrance<\/a><\/li>\n \t<li><a href=\"https:\/\/asu77ussy.fr\/index.php\/temoignage-par-monique-soliwoda-02-2021\/\" target=\"_blank\" rel=\"noopener\">T\u00e9moignage par Monique Soliwoda<\/a><\/li>\n<\/ul>\n<\/li>\n<\/ul>\n<h6><a href=\"https:\/\/asu77ussy.fr\/index.php\/personnalites-et-artistes-remarquables\/samuel-beckett\/lectures-s-b\/deux-amis-de-bartillat-livre\/\" rel=\"noopener noreferrer\">Deux amis ; De Bartillat (Livre)<\/a><\/h6>\n<h6><a href=\"https:\/\/asu77ussy.fr\/index.php\/personnalites-et-artistes-remarquables\/samuel-beckett\/fh-2001-16-samuel-beckett-a-ussy\/\" rel=\"noopener noreferrer\">Fragment d&rsquo;histoire 12\/2001 Beckett \u00e0 Ussy<\/a><\/h6>\n<h6><a href=\"https:\/\/asu77ussy.fr\/index.php\/samuel-beckett-a-ussy-sur-marne\/\" rel=\"noopener noreferrer\">Samuel Beckett \u00e0 Ussy sur Marne (brochure)<\/a><\/h6>\n<h6><a href=\"https:\/\/asu77ussy.fr\/index.php\/personnalites-et-artistes-remarquables\/samuel-beckett\/michel-crepu-beckett-27-juillet-1982-11h30-arlea\/\" rel=\"noopener noreferrer\">Michel Cr\u00e9pu ; Beckett, 27 juillet 1982, 11h30 (Arl\u00e9a)<\/a><\/h6>\n<h6><a href=\"https:\/\/asu77ussy.fr\/index.php\/personnalites-et-artistes-remarquables\/samuel-beckett\/le-magazine-litteraire\/\" rel=\"noopener noreferrer\">Le Magazine Litt\u00e9raire<\/a><\/h6>\n<h6><a href=\"https:\/\/asu77ussy.fr\/index.php\/personnalites-et-artistes-remarquables\/samuel-beckett\/les-chemins-de-samuel-beckett-2006\/\" rel=\"noopener noreferrer\">Les chemins de Samuel Beckett 2006<\/a><\/h6>\n<h6><a href=\"https:\/\/asu77ussy.fr\/index.php\/samuel-beckett-dans-le-silence-dussy\/\">Samuel Beckett dans le silence d\u2019Ussy<\/a><\/h6>\n<h4><strong><span style=\"color: #000080;\">BECKETT racont\u00e9 par les autres&#8230;<\/span>\n<\/strong><\/h4>\n<h6><a href=\"https:\/\/asu77ussy.fr\/index.php\/haikus-par-marie-krolikowska-litra\/\" target=\"_blank\" rel=\"noopener\">Ha\u00efkus par Marie Kr\u00f3likowska-Litra<\/a><\/h6>\n<h6><span style=\"color: #008000;\"><a style=\"color: #008000;\" href=\"https:\/\/asu77ussy.fr\/index.php\/lambassadeur-dirlande-a-ussy-sur-marne\/\" target=\"_blank\" rel=\"noopener\">L&rsquo;ambassadeur d&rsquo;Irlande \u00e0 Ussy-sur-Marne<\/a> &#8211; septembre 2023<\/span><\/h6>\n<h6 class=\"entry-title\"><a href=\"https:\/\/asu77ussy.fr\/index.php\/personnalites-et-artistes-remarquables\/samuel-beckett\/le-29-mars-2023-un-couple-dirlandais-en-visite-a-ussy\/\" target=\"_blank\" rel=\"noopener\">Un couple d\u2019Irlandais en visite \u00e0 Ussy &#8211; mars 2023<\/a><\/h6>\n<h6><a href=\"https:\/\/asu77ussy.fr\/index.php\/personnalites-et-artistes-remarquables\/andre-roussimof\/souvenirs-de-monique-soliwoda-2022\/\" target=\"_blank\" rel=\"noopener\">Souvenirs de Monique Soliwoda &#8211; 2022<\/a><\/h6>\n<h6><a href=\"https:\/\/asu77ussy.fr\/index.php\/2020\/12\/22\/22-decembre-1989-mort-de-samuel-beckett\/\">22 d\u00e9cembre 1989 : mort de Samuel Beckett<\/a><\/h6>\n<h6><a href=\"http:\/\/asu77ussy.fr\/index.php\/personnalites-et-artistes-remarquables\/samuel-beckett\/portraits-croises-andre-roussimof-et-samule-beckett-a-ussy-sur-marne\/\">\u00ab\u00a0Portraits crois\u00e9s\u00a0\u00bb Andr\u00e9 Roussimoff et Samuel Beckett \u00e0 Ussy-sur-Marne<\/a><\/h6>\n<h6><a href=\"http:\/\/asu77ussy.fr\/index.php\/personnalites-et-artistes-remarquables\/samuel-beckett\/samuel-beckett-and-barbara-bray\/\">Samuel BECKETT and Barbara BRAY : A New Documentary<\/a><\/h6>\n<h6><a href=\"http:\/\/asu77ussy.fr\/index.php\/personnalites-et-artistes-remarquables\/samuel-beckett\/le-pont-samuel-beckett-a-dublin\/\">Le pont Samuel BECKETT (mardi 18 d\u00e9cembre 2018)<\/a><\/h6>\n<h6><a href=\"https:\/\/festivalsamuelbeckett.wordpress.com\/\" target=\"_blank\" rel=\"noopener\">Festival Samuel BECKETT de ROUSSILLON<\/a><\/h6>\n<h6><a href=\"https:\/\/projecteurtv.com\/art\/artistes\/rufus-raconte-beckett-a-roussillon-village-docre-qui-reunit-les-deux-hommes\/\" target=\"_blank\" rel=\"noopener\">Rufus raconte Beckett \u00e0 Roussillon<\/a><\/h6>\n<h6><a href=\"https:\/\/asu77ussy.fr\/index.php\/personnalites-et-artistes-remarquables\/samuel-beckett\/lectures-s-b\/quelques-souvenirs-de-samuel-beckett-par-louis-musnier\/\">Quelques souvenirs de Samuel Beckett par Louis Musnier<\/a><\/h6>\n<h6><span style=\"color: #003300;\">BECKETT \u00e0\u00a0 lire (par James Knowlson) :\u00a0 <a style=\"color: #003300;\" href=\"https:\/\/www.actes-sud.fr\/node\/14808\">https:\/\/www.actes-sud.fr\/node\/14808<\/a><\/span><\/h6>\n<h4><strong><span style=\"color: #333399;\">Puis, BECKETT&#8230;<\/span>\n<\/strong><\/h4>\n<h6 style=\"text-align: left;\"><a href=\"https:\/\/asu77ussy.fr\/index.php\/lirlande-a-lhonneur\/\" target=\"_blank\" rel=\"noopener\">Inauguration plaques de la \u00ab\u00a0Rue Samuel Beckett\u00a0\u00bb &#8211; mars 2026<\/a><\/h6>\n<h6><a href=\"https:\/\/asu77ussy.fr\/index.php\/personnalites-et-artistes-remarquables\/samuel-beckett\/festival-samuel-beckett-a-roussillon-en-provence\/\" target=\"_blank\" rel=\"noopener\">&#8230;son festival \u00e0 Roussillon<\/a><\/h6>\n<h6><a href=\"https:\/\/asu77ussy.fr\/index.php\/la-2-cv-de-samuel-beckett\/\" target=\"_blank\" rel=\"noopener\">&#8230; et sa 2 CV<\/a><\/h6>\n<h6><a href=\"https:\/\/asu77ussy.fr\/index.php\/imagine-poeme-de-beckett\/\">&#8230;imagine<\/a><\/h6>\n<h6><a href=\"https:\/\/photos.app.goo.gl\/piNMoweKUVqqFw8U9\" target=\"_blank\" rel=\"noopener\">&#8230;en image<\/a><\/h6>\n<h6><a href=\"https:\/\/asu77ussy.fr\/index.php\/en-attendant-godot-pele-mele-dinformations\/\" target=\"_blank\" rel=\"noopener\">&#8230;en attendant Godot, informations p\u00eale-m\u00eale (en cours)<\/a><\/h6>\n<h6><span style=\"color: #003300;\"><a style=\"color: #003300;\" href=\"https:\/\/asu77ussy.fr\/index.php\/personnalites-et-artistes-remarquables\/samuel-beckett\/depuis-ussy-samuel-beckett-rectifie-un-point-de-la-mise-en-scene-de-en-attendant-godot\/\" target=\"_blank\" rel=\"noopener\">&#8230;courrier \u00e0 Roger Blin au sujet de la mise en sc\u00e8ne de \u00ab\u00a0En attendant Godot\u00a0\u00bb<\/a><\/span><\/h6>\n<h6><span style=\"color: #003300;\">&#8230;su<strong>r les r\u00e9seaux sociaux : https:\/\/www.facebook.com\/SamuelBeckettPage<\/strong><\/span><\/h6>\n<\/div>\n<!-- wp:paragraph -->\n\n<!-- \/wp:paragraph -->\n\n<!-- wp:paragraph -->\n\n<!-- \/wp:paragraph -->\n<h4><strong><span style=\"color: #000080;\">BECKETT dans la presse&#8230;<\/span>\n<\/strong><\/h4>\n<h6><a href=\"https:\/\/asu77ussy.fr\/index.php\/beckett-nouvel-observateur-avril-2006\/\" target=\"_blank\" rel=\"noopener\">Avril 2006 &#8211; Le nouvel observateur<\/a><\/h6>\n<!-- wp:paragraph -->\n\n<!-- \/wp:paragraph -->","protected":false},"excerpt":{"rendered":"<p>Biographie de Samuel Beckett La maison de Samuel BECKETT Samuel BECKETT \u00e0 Ussy Sa derni\u00e8re demeure BECKETT \u00e0 Ussy :<\/p>\n","protected":false},"author":1,"featured_media":0,"parent":55,"menu_order":0,"comment_status":"closed","ping_status":"closed","template":"","meta":{"colormag_page_container_layout":"no_sidebar_content_centered","colormag_page_sidebar_layout":"no_sidebar","jetpack_post_was_ever_published":false,"footnotes":""},"class_list":["post-271","page","type-page","status-publish","hentry"],"jetpack_sharing_enabled":true,"jetpack_shortlink":"https:\/\/wp.me\/PaUFS9-4n","_links":{"self":[{"href":"https:\/\/asu77ussy.fr\/index.php\/wp-json\/wp\/v2\/pages\/271","targetHints":{"allow":["GET"]}}],"collection":[{"href":"https:\/\/asu77ussy.fr\/index.php\/wp-json\/wp\/v2\/pages"}],"about":[{"href":"https:\/\/asu77ussy.fr\/index.php\/wp-json\/wp\/v2\/types\/page"}],"author":[{"embeddable":true,"href":"https:\/\/asu77ussy.fr\/index.php\/wp-json\/wp\/v2\/users\/1"}],"replies":[{"embeddable":true,"href":"https:\/\/asu77ussy.fr\/index.php\/wp-json\/wp\/v2\/comments?post=271"}],"version-history":[{"count":54,"href":"https:\/\/asu77ussy.fr\/index.php\/wp-json\/wp\/v2\/pages\/271\/revisions"}],"predecessor-version":[{"id":7077,"href":"https:\/\/asu77ussy.fr\/index.php\/wp-json\/wp\/v2\/pages\/271\/revisions\/7077"}],"up":[{"embeddable":true,"href":"https:\/\/asu77ussy.fr\/index.php\/wp-json\/wp\/v2\/pages\/55"}],"wp:attachment":[{"href":"https:\/\/asu77ussy.fr\/index.php\/wp-json\/wp\/v2\/media?parent=271"}],"curies":[{"name":"wp","href":"https:\/\/api.w.org\/{rel}","templated":true}]}}