{"id":243,"date":"2019-04-20T12:20:23","date_gmt":"2019-04-20T10:20:23","guid":{"rendered":"http:\/\/asu77ussy.fr\/?page_id=243"},"modified":"2023-11-14T15:39:09","modified_gmt":"2023-11-14T14:39:09","slug":"ussy-et-la-guerre-14-18","status":"publish","type":"page","link":"https:\/\/asu77ussy.fr\/index.php\/decouvrir-ussy\/ussy-et-la-guerre-14-18\/","title":{"rendered":"Ussy et la guerre 1914-1918"},"content":{"rendered":"<h6 style=\"text-align: center;\"><a href=\"https:\/\/asu77ussy.fr\/index.php\/decouvrir-ussy\/une-plaque-a-la-memoire-de-2-anciens-combattants\/\" target=\"_blank\" rel=\"noopener\"><span style=\"color: #ff6600;\"><em>Une plaque \u00e0 la m\u00e9moire de 2 anciens combattants (avril 2023)<\/em><\/span><\/a><\/h6>\n<h6 style=\"text-align: center;\"><span style=\"color: #ff6600;\"><em><a style=\"color: #ff6600;\" href=\"https:\/\/asu77ussy.fr\/index.php\/decouvrir-ussy\/ussy-et-la-guerre-14-18\/quelques-informations-historiques-concernant-les-plaques-commemoratives-de-la-guerre-14-18\/\">Quelques informations historiques concernant les plaques comm\u00e9moratives de la Guerre 1914-1918<\/a><\/em><\/span><\/h6>\n<h6 style=\"text-align: center;\"><span style=\"color: #ff6600;\"><em><a style=\"color: #ff6600;\" href=\"https:\/\/asu77ussy.fr\/index.php\/decouvrir-ussy\/ussy-et-la-guerre-14-18\/benediction-du-drapeau-de-la-croix-de-guerre\/\">B\u00e9n\u00e9diction du drapeau de la croix de guerre (octobre 2019)<\/a><\/em><\/span><\/h6>\n<h6 style=\"text-align: center;\"><span style=\"color: #ff6600;\"><em><a style=\"color: #ff6600;\" href=\"https:\/\/asu77ussy.fr\/index.php\/decouvrir-ussy\/ussy-et-la-guerre-14-18\/1918-2018-centenaire-de-la-guerre-14-18\/\">1918\/2018 Centenaire de la guerre 1914-1918<\/a><\/em><\/span><\/h6>\n<h6 style=\"text-align: center;\">\u00a0<\/h6>\n\n\n<p><\/p>\n","protected":false},"excerpt":{"rendered":"<p>Une plaque \u00e0 la m\u00e9moire de 2 anciens combattants (avril 2023) Quelques informations historiques concernant les plaques comm\u00e9moratives de la<\/p>\n","protected":false},"author":1,"featured_media":0,"parent":42,"menu_order":0,"comment_status":"closed","ping_status":"closed","template":"","meta":{"colormag_page_container_layout":"default_layout","colormag_page_sidebar_layout":"default_layout","jetpack_post_was_ever_published":false,"footnotes":""},"class_list":["post-243","page","type-page","status-publish","hentry"],"jetpack_sharing_enabled":true,"jetpack_shortlink":"https:\/\/wp.me\/PaUFS9-3V","_links":{"self":[{"href":"https:\/\/asu77ussy.fr\/index.php\/wp-json\/wp\/v2\/pages\/243","targetHints":{"allow":["GET"]}}],"collection":[{"href":"https:\/\/asu77ussy.fr\/index.php\/wp-json\/wp\/v2\/pages"}],"about":[{"href":"https:\/\/asu77ussy.fr\/index.php\/wp-json\/wp\/v2\/types\/page"}],"author":[{"embeddable":true,"href":"https:\/\/asu77ussy.fr\/index.php\/wp-json\/wp\/v2\/users\/1"}],"replies":[{"embeddable":true,"href":"https:\/\/asu77ussy.fr\/index.php\/wp-json\/wp\/v2\/comments?post=243"}],"version-history":[{"count":7,"href":"https:\/\/asu77ussy.fr\/index.php\/wp-json\/wp\/v2\/pages\/243\/revisions"}],"predecessor-version":[{"id":6028,"href":"https:\/\/asu77ussy.fr\/index.php\/wp-json\/wp\/v2\/pages\/243\/revisions\/6028"}],"up":[{"embeddable":true,"href":"https:\/\/asu77ussy.fr\/index.php\/wp-json\/wp\/v2\/pages\/42"}],"wp:attachment":[{"href":"https:\/\/asu77ussy.fr\/index.php\/wp-json\/wp\/v2\/media?parent=243"}],"curies":[{"name":"wp","href":"https:\/\/api.w.org\/{rel}","templated":true}]}}