{"id":2412,"date":"2019-10-20T11:25:06","date_gmt":"2019-10-20T09:25:06","guid":{"rendered":"http:\/\/asu77ussy.fr\/?page_id=2412"},"modified":"2023-08-15T16:39:16","modified_gmt":"2023-08-15T14:39:16","slug":"restauration-des-vitraux-de-leglise-de-ussy","status":"publish","type":"page","link":"https:\/\/asu77ussy.fr\/index.php\/monuments-patrimoine\/restauration-des-vitraux-de-leglise-de-ussy\/","title":{"rendered":"Restauration et  Fondation du Patrimoine"},"content":{"rendered":"<h1 style=\"text-align: center;\"><strong>La FONDATION DU PATRIMOINE<\/strong><\/h1>\n<h1 style=\"text-align: center;\"><strong>\u00a0a soutenu la restauration des vitraux Renaissance<\/strong><\/h1>\n<h1 style=\"text-align: center;\"><strong>de l\u2019\u00e9glise d&rsquo;Ussy-sur-Marne<\/strong><\/h1>\n<p><strong> <img data-recalc-dims=\"1\" loading=\"lazy\" decoding=\"async\" class=\"alignleft wp-image-2511 size-medium\" src=\"https:\/\/i0.wp.com\/asu77ussy.fr\/wp-content\/uploads\/2019\/10\/signature-1024x768_INFOS2.jpg?resize=300%2C225&#038;ssl=1\" alt=\"\" width=\"300\" height=\"225\" srcset=\"https:\/\/i0.wp.com\/asu77ussy.fr\/wp-content\/uploads\/2019\/10\/signature-1024x768_INFOS2.jpg?resize=300%2C225&amp;ssl=1 300w, https:\/\/i0.wp.com\/asu77ussy.fr\/wp-content\/uploads\/2019\/10\/signature-1024x768_INFOS2.jpg?w=466&amp;ssl=1 466w\" sizes=\"auto, (max-width: 300px) 100vw, 300px\" \/><\/strong>Une Convention a \u00e9t\u00e9 sign\u00e9e le 30 Septembre 2019 entre la Commune d&rsquo;Ussy et l\u2019A.S.U* (repr\u00e9sent\u00e9e par son Pr\u00e9sident , Mr Jean-Paul Guillaumet) pour la mise en place d\u2019une collecte sous l\u2019\u00e9gide de la FONDATION du PATRIMOINE au b\u00e9n\u00e9fice de la restauration des vitraux de l\u2019\u00e9glise d&rsquo;USSY.<\/p>\n<p>La Fondation du Patrimoine a offert une garantie et une transparence financi\u00e8re ainsi qu\u2019un suivi rigoureux des dons pour lesquels <strong>elle a d\u00e9livr\u00e9 un re\u00e7u de d\u00e9fiscalisation aux donateurs<\/strong> (quelle que soit la somme offerte).<\/p>\n<p>Cette restauration a \u00e9galement \u00e9t\u00e9 prise en charge par le D\u00e9partement de Seine et Marne, et par la R\u00e9gion Ile de France et la Mairie d&rsquo;Ussy.<\/p>\n<p><strong>Ce projet de restauration a \u00e9t\u00e9 s\u00e9lectionn\u00e9 car l\u2019\u00e9glise saint Authaire est un t\u00e9moin unique de l\u2019histoire de la Brie et un monument incontournable de notre r\u00e9gion ; cet ensemble homog\u00e8ne de vitraux dat\u00e9s de 1537 est rare en Ile de France.<\/strong><\/p>\n<p>Cette collecte\u00a0 est close \u00e0 ce jour et a r\u00e9uni la somme de 9170 euros. 33 donateurs dont 16 adh\u00e9rents ASU. <em><br \/>\n<\/em><\/p>\n<p><a href=\"https:\/\/www.fondation-patrimoine.org\/les-projets\/vitraux-de-l-eglise-saint-authaire-d-ussy-sur-marne\" target=\"_blank\" rel=\"noopener\">Voir l&rsquo;article de la Fondation du Patrimoine en cliquant sur ce lien.<\/a><\/p>\n","protected":false},"excerpt":{"rendered":"<p>La FONDATION DU PATRIMOINE \u00a0a soutenu la restauration des vitraux Renaissance de l\u2019\u00e9glise d&rsquo;Ussy-sur-Marne Une Convention a \u00e9t\u00e9 sign\u00e9e le<\/p>\n","protected":false},"author":1,"featured_media":0,"parent":2298,"menu_order":0,"comment_status":"closed","ping_status":"closed","template":"","meta":{"colormag_page_container_layout":"default_layout","colormag_page_sidebar_layout":"default_layout","jetpack_post_was_ever_published":false,"footnotes":""},"class_list":["post-2412","page","type-page","status-publish","hentry"],"jetpack_sharing_enabled":true,"jetpack_shortlink":"https:\/\/wp.me\/PaUFS9-CU","_links":{"self":[{"href":"https:\/\/asu77ussy.fr\/index.php\/wp-json\/wp\/v2\/pages\/2412","targetHints":{"allow":["GET"]}}],"collection":[{"href":"https:\/\/asu77ussy.fr\/index.php\/wp-json\/wp\/v2\/pages"}],"about":[{"href":"https:\/\/asu77ussy.fr\/index.php\/wp-json\/wp\/v2\/types\/page"}],"author":[{"embeddable":true,"href":"https:\/\/asu77ussy.fr\/index.php\/wp-json\/wp\/v2\/users\/1"}],"replies":[{"embeddable":true,"href":"https:\/\/asu77ussy.fr\/index.php\/wp-json\/wp\/v2\/comments?post=2412"}],"version-history":[{"count":13,"href":"https:\/\/asu77ussy.fr\/index.php\/wp-json\/wp\/v2\/pages\/2412\/revisions"}],"predecessor-version":[{"id":5883,"href":"https:\/\/asu77ussy.fr\/index.php\/wp-json\/wp\/v2\/pages\/2412\/revisions\/5883"}],"up":[{"embeddable":true,"href":"https:\/\/asu77ussy.fr\/index.php\/wp-json\/wp\/v2\/pages\/2298"}],"wp:attachment":[{"href":"https:\/\/asu77ussy.fr\/index.php\/wp-json\/wp\/v2\/media?parent=2412"}],"curies":[{"name":"wp","href":"https:\/\/api.w.org\/{rel}","templated":true}]}}