{"id":2371,"date":"2019-10-16T15:17:20","date_gmt":"2019-10-16T13:17:20","guid":{"rendered":"http:\/\/asu77ussy.fr\/?page_id=2371"},"modified":"2021-02-08T08:57:16","modified_gmt":"2021-02-08T07:57:16","slug":"moe-delaitre","status":"publish","type":"page","link":"https:\/\/asu77ussy.fr\/index.php\/artistes-a-ussy\/moe-delaitre-2\/moe-delaitre\/","title":{"rendered":"En quelques \u00ab\u00a0Moe\u00a0\u00bb"},"content":{"rendered":"<p><img data-recalc-dims=\"1\" loading=\"lazy\" decoding=\"async\" class=\"wp-image-2374 size-full alignleft\" src=\"https:\/\/i0.wp.com\/asu77ussy.fr\/wp-content\/uploads\/2019\/10\/MoeDelaitre_Portrait-e1570903497640.jpg?resize=251%2C400\" alt=\"\" width=\"251\" height=\"400\"><\/p>\n<h5><span style=\"color: #993366;\">En quelques \u00ab\u00a0Moe\u00a0\u00bb<\/span> : <span style=\"color: #000000; font-family: Arial, Helvetica, sans-serif; font-size: small;\">Je me suis install\u00e9e \u00e0 demeure dans la campagne fran\u00e7aise en 2009. Par amour. \u00c0 l\u2019\u00e9poque, je n\u2019imaginais pas \u00e0 quel point j\u2019allais bient\u00f4t me retrouver \u00e9loign\u00e9e de ma zone de confort. Au-del\u00e0 des diff\u00e9rences culturelles compr\u00e9hensibles, en termes de langue ou de rythme quotidien, il \u00e9tait un choc que je n\u2019avais pas anticip\u00e9 : en France, le portrait peint traditionnel est pass\u00e9 de mode depuis qu\u2019on y a coup\u00e9 la t\u00eate du roi. La tradition s\u2019est \u00e0 ce point perdue qu\u2019en d\u00e9pit d\u2019ann\u00e9es de recherches, je n\u2019ai pu trouver ne serait-ce qu\u2019un peintre fran\u00e7ais vivant acceptant l\u2019\u00e9tiquette de portraitiste.<br \/>\n<\/span><\/h5>\n<h5><span style=\"color: #000000; font-family: Arial, Helvetica, sans-serif; font-size: small;\"> Je suis une portraitiste traditionnelle.<br \/>\n<\/span><\/h5>\n<h5><span style=\"color: #000000; font-family: Arial, Helvetica, sans-serif; font-size: small;\"> Pr\u00e8s de dix ans plus tard, on m\u2019a offert l\u2019opportunit\u00e9 d\u2019une exposition personnelle dans une tr\u00e8s belle galerie parisienne. Un r\u00eave \u2014 je ne trouve pas les mots pour l\u2019exprimer. J\u2019ai d\u00e9cid\u00e9 de pers\u00e9v\u00e9rer hors de cette zone de confort&#8230;&#8230;. <\/span><\/h5>\n<h6><span style=\"color: #ff0000;\">Retrouver moi ici<\/span> : <a href=\"https:\/\/www.facebook.com\/pg\/portraitsbymoe\/about\/\" target=\"_blank\" rel=\"noopener noreferrer\">https:\/\/www.facebook.com\/pg\/portraitsbymoe\/about\/<\/a><\/h6>\n<p><strong>Ou encore ici : <a href=\"https:\/\/www.instagram.com\/moedelaitre\/\" target=\"_blank\" rel=\"noopener noreferrer\">https:\/\/www.instagram.com\/moedelaitre\/<\/a><\/strong><\/p>\n","protected":false},"excerpt":{"rendered":"<p>En quelques \u00ab\u00a0Moe\u00a0\u00bb : Je me suis install\u00e9e \u00e0 demeure dans la campagne fran\u00e7aise en 2009. Par amour. \u00c0 l\u2019\u00e9poque,<\/p>\n","protected":false},"author":1,"featured_media":0,"parent":4170,"menu_order":0,"comment_status":"closed","ping_status":"closed","template":"","meta":{"colormag_page_container_layout":"default_layout","colormag_page_sidebar_layout":"default_layout","jetpack_post_was_ever_published":false,"footnotes":""},"class_list":["post-2371","page","type-page","status-publish","hentry"],"jetpack_sharing_enabled":true,"jetpack_shortlink":"https:\/\/wp.me\/PaUFS9-Cf","_links":{"self":[{"href":"https:\/\/asu77ussy.fr\/index.php\/wp-json\/wp\/v2\/pages\/2371","targetHints":{"allow":["GET"]}}],"collection":[{"href":"https:\/\/asu77ussy.fr\/index.php\/wp-json\/wp\/v2\/pages"}],"about":[{"href":"https:\/\/asu77ussy.fr\/index.php\/wp-json\/wp\/v2\/types\/page"}],"author":[{"embeddable":true,"href":"https:\/\/asu77ussy.fr\/index.php\/wp-json\/wp\/v2\/users\/1"}],"replies":[{"embeddable":true,"href":"https:\/\/asu77ussy.fr\/index.php\/wp-json\/wp\/v2\/comments?post=2371"}],"version-history":[{"count":13,"href":"https:\/\/asu77ussy.fr\/index.php\/wp-json\/wp\/v2\/pages\/2371\/revisions"}],"predecessor-version":[{"id":4173,"href":"https:\/\/asu77ussy.fr\/index.php\/wp-json\/wp\/v2\/pages\/2371\/revisions\/4173"}],"up":[{"embeddable":true,"href":"https:\/\/asu77ussy.fr\/index.php\/wp-json\/wp\/v2\/pages\/4170"}],"wp:attachment":[{"href":"https:\/\/asu77ussy.fr\/index.php\/wp-json\/wp\/v2\/media?parent=2371"}],"curies":[{"name":"wp","href":"https:\/\/api.w.org\/{rel}","templated":true}]}}