{"id":2030,"date":"2019-09-02T19:32:02","date_gmt":"2019-09-02T17:32:02","guid":{"rendered":"http:\/\/asu77ussy.fr\/?page_id=2030"},"modified":"2020-03-31T16:10:56","modified_gmt":"2020-03-31T14:10:56","slug":"paru-dans-le-petit-journal-dussy-juin-2017","status":"publish","type":"page","link":"https:\/\/asu77ussy.fr\/index.php\/environnement\/pnr\/paru-dans-le-petit-journal-dussy-juin-2017\/","title":{"rendered":"Ussy dans le PNR (mars-juin 2017)"},"content":{"rendered":"<p><strong>Ussy-sur-Marne <\/strong><strong>dans le Parc Naturel R\u00e9gional<\/strong><\/p>\n<h3 style=\"text-align: center;\"><strong><em>Brie et deux Morin<\/em><\/strong><\/h3>\n<p>L\u2019<strong>A<\/strong>ssociation de <strong>S<\/strong>auvegarde d\u2019<strong>U<\/strong>ssy a particip\u00e9 \u00e0 de nombreuses r\u00e9unions pr\u00e9paratoires \u00e0 la cr\u00e9ation du Parc Naturel R\u00e9gional. Notre village est sa limite ouest pour le c\u00f4t\u00e9 rive droite de la Marne et en sera une porte. Le PNR a cinq missions. L\u2019une d\u2019elles, <strong>\u00ab\u00a0Protection des paysages et patrimoines naturels et<\/strong> <strong>culturels<\/strong>\u00a0\u00bb, correspond aux buts de notre association. Aussi, nous pr\u00e9senterons rapidement les \u00e9l\u00e9ments qui correspondent \u00e0 cette mission.<\/p>\n<p><strong>Ussy <\/strong>est une commune au paysage traditionnel pr\u00e9serv\u00e9.<\/p>\n<p>De tous c\u00f4t\u00e9s, les champs aux couleurs changeantes, des cultures au gr\u00e9 des saisons, forment un \u00e9crin au village dominant la Marne, aux volumes harmonieux domin\u00e9s par son clocher. Dans le dernier tiers du 20<sup>e<\/sup> si\u00e8cle, notre commune a b\u00e9n\u00e9fici\u00e9 de l\u2019installation de nouvelles familles d\u00e9sirant r\u00e9sider dans un village authentique dot\u00e9 d\u2019une \u00e9cole, proche d\u2019axes routiers et ferroviaires et de zones commerciales. Les \u00e9lus de cette \u00e9poque ont su en conserver son aspect rural en densifiant les parties agricoles situ\u00e9es entre les anciens hameaux de Bournonville et du Moncey, les grands domaines de la rue du ch\u00e2teau et de la rue de la Dehors, et le bourg autour de l\u2019\u00e9glise. Le r\u00e9sultat a donn\u00e9 un village harmonieux aux limites naturelles bien marqu\u00e9es, la Marne et le ru de Courtablon. Un p\u00e2tis communal s\u2019\u00e9tend sur les bords de Marne, avec sa faune et sa flore, ses ponts reconstruits au gr\u00e9 des grandes guerres et, autrefois, un gu\u00e9, un passeur et sa maison, des \u00eeles disparues, un lavoir. Les hameaux de Cuissy, Molien, Avernes, Beauval et Morintru-d\u2019en-Haut, regroup\u00e9s autour d\u2019une ferme au champ, restent encore des \u00e9l\u00e9ments typiques du paysage du plateau briard.<\/p>\n<p><strong>Ussy<\/strong> peut se\u00a0glorifier d\u2019une histoire longue et peu banale. D\u00e8s les \u00e9poques gauloise et romaine, son territoire est dens\u00e9ment peupl\u00e9. Il entre dans la grande histoire d\u00e8s le d\u00e9but du 7<sup>e<\/sup> si\u00e8cle comme r\u00e9sidence d\u2019Authaire, conseiller du p\u00e8re du c\u00e9l\u00e8bre roi Dagobert dont les enfants seront ses ministres, puis cr\u00e9eront \u00e0 la suite de Saint Colomban une dynamique de fondations d\u2019abbayes unique pour cette p\u00e9riode.<\/p>\n<p>Ussy est ainsi devenu une \u00e9tape incontournable sur le Chemin Europ\u00e9en de Colomban, de l\u2019Irlande \u00e0 l\u2019Italie, deuxi\u00e8me chemin de ce type en Europe.<\/p>\n<p>Depuis, de nombreuses personnalit\u00e9s y sont n\u00e9es ou y ont habit\u00e9. Pour la p\u00e9riode r\u00e9cente, on peut citer Henri Hayden et Martial Raysse, peintres de renomm\u00e9e mondiale, le catcheur Andr\u00e9 Roussimoff et l\u2019Irlandais Samuel Beckett, prix Nobel de Litt\u00e9rature (1969) *<\/p>\n<p>Les patrimoines architecturaux et environnementaux sont mal connus bien que nombreux\u00a0: fermes du 15<sup>e<\/sup> au 18<sup>e<\/sup> si\u00e8cles, un ch\u00e2teau neuf et ses communs vers 1800, une \u00e9glise avec sa nef du11<sup>e<\/sup> si\u00e8cle et poss\u00e9dant la plus belle s\u00e9rie de vitraux de la Seine et Marne du 16<sup>e <\/sup>si\u00e8cle. Cette \u00e9glise est class\u00e9e <em>Monument Historique<\/em> par le minist\u00e8re de la Culture au m\u00eame titre que les cryptes de Jouarre, la ville de Provins, la cath\u00e9drale de Meaux et certaines constructions en pl\u00e2tre typiques de la Brie depuis plus de 1000 ans. Citons \u00e9galement, suite \u00e0 l\u2019arriv\u00e9e du chemin de fer vers 1860, les villas en meuli\u00e8res des parisiens.<\/p>\n<p>Il existe d\u00e9j\u00e0 des chemins de d\u00e9couverte, dont le parcours du peintre Henri Hayden et les sentes au c\u0153ur du village. D\u2019autres sont encore \u00e0 cr\u00e9er sur la flore et l\u2019agriculture d\u2019Ussy, par exemple l\u2019\u00e9levage du mouton, les vignes, les c\u00e9r\u00e9ales, le ma\u00efs, les betteraves \u00e0 sucre et l\u2019arboriculture.<\/p>\n<p>Ce rapide inventaire montre la richesse de notre capital actuel qui, par l\u2019interm\u00e9diaire des offices de tourisme, doit proposer des escapades inattendues et de charme aux portes de Paris et de Disneyland.<\/p>\n<p>Le Pr\u00e9sident de l\u2019A.S.U., Jean Paul Guillaumet<\/p>\n<pre><em>Ce texte a \u00e9t\u00e9 publi\u00e9 en Juin 2017 dans le Bulletin Municipal de la Commune de Ussy sur Marne<\/em><\/pre>\n\n<a href=\"https:\/\/asu77ussy.fr\/wp-content\/uploads\/2020\/01\/PATRIMOINE-PAYSAGER-BATI-CULTUREL-ECONOMIQUE-HISTORIQUE-.pdf\" class=\"pdfemb-viewer\" style=\"\" data-width=\"max\" data-height=\"max\" data-toolbar=\"bottom\" data-toolbar-fixed=\"on\">PATRIMOINE-PAYSAGER-BATI-CULTUREL-ECONOMIQUE-HISTORIQUE-<\/a>\n<p class=\"wp-block-pdfemb-pdf-embedder-viewer\"><\/p>\n","protected":false},"excerpt":{"rendered":"<p>Ussy-sur-Marne dans le Parc Naturel R\u00e9gional Brie et deux Morin L\u2019Association de Sauvegarde d\u2019Ussy a particip\u00e9 \u00e0 de nombreuses r\u00e9unions<\/p>\n","protected":false},"author":1,"featured_media":0,"parent":514,"menu_order":0,"comment_status":"closed","ping_status":"closed","template":"","meta":{"colormag_page_container_layout":"no_sidebar_content_centered","colormag_page_sidebar_layout":"no_sidebar","jetpack_post_was_ever_published":false,"footnotes":""},"class_list":["post-2030","page","type-page","status-publish","hentry"],"jetpack_sharing_enabled":true,"jetpack_shortlink":"https:\/\/wp.me\/PaUFS9-wK","_links":{"self":[{"href":"https:\/\/asu77ussy.fr\/index.php\/wp-json\/wp\/v2\/pages\/2030","targetHints":{"allow":["GET"]}}],"collection":[{"href":"https:\/\/asu77ussy.fr\/index.php\/wp-json\/wp\/v2\/pages"}],"about":[{"href":"https:\/\/asu77ussy.fr\/index.php\/wp-json\/wp\/v2\/types\/page"}],"author":[{"embeddable":true,"href":"https:\/\/asu77ussy.fr\/index.php\/wp-json\/wp\/v2\/users\/1"}],"replies":[{"embeddable":true,"href":"https:\/\/asu77ussy.fr\/index.php\/wp-json\/wp\/v2\/comments?post=2030"}],"version-history":[{"count":6,"href":"https:\/\/asu77ussy.fr\/index.php\/wp-json\/wp\/v2\/pages\/2030\/revisions"}],"predecessor-version":[{"id":2995,"href":"https:\/\/asu77ussy.fr\/index.php\/wp-json\/wp\/v2\/pages\/2030\/revisions\/2995"}],"up":[{"embeddable":true,"href":"https:\/\/asu77ussy.fr\/index.php\/wp-json\/wp\/v2\/pages\/514"}],"wp:attachment":[{"href":"https:\/\/asu77ussy.fr\/index.php\/wp-json\/wp\/v2\/media?parent=2030"}],"curies":[{"name":"wp","href":"https:\/\/api.w.org\/{rel}","templated":true}]}}