{"id":2026,"date":"2019-09-02T19:28:32","date_gmt":"2019-09-02T17:28:32","guid":{"rendered":"http:\/\/asu77ussy.fr\/?page_id=2026"},"modified":"2020-01-16T09:56:46","modified_gmt":"2020-01-16T08:56:46","slug":"ussy-dans-le-parc-naturel-regional","status":"publish","type":"page","link":"https:\/\/asu77ussy.fr\/index.php\/environnement\/pnr\/ussy-dans-le-parc-naturel-regional\/","title":{"rendered":"ASU et PNR"},"content":{"rendered":"<p style=\"text-align: center;\"><strong>\u00a0\u00a0<\/strong><strong>l\u2019ASSOCIATION POUR LA SAUVEGARDE DE USSY\u00a0adh\u00e8re \u00e0 <\/strong><strong>l\u2019UNION des AMIS du PARC NATUREL R\u00c9GIONAL de la BRIE et des 2 MORIN <\/strong><strong>depuis plus de 10 ans \u00a0<\/strong><\/p>\n<p style=\"text-align: center;\"><strong>USSY fait partie des 83 Communes du Nord Est Seine et Marne, <\/strong><strong>qui sont associ\u00e9es \u00e0 ce projet d\u2019avenir pour notre territoire<\/strong><\/p>\n<p style=\"text-align: center;\"><img data-recalc-dims=\"1\" loading=\"lazy\" decoding=\"async\" class=\"aligncenter wp-image-2739 size-full\" src=\"https:\/\/i0.wp.com\/asu77ussy.fr\/wp-content\/uploads\/2020\/01\/sans-titre-pnr.png?resize=800%2C546\" alt=\"\" width=\"800\" height=\"546\" srcset=\"https:\/\/i0.wp.com\/asu77ussy.fr\/wp-content\/uploads\/2020\/01\/sans-titre-pnr.png?w=1024&amp;ssl=1 1024w, https:\/\/i0.wp.com\/asu77ussy.fr\/wp-content\/uploads\/2020\/01\/sans-titre-pnr.png?resize=300%2C205&amp;ssl=1 300w, https:\/\/i0.wp.com\/asu77ussy.fr\/wp-content\/uploads\/2020\/01\/sans-titre-pnr.png?resize=768%2C524&amp;ssl=1 768w, https:\/\/i0.wp.com\/asu77ussy.fr\/wp-content\/uploads\/2020\/01\/sans-titre-pnr.png?resize=130%2C90&amp;ssl=1 130w\" sizes=\"auto, (max-width: 800px) 100vw, 800px\" \/><\/p>\n<p><em><strong>P\u00e9rim\u00e8tre actuel du <u>Parc Naturel R\u00e9gional<\/u>de la Brie et des 2 Morins (PNR B 2 M) &#8211; 83 communes<\/strong><\/em><\/p>\n<p><strong>Un ou deux d\u00e9l\u00e9gu\u00e9(e) de l\u2019ASU \u00a0participent r\u00e9guli\u00e8rement aux r\u00e9unions et l\u2019Association a contribu\u00e9 au rep\u00e9rage des \u00e9l\u00e9ments constitutifs du patrimoine paysager, monumental,\u00a0 et vernaculaire du territoire d\u2019Ussy Sur Marne.<\/strong><\/p>\n<p>L\u2019ASU si\u00e8ge aux r\u00e9unions du \u00a0<strong>CONSEIL LOCAL DE DEVELOPPEMENT<\/strong>\u00a0 (C.L.D)<\/p>\n<p>quelles sont les missions de ce Conseil (C.L.D)\u00a0?<\/p>\n<p>&#8211; suivre le projet et l\u2019\u00e9laboration de la Chartre PNR \u2013 faire des propositions de mise en valeur du territoire \u2013 communiquer aux acteurs du projet les souhaits des habitants &#8211; \u00a0recenser les richesses patrimoniales b\u00e2ties et naturelles du territoire \u2013 concourir \u00e0 leur protection &#8211;<\/p>\n<p>L\u2019Ile de France dispose actuellement de 4 PNR et il est important que notre territoire b\u00e9n\u00e9ficie de cette reconnaissance qui lui offrira de nouvelles chances pour valoriser ses atouts au service de ses habitants.<\/p>\n<p><strong>Cet espace ne constitue pas une \u00ab\u00a0r\u00e9serve\u00a0\u00bb mais au contraire un \u00ab\u00a0territoire de vie\u00a0\u00bb cr\u00e9ateur d\u2019une v\u00e9ritable dynamique et identit\u00e9 locale.<\/strong><\/p>\n<p><strong>La vocation d\u2019un PNR est de favoriser un d\u00e9veloppement \u00e9conomique et social, cr\u00e9ateur d\u2019emplois locaux, tout en valorisant le patrimoine naturel et culturel, et en pr\u00e9servant les paysages.<\/strong><\/p>\n<p><em>\u00a0<\/em>Le PNR Brie et Deux Morin fait actuellement l\u2019objet\u00a0 d\u2019\u00e9tude (commande officielle publique\/priv\u00e9e)\u00a0 par les \u00e9tudiants du Cursus pluridisciplinaire (MASTER BIOTERRE) de l\u2019Universit\u00e9 Paris 1 Panth\u00e9on-Sorbonne (\u00e9cologues, ing\u00e9nieurs, g\u00e9ographes, juristes, \u00e9conomistes\u2026). Dans le cadre de leur Atelier les \u00e9tudiants travailleront\u00a0\u00a0 sur les enjeux et la gestion de la biodiversit\u00e9 , et la valorisation de l\u2019identit\u00e9 du territoire de notre PNR.<\/p>\n<p>D\u00e9finir les ressources du territoire, explorer la perception du territoire par ses usagers (habitants, touristes\u2026)mesurer la place de la \u00ab\u00a0campagne\u00a0\u00bb dans l\u2019imaginaire des Franciliens.<\/p>\n<p><strong>Le projet de Parc Naturel R\u00e9gional Brie et Deux Morin a son site Internet\u00a0 <\/strong>: <a href=\"http:\/\/www.pnrbrie2morin.fr\/\">www.pnrbrie2morin.fr<\/a><\/p>\n<pre>dimanche 21 janvier 2018<\/pre>\n","protected":false},"excerpt":{"rendered":"<p>\u00a0\u00a0l\u2019ASSOCIATION POUR LA SAUVEGARDE DE USSY\u00a0adh\u00e8re \u00e0 l\u2019UNION des AMIS du PARC NATUREL R\u00c9GIONAL de la BRIE et des 2<\/p>\n","protected":false},"author":1,"featured_media":0,"parent":514,"menu_order":0,"comment_status":"closed","ping_status":"closed","template":"","meta":{"colormag_page_container_layout":"no_sidebar_content_centered","colormag_page_sidebar_layout":"no_sidebar","jetpack_post_was_ever_published":false,"footnotes":""},"class_list":["post-2026","page","type-page","status-publish","hentry"],"jetpack_sharing_enabled":true,"jetpack_shortlink":"https:\/\/wp.me\/PaUFS9-wG","_links":{"self":[{"href":"https:\/\/asu77ussy.fr\/index.php\/wp-json\/wp\/v2\/pages\/2026","targetHints":{"allow":["GET"]}}],"collection":[{"href":"https:\/\/asu77ussy.fr\/index.php\/wp-json\/wp\/v2\/pages"}],"about":[{"href":"https:\/\/asu77ussy.fr\/index.php\/wp-json\/wp\/v2\/types\/page"}],"author":[{"embeddable":true,"href":"https:\/\/asu77ussy.fr\/index.php\/wp-json\/wp\/v2\/users\/1"}],"replies":[{"embeddable":true,"href":"https:\/\/asu77ussy.fr\/index.php\/wp-json\/wp\/v2\/comments?post=2026"}],"version-history":[{"count":5,"href":"https:\/\/asu77ussy.fr\/index.php\/wp-json\/wp\/v2\/pages\/2026\/revisions"}],"predecessor-version":[{"id":2743,"href":"https:\/\/asu77ussy.fr\/index.php\/wp-json\/wp\/v2\/pages\/2026\/revisions\/2743"}],"up":[{"embeddable":true,"href":"https:\/\/asu77ussy.fr\/index.php\/wp-json\/wp\/v2\/pages\/514"}],"wp:attachment":[{"href":"https:\/\/asu77ussy.fr\/index.php\/wp-json\/wp\/v2\/media?parent=2026"}],"curies":[{"name":"wp","href":"https:\/\/api.w.org\/{rel}","templated":true}]}}