{"id":1956,"date":"2019-09-01T18:59:18","date_gmt":"2019-09-01T16:59:18","guid":{"rendered":"http:\/\/asu77ussy.fr\/?page_id=1956"},"modified":"2023-02-08T22:56:02","modified_gmt":"2023-02-08T21:56:02","slug":"les-metiers-a-ussy-en-1903","status":"publish","type":"page","link":"https:\/\/asu77ussy.fr\/index.php\/commerces-metiers\/les-metiers-a-ussy-en-1903\/","title":{"rendered":"Les m\u00e9tiers \u00e0 Ussy en 1903 et en 1928"},"content":{"rendered":"<div id=\"post-body-6178537498208739989\" class=\"post-body entry-content\">Merci \u00e0 Jean-Pierre et \u00e0 Louis d&rsquo;avoir remis \u00e0 l&rsquo;association ces documents r\u00e9v\u00e9lant des informations du d\u00e9but du XX\u00e8&#8230;c&rsquo;\u00e9tait hier.\n<p>1903 &#8211; On apprend qu&rsquo;il y avait 561 habitants (un peu plus de 1000 \u00e0 ce jour), qu&rsquo;il y avait 2 f\u00eates patronales par an. 9 agriculteurs,\u00a0 boucher, boulanger, bourrelier*, charcutier, 2 charrons*, 5 \u00e9piciers, 1 horloger, 1 h\u00f4tellier, 3 entreprises de ma\u00e7onnerie, 2 mar\u00e9chaux*, 2 menuisiers, 2 fabricants de sabots, 1 d\u00e9bit de tabac, vins en gros.<\/p>\n<p>1927 &#8211; Il y avait <b>610 habitants<\/b>, mais seulement 171 \u00e9lecteurs !\u00a0 (les femmes ne votaient pas \u00e0 l&rsquo;\u00e9poque).<\/p>\n<h3><strong>&#8212;&#8212;&#8212;-1903&#8212;&#8212;&#8212;-<\/strong><\/h3>\n<div class=\"separator\"><a href=\"https:\/\/i0.wp.com\/4.bp.blogspot.com\/-scmXOjSxMqc\/WVJQ4AshI8I\/AAAAAAAAC8A\/jRV3J3NGZ5gVi-EI0a5STNb2zAfhLWF3QCLcBGAs\/s1600\/M%25C3%25A9tiers%2B1903.jpg?ssl=1\"><img data-recalc-dims=\"1\" loading=\"lazy\" decoding=\"async\" class=\"alignleft\" src=\"https:\/\/i0.wp.com\/4.bp.blogspot.com\/-scmXOjSxMqc\/WVJQ4AshI8I\/AAAAAAAAC8A\/jRV3J3NGZ5gVi-EI0a5STNb2zAfhLWF3QCLcBGAs\/s640\/M%25C3%25A9tiers%2B1903.jpg?resize=306%2C640&#038;ssl=1\" width=\"306\" height=\"640\" border=\"0\" data-original-width=\"250\" data-original-height=\"520\" \/><\/a><\/div>\n<div class=\"separator\"><a href=\"https:\/\/i0.wp.com\/2.bp.blogspot.com\/-zQ4tbW1dv5s\/WVJQ4SPt8SI\/AAAAAAAAC8E\/Ur9LumA_hj8DmRxyMykRpAwyBz3RaRY5QCEwYBhgL\/s1600\/M%25C3%25A9tiers%2B1903%2B-%2BUssy.jpg?ssl=1\">\u00a0\u00a0\u00a0 <img data-recalc-dims=\"1\" loading=\"lazy\" decoding=\"async\" class=\"\" src=\"https:\/\/i0.wp.com\/2.bp.blogspot.com\/-zQ4tbW1dv5s\/WVJQ4SPt8SI\/AAAAAAAAC8E\/Ur9LumA_hj8DmRxyMykRpAwyBz3RaRY5QCEwYBhgL\/s640\/M%25C3%25A9tiers%2B1903%2B-%2BUssy.jpg?resize=334%2C473&#038;ssl=1\" width=\"334\" height=\"473\" border=\"0\" data-original-width=\"1132\" data-original-height=\"1600\" \/><\/a><\/div>\n<div>\n<h3><strong>&#8212;&#8212;&#8212;-1927&#8212;&#8212;&#8212;-\u00a0 <br \/><\/strong><\/h3>\n<\/div>\n<\/div>\n\n<a href=\"https:\/\/asu77ussy.fr\/wp-content\/uploads\/2023\/02\/USSY-Commerces-Annuaire-de-1928.pdf\" class=\"pdfemb-viewer\" style=\"\" data-width=\"max\" data-height=\"max\" data-toolbar=\"bottom\" data-toolbar-fixed=\"on\">USSY-Commerces-Annuaire-de-1928<\/a>\n<p class=\"wp-block-pdfemb-pdf-embedder-viewer\"><\/p>\n\n\n<div>\n<p>\u00a0 \u00a0 \u00a0\u00a0 <\/p>\n<\/div>\n<p>* Bourrelier : artisan <span class=\"st\">qui travaille la bourre et le cuir afin de r\u00e9aliser des pi\u00e8ces d&rsquo;attelage pour le travail des chevaux. R\u00e9pare \u00e9galement les sacs et autres accessoires en cuir.<\/span><\/p>\n<p><span class=\"st\">*Charron : personne sp\u00e9cialis\u00e9e dans la\u00a0construction et la r\u00e9paration\u00a0des v\u00e9hicules \u00e0 traction animale, notamment dans le cerclage et le cintrage des roues.<\/span><\/p>\n<p><span class=\"st\">*Mach\u00e9raux : Le mar\u00e9chal-ferrant soigne les sabots des chevaux et y pose des fers qu&rsquo;il fabrique parfois lui-m\u00eame.<\/span><\/p>\n<p><span class=\"st\"><strong>*Franqueville <\/strong>est un ancien nom commun ou expression de type normanno-picard, \u00e9quivalent de ville franche, devenu progressivement toponyme puis patronyme<\/span><\/p>","protected":false},"excerpt":{"rendered":"<p>Merci \u00e0 Jean-Pierre et \u00e0 Louis d&rsquo;avoir remis \u00e0 l&rsquo;association ces documents r\u00e9v\u00e9lant des informations du d\u00e9but du XX\u00e8&#8230;c&rsquo;\u00e9tait hier.<\/p>\n","protected":false},"author":1,"featured_media":0,"parent":2065,"menu_order":0,"comment_status":"closed","ping_status":"closed","template":"","meta":{"colormag_page_container_layout":"no_sidebar_content_centered","colormag_page_sidebar_layout":"no_sidebar","jetpack_post_was_ever_published":false,"footnotes":""},"class_list":["post-1956","page","type-page","status-publish","hentry"],"jetpack_sharing_enabled":true,"jetpack_shortlink":"https:\/\/wp.me\/PaUFS9-vy","_links":{"self":[{"href":"https:\/\/asu77ussy.fr\/index.php\/wp-json\/wp\/v2\/pages\/1956","targetHints":{"allow":["GET"]}}],"collection":[{"href":"https:\/\/asu77ussy.fr\/index.php\/wp-json\/wp\/v2\/pages"}],"about":[{"href":"https:\/\/asu77ussy.fr\/index.php\/wp-json\/wp\/v2\/types\/page"}],"author":[{"embeddable":true,"href":"https:\/\/asu77ussy.fr\/index.php\/wp-json\/wp\/v2\/users\/1"}],"replies":[{"embeddable":true,"href":"https:\/\/asu77ussy.fr\/index.php\/wp-json\/wp\/v2\/comments?post=1956"}],"version-history":[{"count":5,"href":"https:\/\/asu77ussy.fr\/index.php\/wp-json\/wp\/v2\/pages\/1956\/revisions"}],"predecessor-version":[{"id":5284,"href":"https:\/\/asu77ussy.fr\/index.php\/wp-json\/wp\/v2\/pages\/1956\/revisions\/5284"}],"up":[{"embeddable":true,"href":"https:\/\/asu77ussy.fr\/index.php\/wp-json\/wp\/v2\/pages\/2065"}],"wp:attachment":[{"href":"https:\/\/asu77ussy.fr\/index.php\/wp-json\/wp\/v2\/media?parent=1956"}],"curies":[{"name":"wp","href":"https:\/\/api.w.org\/{rel}","templated":true}]}}