{"id":1920,"date":"2019-09-01T12:44:43","date_gmt":"2019-09-01T10:44:43","guid":{"rendered":"http:\/\/asu77ussy.fr\/?page_id=1920"},"modified":"2020-07-07T10:02:08","modified_gmt":"2020-07-07T08:02:08","slug":"ussy-sur-marne-les-vergers-de-molien-9km","status":"publish","type":"page","link":"https:\/\/asu77ussy.fr\/index.php\/decouvrir-ussy\/randonnees\/ussy-sur-marne-les-vergers-de-molien-9km\/","title":{"rendered":"Les vergers de Molien &#8211; 9km"},"content":{"rendered":"<h3 class=\"post-title entry-title\"><img data-recalc-dims=\"1\" loading=\"lazy\" decoding=\"async\" width=\"800\" height=\"548\" class=\"aligncenter wp-image-2054 size-large\" alt=\"\" src=\"https:\/\/i0.wp.com\/asu77ussy.fr\/wp-content\/uploads\/2019\/09\/Ussy-les-vergers-de-Molien-9-km-1024x701.png?resize=800%2C548\"><\/h3>\n<div class=\"post-header\">\n<div class=\"post-header-line-1\">D\u00e9part du P\u00e2tis le long de la Marne, dos \u00e0 la rivi\u00e8re.<\/div>\n<\/div>\n<div class=\"post-body entry-content\" id=\"post-body-7359707025484217331\">\n<div><\/div>\n<div class=\"Standard\">A gauche du terrain de p\u00e9tanque prendre un escalier large (quelques marches), traversez la rue prudemment. Vous \u00eates face \u00e0 la mairie, prendre \u00e0 gauche, longer l&rsquo;\u00e9cole, et prendre \u00e0 droite la rue des Marionnettes.<\/div>\n<div><\/div>\n<div class=\"Standard\">Passer un virage. Au bout de la rue, prendre \u00e0 gauche sous le pont et encore \u00e0 gauche, la rue de la Dehors.<\/div>\n<div><\/div>\n<div class=\"Standard\">Au bout de cette voie, passer le Ru (ou passage sur le petit pont romain).<\/div>\n<div><\/div>\n<div class=\"Standard\">Suivre ce chemin jusqu&rsquo;\u00e0 un bosquet, laisser le chemin \u00e0 droite.<\/div>\n<div><\/div>\n<div class=\"Standard\">Continuer en face&nbsp;et prendre le second chemin \u00e0 droite entre les Chauds Soleils et le Salv\u00e9. Aller tout droit jusqu&rsquo;\u00e0 la D21 (sur la gauche, admirer au passage les vergers en fleurs entre mars et avril).<\/div>\n<div><\/div>\n<div class=\"Standard\">Prendre \u00e0 gauche et traverser la D3&#8230;PRUDENCE !<\/div>\n<div><\/div>\n<div class=\"Standard\">Face \u00e0 vous la rue Samuel Beckett, passer devant la maison de l&rsquo;\u00e9crivain \u00e0 gauche (priv\u00e9) et continuer jusqu&rsquo;\u00e0&nbsp;Molien. Des reproductions du peintre Henri Hayden jalonnent le parcours.<\/div>\n<div class=\"Standard\"><\/div>\n<div class=\"Standard\">Arriv\u00e9 au hameau, que l&rsquo;on traverse, prendre \u00e0 droite apr\u00e8s la boutique des vergers. Prendre la direction de la ferme de Courtablon, passer le Ru (ou passage sur un petit pont).<\/div>\n<div><\/div>\n<div class=\"Standard\">Continuez tout droit jusqu&rsquo;au prochain croisement et prendre \u00e0 droite le chemin des Monts Moyens.<\/div>\n<div><\/div>\n<div class=\"Standard\">Nouveau croisement avec la D3. PRUDENCE. Traverser.<\/div>\n<div><\/div>\n<div class=\"Standard\">Sur votre passage une statue de fer faite de pi\u00e8ces de tracteurs par le sculpteur TIO.<\/div>\n<div><\/div>\n<div class=\"Standard\">Continuer tout droit.<\/div>\n<div><\/div>\n<div class=\"Standard\">Passage pr\u00e8s d&rsquo;une station de m\u00e9thanisation, rejoindre la route VC n\u00b05 le long du chemin de fer et prendre \u00e0 droite jusqu&rsquo;\u00e0 la rue du Ch\u00e2teau.<\/div>\n<div><\/div>\n<div class=\"Standard\">Au carrefour, prendre \u00e0 gauche rue de Lizy.<\/div>\n<div><\/div>\n<div class=\"Standard\">Passer sous le pont. Continuer tout droit jusqu&rsquo;au P\u00e2tis.<\/div>\n<div><\/div>\n<div class=\"Standard\">Arriv\u00e9e&nbsp; 9 kms<\/div>\n<div><\/div>\n<div class=\"Standard\">&nbsp;<em>NOTA: cette randonn\u00e9e a \u00e9t\u00e9 r\u00e9alis\u00e9e par des marcheurs b\u00e9n\u00e9voles, elle peut comporter des erreurs ou des explications qui ne sont pas claires. N&rsquo;h\u00e9sitez pas \u00e0 nous faire conna\u00eetre les difficult\u00e9s que vous aurez rencontr\u00e9 \u00e0 <a>asu77260<\/a><a href=\"https:\/\/www.blogger.com\/null\">@gmail.com<\/a><\/em><\/div>\n<div class=\"Standard\">\n<div class=\"separator\"><a href=\"https:\/\/i0.wp.com\/2.bp.blogspot.com\/-rUhpLs3n39k\/WPdkc1lHcYI\/AAAAAAAACtg\/WomFgW5MKDg2ohyuLhrAABayb-Es_sYPQCEw\/s1600\/Ussy%2Bville%2Bet%2Bcampagne.jpg?ssl=1\"><img data-recalc-dims=\"1\" loading=\"lazy\" decoding=\"async\" width=\"640\" height=\"547\" src=\"https:\/\/i0.wp.com\/2.bp.blogspot.com\/-rUhpLs3n39k\/WPdkc1lHcYI\/AAAAAAAACtg\/WomFgW5MKDg2ohyuLhrAABayb-Es_sYPQCEw\/s640\/Ussy%2Bville%2Bet%2Bcampagne.jpg?resize=640%2C547&#038;ssl=1\" border=\"0\"><\/a><\/div>\n<\/div>\n<div class=\"Standard\"><\/div>\n<\/div>\n<p>mercredi 19 avril 2017<\/p>\n","protected":false},"excerpt":{"rendered":"<p>D\u00e9part du P\u00e2tis le long de la Marne, dos \u00e0 la rivi\u00e8re. A gauche du terrain de p\u00e9tanque prendre un<\/p>\n","protected":false},"author":1,"featured_media":0,"parent":220,"menu_order":0,"comment_status":"closed","ping_status":"closed","template":"","meta":{"colormag_page_container_layout":"no_sidebar_content_centered","colormag_page_sidebar_layout":"no_sidebar","jetpack_post_was_ever_published":false,"footnotes":""},"class_list":["post-1920","page","type-page","status-publish","hentry"],"jetpack_sharing_enabled":true,"jetpack_shortlink":"https:\/\/wp.me\/PaUFS9-uY","_links":{"self":[{"href":"https:\/\/asu77ussy.fr\/index.php\/wp-json\/wp\/v2\/pages\/1920","targetHints":{"allow":["GET"]}}],"collection":[{"href":"https:\/\/asu77ussy.fr\/index.php\/wp-json\/wp\/v2\/pages"}],"about":[{"href":"https:\/\/asu77ussy.fr\/index.php\/wp-json\/wp\/v2\/types\/page"}],"author":[{"embeddable":true,"href":"https:\/\/asu77ussy.fr\/index.php\/wp-json\/wp\/v2\/users\/1"}],"replies":[{"embeddable":true,"href":"https:\/\/asu77ussy.fr\/index.php\/wp-json\/wp\/v2\/comments?post=1920"}],"version-history":[{"count":3,"href":"https:\/\/asu77ussy.fr\/index.php\/wp-json\/wp\/v2\/pages\/1920\/revisions"}],"predecessor-version":[{"id":3260,"href":"https:\/\/asu77ussy.fr\/index.php\/wp-json\/wp\/v2\/pages\/1920\/revisions\/3260"}],"up":[{"embeddable":true,"href":"https:\/\/asu77ussy.fr\/index.php\/wp-json\/wp\/v2\/pages\/220"}],"wp:attachment":[{"href":"https:\/\/asu77ussy.fr\/index.php\/wp-json\/wp\/v2\/media?parent=1920"}],"curies":[{"name":"wp","href":"https:\/\/api.w.org\/{rel}","templated":true}]}}