{"id":1917,"date":"2017-04-20T12:41:58","date_gmt":"2017-04-20T10:41:58","guid":{"rendered":"http:\/\/asu77ussy.fr\/?page_id=1917"},"modified":"2019-09-03T11:13:20","modified_gmt":"2019-09-03T09:13:20","slug":"balade-ussoise-au-depart-de-la-gare-de-la-ferte-14km","status":"publish","type":"page","link":"https:\/\/asu77ussy.fr\/index.php\/decouvrir-ussy\/randonnees\/balade-ussoise-au-depart-de-la-gare-de-la-ferte-14km\/","title":{"rendered":"Balade Ussoise au d\u00e9part de la gare de la Fert\u00e9 &#8211; 14km"},"content":{"rendered":"<h3><img data-recalc-dims=\"1\" loading=\"lazy\" decoding=\"async\" class=\"aligncenter wp-image-2043 size-large\" src=\"https:\/\/i0.wp.com\/asu77ussy.fr\/wp-content\/uploads\/2019\/09\/Ussy-gare-de-la-Fert%C3%A9-%E2%80%93-14-km-1024x564.png?resize=800%2C441\" alt=\"\" width=\"800\" height=\"441\" \/><\/h3>\n<p>Au sortir de la gare, prendre \u00e0 gauche, passer sur le pont de chemin de fer, laisser la rue Duburcq-Cl\u00e9ment et prendre la Rue du Limon. ATTENTION, belle grimpette\u00a0assez difficile ! A la fourche, prendre en face la Rue de Lizy jusqu\u2019au bout soit 1,3 km depuis la gare. Laisser la rue de Rosebois sur la droite et le bois de la Barre \u00e0 gauche.<\/p>\n<p>Au croisement, quitter le goudron et suivre le GR en face le chemin en terre. Marcher toujours tout droit en suivant le PR \u00e0 l\u2019entr\u00e9e du bois de Voliard. Descendre le chemin dans la for\u00eat et retrouver la plaine du Haut de Voliard.<\/p>\n<p>Au premier croisement de 4 chemins, suivre tout droit. Au second croisement, deux options\u00a0:<\/p>\n<p><em><u>OPTION 1<\/u><\/em>: Prendre en face jusqu\u2019au hameau de Molien. Admirer les superbes plantations de pommiers et de poiriers.A la 1<sup>\u00e8re<\/sup>rue \u00e0 gauche, se trouve la boutique du verger qui est ouverte de juin \u00e0 mars. Selon les saisons, on y trouve cerises, pommes, poires, confitures et autres produits locaux.<\/p>\n<p>En sortant de la boutique, prendre \u00e0 gauche et suivre tout droit. Attention, route goudronn\u00e9e o\u00f9 des voitures circulent r\u00e9guli\u00e8rement.<\/p>\n<p>Au sortir des habitations situ\u00e9es dans les bois, on d\u00e9couvre la Maison de Samuel BECKETT sur la droite et en face, des repr\u00e9sentations des peintures de Henry HAYDEN.<\/p>\n<p>Suivre la route jusqu\u2019au carrefour. Suivre en face la D\u00e9partementale 21P. Passer le cimeti\u00e8re de Ussy, continuer tout droit. <strong><u>Au croisement de la rue de la Dehors <\/u><\/strong><u>(\u00e0 droite)<strong>et la Rue du Ch\u00e2teau<\/strong><\/u>(\u00e0 gauche) continuer en face, passer sous le pont de chemin de fer et marcher tout droit jusqu\u2019au bord de Marne. Attention \u00e0 la circulation dans le village.<\/p>\n<p>Il est possible de faire une pause casse-cro\u00fbte en bord de Marne<\/p>\n<p>ou dans le caf\u00e9 situ\u00e9 devant l\u2019\u00e9glise<\/p>\n<p><em><u>OPTION 2<\/u><\/em>: Prendre \u00e0 gauche et marcher tout droit en direction de Ussy sur Marne. Au croisement du chemin et de la D3(attention \u00e0 la route \u00e0 traverser) se trouve une statue de m\u00e9tal tr\u00e8s haute cr\u00e9\u00e9e par le sculpteur TIO.Continuer tout droit vers la station de m\u00e9thanisation*. Laisser le chemin \u00e0 droite, poursuivre et prendre \u00e0 droite la petite route qui longe le chemin de fer et r\u00e9cup\u00e9rer la <u>Rue du Ch\u00e2teau<\/u>pour visiter l\u2019\u00e9glise ou se restaurer (reprendre au-dessus \u00e0 l\u2019OPTION 1 au croisement rue de la Dehors et Rue du Ch\u00e2teau)<\/p>\n<p>Apr\u00e8s cette halte, repartir du p\u00e2tis en laissant le terrain de p\u00e9tanque sur la gauche derri\u00e8re vous. Longer la Marne. D\u2019avril \u00e0 octobre, quelques caravanes sont install\u00e9es sur le terrain de camping que l\u2019on traverse.<\/p>\n<p>Passer sous le pont et prendre tout de suite \u00e0 gauche le chemin qui remonte vers la D21 (prudence car il y a de la circulation sur ce tron\u00e7on). Le but \u00e9tant de traverser la Marne. Rester sur la gauche de la route et avancer tout droit en direction de Sammeron, prendre \u00e0 gauche le 1<sup>er<\/sup>chemin de terre, et \u00e0 nouveau \u00e0 gauche pour r\u00e9cup\u00e9rer le bord de Marne.<\/p>\n<p>(Alternative pour les plus sportifs\u00a0: juste apr\u00e8s ce pont, sur la gauche, franchir la glissi\u00e8re de s\u00e9curit\u00e9, redescendre par un petit passage escarp\u00e9 tr\u00e8s pentu. Attention c\u2019est tr\u00e8s glissant en cas de pluie\u00a0!)<\/p>\n<p>Marcher sur cette rive jusqu\u2019\u00e0 la Fert\u00e9 sous Jouarre (environ 6 km). Le chemin est fort agr\u00e9able et ombrag\u00e9 en grande partie. Passer le Grand Morin, puis une petite place o\u00f9 se trouve un M\u00e9morial de 1914, passer SOUS le pont et remonter tout de suite \u00e0 droite pour passer SUR ce pont\u00a0et rejoindre le c\u00f4t\u00e9 oppos\u00e9 de la Marne.<\/p>\n<p>Longer la rivi\u00e8re par le square (piste de skate-board, accessoires de sport divers, jardin d\u2019enfants). Au bout du square, prendre la Rue des Bas-Foss\u00e9s, poursuivre \u00e0 gauche dans la rue Michel Fauvet, et remonter jusqu\u2019\u00e0 la Gare de la Fert\u00e9 sous Jouarre.<\/p>\n<p>Parcours de\u00a013,8 km<\/p>\n<p>*Une unit\u00e9 de production de biogaz a \u00e9t\u00e9 cr\u00e9\u00e9e par un agriculteur en 2014, pr\u00e8s de sa ferme rue du Chateau \u00e0 Ussy-sur-Marne. Le biogaz est produit par la fermentation de mati\u00e8res organiques v\u00e9g\u00e9tales. <a href=\"http:\/\/asu77260.blogspot.fr\/2015\/03\/2014-40-le-biogaz-agricole.html\">Voir notre article en cliquant sur ce lien<\/a><\/p>\n<p><em>NOTA: cette randonn\u00e9e a \u00e9t\u00e9 r\u00e9alis\u00e9e par des marcheurs b\u00e9n\u00e9voles, elle peut comporter des erreurs ou des explications qui ne sont pas claires. N&rsquo;h\u00e9sitez pas \u00e0 nous faire conna\u00eetre les difficult\u00e9s que vous aurez rencontr\u00e9es \u00e0 asu77260<a href=\"https:\/\/www.blogger.com\/null\">@gmail.com<\/a><\/em><\/p>\n<pre>jeudi 20 avril 2017<\/pre>\n","protected":false},"excerpt":{"rendered":"<p>Au sortir de la gare, prendre \u00e0 gauche, passer sur le pont de chemin de fer, laisser la rue Duburcq-Cl\u00e9ment<\/p>\n","protected":false},"author":1,"featured_media":0,"parent":220,"menu_order":0,"comment_status":"closed","ping_status":"closed","template":"","meta":{"colormag_page_container_layout":"no_sidebar_content_centered","colormag_page_sidebar_layout":"no_sidebar","jetpack_post_was_ever_published":false,"footnotes":""},"class_list":["post-1917","page","type-page","status-publish","hentry"],"jetpack_sharing_enabled":true,"jetpack_shortlink":"https:\/\/wp.me\/PaUFS9-uV","_links":{"self":[{"href":"https:\/\/asu77ussy.fr\/index.php\/wp-json\/wp\/v2\/pages\/1917","targetHints":{"allow":["GET"]}}],"collection":[{"href":"https:\/\/asu77ussy.fr\/index.php\/wp-json\/wp\/v2\/pages"}],"about":[{"href":"https:\/\/asu77ussy.fr\/index.php\/wp-json\/wp\/v2\/types\/page"}],"author":[{"embeddable":true,"href":"https:\/\/asu77ussy.fr\/index.php\/wp-json\/wp\/v2\/users\/1"}],"replies":[{"embeddable":true,"href":"https:\/\/asu77ussy.fr\/index.php\/wp-json\/wp\/v2\/comments?post=1917"}],"version-history":[{"count":3,"href":"https:\/\/asu77ussy.fr\/index.php\/wp-json\/wp\/v2\/pages\/1917\/revisions"}],"predecessor-version":[{"id":2046,"href":"https:\/\/asu77ussy.fr\/index.php\/wp-json\/wp\/v2\/pages\/1917\/revisions\/2046"}],"up":[{"embeddable":true,"href":"https:\/\/asu77ussy.fr\/index.php\/wp-json\/wp\/v2\/pages\/220"}],"wp:attachment":[{"href":"https:\/\/asu77ussy.fr\/index.php\/wp-json\/wp\/v2\/media?parent=1917"}],"curies":[{"name":"wp","href":"https:\/\/api.w.org\/{rel}","templated":true}]}}