{"id":1907,"date":"2019-09-01T12:30:46","date_gmt":"2019-09-01T10:30:46","guid":{"rendered":"http:\/\/asu77ussy.fr\/?page_id=1907"},"modified":"2020-07-07T10:00:57","modified_gmt":"2020-07-07T08:00:57","slug":"ussy-sur-marne-par-les-sentes-et-les-ruelles","status":"publish","type":"page","link":"https:\/\/asu77ussy.fr\/index.php\/decouvrir-ussy\/randonnees\/ussy-sur-marne-par-les-sentes-et-les-ruelles\/","title":{"rendered":"Ussy par les sentes et les ruelles"},"content":{"rendered":"<h3 class=\"post-title entry-title\">&nbsp;<\/h3>\n<div class=\"post-body entry-content\" id=\"post-body-1162527780754673401\">\n<div class=\"separator\">&nbsp;<\/div>\n<div class=\"separator\"><i>Pour le printemps, l&rsquo;ASU vous propose ce circuit par les sentes et les ruelles. Suivez ce labyrinthe avec vos enfants, petits-enfants ou amis \u00e0 la d\u00e9couverte de vues insolites et myst\u00e9rieuses de notre village !<\/i><\/div>\n<div class=\"separator\">&nbsp;<\/div>\n<div class=\"separator\"><a href=\"https:\/\/i0.wp.com\/1.bp.blogspot.com\/-vvPHUv88rks\/XIoarOfphXI\/AAAAAAAAFRw\/3BxRYt5peeospBIzaesfGc8kqL-fSfatACKgBGAs\/s1600\/Sentes%2Bet%2Bruelles%2BUSSY.JPG?ssl=1\"><img data-recalc-dims=\"1\" loading=\"lazy\" decoding=\"async\" width=\"640\" height=\"460\" src=\"https:\/\/i0.wp.com\/1.bp.blogspot.com\/-vvPHUv88rks\/XIoarOfphXI\/AAAAAAAAFRw\/3BxRYt5peeospBIzaesfGc8kqL-fSfatACKgBGAs\/s640\/Sentes%2Bet%2Bruelles%2BUSSY.JPG?resize=640%2C460&#038;ssl=1\" border=\"0\" data-original-width=\"1267\" data-original-height=\"913\"><\/a><\/div>\n<\/div>\n<pre>jeudi 31 janvier 2019<\/pre>\n","protected":false},"excerpt":{"rendered":"<p>&nbsp; &nbsp; Pour le printemps, l&rsquo;ASU vous propose ce circuit par les sentes et les ruelles. Suivez ce labyrinthe avec<\/p>\n","protected":false},"author":1,"featured_media":0,"parent":220,"menu_order":0,"comment_status":"closed","ping_status":"closed","template":"","meta":{"colormag_page_container_layout":"default_layout","colormag_page_sidebar_layout":"default_layout","jetpack_post_was_ever_published":false,"footnotes":""},"class_list":["post-1907","page","type-page","status-publish","hentry"],"jetpack_sharing_enabled":true,"jetpack_shortlink":"https:\/\/wp.me\/PaUFS9-uL","_links":{"self":[{"href":"https:\/\/asu77ussy.fr\/index.php\/wp-json\/wp\/v2\/pages\/1907","targetHints":{"allow":["GET"]}}],"collection":[{"href":"https:\/\/asu77ussy.fr\/index.php\/wp-json\/wp\/v2\/pages"}],"about":[{"href":"https:\/\/asu77ussy.fr\/index.php\/wp-json\/wp\/v2\/types\/page"}],"author":[{"embeddable":true,"href":"https:\/\/asu77ussy.fr\/index.php\/wp-json\/wp\/v2\/users\/1"}],"replies":[{"embeddable":true,"href":"https:\/\/asu77ussy.fr\/index.php\/wp-json\/wp\/v2\/comments?post=1907"}],"version-history":[{"count":3,"href":"https:\/\/asu77ussy.fr\/index.php\/wp-json\/wp\/v2\/pages\/1907\/revisions"}],"predecessor-version":[{"id":3259,"href":"https:\/\/asu77ussy.fr\/index.php\/wp-json\/wp\/v2\/pages\/1907\/revisions\/3259"}],"up":[{"embeddable":true,"href":"https:\/\/asu77ussy.fr\/index.php\/wp-json\/wp\/v2\/pages\/220"}],"wp:attachment":[{"href":"https:\/\/asu77ussy.fr\/index.php\/wp-json\/wp\/v2\/media?parent=1907"}],"curies":[{"name":"wp","href":"https:\/\/api.w.org\/{rel}","templated":true}]}}