{"id":1876,"date":"2019-09-01T11:39:11","date_gmt":"2019-09-01T09:39:11","guid":{"rendered":"http:\/\/asu77ussy.fr\/?page_id=1876"},"modified":"2019-09-01T12:18:34","modified_gmt":"2019-09-01T10:18:34","slug":"ruelles-dussy","status":"publish","type":"page","link":"https:\/\/asu77ussy.fr\/index.php\/decouvrir-ussy\/petit-patrimoine\/ruelles-dussy\/","title":{"rendered":"Ruelles d&rsquo;Ussy"},"content":{"rendered":"<h3 class=\"post-title entry-title\">&nbsp;<\/h3>\n<div class=\"post-header\">\n<div class=\"post-header-line-1\">&nbsp;<\/div>\n<\/div>\n<div id=\"post-body-7146691818451523909\" class=\"post-body entry-content\">\n<div>\n<div>L&rsquo;association, apr\u00e8s recherche aux archives, a retrouv\u00e9 les noms des ruelles et des sentes. Pour les mettre en valeur, des plaques ont \u00e9t\u00e9 appos\u00e9es sur chacune d&rsquo;elle. <span style=\"color: #993300;\">Un \u00ab\u00a0FRAGMENT d&rsquo;HISTOIRE\u00a0\u00bb de juin 2005 relate leurs origines.<\/span><\/div>\n<\/div>\n<div class=\"separator\">&nbsp;<\/div>\n<div>&nbsp;<\/div>\n<\/div>\n\n\n<div class=\"wp-block-media-text alignwide\"><figure class=\"wp-block-media-text__media\"><img data-recalc-dims=\"1\" loading=\"lazy\" decoding=\"async\" width=\"800\" height=\"600\" src=\"https:\/\/i0.wp.com\/asu77ussy.fr\/wp-content\/uploads\/2019\/04\/IMG_0954-1024x768.jpg?resize=800%2C600\" alt=\"\" class=\"wp-image-199\" srcset=\"https:\/\/i0.wp.com\/asu77ussy.fr\/wp-content\/uploads\/2019\/04\/IMG_0954.jpg?resize=1024%2C768&amp;ssl=1 1024w, https:\/\/i0.wp.com\/asu77ussy.fr\/wp-content\/uploads\/2019\/04\/IMG_0954.jpg?resize=300%2C225&amp;ssl=1 300w, https:\/\/i0.wp.com\/asu77ussy.fr\/wp-content\/uploads\/2019\/04\/IMG_0954.jpg?resize=768%2C576&amp;ssl=1 768w, https:\/\/i0.wp.com\/asu77ussy.fr\/wp-content\/uploads\/2019\/04\/IMG_0954.jpg?w=1600&amp;ssl=1 1600w\" sizes=\"auto, (max-width: 800px) 100vw, 800px\" \/><\/figure><div class=\"wp-block-media-text__content\">\n<h6 class=\"wp-block-heading\">Chemin longeant la Marne de la rue Saur\u00e9e jusqu&rsquo;\u00e0 la ruelle du Montcel.<\/h6>\n<\/div><\/div>\n\n\n\n<div class=\"wp-block-media-text alignwide has-media-on-the-right\"><figure class=\"wp-block-media-text__media\"><img data-recalc-dims=\"1\" loading=\"lazy\" decoding=\"async\" width=\"800\" height=\"600\" src=\"https:\/\/i0.wp.com\/asu77ussy.fr\/wp-content\/uploads\/2019\/04\/IMG_0956-1024x768.jpg?resize=800%2C600\" alt=\"\" class=\"wp-image-200\" srcset=\"https:\/\/i0.wp.com\/asu77ussy.fr\/wp-content\/uploads\/2019\/04\/IMG_0956.jpg?resize=1024%2C768&amp;ssl=1 1024w, https:\/\/i0.wp.com\/asu77ussy.fr\/wp-content\/uploads\/2019\/04\/IMG_0956.jpg?resize=300%2C225&amp;ssl=1 300w, https:\/\/i0.wp.com\/asu77ussy.fr\/wp-content\/uploads\/2019\/04\/IMG_0956.jpg?resize=768%2C576&amp;ssl=1 768w, https:\/\/i0.wp.com\/asu77ussy.fr\/wp-content\/uploads\/2019\/04\/IMG_0956.jpg?w=1600&amp;ssl=1 1600w\" sizes=\"auto, (max-width: 800px) 100vw, 800px\" \/><\/figure><div class=\"wp-block-media-text__content\">\n<h6 class=\"wp-block-heading\">Ruelle perpendiculaire \u00e0 la Marne, d\u00e9butant dans l&rsquo;angle de la rue des H\u00f4pitaux au n\u00b0 11.<\/h6>\n<\/div><\/div>\n\n\n\n<div class=\"wp-block-media-text alignwide\"><figure class=\"wp-block-media-text__media\"><img data-recalc-dims=\"1\" loading=\"lazy\" decoding=\"async\" width=\"800\" height=\"600\" src=\"https:\/\/i0.wp.com\/asu77ussy.fr\/wp-content\/uploads\/2019\/04\/IMG_0961-1024x768.jpg?resize=800%2C600\" alt=\"\" class=\"wp-image-201\" srcset=\"https:\/\/i0.wp.com\/asu77ussy.fr\/wp-content\/uploads\/2019\/04\/IMG_0961.jpg?resize=1024%2C768&amp;ssl=1 1024w, https:\/\/i0.wp.com\/asu77ussy.fr\/wp-content\/uploads\/2019\/04\/IMG_0961.jpg?resize=300%2C225&amp;ssl=1 300w, https:\/\/i0.wp.com\/asu77ussy.fr\/wp-content\/uploads\/2019\/04\/IMG_0961.jpg?resize=768%2C576&amp;ssl=1 768w, https:\/\/i0.wp.com\/asu77ussy.fr\/wp-content\/uploads\/2019\/04\/IMG_0961.jpg?w=1600&amp;ssl=1 1600w\" sizes=\"auto, (max-width: 800px) 100vw, 800px\" \/><\/figure><div class=\"wp-block-media-text__content\">\n<h6 class=\"wp-block-heading\">Cette ruelle relie le n\u00b0 8 de la&nbsp; rue Bournonville au 11ter rue des Marionnettes.<\/h6>\n<\/div><\/div>\n\n\n\n<div class=\"wp-block-media-text alignwide has-media-on-the-right\"><figure class=\"wp-block-media-text__media\"><img data-recalc-dims=\"1\" loading=\"lazy\" decoding=\"async\" width=\"800\" height=\"600\" src=\"https:\/\/i0.wp.com\/asu77ussy.fr\/wp-content\/uploads\/2019\/04\/IMG_0966-1024x768.jpg?resize=800%2C600\" alt=\"\" class=\"wp-image-202\" srcset=\"https:\/\/i0.wp.com\/asu77ussy.fr\/wp-content\/uploads\/2019\/04\/IMG_0966.jpg?resize=1024%2C768&amp;ssl=1 1024w, https:\/\/i0.wp.com\/asu77ussy.fr\/wp-content\/uploads\/2019\/04\/IMG_0966.jpg?resize=300%2C225&amp;ssl=1 300w, https:\/\/i0.wp.com\/asu77ussy.fr\/wp-content\/uploads\/2019\/04\/IMG_0966.jpg?resize=768%2C576&amp;ssl=1 768w, https:\/\/i0.wp.com\/asu77ussy.fr\/wp-content\/uploads\/2019\/04\/IMG_0966.jpg?w=1600&amp;ssl=1 1600w\" sizes=\"auto, (max-width: 800px) 100vw, 800px\" \/><\/figure><div class=\"wp-block-media-text__content\">\n<h6 class=\"wp-block-heading\">Perpendiculaire \u00e0 la ruelle des Houches, cette ruelle d\u00e9bouche rue de Changis entre le n\u00b0 20 et 22.<\/h6>\n<\/div><\/div>\n\n\n\n<div class=\"wp-block-media-text alignwide\"><figure class=\"wp-block-media-text__media\"><img data-recalc-dims=\"1\" loading=\"lazy\" decoding=\"async\" width=\"800\" height=\"600\" src=\"https:\/\/i0.wp.com\/asu77ussy.fr\/wp-content\/uploads\/2019\/04\/IMG_0969-1024x768.jpg?resize=800%2C600\" alt=\"\" class=\"wp-image-203\" srcset=\"https:\/\/i0.wp.com\/asu77ussy.fr\/wp-content\/uploads\/2019\/04\/IMG_0969.jpg?resize=1024%2C768&amp;ssl=1 1024w, https:\/\/i0.wp.com\/asu77ussy.fr\/wp-content\/uploads\/2019\/04\/IMG_0969.jpg?resize=300%2C225&amp;ssl=1 300w, https:\/\/i0.wp.com\/asu77ussy.fr\/wp-content\/uploads\/2019\/04\/IMG_0969.jpg?resize=768%2C576&amp;ssl=1 768w, https:\/\/i0.wp.com\/asu77ussy.fr\/wp-content\/uploads\/2019\/04\/IMG_0969.jpg?w=1600&amp;ssl=1 1600w\" sizes=\"auto, (max-width: 800px) 100vw, 800px\" \/><\/figure><div class=\"wp-block-media-text__content\">\n<h6 class=\"wp-block-heading\">Cette ruelle relie le 7 &amp; 9 rue de Lizy au 6 rue des Marionnettes (pr\u00e8s de la salle polyvalente).<\/h6>\n<\/div><\/div>\n\n\n\n<div class=\"wp-block-media-text alignwide has-media-on-the-right\"><figure class=\"wp-block-media-text__media\"><img data-recalc-dims=\"1\" loading=\"lazy\" decoding=\"async\" width=\"800\" height=\"600\" src=\"https:\/\/i0.wp.com\/asu77ussy.fr\/wp-content\/uploads\/2019\/04\/IMG_0972-1024x768.jpg?resize=800%2C600\" alt=\"\" class=\"wp-image-204\" srcset=\"https:\/\/i0.wp.com\/asu77ussy.fr\/wp-content\/uploads\/2019\/04\/IMG_0972.jpg?resize=1024%2C768&amp;ssl=1 1024w, https:\/\/i0.wp.com\/asu77ussy.fr\/wp-content\/uploads\/2019\/04\/IMG_0972.jpg?resize=300%2C225&amp;ssl=1 300w, https:\/\/i0.wp.com\/asu77ussy.fr\/wp-content\/uploads\/2019\/04\/IMG_0972.jpg?resize=768%2C576&amp;ssl=1 768w, https:\/\/i0.wp.com\/asu77ussy.fr\/wp-content\/uploads\/2019\/04\/IMG_0972.jpg?w=1600&amp;ssl=1 1600w\" sizes=\"auto, (max-width: 800px) 100vw, 800px\" \/><\/figure><div class=\"wp-block-media-text__content\">\n<h6 class=\"wp-block-heading\">De la ruelle de Passoir, cette ruelle d\u00e9bouche entre le 12 &amp; 14 rue des Marionnettes.<\/h6>\n<\/div><\/div>\n\n\n\n<div class=\"wp-block-media-text alignwide\"><figure class=\"wp-block-media-text__media\"><img data-recalc-dims=\"1\" loading=\"lazy\" decoding=\"async\" width=\"800\" height=\"600\" src=\"https:\/\/i0.wp.com\/asu77ussy.fr\/wp-content\/uploads\/2019\/04\/IMG_0974-1024x768.jpg?resize=800%2C600\" alt=\"\" class=\"wp-image-205\" srcset=\"https:\/\/i0.wp.com\/asu77ussy.fr\/wp-content\/uploads\/2019\/04\/IMG_0974.jpg?resize=1024%2C768&amp;ssl=1 1024w, https:\/\/i0.wp.com\/asu77ussy.fr\/wp-content\/uploads\/2019\/04\/IMG_0974.jpg?resize=300%2C225&amp;ssl=1 300w, https:\/\/i0.wp.com\/asu77ussy.fr\/wp-content\/uploads\/2019\/04\/IMG_0974.jpg?resize=768%2C576&amp;ssl=1 768w, https:\/\/i0.wp.com\/asu77ussy.fr\/wp-content\/uploads\/2019\/04\/IMG_0974.jpg?w=1600&amp;ssl=1 1600w\" sizes=\"auto, (max-width: 800px) 100vw, 800px\" \/><\/figure><div class=\"wp-block-media-text__content\">\n<h6 class=\"wp-block-heading\">Cette sente d\u00e9bute 13 rue du Clos \u00e0 Relac et d\u00e9bouche au 13 rue de Lizy. elle longe la ligne de chemin de fer.<\/h6>\n<\/div><\/div>\n\n\n\n<h6 class=\"wp-block-heading\">Petit oubli : la Ruelle des Tambourins qui d\u00e9bute au 14 rue de la Dehors pour rejoindre la plaine en bas des Chauds Soleils.<\/h6>\n\n\n\n<div class=\"wp-block-media-text alignwide has-media-on-the-right\"><figure class=\"wp-block-media-text__media\"><img data-recalc-dims=\"1\" loading=\"lazy\" decoding=\"async\" width=\"800\" height=\"600\" src=\"https:\/\/i0.wp.com\/asu77ussy.fr\/wp-content\/uploads\/2019\/04\/IMG_0976-1024x768.jpg?resize=800%2C600\" alt=\"\" class=\"wp-image-206\" srcset=\"https:\/\/i0.wp.com\/asu77ussy.fr\/wp-content\/uploads\/2019\/04\/IMG_0976.jpg?resize=1024%2C768&amp;ssl=1 1024w, https:\/\/i0.wp.com\/asu77ussy.fr\/wp-content\/uploads\/2019\/04\/IMG_0976.jpg?resize=300%2C225&amp;ssl=1 300w, https:\/\/i0.wp.com\/asu77ussy.fr\/wp-content\/uploads\/2019\/04\/IMG_0976.jpg?resize=768%2C576&amp;ssl=1 768w, https:\/\/i0.wp.com\/asu77ussy.fr\/wp-content\/uploads\/2019\/04\/IMG_0976.jpg?w=1600&amp;ssl=1 1600w\" sizes=\"auto, (max-width: 800px) 100vw, 800px\" \/><\/figure><div class=\"wp-block-media-text__content\">\n<h6 class=\"wp-block-heading\">La ruelle du&nbsp;Pressoir relie le 22 bis rue de&nbsp;Lizy (au niveau du pont de chemin de fer) jusqu&rsquo;\u00e0 la ruelle de Mare Parent. Elle est parall\u00e8le \u00e0 la voix ferr\u00e9e.<\/h6>\n<\/div><\/div>\n\n\n\n<div class=\"wp-block-media-text alignwide\"><figure class=\"wp-block-media-text__media\"><img data-recalc-dims=\"1\" loading=\"lazy\" decoding=\"async\" width=\"800\" height=\"600\" src=\"https:\/\/i0.wp.com\/asu77ussy.fr\/wp-content\/uploads\/2019\/04\/IMG_0979-1024x768.jpg?resize=800%2C600\" alt=\"\" class=\"wp-image-207\" srcset=\"https:\/\/i0.wp.com\/asu77ussy.fr\/wp-content\/uploads\/2019\/04\/IMG_0979.jpg?resize=1024%2C768&amp;ssl=1 1024w, https:\/\/i0.wp.com\/asu77ussy.fr\/wp-content\/uploads\/2019\/04\/IMG_0979.jpg?resize=300%2C225&amp;ssl=1 300w, https:\/\/i0.wp.com\/asu77ussy.fr\/wp-content\/uploads\/2019\/04\/IMG_0979.jpg?resize=768%2C576&amp;ssl=1 768w, https:\/\/i0.wp.com\/asu77ussy.fr\/wp-content\/uploads\/2019\/04\/IMG_0979.jpg?w=1600&amp;ssl=1 1600w\" sizes=\"auto, (max-width: 800px) 100vw, 800px\" \/><\/figure><div class=\"wp-block-media-text__content\">\n<h6 class=\"wp-block-heading\">Tr\u00e8s jolie ruelle en herbe&nbsp;qui d\u00e9marre entre le n\u00b0 13 &amp; 15 rue de la Fert\u00e9 pour d\u00e9boucher en perpendiculaire dans la ruelle du Montcel.<\/h6>\n<\/div><\/div>\n\n\n\n<div class=\"wp-block-media-text alignwide has-media-on-the-right\"><figure class=\"wp-block-media-text__media\"><img data-recalc-dims=\"1\" loading=\"lazy\" decoding=\"async\" width=\"800\" height=\"600\" src=\"https:\/\/i0.wp.com\/asu77ussy.fr\/wp-content\/uploads\/2019\/04\/IMG_0986-1024x768.jpg?resize=800%2C600\" alt=\"\" class=\"wp-image-208\" srcset=\"https:\/\/i0.wp.com\/asu77ussy.fr\/wp-content\/uploads\/2019\/04\/IMG_0986.jpg?resize=1024%2C768&amp;ssl=1 1024w, https:\/\/i0.wp.com\/asu77ussy.fr\/wp-content\/uploads\/2019\/04\/IMG_0986.jpg?resize=300%2C225&amp;ssl=1 300w, https:\/\/i0.wp.com\/asu77ussy.fr\/wp-content\/uploads\/2019\/04\/IMG_0986.jpg?resize=768%2C576&amp;ssl=1 768w, https:\/\/i0.wp.com\/asu77ussy.fr\/wp-content\/uploads\/2019\/04\/IMG_0986.jpg?w=1600&amp;ssl=1 1600w\" sizes=\"auto, (max-width: 800px) 100vw, 800px\" \/><\/figure><div class=\"wp-block-media-text__content\">\n<h6 class=\"wp-block-heading\">D\u00e9bute rue de la Fert\u00e9 entre le N\u00b0 42 &amp; 44 jusqu&rsquo;\u00e0 la voie de chemin de fer et arrive donc dans la ruelle du Pressoir.<\/h6>\n<\/div><\/div>\n\n\n\n<div class=\"wp-block-media-text alignwide\"><figure class=\"wp-block-media-text__media\"><img data-recalc-dims=\"1\" loading=\"lazy\" decoding=\"async\" width=\"800\" height=\"600\" src=\"https:\/\/i0.wp.com\/asu77ussy.fr\/wp-content\/uploads\/2019\/04\/IMG_0988-1024x768.jpg?resize=800%2C600\" alt=\"\" class=\"wp-image-209\" srcset=\"https:\/\/i0.wp.com\/asu77ussy.fr\/wp-content\/uploads\/2019\/04\/IMG_0988.jpg?resize=1024%2C768&amp;ssl=1 1024w, https:\/\/i0.wp.com\/asu77ussy.fr\/wp-content\/uploads\/2019\/04\/IMG_0988.jpg?resize=300%2C225&amp;ssl=1 300w, https:\/\/i0.wp.com\/asu77ussy.fr\/wp-content\/uploads\/2019\/04\/IMG_0988.jpg?resize=768%2C576&amp;ssl=1 768w, https:\/\/i0.wp.com\/asu77ussy.fr\/wp-content\/uploads\/2019\/04\/IMG_0988.jpg?w=1600&amp;ssl=1 1600w\" sizes=\"auto, (max-width: 800px) 100vw, 800px\" \/><\/figure><div class=\"wp-block-media-text__content\">\n<h6 class=\"wp-block-heading\">La ruelle du Moncel d\u00e9bute 39 ruelle du Montcel et rejoint la ruelle de la Faindaise. Elle est parall\u00e8le \u00e0 la Marne.<\/h6>\n<\/div><\/div>\n\n\n<p>Acc\u00e8s au plan de Ussy sur Marne dress\u00e9 en 1968 et r\u00e9vis\u00e9 en 1980<\/p>\n<p><img data-recalc-dims=\"1\" loading=\"lazy\" decoding=\"async\" class=\"aligncenter\" src=\"https:\/\/i0.wp.com\/2.bp.blogspot.com\/-vRP3dyh8EO4\/VV8XOlDkyVI\/AAAAAAAABK0\/WlzAYkOGZlU\/s320\/Plan%2BUssy%2B1980.jpg?resize=320%2C224\" width=\"320\" height=\"224\" border=\"0\" \/><\/p>","protected":false},"excerpt":{"rendered":"<p>&nbsp; &nbsp; L&rsquo;association, apr\u00e8s recherche aux archives, a retrouv\u00e9 les noms des ruelles et des sentes. Pour les mettre en<\/p>\n","protected":false},"author":1,"featured_media":0,"parent":164,"menu_order":0,"comment_status":"closed","ping_status":"closed","template":"","meta":{"colormag_page_container_layout":"no_sidebar_content_centered","colormag_page_sidebar_layout":"no_sidebar","jetpack_post_was_ever_published":false,"footnotes":""},"class_list":["post-1876","page","type-page","status-publish","hentry"],"jetpack_sharing_enabled":true,"jetpack_shortlink":"https:\/\/wp.me\/PaUFS9-ug","_links":{"self":[{"href":"https:\/\/asu77ussy.fr\/index.php\/wp-json\/wp\/v2\/pages\/1876","targetHints":{"allow":["GET"]}}],"collection":[{"href":"https:\/\/asu77ussy.fr\/index.php\/wp-json\/wp\/v2\/pages"}],"about":[{"href":"https:\/\/asu77ussy.fr\/index.php\/wp-json\/wp\/v2\/types\/page"}],"author":[{"embeddable":true,"href":"https:\/\/asu77ussy.fr\/index.php\/wp-json\/wp\/v2\/users\/1"}],"replies":[{"embeddable":true,"href":"https:\/\/asu77ussy.fr\/index.php\/wp-json\/wp\/v2\/comments?post=1876"}],"version-history":[{"count":26,"href":"https:\/\/asu77ussy.fr\/index.php\/wp-json\/wp\/v2\/pages\/1876\/revisions"}],"predecessor-version":[{"id":1905,"href":"https:\/\/asu77ussy.fr\/index.php\/wp-json\/wp\/v2\/pages\/1876\/revisions\/1905"}],"up":[{"embeddable":true,"href":"https:\/\/asu77ussy.fr\/index.php\/wp-json\/wp\/v2\/pages\/164"}],"wp:attachment":[{"href":"https:\/\/asu77ussy.fr\/index.php\/wp-json\/wp\/v2\/media?parent=1876"}],"curies":[{"name":"wp","href":"https:\/\/api.w.org\/{rel}","templated":true}]}}