{"id":1743,"date":"2019-08-23T11:03:02","date_gmt":"2019-08-23T09:03:02","guid":{"rendered":"http:\/\/asu77ussy.fr\/?page_id=1743"},"modified":"2023-11-28T12:23:05","modified_gmt":"2023-11-28T11:23:05","slug":"saint-colomban-et-les-racines-chretiennes-de-leurope","status":"publish","type":"page","link":"https:\/\/asu77ussy.fr\/index.php\/saint-colomban\/saint-colomban-et-les-racines-chretiennes-de-leurope\/","title":{"rendered":"Saint Colomban et les racines chr\u00e9tiennes de l&rsquo;Europe (Litt\u00e9rature)"},"content":{"rendered":"<p style=\"text-align: center;\">Ce livre de 471 pages est en vente au profit des AMIS DE SAINT COLOMBAN<\/p>\n<h5 style=\"text-align: center;\"><a href=\"https:\/\/asu77ussy.fr\/index.php\/saint-authaire-le-saint-patron\/\" target=\"_blank\" rel=\"noopener\">Colomban et Authaire \u00e0 Ussy<\/a><\/h5>\n<p style=\"text-align: center;\">Prix de vente : 20 \u20ac (+ 5 \u20ac d&rsquo;affranchissement et d&#8217;emballage)<\/p>\n<p style=\"text-align: center;\"><em>Ch\u00e8que \u00e0 \u00e9tablir \u00e0 l&rsquo;ordre des <strong>Amis de saint Colomban <\/strong>\u00e0 envoyer \u00e0 :<\/em><\/p>\n<p style=\"text-align: center;\"><em>Madame Yvonne AMPEN &#8211; <\/em><em>1, rue des Marionnettes &#8211; 77260 USSY-SUR-MARNE<\/em><\/p>\n<p><img data-recalc-dims=\"1\" loading=\"lazy\" decoding=\"async\" class=\"aligncenter\" src=\"https:\/\/i0.wp.com\/2.bp.blogspot.com\/-aswOVg9bleM\/VlLZyLawn9I\/AAAAAAAACJE\/YgZhs_HReNw\/s640\/20151123083806-1.jpg?resize=433%2C640&#038;ssl=1\" width=\"433\" height=\"640\" border=\"0\" \/><\/p>\n<p><img data-recalc-dims=\"1\" loading=\"lazy\" decoding=\"async\" class=\"aligncenter\" src=\"https:\/\/i0.wp.com\/2.bp.blogspot.com\/-6hAH1PsfBu4\/VlLZzqPF45I\/AAAAAAAACJM\/kU1AZ1WiXWw\/s640\/20151123083835-2.jpg?resize=436%2C640&#038;ssl=1\" width=\"436\" height=\"640\" border=\"0\" \/><\/p>\n<p style=\"text-align: center;\">Ce livre est \u00e9galement en vente \u00e0 l&rsquo;Abbaye de Jouarre ainsi qu&rsquo;\u00e0 l&rsquo;office de Tourisme situ\u00e9 \u00e0 Jouarre<\/p>\n","protected":false},"excerpt":{"rendered":"<p>Ce livre de 471 pages est en vente au profit des AMIS DE SAINT COLOMBAN Colomban et Authaire \u00e0 Ussy<\/p>\n","protected":false},"author":1,"featured_media":0,"parent":463,"menu_order":0,"comment_status":"closed","ping_status":"closed","template":"","meta":{"colormag_page_container_layout":"no_sidebar_content_centered","colormag_page_sidebar_layout":"no_sidebar","jetpack_post_was_ever_published":false,"footnotes":""},"class_list":["post-1743","page","type-page","status-publish","hentry"],"jetpack_sharing_enabled":true,"jetpack_shortlink":"https:\/\/wp.me\/PaUFS9-s7","_links":{"self":[{"href":"https:\/\/asu77ussy.fr\/index.php\/wp-json\/wp\/v2\/pages\/1743","targetHints":{"allow":["GET"]}}],"collection":[{"href":"https:\/\/asu77ussy.fr\/index.php\/wp-json\/wp\/v2\/pages"}],"about":[{"href":"https:\/\/asu77ussy.fr\/index.php\/wp-json\/wp\/v2\/types\/page"}],"author":[{"embeddable":true,"href":"https:\/\/asu77ussy.fr\/index.php\/wp-json\/wp\/v2\/users\/1"}],"replies":[{"embeddable":true,"href":"https:\/\/asu77ussy.fr\/index.php\/wp-json\/wp\/v2\/comments?post=1743"}],"version-history":[{"count":6,"href":"https:\/\/asu77ussy.fr\/index.php\/wp-json\/wp\/v2\/pages\/1743\/revisions"}],"predecessor-version":[{"id":6110,"href":"https:\/\/asu77ussy.fr\/index.php\/wp-json\/wp\/v2\/pages\/1743\/revisions\/6110"}],"up":[{"embeddable":true,"href":"https:\/\/asu77ussy.fr\/index.php\/wp-json\/wp\/v2\/pages\/463"}],"wp:attachment":[{"href":"https:\/\/asu77ussy.fr\/index.php\/wp-json\/wp\/v2\/media?parent=1743"}],"curies":[{"name":"wp","href":"https:\/\/api.w.org\/{rel}","templated":true}]}}