{"id":1516,"date":"2019-08-17T12:01:04","date_gmt":"2019-08-17T10:01:04","guid":{"rendered":"http:\/\/asu77ussy.fr\/?page_id=1516"},"modified":"2026-02-08T20:21:51","modified_gmt":"2026-02-08T19:21:51","slug":"vitraux-de-leglise-saint-authaire","status":"publish","type":"page","link":"https:\/\/asu77ussy.fr\/index.php\/eglise-st-authaire-et-ses-vitraux\/vitraux-de-leglise-saint-authaire\/","title":{"rendered":"Vitraux de l&rsquo;\u00e9glise Saint Authaire"},"content":{"rendered":"<h3 class=\"post-title entry-title\"><span style=\"color: #191e23; font-size: 16px;\">L&rsquo;\u00e9glise (XI<\/span><span class=\"st\" style=\"color: #191e23; font-size: 16px;\"><i>\u00e8me<\/i><\/span><span style=\"color: #191e23; font-size: 16px;\">&#8211; XIII<\/span><span class=\"st\" style=\"color: #191e23; font-size: 16px;\"><i>\u00e8me<\/i><\/span><span style=\"color: #191e23; font-size: 16px;\">&#8211; XIV<\/span><span class=\"st\" style=\"color: #191e23; font-size: 16px;\"><i>\u00e8me<\/i><\/span><span style=\"color: #191e23; font-size: 16px;\">&#8211; XVI<\/span><span class=\"st\" style=\"color: #191e23; font-size: 16px;\"><i>\u00e8me <\/i><\/span><span style=\"color: #191e23; font-size: 16px;\">si\u00e8cles) est d\u00e9di\u00e9e \u00e0 Saint Authaire. Elle t\u00e9moigne de l&rsquo;histoire d&rsquo;une illustre famille qui, au VII<\/span><i style=\"color: #191e23; font-size: 16px;\">\u00e8me <\/i><span style=\"color: #191e23; font-size: 16px;\">si\u00e8cle contribua \u00e0 la christianisation de la Brie, \u00e0 son d\u00e9veloppement \u00e9conomique et politique, et participa au gouvernement de la Gaule du Nord.<\/span><\/h3>\n<div id=\"post-body-8061835396151342745\" class=\"post-body entry-content\">\n<div><\/div>\n<div>Inscrite aux Monuments Historiques, vous pouvez b\u00e9n\u00e9ficier de visites guid\u00e9es, <a href=\"http:\/\/asu77260.blogspot.fr\/p\/visiter-ussy-sur-marne.html\" target=\"_blank\" rel=\"noopener noreferrer\">contactez l&rsquo;association\u00a0qui pourra vous apporter davantage de pr\u00e9cisions <\/a>sur l&rsquo;Eglise, mais ausi sur l&rsquo;\u00e9crivain Prix Nobel de litt\u00e9rature, Samuel Beckett, qui v\u00e9cu \u00e0 partir des ann\u00e9es 50 dans notre village.<\/div>\n<div>D&rsquo;autre part, des renseignements pourront vous \u00eatre communiqu\u00e9es sur le peintre Henry Hayden, ami de Samuel Beckett, qui r\u00e9alisa des tableaux de paysages d&rsquo;Ussy et de ses hameaux.<\/div>\n<div>\n<div class=\"separator\"><a href=\"https:\/\/i0.wp.com\/3.bp.blogspot.com\/-a15D2BDGx_8\/VQsg6zw6PdI\/AAAAAAAAAUw\/lD9ZXI6LJqc\/s1600\/St%2BColomban%2Bbenit%2Bles%2B2%2Bfils%2Bde%2BSt%2BAuthaire%2BAdon%2Bet%2BDadon.JPG\"><img data-recalc-dims=\"1\" loading=\"lazy\" decoding=\"async\" class=\"aligncenter\" src=\"https:\/\/i0.wp.com\/3.bp.blogspot.com\/-a15D2BDGx_8\/VQsg6zw6PdI\/AAAAAAAAAUw\/lD9ZXI6LJqc\/s1600\/St%2BColomban%2Bbenit%2Bles%2B2%2Bfils%2Bde%2BSt%2BAuthaire%2BAdon%2Bet%2BDadon.JPG?resize=340%2C640&#038;ssl=1\" width=\"340\" height=\"640\" border=\"0\" \/><\/a><\/div>\n<div>\u00a0\u00a0<i>Vitrail du XIX\u00e8me si\u00e8cle (1888) repr\u00e9sentant la rencontre \u00e0 Ussy sur Marne entre Colomban, Authaire et ses deux fils en l&rsquo;an 610<\/i><\/div>\n<div><\/div>\n<div><i>LA CHAPELLE SEIGNEURIALE DE L&rsquo;\u00c9GLISEDE USSY<\/i><\/div>\n<div><\/div>\n<div><i>\u00a05 vitraux du XVI\u00e8me si\u00e8cle class\u00e9s aux Monuments Historiques<\/i><\/div>\n<div><i>Ces vitraux font partied&rsquo;un ensemble constituant le d\u00e9cor d&rsquo;une chapelle seigneurialedat\u00e9e du XVI\u00e8me si\u00e8cle (recherche en coursconcernantl&rsquo;identit\u00e9 des donateurs).<\/i><i><\/i><\/div>\n<\/div>\n<div class=\"separator\"><\/div>\n<div class=\"separator\"><a href=\"https:\/\/i0.wp.com\/2.bp.blogspot.com\/-JTCbRMYn7oo\/VQshDNLkmLI\/AAAAAAAAAU4\/ZDRzbmnsanI\/s1600\/La%2Bpassion%2Bdu%2BChrist.JPG\"><img data-recalc-dims=\"1\" loading=\"lazy\" decoding=\"async\" class=\"aligncenter\" src=\"https:\/\/i0.wp.com\/2.bp.blogspot.com\/-JTCbRMYn7oo\/VQshDNLkmLI\/AAAAAAAAAU4\/ZDRzbmnsanI\/s1600\/La%2Bpassion%2Bdu%2BChrist.JPG?resize=426%2C640&#038;ssl=1\" width=\"426\" height=\"640\" border=\"0\" \/><\/a><\/div>\n<div>\u00a0<i>Vitrail du XVI<\/i><i><span class=\"st\">\u00e8me<\/span>si\u00e8cle repr\u00e9sentant un \u00e9pisode de la passion du Christ<\/i><\/div>\n<div><\/div>\n<div class=\"separator\"><\/div>\n<div class=\"separator\"><a href=\"https:\/\/i0.wp.com\/1.bp.blogspot.com\/-WelzmannIJE\/WN4UuvidZ4I\/AAAAAAAACsY\/POjs-WBwH0QIpyZwBZQLlLNBf3AjskjKwCLcB\/s1600\/%253D_utf-8_B_VG90YSBwdWxjaHJhIFVzc3ktc3VyLU1hcm5lICg%253D_%253D%2B%253D_utf-8_B_cGhvdG8gaW50ZXJuZXQgcHJvdGXMg2WdlzIFlKS5qcGc%253D_%253D.jpg?ssl=1\"><img data-recalc-dims=\"1\" loading=\"lazy\" decoding=\"async\" class=\"aligncenter\" src=\"https:\/\/i0.wp.com\/1.bp.blogspot.com\/-WelzmannIJE\/WN4UuvidZ4I\/AAAAAAAACsY\/POjs-WBwH0QIpyZwBZQLlLNBf3AjskjKwCLcB\/s640\/%253D_utf-8_B_VG90YSBwdWxjaHJhIFVzc3ktc3VyLU1hcm5lICg%253D_%253D%2B%253D_utf-8_B_cGhvdG8gaW50ZXJuZXQgcHJvdGXMg2WdlzIFlKS5qcGc%253D_%253D.jpg?resize=150%2C640&#038;ssl=1\" width=\"150\" height=\"640\" border=\"0\" \/><\/a><\/div>\n<div class=\"separator\"><\/div>\n<div class=\"separator\"><i>\u00a0Vitrail du XVI\u00e8me si\u00e8cle (partie haute r\u00e9nov\u00e9e au XIX\u00e8me)<\/i><\/div>\n<div><i>illustrant les Litanies de la Vierge<\/i><\/div>\n<div class=\"separator\"><a href=\"https:\/\/i0.wp.com\/4.bp.blogspot.com\/-qOil7a4JDIM\/WMEcaqW0F9I\/AAAAAAAACqw\/IheebChYiwQgD_MM7tk9J8PEK4mxeJW_ACLcB\/s1600\/ASUvitrail%2BXVI%2Bannonc2.JPG?ssl=1\"><img data-recalc-dims=\"1\" loading=\"lazy\" decoding=\"async\" src=\"https:\/\/i0.wp.com\/4.bp.blogspot.com\/-qOil7a4JDIM\/WMEcaqW0F9I\/AAAAAAAACqw\/IheebChYiwQgD_MM7tk9J8PEK4mxeJW_ACLcB\/s640\/ASUvitrail%2BXVI%2Bannonc2.JPG?resize=630%2C640&#038;ssl=1\" width=\"630\" height=\"640\" border=\"0\" \/><\/a><\/div>\n<div>Vitrail XVI\u00e8me &#8211; L&rsquo;Annonciation<\/div>\n<div><\/div>\n<div><\/div>\n<div class=\"separator\"><\/div>\n<div class=\"separator\"><a href=\"https:\/\/i0.wp.com\/4.bp.blogspot.com\/-GJZS5m2JARc\/WMEbb_I0yFI\/AAAAAAAACqc\/wWZQgPK0124tVlQn8Qo4hxVdSzHrc-DtQCLcB\/s1600\/ASUvitrail%2Bvie%2BVierge.JPG?ssl=1\"><img data-recalc-dims=\"1\" loading=\"lazy\" decoding=\"async\" class=\"aligncenter\" src=\"https:\/\/i0.wp.com\/4.bp.blogspot.com\/-GJZS5m2JARc\/WMEbb_I0yFI\/AAAAAAAACqc\/wWZQgPK0124tVlQn8Qo4hxVdSzHrc-DtQCLcB\/s640\/ASUvitrail%2Bvie%2BVierge.JPG?resize=428%2C640&#038;ssl=1\" width=\"428\" height=\"640\" border=\"0\" \/>\u00a0<\/a><\/div>\n<div class=\"separator\">Vitrail XVI\u00e8me &#8211; Vie de la Vierge-Marie<\/div>\n<div>La Visitation, la Nativit\u00e9, l\u2019\u00c9piphanie, la pr\u00e9sentation au Temple<\/div>\n<div><\/div>\n<div class=\"separator\"><a href=\"https:\/\/i0.wp.com\/2.bp.blogspot.com\/-uMo3c1jrGrg\/WNTHy_FLQqI\/AAAAAAAACsA\/PohCiCVr-BA7WA_1-UFpQO_GvEGuB85FgCLcB\/s1600\/ASUvitrail.jpg?ssl=1\"><img data-recalc-dims=\"1\" loading=\"lazy\" decoding=\"async\" src=\"https:\/\/i0.wp.com\/2.bp.blogspot.com\/-uMo3c1jrGrg\/WNTHy_FLQqI\/AAAAAAAACsA\/PohCiCVr-BA7WA_1-UFpQO_GvEGuB85FgCLcB\/s640\/ASUvitrail.jpg?resize=598%2C640&#038;ssl=1\" width=\"598\" height=\"640\" border=\"0\" \/><\/a><\/div>\n<div class=\"separator\"><\/div>\n<div class=\"separator\">\u00a0Vitrail XVI\u00e8me (d\u00e9tail)\u00a0&#8211; Vie de Saint Jean-Baptiste<\/div>\n<div class=\"separator\"><\/div>\n<div class=\"separator\"><a href=\"https:\/\/i0.wp.com\/1.bp.blogspot.com\/-DrRs6OX3Pdc\/WPiY7YPBZuI\/AAAAAAAACt8\/B3nW2pImirs-_uq4y9wonva1ROYMHYeAgCLcB\/s1600\/vitrail%2BIMG_0782.JPG?ssl=1\"><img data-recalc-dims=\"1\" loading=\"lazy\" decoding=\"async\" class=\"aligncenter\" src=\"https:\/\/i0.wp.com\/1.bp.blogspot.com\/-DrRs6OX3Pdc\/WPiY7YPBZuI\/AAAAAAAACt8\/B3nW2pImirs-_uq4y9wonva1ROYMHYeAgCLcB\/s640\/vitrail%2BIMG_0782.JPG?resize=505%2C640&#038;ssl=1\" width=\"505\" height=\"640\" border=\"0\" \/><\/a><\/div>\n<div class=\"separator\"><\/div>\n<div class=\"separator\"><\/div>\n<div class=\"separator\" style=\"text-align: center;\">\u00a0Vitrail XVI\u00e8me (entier)\u00a0&#8211; Vie de Saint Jean-Baptiste<\/div>\n<div style=\"text-align: center;\"><\/div>\n<div style=\"text-align: center;\">******<\/div>\n<div><b>\u00a0<\/b><\/div>\n<div>Il existe deux brochures \u00e9dit\u00e9es par l&rsquo;ASU, consacr\u00e9es \u00e0 <a href=\"http:\/\/asu77260.blogspot.com\/2015\/03\/blog-post_12.html\" target=\"_blank\" rel=\"noopener noreferrer\">Authaire d&rsquo;une part<\/a>,<\/div>\n<div>et \u00e0<a href=\"http:\/\/asu77260.blogspot.com\/2015\/03\/une-chronique-archeologique-villageoise.html\" target=\"_blank\" rel=\"noopener noreferrer\">l&rsquo;arch\u00e9ologie de l&rsquo;\u00e9glise d&rsquo;autre part<\/a>.<\/div>\n<div>Vous pouvez vous les procurer en cliquant sur les liens ci-dessus.<\/div>\n<div><\/div>\n<\/div>\n<div class=\"post-footer\">\n<div class=\"post-footer-line post-footer-line-1\"><\/div>\n<\/div>\n","protected":false},"excerpt":{"rendered":"<p>L&rsquo;\u00e9glise (XI\u00e8me&#8211; XIII\u00e8me&#8211; XIV\u00e8me&#8211; XVI\u00e8me si\u00e8cles) est d\u00e9di\u00e9e \u00e0 Saint Authaire. Elle t\u00e9moigne de l&rsquo;histoire d&rsquo;une illustre famille qui, au<\/p>\n","protected":false},"author":1,"featured_media":0,"parent":372,"menu_order":0,"comment_status":"closed","ping_status":"closed","template":"","meta":{"colormag_page_container_layout":"no_sidebar_content_centered","colormag_page_sidebar_layout":"no_sidebar","jetpack_post_was_ever_published":false,"footnotes":""},"class_list":["post-1516","page","type-page","status-publish","hentry"],"jetpack_sharing_enabled":true,"jetpack_shortlink":"https:\/\/wp.me\/PaUFS9-os","_links":{"self":[{"href":"https:\/\/asu77ussy.fr\/index.php\/wp-json\/wp\/v2\/pages\/1516","targetHints":{"allow":["GET"]}}],"collection":[{"href":"https:\/\/asu77ussy.fr\/index.php\/wp-json\/wp\/v2\/pages"}],"about":[{"href":"https:\/\/asu77ussy.fr\/index.php\/wp-json\/wp\/v2\/types\/page"}],"author":[{"embeddable":true,"href":"https:\/\/asu77ussy.fr\/index.php\/wp-json\/wp\/v2\/users\/1"}],"replies":[{"embeddable":true,"href":"https:\/\/asu77ussy.fr\/index.php\/wp-json\/wp\/v2\/comments?post=1516"}],"version-history":[{"count":3,"href":"https:\/\/asu77ussy.fr\/index.php\/wp-json\/wp\/v2\/pages\/1516\/revisions"}],"predecessor-version":[{"id":6981,"href":"https:\/\/asu77ussy.fr\/index.php\/wp-json\/wp\/v2\/pages\/1516\/revisions\/6981"}],"up":[{"embeddable":true,"href":"https:\/\/asu77ussy.fr\/index.php\/wp-json\/wp\/v2\/pages\/372"}],"wp:attachment":[{"href":"https:\/\/asu77ussy.fr\/index.php\/wp-json\/wp\/v2\/media?parent=1516"}],"curies":[{"name":"wp","href":"https:\/\/api.w.org\/{rel}","templated":true}]}}