{"id":1510,"date":"2019-08-17T11:53:03","date_gmt":"2019-08-17T09:53:03","guid":{"rendered":"http:\/\/asu77ussy.fr\/?page_id=1510"},"modified":"2019-08-17T11:53:08","modified_gmt":"2019-08-17T09:53:08","slug":"photos-eglise","status":"publish","type":"page","link":"https:\/\/asu77ussy.fr\/index.php\/eglise-st-authaire-et-ses-vitraux\/photos-eglise\/","title":{"rendered":"Photos Eglise"},"content":{"rendered":"<h3>\u00a0<\/h3>\n<p><img data-recalc-dims=\"1\" loading=\"lazy\" decoding=\"async\" src=\"https:\/\/i0.wp.com\/2.bp.blogspot.com\/-N4xpK7f96Qs\/VtBLJa2uevI\/AAAAAAAACQw\/EBWbYqzdpgg\/s640\/bas%2Bc%25C3%25B4t%25C3%25A9%2B.JPG?resize=640%2C426&#038;ssl=1\" width=\"640\" height=\"426\" border=\"0\" \/><\/p>\n<p style=\"text-align: center;\">Bas-c\u00f4t\u00e9 de l&rsquo;\u00e9glise depuis la petite chapelle<\/p>\n<p><img data-recalc-dims=\"1\" loading=\"lazy\" decoding=\"async\" class=\"aligncenter\" src=\"https:\/\/i0.wp.com\/2.bp.blogspot.com\/-pgyN02fQR9o\/VtBLJAzTr2I\/AAAAAAAACQs\/ZIt9TkSDYiM\/s640\/CCx%2B%2Bstation%2B14.JPG?resize=425%2C640&#038;ssl=1\" width=\"425\" height=\"640\" border=\"0\" \/><\/p>\n<p><img data-recalc-dims=\"1\" loading=\"lazy\" decoding=\"async\" class=\"aligncenter\" src=\"https:\/\/i0.wp.com\/2.bp.blogspot.com\/-7YhOOCFKxOg\/VtBLJkSzdmI\/AAAAAAAACQ0\/M3oUatNNDG4\/s640\/CCx%2Bstation%2B10.JPG?resize=426%2C640&#038;ssl=1\" width=\"426\" height=\"640\" border=\"0\" \/><\/p>\n<p style=\"text-align: center;\">Stations 10 et 14 du Chemin de Croix (1863)<\/p>\n<p><img data-recalc-dims=\"1\" loading=\"lazy\" decoding=\"async\" class=\"aligncenter\" src=\"https:\/\/i0.wp.com\/2.bp.blogspot.com\/-s4DzQ84G4hU\/VwFD3VqbByI\/AAAAAAAACS0\/HZ9TyRSkKncoQfkw4yB52J-r46HyaKaxg\/s640\/Tableau.JPG?resize=462%2C640&#038;ssl=1\" width=\"462\" height=\"640\" border=\"0\" \/><\/p>\n<p style=\"text-align: center;\">\u00ab\u00a0Le Christ montrant ses plaies \u00e0 ses Ap\u00f4tres\u00a0\u00bb ou<\/p>\n<p style=\"text-align: center;\">\u00ab\u00a0l&rsquo;Incr\u00e9dulit\u00e9 de Saint Thomas\u00a0\u00bb<\/p>\n<p style=\"text-align: center;\">Peinture de CLERET\u00a0de 1822 (Huile sur toile 2,68 m x 1,88 m)<\/p>\n<p style=\"text-align: center;\">Restaur\u00e9e en 1993\/1994 par Duc &#8211; Ateliers (Montm\u00e9nard-77)<\/p>\n<p style=\"text-align: center;\"><em>Figure sous le n\u00b0 22 \u00e0 l&rsquo;Inventaire de 1905 sous le titre<\/em><\/p>\n<p style=\"text-align: center;\"><em>\u00ab\u00a0Le Christ montrant ses plaies\u00a0\u00bb<\/em><\/p>\n<p><img data-recalc-dims=\"1\" loading=\"lazy\" decoding=\"async\" class=\"aligncenter\" src=\"https:\/\/i0.wp.com\/4.bp.blogspot.com\/-IdM8l0P39Ac\/VtBLRCExI4I\/AAAAAAAACRU\/exbrzcnRSRQ\/s640\/porte%2Bdes%2Bmorts.JPG?resize=426%2C640&#038;ssl=1\" width=\"426\" height=\"640\" border=\"0\" \/><\/p>\n<p style=\"text-align: center;\"><strong>\u00ab\u00a0Porte des Morts\u00a0\u00bb<\/strong><\/p>\n<p style=\"text-align: center;\">A l\u2019\u00e9poque o\u00f9 le cimeti\u00e8re entourait l\u2019\u00e9glise, on entrait le cercueil par la porte principale et on le sortait par une porte situ\u00e9e dans la nef.<\/p>\n<p style=\"text-align: center;\">Cette porte donnait un acc\u00e8s direct dans le cimeti\u00e8re.<\/p>\n<p style=\"text-align: center;\">Jusqu\u2019en 1853, la rue de Changis \u00e9tait \u00e0 la hauteur de cette porte qui a \u00e9t\u00e9 d\u00e9couverte (en 1993) lors des travaux de r\u00e9novation\u00a0 du c\u00f4t\u00e9 Sud de l\u2019Eglise<\/p>\n<p style=\"text-align: center;\">En 1853, le cimeti\u00e8re a \u00e9t\u00e9 supprim\u00e9 et la rue a \u00e9t\u00e9 abaiss\u00e9e.<\/p>\n<p>\u00ab\u00a0<em>Consid\u00e9rant que depuis dix ans, aucune inhumation n\u2019ayant eu lieu dans l\u2019ancien cimeti\u00e8re qui entoure l\u2019\u00e9glise d\u2019Ussy, que le terrain de ce cimeti\u00e8re est plus \u00e9lev\u00e9 que les rues qui l\u2019entourent, que cette \u00e9l\u00e9vation de terrain g\u00eane la circulation dans les rues, toutes tr\u00e8s \u00e9troites [Le conseil municipal d\u2019Ussy] demande \u00e0 \u00eatre autoris\u00e9 \u00e0 faire enlever au profit de la commune, toutes ces terres jusqu\u2019\u00e0 complet nivellement du sol du cimeti\u00e8re avec les rues qui l\u2019entourent, sans nuire toutefois \u00e0 la solidit\u00e9 des fondations de l\u2019\u00e9glise et en ne contribuant qu\u2019\u00e0 son assainissement\u00a0\u00bb\u00a0 <\/em><em>&#8211;<\/em>extrait des d\u00e9lib\u00e9rations du Conseil municipal de la Commune d\u2019Ussy le 15 Mars 1853, d\u00e9lib\u00e9rations envoy\u00e9es \u00e0 la Sous-Pr\u00e9fecture de Meaux pour approbation (1)<\/p>\n<p style=\"text-align: center;\"><em>(1) archives d\u00e9partementales de seine et marne, cote 4 OP 478 \/ 1<\/em><\/p>\n<p style=\"text-align: center;\"><em>\u00a0Paule Savane \u2013 Mai 2011 \u2013 Association pour la Sauvegarde d\u2019Ussy <\/em><\/p>\n<p><em><img data-recalc-dims=\"1\" loading=\"lazy\" decoding=\"async\" class=\"aligncenter\" src=\"https:\/\/i0.wp.com\/1.bp.blogspot.com\/-FGTYFgdBolU\/VtBLMtXQ33I\/AAAAAAAACRE\/FG9f5mS_e4E\/s640\/nef%2Bvue%2Btrib.JPG?resize=425%2C640&#038;ssl=1\" width=\"425\" height=\"640\" border=\"0\" \/>\u00a0<\/em><\/p>\n<p style=\"text-align: center;\">Nef basilicale depuis la tribune (XI\u00e8 si\u00e8cle)<\/p>\n<p><img data-recalc-dims=\"1\" loading=\"lazy\" decoding=\"async\" class=\"aligncenter\" src=\"https:\/\/i0.wp.com\/1.bp.blogspot.com\/-OPxF1GKBj-s\/VtBLO8k31ZI\/AAAAAAAACRM\/9I7qpUt9GiY\/s640\/nef%2B%25C3%25A9glise.JPG?resize=426%2C640&#038;ssl=1\" width=\"426\" height=\"640\" border=\"0\" \/><\/p>\n<p style=\"text-align: center;\">Nef vue du ch\u0153ur<\/p>\n<p><img data-recalc-dims=\"1\" loading=\"lazy\" decoding=\"async\" class=\"aligncenter\" src=\"https:\/\/i0.wp.com\/1.bp.blogspot.com\/-nxcnt-2phXU\/VtBLO2JGPVI\/AAAAAAAACRQ\/pIqfSktFCv4\/s400\/ostensoir%2Bd%25C3%25A9tail.JPG?resize=400%2C266&#038;ssl=1\" width=\"400\" height=\"266\" border=\"0\" \/><\/p>\n<p style=\"text-align: center;\">D\u00e9tail du pied de l&rsquo;ostensoir ci-dessous(non entrepos\u00e9 \u00e0 l&rsquo;Eglise de Ussy)<\/p>\n<p><img data-recalc-dims=\"1\" loading=\"lazy\" decoding=\"async\" class=\"aligncenter\" src=\"https:\/\/i0.wp.com\/1.bp.blogspot.com\/-iW1SsNEu0Rw\/VtBLRQT0E8I\/AAAAAAAACRc\/w3NP4m62vMk\/s320\/ostensoir.JPG?resize=213%2C320&#038;ssl=1\" width=\"213\" height=\"320\" border=\"0\" \/><br \/><img data-recalc-dims=\"1\" loading=\"lazy\" decoding=\"async\" class=\"aligncenter\" src=\"https:\/\/i0.wp.com\/2.bp.blogspot.com\/-63mcfJIhwpA\/VtBLRWVY49I\/AAAAAAAACRY\/EX_KhgA12A8\/s320\/pierre%2Btombale.JPG?resize=320%2C213&#038;ssl=1\" width=\"320\" height=\"213\" border=\"0\" \/><\/p>\n<p style=\"text-align: center;\">Pierre tombale du XVI\u00e8 si\u00e8cle (1586 ou 1590)<\/p>\n<p style=\"text-align: center;\"><em>Ci-git le corps&#8230;du nomm\u00e9 Jacques Touffe (ou \u00e9) marchand tonnelier et huchier&#8230;du Faubourg Saint Nicolas de Meaux, lequel est d\u00e9c\u00e9d\u00e9 le XX\u00e8me jour de MARS MILLE MILLE CINQ CENT QUATRE VINGT SIX (DIX ?).<\/em><\/p>\n<p style=\"text-align: center;\"><em> Priez Dieu pour lui.<\/em><\/p>\n<p><img data-recalc-dims=\"1\" loading=\"lazy\" decoding=\"async\" src=\"https:\/\/i0.wp.com\/2.bp.blogspot.com\/-S9ji55vOEJo\/VSKgx9__JDI\/AAAAAAAACi4\/5LvTAKyFLr8srbHOruHXs7fR6PRhoWmdACPcB\/s640\/St%2BColomban%2Bbenit%2Bles%2B2%2Bfils%2Bde%2BSt%2BAuthaire%2BAdon%2Bet%2BDadon.JPG?resize=339%2C640&#038;ssl=1\" width=\"339\" height=\"640\" border=\"0\" \/><\/p>\n<p style=\"text-align: center;\">Saint Authaire et ses trois c\u00e9l\u00e8bres fils\u00a0<\/p>\n<p style=\"text-align: center;\">Adon, Dadon et Radon<\/p>\n<p style=\"text-align: center;\">Fondateurs de trois Abbayes, cr\u00e9ateurs d\u2019un important lieu de vie en Brie<\/p>\n<p style=\"text-align: center;\"><em>Sur le vitrail (XIX\u00e8me) ci-dessus, seuls Adon et Dadon sont repr\u00e9sent\u00e9s<\/em><\/p>\n<p style=\"text-align: center;\"><em>on ignore pourquoi Radon ne figure pas<\/em><\/p>\n<pre>Jeudi 7 avril 2016<\/pre>\n","protected":false},"excerpt":{"rendered":"<p>\u00a0 Bas-c\u00f4t\u00e9 de l&rsquo;\u00e9glise depuis la petite chapelle Stations 10 et 14 du Chemin de Croix (1863) \u00ab\u00a0Le Christ montrant<\/p>\n","protected":false},"author":1,"featured_media":0,"parent":372,"menu_order":0,"comment_status":"closed","ping_status":"closed","template":"","meta":{"colormag_page_container_layout":"no_sidebar_content_centered","colormag_page_sidebar_layout":"no_sidebar","jetpack_post_was_ever_published":false,"footnotes":""},"class_list":["post-1510","page","type-page","status-publish","hentry"],"jetpack_sharing_enabled":true,"jetpack_shortlink":"https:\/\/wp.me\/PaUFS9-om","_links":{"self":[{"href":"https:\/\/asu77ussy.fr\/index.php\/wp-json\/wp\/v2\/pages\/1510","targetHints":{"allow":["GET"]}}],"collection":[{"href":"https:\/\/asu77ussy.fr\/index.php\/wp-json\/wp\/v2\/pages"}],"about":[{"href":"https:\/\/asu77ussy.fr\/index.php\/wp-json\/wp\/v2\/types\/page"}],"author":[{"embeddable":true,"href":"https:\/\/asu77ussy.fr\/index.php\/wp-json\/wp\/v2\/users\/1"}],"replies":[{"embeddable":true,"href":"https:\/\/asu77ussy.fr\/index.php\/wp-json\/wp\/v2\/comments?post=1510"}],"version-history":[{"count":1,"href":"https:\/\/asu77ussy.fr\/index.php\/wp-json\/wp\/v2\/pages\/1510\/revisions"}],"predecessor-version":[{"id":1511,"href":"https:\/\/asu77ussy.fr\/index.php\/wp-json\/wp\/v2\/pages\/1510\/revisions\/1511"}],"up":[{"embeddable":true,"href":"https:\/\/asu77ussy.fr\/index.php\/wp-json\/wp\/v2\/pages\/372"}],"wp:attachment":[{"href":"https:\/\/asu77ussy.fr\/index.php\/wp-json\/wp\/v2\/media?parent=1510"}],"curies":[{"name":"wp","href":"https:\/\/api.w.org\/{rel}","templated":true}]}}