{"id":1501,"date":"2019-08-17T11:32:24","date_gmt":"2019-08-17T09:32:24","guid":{"rendered":"http:\/\/asu77ussy.fr\/?page_id=1501"},"modified":"2019-10-29T14:00:53","modified_gmt":"2019-10-29T13:00:53","slug":"visite-virtuelle-de-leglise-saint-authaire","status":"publish","type":"page","link":"https:\/\/asu77ussy.fr\/index.php\/eglise-st-authaire-et-ses-vitraux\/visite-virtuelle-de-leglise-saint-authaire\/","title":{"rendered":"Visite virtuelle de l&rsquo;\u00e9glise Saint Authaire"},"content":{"rendered":"<p>Les liens ci-dessous vous permettront de visiter l\u2019\u00e9glise virtuellement. Nous les devons \u00e0 Mr Pascal RENARD, et \u00e0 Mr TISSOT Conseiller Municipal, lequel, apr\u00e8s deux ann\u00e9es de travail intensif sur le dossier, a obtenu l\u2019inscription MH de ce b\u00e2timent. (21\/11\/2013) ouvrant ainsi \u00e0 l\u2019obtention de subventions pour sa restauration. Qu\u2019il en soit chaleureusement remerci\u00e9.<\/p>\n<p><a href=\"http:\/\/www.juste-pour-voir.net\/20120803UssyEglise\/\" target=\"_blank\" rel=\"noopener noreferrer\"><em>http:\/\/www.juste-pour-voir.net\/20120803UssyEglise\/<\/em><\/a><\/p>\n<p><a href=\"http:\/\/www.alsace-360.fr\/visit\/xml\/caps140\/Vitrail.html?6\" target=\"_blank\" rel=\"noopener noreferrer\"><em>http:\/\/www.alsace-360.fr\/visit\/xml\/caps140\/Vitrail.html?6<\/em><\/a><\/p>\n<pre>jeudi 19 mai 2016<\/pre>\n","protected":false},"excerpt":{"rendered":"<p>Les liens ci-dessous vous permettront de visiter l\u2019\u00e9glise virtuellement. Nous les devons \u00e0 Mr Pascal RENARD, et \u00e0 Mr TISSOT<\/p>\n","protected":false},"author":1,"featured_media":0,"parent":372,"menu_order":0,"comment_status":"closed","ping_status":"closed","template":"","meta":{"colormag_page_container_layout":"no_sidebar_content_centered","colormag_page_sidebar_layout":"no_sidebar","jetpack_post_was_ever_published":false,"footnotes":""},"class_list":["post-1501","page","type-page","status-publish","hentry"],"jetpack_sharing_enabled":true,"jetpack_shortlink":"https:\/\/wp.me\/PaUFS9-od","_links":{"self":[{"href":"https:\/\/asu77ussy.fr\/index.php\/wp-json\/wp\/v2\/pages\/1501","targetHints":{"allow":["GET"]}}],"collection":[{"href":"https:\/\/asu77ussy.fr\/index.php\/wp-json\/wp\/v2\/pages"}],"about":[{"href":"https:\/\/asu77ussy.fr\/index.php\/wp-json\/wp\/v2\/types\/page"}],"author":[{"embeddable":true,"href":"https:\/\/asu77ussy.fr\/index.php\/wp-json\/wp\/v2\/users\/1"}],"replies":[{"embeddable":true,"href":"https:\/\/asu77ussy.fr\/index.php\/wp-json\/wp\/v2\/comments?post=1501"}],"version-history":[{"count":2,"href":"https:\/\/asu77ussy.fr\/index.php\/wp-json\/wp\/v2\/pages\/1501\/revisions"}],"predecessor-version":[{"id":2608,"href":"https:\/\/asu77ussy.fr\/index.php\/wp-json\/wp\/v2\/pages\/1501\/revisions\/2608"}],"up":[{"embeddable":true,"href":"https:\/\/asu77ussy.fr\/index.php\/wp-json\/wp\/v2\/pages\/372"}],"wp:attachment":[{"href":"https:\/\/asu77ussy.fr\/index.php\/wp-json\/wp\/v2\/media?parent=1501"}],"curies":[{"name":"wp","href":"https:\/\/api.w.org\/{rel}","templated":true}]}}