{"id":1498,"date":"2019-08-17T11:28:45","date_gmt":"2019-08-17T09:28:45","guid":{"rendered":"http:\/\/asu77ussy.fr\/?page_id=1498"},"modified":"2019-10-29T13:27:48","modified_gmt":"2019-10-29T12:27:48","slug":"leglise-dussy-monument-historique","status":"publish","type":"page","link":"https:\/\/asu77ussy.fr\/index.php\/eglise-st-authaire-et-ses-vitraux\/leglise-dussy-monument-historique\/","title":{"rendered":"L&rsquo;\u00e9glise d&rsquo;USSY : monument historique (sept 2016)"},"content":{"rendered":"<p>Un monument historique est, en France, un monument ou une entit\u00e9 recevant par arr\u00eat\u00e9 un statut juridique destin\u00e9 \u00e0 le prot\u00e9ger, du fait de son int\u00e9r\u00eat historique, artistique ou architectural.<\/p>\n<p>Deux niveaux de protection existent\u00a0: un monument peut \u00eatre \u00ab\u00a0class\u00e9\u00a0\u00bb ou \u00ab\u00a0inscrit\u00a0\u00bb comme tel, l&rsquo;inscription (dit jusqu&rsquo;en 2005 \u00ab\u00a0\u00e0 l&rsquo;inventaire suppl\u00e9mentaire des monuments historiques\u00a0\u00bb) \u00e9tant une protection pr\u00e9sentant un int\u00e9r\u00eat remarquable \u00e0 l&rsquo;\u00e9chelle r\u00e9gionale, contrairement au classement, prot\u00e9geant les monuments pr\u00e9sentant un int\u00e9r\u00eat \u00e0 l&rsquo;\u00e9chelle de la nation et qui constitue ainsi le plus haut niveau de protection.<\/p>\n<p>Dans le cas d&rsquo;immobilier, l&rsquo;arr\u00eat\u00e9 de protection \u00e9num\u00e8re les parties de l&rsquo;\u00e9difice qui sont prot\u00e9g\u00e9es, \u00e0 moins que celui-ci ne le soit enti\u00e8rement (aussi bien des \u00e9l\u00e9ments ext\u00e9rieurs qu&rsquo;int\u00e9rieurs), ainsi que ses abords.<\/p>\n<p>R\u00e9sum\u00e9\u00a0des objets class\u00e9s MH dans l&rsquo;\u00e9glise de Ussy :<\/p>\n<p><a href=\"http:\/\/www.monuments-historiques.net\/commune\/22667_ussy-sur-marne\" target=\"_blank\" rel=\"noopener noreferrer\">http:\/\/www.monuments-historiques.net\/commune\/22667_ussy-sur-marne<\/a><\/p>\n<p><img loading=\"lazy\" decoding=\"async\" class=\"thumbimage aligncenter\" src=\"https:\/\/upload.wikimedia.org\/wikipedia\/commons\/thumb\/d\/d7\/Logo_monument_historique_-_rouge_ombr%C3%A9%2C_encadr%C3%A9.svg\/220px-Logo_monument_historique_-_rouge_ombr%C3%A9%2C_encadr%C3%A9.svg.png\" alt=\"\" width=\"220\" height=\"220\" data-file-width=\"800\" data-file-height=\"800\" \/><\/p>\n<pre>mardi 20 septembre 2016<\/pre>\n","protected":false},"excerpt":{"rendered":"<p>Un monument historique est, en France, un monument ou une entit\u00e9 recevant par arr\u00eat\u00e9 un statut juridique destin\u00e9 \u00e0 le<\/p>\n","protected":false},"author":1,"featured_media":0,"parent":372,"menu_order":0,"comment_status":"closed","ping_status":"closed","template":"","meta":{"colormag_page_container_layout":"no_sidebar_content_centered","colormag_page_sidebar_layout":"no_sidebar","jetpack_post_was_ever_published":false,"footnotes":""},"class_list":["post-1498","page","type-page","status-publish","hentry"],"jetpack_sharing_enabled":true,"jetpack_shortlink":"https:\/\/wp.me\/PaUFS9-oa","_links":{"self":[{"href":"https:\/\/asu77ussy.fr\/index.php\/wp-json\/wp\/v2\/pages\/1498","targetHints":{"allow":["GET"]}}],"collection":[{"href":"https:\/\/asu77ussy.fr\/index.php\/wp-json\/wp\/v2\/pages"}],"about":[{"href":"https:\/\/asu77ussy.fr\/index.php\/wp-json\/wp\/v2\/types\/page"}],"author":[{"embeddable":true,"href":"https:\/\/asu77ussy.fr\/index.php\/wp-json\/wp\/v2\/users\/1"}],"replies":[{"embeddable":true,"href":"https:\/\/asu77ussy.fr\/index.php\/wp-json\/wp\/v2\/comments?post=1498"}],"version-history":[{"count":2,"href":"https:\/\/asu77ussy.fr\/index.php\/wp-json\/wp\/v2\/pages\/1498\/revisions"}],"predecessor-version":[{"id":2590,"href":"https:\/\/asu77ussy.fr\/index.php\/wp-json\/wp\/v2\/pages\/1498\/revisions\/2590"}],"up":[{"embeddable":true,"href":"https:\/\/asu77ussy.fr\/index.php\/wp-json\/wp\/v2\/pages\/372"}],"wp:attachment":[{"href":"https:\/\/asu77ussy.fr\/index.php\/wp-json\/wp\/v2\/media?parent=1498"}],"curies":[{"name":"wp","href":"https:\/\/api.w.org\/{rel}","templated":true}]}}