{"id":1493,"date":"2019-08-17T11:18:03","date_gmt":"2019-08-17T09:18:03","guid":{"rendered":"http:\/\/asu77ussy.fr\/?page_id=1493"},"modified":"2019-10-29T13:53:42","modified_gmt":"2019-10-29T12:53:42","slug":"conference-a-leglise","status":"publish","type":"page","link":"https:\/\/asu77ussy.fr\/index.php\/eglise-st-authaire-et-ses-vitraux\/conference-a-leglise\/","title":{"rendered":"Conf\u00e9rence \u00e0 l&rsquo;\u00e9glise (mai 2017)"},"content":{"rendered":"<h3>&nbsp;<\/h3>\n<p>Le Samedi 6 Mai 2017 en fin de journ\u00e9e avait lieu notre Assembl\u00e9e G\u00e9n\u00e9rale Annuelle. S&rsquo;ensuivait une conf\u00e9rence \u00e0 l&rsquo;\u00e9glise Saint Authaire o\u00f9 adh\u00e9rents et sympathisants avaient \u00e9t\u00e9 invit\u00e9s.<\/p>\n<p><img data-recalc-dims=\"1\" decoding=\"async\" class=\"CSS_LIGHTBOX_SCALED_IMAGE_IMG\" src=\"https:\/\/i0.wp.com\/1.bp.blogspot.com\/-F-R_yeij3j4\/WTpYNoR1M9I\/AAAAAAAACys\/1ZEkCUlUfcc1MMAXL_CXaADVg65qgBZRACEw\/s1600\/IMG_4088.JPG?w=800&#038;ssl=1\"><\/p>\n<p>Une premi\u00e8re pr\u00e9sentation a \u00e9t\u00e9 faite par le Pr\u00e9sident, Jean Paul Guillaumet,&nbsp; qui a expliqu\u00e9 comment, au jour d&rsquo;aujourd&rsquo;hui, nous pourrions imaginer l&rsquo;histoire de la construction de l&rsquo;\u00e9glise et son \u00e9volution au cours des si\u00e8cles.<\/p>\n<p><img data-recalc-dims=\"1\" loading=\"lazy\" decoding=\"async\" width=\"640\" height=\"560\" src=\"https:\/\/i0.wp.com\/1.bp.blogspot.com\/-iar_8wBh2Mw\/WTpYca7uCqI\/AAAAAAAACy0\/Pe6SPuEe7uglkmJbkxnsxNP7ZDv8BFgzACLcB\/s640\/IMG_4101.JPG?resize=640%2C560&#038;ssl=1\" border=\"0\" data-original-height=\"1401\" data-original-width=\"1600\"><\/p>\n<p>Jean-Paul GUILLAUMET a \u00e9voqu\u00e9 les suppositions et hypoth\u00e8ses -car elles <img data-recalc-dims=\"1\" loading=\"lazy\" decoding=\"async\" width=\"140\" height=\"200\" class=\"alignright\" src=\"https:\/\/i0.wp.com\/3.bp.blogspot.com\/-BE9FU1f0eCU\/WTpcl2TNydI\/AAAAAAAACzo\/xnShM75U-IAYa5C9VsVByMgyj626yij5wCLcB\/s200\/IMG_4103-2.JPG?resize=140%2C200&#038;ssl=1\" border=\"0\" data-original-height=\"1600\" data-original-width=\"1133\">sont nombreuses-&nbsp; entre la construction de la grande nef romane, et le petit bas-c\u00f4t\u00e9, l&rsquo;\u00e9dification du ch\u0153ur actuel, la place pr\u00e9sum\u00e9e de l&rsquo;ancien ch\u0153ur roman avec son clocher, et la reconstruction d\u2019une partie de la Chapelle de la Vierge au XVI\u00e8me si\u00e8cle.<\/p>\n<p>Des archives ont d\u00e9montr\u00e9 que des travaux de consolidation (tirants actuels) ont \u00e9t\u00e9 r\u00e9alis\u00e9s, vers 1648 pour consolider l\u2019\u00e9difice.<\/p>\n<p>&nbsp; <img data-recalc-dims=\"1\" loading=\"lazy\" decoding=\"async\" width=\"640\" height=\"480\" src=\"https:\/\/i0.wp.com\/3.bp.blogspot.com\/-UInXVDRb1ec\/WTpZSpbTUdI\/AAAAAAAACzA\/wzJCrGlWMEkYdCyl9WaAjOrFCLOo8g6UACLcB\/s640\/IMG_4107.JPG?resize=640%2C480&#038;ssl=1\" border=\"0\" data-original-height=\"1200\" data-original-width=\"1600\"><\/p>\n<p>Puis Yvonne AMPEN, Vice-Pr\u00e9sidente de l&rsquo;ASU a retrac\u00e9 l\u2019\u00e9tat actuel des recherches d&rsquo;archives concernant les&nbsp; riches Seigneurs donateurs de la d\u00e9coration de la Chapelle (5 vitraux)<\/p>\n<p>La recherche a \u00e9t\u00e9 men\u00e9e&nbsp; par <strong>Jean-Jacques GAUNY, historien<\/strong>, (Ussois, et adh\u00e9rent de l\u2019A.S.U) lequel n\u2019a malheureusement pas pu \u00eatre pr\u00e9sent.<\/p>\n<p>&nbsp; La g\u00e9n\u00e9alogie de la famille du Moulin la fait appara\u00eetre dans l\u2019Histoire d\u00e8s la fin du XIV\u00e8me si\u00e8cle&nbsp;: c\u2019est une famille originaire de Meaux, dont le premier repr\u00e9sentant connu, Jean du Moulin, est anobli sous le r\u00e8gne de Charles VI en 1391. Le personnage le plus c\u00e9l\u00e8bre est son fils, nomm\u00e9 Denis&nbsp;; veuf assez jeune il entre dans les ordres et y fait une carri\u00e8re remarquable (archev\u00eaque de Toulouse, puis \u00e9v\u00eaque de Paris et patriarche d\u2019Antioche,) il meurt en 1447 et est enterr\u00e9 dans le ch\u0153ur de Notre-Dame de Paris&nbsp;!!<\/p>\n<p>Son fils Jean du Moulin est le premier qu\u2019on puisse relier \u00e0 l\u2019histoire d\u2019Ussy&nbsp;: son implantation \u00e0 Ussy&nbsp; appara\u00eet en 1461&nbsp;par la mention de son fief, une terre noble relevant du Roi, qu\u2019il poss\u00e8de \u00e0 titre de vassal. Il est mari\u00e9 \u00e0 Marguerite de Rouvroy- Saint-Simon.<\/p>\n<p>A cette \u00e9poque, la seigneurie d\u2019Ussy est essentiellement eccl\u00e9siastique, partag\u00e9e entre l\u2019Abbaye de Jouarre et le Chapitre de la cath\u00e9drale de Meaux. Il existe aussi plusieurs petits fiefs enclav\u00e9s dans ces seigneuries, sans compter les hameaux (Molien, Avernes, Beauval, Cuissy, Morintru) qui sont des seigneuries particuli\u00e8res.<\/p>\n<p>Jean Du Moulin aura au moins deux fils.<\/p>\n<p>En 1490 r\u00e9side \u00e0 Ussy son fils cadet, Jacques Du Moulin qui y poss\u00e8de un manoir associ\u00e9 \u00e0 une exploitation agricole qui se trouvait dans le parc encore partiellement clos de murs situ\u00e9 derri\u00e8re l\u2019actuelle ferme Delaitre.<\/p>\n<p>De son mariage avec Marguerite Spifame (issue d\u2019une famille de financiers d\u2019origine italienne) Jacques Du Moulin a au moins trois fils dont un seul, Jean, h\u00e9ritera des biens paternels \u00e0 Ussy.<\/p>\n<p>Mort assez jeune, et sans doute avant son p\u00e8re, il aura de son \u00e9pouse,<\/p>\n<p>Ysabeau de Ton, un seul fils ANTOINE, n\u00e9 dans les ann\u00e9es 1490.<\/p>\n<p>ANTOINE DU MOULIN,(1490- 1550 environ) est le premier de son lignage \u00e0 \u00eatre qualifi\u00e9 de <em>Seigneur d\u2019Ussy<\/em>, gr\u00e2ce \u00e0 l\u2019acquisition(\u00e0 une date inconnue) de la partie de la seigneurie d\u00e9pendant du Chapitre de Meaux (l\u2019Abbesse de Jouarre restant jusqu\u2019\u00e0 la R\u00e9volution, dame de l\u2019autre partie)<\/p>\n<p><img data-recalc-dims=\"1\" loading=\"lazy\" decoding=\"async\" width=\"640\" height=\"372\" src=\"https:\/\/i0.wp.com\/4.bp.blogspot.com\/-XPJ6G1mC6hQ\/WTpbCdu0qnI\/AAAAAAAACzc\/at5JggB4XZooBEiExXQ1FzRRMteATcUXgCLcB\/s640\/IMG_4118.JPG?resize=640%2C372&#038;ssl=1\" border=\"0\" data-original-height=\"933\" data-original-width=\"1600\"><br \/>\n&nbsp;Reprenons les termes exacts du texte de <strong>Jean-Jacques Gauny&nbsp;<\/strong>:<\/p>\n<p>\u00ab&nbsp;Antoine \u00e9pouse sans doute dans les ann\u00e9es 1520 Nicole d\u2019Avrigny, issue d\u2019une famille de bonne noblesse picarde. Or souvenons nous que c\u2019est de cette \u00e9poque que date la magnifique parure de vitraux de la chapelle Notre-Dame de l\u2019\u00e9glise Saint-Authaire, puisque l\u2019un d\u2019entre eux est dat\u00e9 de 1537. Le vitrail des litanies de la Vierge, situ\u00e9 \u00e0 droite de l\u2019autel, comporte un couple de donateurs en pri\u00e8re dont, h\u00e9las, les t\u00eates et le blason ont disparu. Pour desraisons chronologiques mais aussi en raison de l\u2019alliance flatteuse qu\u2019Antoine a contract\u00e9e et de sa toute nouvelle dignit\u00e9 de seigneur d\u2019Ussy,<strong>il est quasiment s\u00fbr qu\u2019Antoine du Moulin et Nicole d\u2019Avrigny sont les donateurs de cette chapelle<\/strong>qui est par excellence celle des seigneurs&nbsp;\u00bb.<\/p>\n<p><img data-recalc-dims=\"1\" loading=\"lazy\" decoding=\"async\" width=\"275\" height=\"320\" class=\"aligncenter\" src=\"https:\/\/i0.wp.com\/3.bp.blogspot.com\/-TTCm5nsFhEk\/WTpadAEpEbI\/AAAAAAAACzU\/ps5AnpLdRhs_cTg77cTcNpWDnRX8RRNMACLcB\/s320\/IMG_4125.JPG?resize=275%2C320&#038;ssl=1\" border=\"0\" data-original-height=\"1600\" data-original-width=\"1379\"><\/p>\n<p>Au premier plan, Monsieur Pierre HORDE,<\/p>\n<p>actuel maire de notre village<\/p>\n<p>&nbsp;&nbsp;&nbsp;La r\u00e9sidence seigneuriale&nbsp; d\u2019Ussy, \u00e0 la fois manoir et exploitation agricole, s\u2019accro\u00eet et s\u2019embellit sans doute \u00e0 partir de cette \u00e9poque, et elle deviendra pour les habitants d&rsquo;Ussy \u00ab\u00a0le ch\u00e2teau\u00a0\u00bb. Il&nbsp; ne reste plus trace de l\u2019\u00e9difice dans le champ encore partiellement clos de murs qu\u2019il occupait, mais son souvenir se perp\u00e9tue dans le nom de la rue. Ne pas confondre avec le \u00ab\u00a0Ch\u00e2teau blanc\u00a0\u00bb, actuel \u00e9difice, situ\u00e9 dans la rue de la Fert\u00e9.<\/p>\n<p><img data-recalc-dims=\"1\" loading=\"lazy\" decoding=\"async\" width=\"305\" height=\"400\" class=\"aligncenter\" src=\"https:\/\/i0.wp.com\/1.bp.blogspot.com\/-bn0VLCNQs0M\/WTUYAxHUeDI\/AAAAAAAACxw\/CA6ROrMPVUAALMgzzGEMaBeHRfYFliDoQCLcB\/s400\/20%2Bx%2B25%2Bcm.%2B%25281%2529.jpg?resize=305%2C400&#038;ssl=1\" border=\"0\" data-original-height=\"1474\" data-original-width=\"1135\"><\/p>\n<p>Sur&nbsp;cette photo datant du milieu du 20<sup>\u00e8me<\/sup>si\u00e8cle,<\/p>\n<p>nous voyons les ruines d\u2019un b\u00e2timent qui se trouvait dans le parc du ch\u00e2teau d\u2019Ussy.&nbsp;<\/p>\n<p><img data-recalc-dims=\"1\" loading=\"lazy\" decoding=\"async\" width=\"400\" height=\"281\" class=\"aligncenter\" src=\"https:\/\/i0.wp.com\/3.bp.blogspot.com\/-nabWXBSna58\/WTUYLgjMh2I\/AAAAAAAACx0\/bmXvjV8LHFghRYetjbaAwiKsWsJsfegaQCLcB\/s400\/20%2Bx%2B25%2Bcm%2BTrudaine.jpg?resize=400%2C281&#038;ssl=1\" border=\"0\" data-original-height=\"1132\" data-original-width=\"1600\"><\/p>\n<p>Sur le plan Trudaine (milieu du 18<sup>\u00e8me<\/sup>si\u00e8cle) apparait l\u2019emplacement du parc du ch\u00e2teau (dessin JF.Guillaumet)<\/p>\n<p>Nota : \u00e0 droite, au milieu de ce plan,<\/p>\n<p>le point rouge d\u00e9signe le b\u00e2timent de la photo pr\u00e9c\u00e9dente<\/p>\n<p><img data-recalc-dims=\"1\" loading=\"lazy\" decoding=\"async\" width=\"400\" height=\"373\" class=\"aligncenter\" src=\"https:\/\/i0.wp.com\/3.bp.blogspot.com\/-Z3r_VJf3SUk\/WTpXoyTUOFI\/AAAAAAAACyk\/FN7hh6Hz1kcBnhWNxaJ7EiueRYFkDp_tACLcB\/s400\/cadastre%2B1830%2BUssy%2B.png?resize=400%2C373&#038;ssl=1\" border=\"0\" data-original-height=\"212\" data-original-width=\"227\"><\/p>\n<p>&nbsp;Le quartier du ch\u00e2teau lors du premier cadastre &#8211; 1820 &#8211; document &nbsp;ASU<\/p>\n<p>&nbsp; Madame AMPEN a ensuite relat\u00e9 des informations fournies par Mr Jacques MOULIN&nbsp; architecte (M.H.) charg\u00e9 de la restauration de la Chapelle et des vitraux&nbsp;: composition technique et iconographique des vitraux selon les crit\u00e8res du XVI\u00e8me, l&rsquo;hypoth\u00e8se (confirm\u00e9e par Jean-Jacques GAUNY) du vitrail axial d\u00e9plac\u00e9 dans le Ch\u0153ur (figurant la Passion du Christ) pour permettre l\u2019installation du retable et de la statue de la Vierge aux raisins ( sans doute d\u00e9but XVII\u00e8me).<\/p>\n<p>&nbsp;La Chapelle, \u00e9clair\u00e9e ce soir l\u00e0, par lumignons, bougies et cand\u00e9labres a pu \u00eatre admir\u00e9e par tous les visiteurs&nbsp;; merci Nathalie, notre webmaster, pour cette \u00ab&nbsp;lumineuse&nbsp;\u00bb id\u00e9e.<\/p>\n<p><img data-recalc-dims=\"1\" loading=\"lazy\" decoding=\"async\" width=\"640\" height=\"563\" src=\"https:\/\/i0.wp.com\/3.bp.blogspot.com\/-X4Rk1Y-eOIk\/WTpaCnboAOI\/AAAAAAAACzM\/F8l3rb6MDWcLvvoNg2fJKhuw6DsKAhREQCLcB\/s640\/IMG_4113.JPG?resize=640%2C563&#038;ssl=1\" border=\"0\" data-original-height=\"1415\" data-original-width=\"1600\"><\/p>\n<p>&nbsp;&nbsp;Un pot de l&rsquo;amiti\u00e9 a&nbsp; cl\u00f4tur\u00e9 cette soir\u00e9e, riche de l&rsquo;histoire de notre village et de son patrimoine.<\/p>\n<p>Merci \u00e0 tous pour votre participation.<\/p>\n<p>Merci \u00e9galement \u00e0 B\u00e9atrice, notre tr\u00e9sori\u00e8re d&rsquo;avoir r\u00e9gal\u00e9 nos papilles avec un ap\u00e9ritif d\u00eenatoire de choix !<\/p>\n<p><img data-recalc-dims=\"1\" loading=\"lazy\" decoding=\"async\" width=\"320\" height=\"240\" class=\"aligncenter\" src=\"https:\/\/i0.wp.com\/1.bp.blogspot.com\/-pTOjNQbaR0A\/WTpaMy8eV2I\/AAAAAAAACzQ\/iWLqFytroEM8yoYG1cMiYWwS2dNVpIKZQCLcB\/s320\/IMG_4127.JPG?resize=320%2C240&#038;ssl=1\" border=\"0\" data-original-height=\"1200\" data-original-width=\"1600\"><\/p>\n<pre>Samedi 6 mai 2017<\/pre>\n","protected":false},"excerpt":{"rendered":"<p>&nbsp; Le Samedi 6 Mai 2017 en fin de journ\u00e9e avait lieu notre Assembl\u00e9e G\u00e9n\u00e9rale Annuelle. S&rsquo;ensuivait une conf\u00e9rence \u00e0<\/p>\n","protected":false},"author":1,"featured_media":0,"parent":372,"menu_order":0,"comment_status":"closed","ping_status":"closed","template":"","meta":{"colormag_page_container_layout":"no_sidebar_content_centered","colormag_page_sidebar_layout":"no_sidebar","jetpack_post_was_ever_published":false,"footnotes":""},"class_list":["post-1493","page","type-page","status-publish","hentry"],"jetpack_sharing_enabled":true,"jetpack_shortlink":"https:\/\/wp.me\/PaUFS9-o5","_links":{"self":[{"href":"https:\/\/asu77ussy.fr\/index.php\/wp-json\/wp\/v2\/pages\/1493","targetHints":{"allow":["GET"]}}],"collection":[{"href":"https:\/\/asu77ussy.fr\/index.php\/wp-json\/wp\/v2\/pages"}],"about":[{"href":"https:\/\/asu77ussy.fr\/index.php\/wp-json\/wp\/v2\/types\/page"}],"author":[{"embeddable":true,"href":"https:\/\/asu77ussy.fr\/index.php\/wp-json\/wp\/v2\/users\/1"}],"replies":[{"embeddable":true,"href":"https:\/\/asu77ussy.fr\/index.php\/wp-json\/wp\/v2\/comments?post=1493"}],"version-history":[{"count":3,"href":"https:\/\/asu77ussy.fr\/index.php\/wp-json\/wp\/v2\/pages\/1493\/revisions"}],"predecessor-version":[{"id":2607,"href":"https:\/\/asu77ussy.fr\/index.php\/wp-json\/wp\/v2\/pages\/1493\/revisions\/2607"}],"up":[{"embeddable":true,"href":"https:\/\/asu77ussy.fr\/index.php\/wp-json\/wp\/v2\/pages\/372"}],"wp:attachment":[{"href":"https:\/\/asu77ussy.fr\/index.php\/wp-json\/wp\/v2\/media?parent=1493"}],"curies":[{"name":"wp","href":"https:\/\/api.w.org\/{rel}","templated":true}]}}