{"id":1458,"date":"2019-08-14T11:45:39","date_gmt":"2019-08-14T09:45:39","guid":{"rendered":"http:\/\/asu77ussy.fr\/?page_id=1458"},"modified":"2020-10-23T12:05:35","modified_gmt":"2020-10-23T10:05:35","slug":"michel-crepu-beckett-27-juillet-1982-11h30-arlea","status":"publish","type":"page","link":"https:\/\/asu77ussy.fr\/index.php\/personnalites-et-artistes-remarquables\/samuel-beckett\/michel-crepu-beckett-27-juillet-1982-11h30-arlea\/","title":{"rendered":"Beckett, 27 juillet 1982, 11h30"},"content":{"rendered":"<p><a href=\"https:\/\/youtu.be\/PDlXki8ygZw\" target=\"_blank\" rel=\"noopener noreferrer\">https:\/\/youtu.be\/PDlXki8ygZw<\/a><\/p>\n<p>Apr\u00e8s trente ann\u00e9es d\u2019\u00e9loignement volontaire, <strong>Michel Cr\u00e9pu<\/strong> revient sur les lieux d\u2019une passion litt\u00e9raire pour le cr\u00e9ateur d\u2019<i>En attendant Godot<\/i>.<br class=\"autobr\" \/>Mais est-ce possible de parler de Beckett\u00a0? \u0152uvre limite, qui transforme aussit\u00f4t les t\u00e9m\u00e9raires en commentateurs bavards. Michel Cr\u00e9pu rel\u00e8ve n\u00e9anmoins le d\u00e9fi. Il relit les \u0153uvres au gr\u00e9 d\u2019une m\u00e9moire qui co\u00efncide avec son attirance de nagu\u00e8re pour la vie monastique, au temps lointain des ann\u00e9es 80. La litt\u00e9rature et le spirituel\u00a0: ici commence une histoire commune, non achev\u00e9e.<br class=\"manualbr\" \/>Jeune homme, il voulait serrer alors la main de l\u2019homme qui avait serr\u00e9 celle de Joyce. Un rendez-vous m\u00e9morable lui offrira cette chance. Beckett para\u00eet loin aujourd\u2019hui de la Houellebecquerie ambiante. Sa solitude n\u2019a jamais \u00e9t\u00e9 aussi grande. C\u2019est le moment o\u00f9 jamais d\u2019y retourner voir. C\u2019est ce que r\u00e9alise Michel Cr\u00e9pu dans ce livre d\u2019heures de lecture et d\u2019intimit\u00e9.<\/p>\n<figure class=\"spip_documents spip_documents_center ressource oembed oembed_video oembed_youtube\">\n<div class=\"oembed oe-video async clearfix\">\n<div class=\"rwd-video-container oe-play-button\"><button><span class=\"oe-play-button_label\">Lecture<\/span><\/button><\/div>\n<\/div><figcaption>\n<div class=\"spip_doc_titre\"><a class=\"oe-title\" href=\"https:\/\/youtu.be\/PDlXki8ygZw\">Michel Cr\u00e9pu &#8211; Beckett, 27 juillet 1982, 11h30 (Arl\u00e9a)<\/a> <span class=\"oe-author\"><br \/>\n<span class=\"oe-author_par\">par <\/span><a class=\"oe-author_name\" href=\"https:\/\/www.youtube.com\/channel\/UCt3PZgrgv4hooieozjgD8Ug\">\u00c9ditions Arl\u00e9a<\/a><\/span><\/div>\n<div><img data-recalc-dims=\"1\" loading=\"lazy\" decoding=\"async\" class=\"aligncenter size-full wp-image-1459\" src=\"https:\/\/i0.wp.com\/asu77ussy.fr\/wp-content\/uploads\/2019\/08\/Beckett-Cr%C3%A9pu.png?resize=518%2C850\" alt=\"\" width=\"518\" height=\"850\" srcset=\"https:\/\/i0.wp.com\/asu77ussy.fr\/wp-content\/uploads\/2019\/08\/Beckett-Cr%C3%A9pu.png?w=518&amp;ssl=1 518w, https:\/\/i0.wp.com\/asu77ussy.fr\/wp-content\/uploads\/2019\/08\/Beckett-Cr%C3%A9pu.png?resize=183%2C300&amp;ssl=1 183w\" sizes=\"auto, (max-width: 518px) 100vw, 518px\" \/><\/div>\n<\/figcaption><\/figure>\n","protected":false},"excerpt":{"rendered":"<p>https:\/\/youtu.be\/PDlXki8ygZw Apr\u00e8s trente ann\u00e9es d\u2019\u00e9loignement volontaire, Michel Cr\u00e9pu revient sur les lieux d\u2019une passion litt\u00e9raire pour le cr\u00e9ateur d\u2019En attendant<\/p>\n","protected":false},"author":1,"featured_media":0,"parent":271,"menu_order":0,"comment_status":"closed","ping_status":"closed","template":"","meta":{"colormag_page_container_layout":"default_layout","colormag_page_sidebar_layout":"default_layout","jetpack_post_was_ever_published":false,"footnotes":""},"class_list":["post-1458","page","type-page","status-publish","hentry"],"jetpack_sharing_enabled":true,"jetpack_shortlink":"https:\/\/wp.me\/PaUFS9-nw","_links":{"self":[{"href":"https:\/\/asu77ussy.fr\/index.php\/wp-json\/wp\/v2\/pages\/1458","targetHints":{"allow":["GET"]}}],"collection":[{"href":"https:\/\/asu77ussy.fr\/index.php\/wp-json\/wp\/v2\/pages"}],"about":[{"href":"https:\/\/asu77ussy.fr\/index.php\/wp-json\/wp\/v2\/types\/page"}],"author":[{"embeddable":true,"href":"https:\/\/asu77ussy.fr\/index.php\/wp-json\/wp\/v2\/users\/1"}],"replies":[{"embeddable":true,"href":"https:\/\/asu77ussy.fr\/index.php\/wp-json\/wp\/v2\/comments?post=1458"}],"version-history":[{"count":4,"href":"https:\/\/asu77ussy.fr\/index.php\/wp-json\/wp\/v2\/pages\/1458\/revisions"}],"predecessor-version":[{"id":3681,"href":"https:\/\/asu77ussy.fr\/index.php\/wp-json\/wp\/v2\/pages\/1458\/revisions\/3681"}],"up":[{"embeddable":true,"href":"https:\/\/asu77ussy.fr\/index.php\/wp-json\/wp\/v2\/pages\/271"}],"wp:attachment":[{"href":"https:\/\/asu77ussy.fr\/index.php\/wp-json\/wp\/v2\/media?parent=1458"}],"curies":[{"name":"wp","href":"https:\/\/api.w.org\/{rel}","templated":true}]}}