{"id":1281,"date":"2019-08-05T10:38:07","date_gmt":"2019-08-05T08:38:07","guid":{"rendered":"http:\/\/asu77ussy.fr\/?page_id=1281"},"modified":"2025-07-26T21:39:34","modified_gmt":"2025-07-26T19:39:34","slug":"andre-roussimof","status":"publish","type":"page","link":"https:\/\/asu77ussy.fr\/index.php\/personnalites-et-artistes-remarquables\/andre-roussimof\/","title":{"rendered":"Andr\u00e9 ROUSSIMOFF"},"content":{"rendered":"<h6><a href=\"https:\/\/asu77ussy.fr\/index.php\/2025\/07\/26\/hulk-et-andre\/\" target=\"_blank\" rel=\"noopener\">Hulk Hogan et Andr\u00e9 Roussimoff &#8211; 2025<\/a><\/h6>\n<h6><span style=\"color: #333399;\"><a style=\"color: #333399;\" href=\"https:\/\/asu77ussy.fr\/index.php\/personnalites-et-artistes-remarquables\/andre-roussimof\/souvenirs-de-monique-soliwoda-2022\/\" target=\"_blank\" rel=\"noopener\">Souvenirs de Monique Soliwoda &#8211; 2022<\/a><\/span><\/h6>\n<h6><span style=\"color: #333399;\"><a style=\"color: #333399;\" href=\"https:\/\/asu77ussy.fr\/index.php\/personnalites-et-artistes-remarquables\/andre-roussimof\/andre-roussimof\/\" target=\"_blank\" rel=\"noopener noreferrer\">Fresque d&rsquo;Andr\u00e9 le G\u00e9ant \u00e0 Ussy<\/a><\/span><\/h6>\n<h6><span style=\"color: #333399;\"><a style=\"color: #333399;\" href=\"https:\/\/asu77ussy.fr\/index.php\/personnalites-et-artistes-remarquables\/andre-roussimof\/andre-le-geant-dans-la-presse\/\" target=\"_blank\" rel=\"noopener noreferrer\">Andr\u00e9 le G\u00e9ant dans la presse<\/a><\/span><\/h6>\n<h6><span style=\"color: #333399;\"><a style=\"color: #333399;\" href=\"https:\/\/asu77ussy.fr\/index.php\/personnalites-et-artistes-remarquables\/andre-roussimof\/shepard-fairey-le-vrai-nom-de-obey-giant\/\">Shepard Fairey le vrai nom de OBEY GIANT<\/a><\/span><\/h6>\n<h6><span style=\"color: #333399;\"><a style=\"color: #333399;\" href=\"https:\/\/asu77ussy.fr\/index.php\/personnalites-et-artistes-remarquables\/andre-roussimof\/street-art-shepard-fairey-obey-giant\/\" target=\"_blank\" rel=\"noopener noreferrer\">Street art : Shepard Fairey &#8211; OBEY Giant<\/a><\/span><\/h6>\n<h6><span style=\"color: #333399;\"><a style=\"color: #333399;\" href=\"https:\/\/asu77ussy.fr\/index.php\/personnalites-et-artistes-remarquables\/andre-roussimof\/mes-souvenirs\/\" target=\"_blank\" rel=\"noopener noreferrer\">Mes souvenirs de Jacques Delaitre<\/a><\/span><\/h6>\n<h6><span style=\"color: #333399;\"><a style=\"color: #333399;\" href=\"https:\/\/asu77ussy.fr\/index.php\/personnalites-et-artistes-remarquables\/samuel-beckett\/portraits-croises-andre-roussimof-et-samule-beckett-a-ussy-sur-marne\/\" target=\"_blank\" rel=\"noopener noreferrer\">Portraits crois\u00e9s Andr\u00e9 Roussimoff et Samuel Beckett \u00e0 Ussy Sur Marne<\/a><\/span><\/h6>\n<h6><span style=\"color: #333399;\"><a style=\"color: #333399;\" href=\"https:\/\/asu77ussy.fr\/index.php\/personnalites-et-artistes-remarquables\/andre-roussimof\/photos-de-abdre-roussimof-et-sa-famille\/\" target=\"_blank\" rel=\"noopener noreferrer\">Photos de Andr\u00e9 ROUSSIMOFF et sa famille<\/a><\/span><\/h6>\n<h6><span style=\"color: #333399;\"><a style=\"color: #333399;\" href=\"https:\/\/asu77ussy.fr\/index.php\/personnalites-et-artistes-remarquables\/andre-roussimof\/andre-roussimof-quelques-liens\/\" target=\"_blank\" rel=\"noopener noreferrer\">Andr\u00e9 ROUSSIMOFF quelques liens sur sa carri\u00e8re<\/a><\/span><\/h6>\n<h6><span style=\"color: #ff6600;\"><a style=\"color: #ff6600;\" href=\"https:\/\/bit.ly\/3smigpA\" target=\"_blank\" rel=\"noopener\"><span style=\"color: #3366ff;\"><span style=\"color: #00ccff;\"><span style=\"color: #333399;\">Par SQUEEZIE : lui c\u2019est Andr\u00e9 et vous allez l\u2019adorer<\/span><\/span><\/span><\/a><\/span><\/h6>\n<p style=\"text-align: right;\"><em>Porte-cl\u00e9 chin\u00e9 sur une brocante locale par l&rsquo;un de nos adh\u00e9rents<\/em><\/p>\n<p style=\"text-align: right;\"><em>Effigie d&rsquo;Andr\u00e9 Roussimoff ,19 ans, 140 kg &#8211; 2,10 m\u00e8tres<\/em><\/p>\n<p style=\"text-align: right;\"><em><img data-recalc-dims=\"1\" loading=\"lazy\" decoding=\"async\" class=\"alignnone size-medium wp-image-5421\" src=\"https:\/\/i0.wp.com\/asu77ussy.fr\/wp-content\/uploads\/2023\/03\/1670086592476-scaled-e1677766043504-135x300.jpg?resize=135%2C300&#038;ssl=1\" alt=\"\" width=\"135\" height=\"300\" srcset=\"https:\/\/i0.wp.com\/asu77ussy.fr\/wp-content\/uploads\/2023\/03\/1670086592476-scaled-e1677766043504.jpg?resize=135%2C300&amp;ssl=1 135w, https:\/\/i0.wp.com\/asu77ussy.fr\/wp-content\/uploads\/2023\/03\/1670086592476-scaled-e1677766043504.jpg?resize=461%2C1024&amp;ssl=1 461w, https:\/\/i0.wp.com\/asu77ussy.fr\/wp-content\/uploads\/2023\/03\/1670086592476-scaled-e1677766043504.jpg?resize=768%2C1707&amp;ssl=1 768w, https:\/\/i0.wp.com\/asu77ussy.fr\/wp-content\/uploads\/2023\/03\/1670086592476-scaled-e1677766043504.jpg?resize=691%2C1536&amp;ssl=1 691w, https:\/\/i0.wp.com\/asu77ussy.fr\/wp-content\/uploads\/2023\/03\/1670086592476-scaled-e1677766043504.jpg?resize=922%2C2048&amp;ssl=1 922w, https:\/\/i0.wp.com\/asu77ussy.fr\/wp-content\/uploads\/2023\/03\/1670086592476-scaled-e1677766043504.jpg?w=1152&amp;ssl=1 1152w\" sizes=\"auto, (max-width: 135px) 100vw, 135px\" \/>\u00a0 <img data-recalc-dims=\"1\" loading=\"lazy\" decoding=\"async\" class=\"alignnone size-medium wp-image-5422\" src=\"https:\/\/i0.wp.com\/asu77ussy.fr\/wp-content\/uploads\/2023\/03\/1670086657082-scaled-e1677766067360-135x300.jpg?resize=135%2C300&#038;ssl=1\" alt=\"\" width=\"135\" height=\"300\" srcset=\"https:\/\/i0.wp.com\/asu77ussy.fr\/wp-content\/uploads\/2023\/03\/1670086657082-scaled-e1677766067360.jpg?resize=135%2C300&amp;ssl=1 135w, https:\/\/i0.wp.com\/asu77ussy.fr\/wp-content\/uploads\/2023\/03\/1670086657082-scaled-e1677766067360.jpg?resize=461%2C1024&amp;ssl=1 461w, https:\/\/i0.wp.com\/asu77ussy.fr\/wp-content\/uploads\/2023\/03\/1670086657082-scaled-e1677766067360.jpg?resize=768%2C1707&amp;ssl=1 768w, https:\/\/i0.wp.com\/asu77ussy.fr\/wp-content\/uploads\/2023\/03\/1670086657082-scaled-e1677766067360.jpg?resize=691%2C1536&amp;ssl=1 691w, https:\/\/i0.wp.com\/asu77ussy.fr\/wp-content\/uploads\/2023\/03\/1670086657082-scaled-e1677766067360.jpg?resize=922%2C2048&amp;ssl=1 922w, https:\/\/i0.wp.com\/asu77ussy.fr\/wp-content\/uploads\/2023\/03\/1670086657082-scaled-e1677766067360.jpg?w=1152&amp;ssl=1 1152w\" sizes=\"auto, (max-width: 135px) 100vw, 135px\" \/>.<\/em><\/p>\n<p style=\"text-align: right;\"><em>\u00a0<\/em><\/p>\n\n\n<p><\/p>\n","protected":false},"excerpt":{"rendered":"<p>Hulk Hogan et Andr\u00e9 Roussimoff &#8211; 2025 Souvenirs de Monique Soliwoda &#8211; 2022 Fresque d&rsquo;Andr\u00e9 le G\u00e9ant \u00e0 Ussy Andr\u00e9<\/p>\n","protected":false},"author":1,"featured_media":0,"parent":55,"menu_order":0,"comment_status":"closed","ping_status":"closed","template":"","meta":{"colormag_page_container_layout":"default_layout","colormag_page_sidebar_layout":"default_layout","jetpack_post_was_ever_published":false,"footnotes":""},"class_list":["post-1281","page","type-page","status-publish","hentry"],"jetpack_sharing_enabled":true,"jetpack_shortlink":"https:\/\/wp.me\/PaUFS9-kF","_links":{"self":[{"href":"https:\/\/asu77ussy.fr\/index.php\/wp-json\/wp\/v2\/pages\/1281","targetHints":{"allow":["GET"]}}],"collection":[{"href":"https:\/\/asu77ussy.fr\/index.php\/wp-json\/wp\/v2\/pages"}],"about":[{"href":"https:\/\/asu77ussy.fr\/index.php\/wp-json\/wp\/v2\/types\/page"}],"author":[{"embeddable":true,"href":"https:\/\/asu77ussy.fr\/index.php\/wp-json\/wp\/v2\/users\/1"}],"replies":[{"embeddable":true,"href":"https:\/\/asu77ussy.fr\/index.php\/wp-json\/wp\/v2\/comments?post=1281"}],"version-history":[{"count":18,"href":"https:\/\/asu77ussy.fr\/index.php\/wp-json\/wp\/v2\/pages\/1281\/revisions"}],"predecessor-version":[{"id":6847,"href":"https:\/\/asu77ussy.fr\/index.php\/wp-json\/wp\/v2\/pages\/1281\/revisions\/6847"}],"up":[{"embeddable":true,"href":"https:\/\/asu77ussy.fr\/index.php\/wp-json\/wp\/v2\/pages\/55"}],"wp:attachment":[{"href":"https:\/\/asu77ussy.fr\/index.php\/wp-json\/wp\/v2\/media?parent=1281"}],"curies":[{"name":"wp","href":"https:\/\/api.w.org\/{rel}","templated":true}]}}