{"id":1148,"date":"2016-10-04T12:29:37","date_gmt":"2016-10-04T10:29:37","guid":{"rendered":"http:\/\/asu77ussy.fr\/?page_id=1148"},"modified":"2022-01-29T14:56:43","modified_gmt":"2022-01-29T13:56:43","slug":"photos-de-abdre-roussimof-et-sa-famille","status":"publish","type":"page","link":"https:\/\/asu77ussy.fr\/index.php\/personnalites-et-artistes-remarquables\/andre-roussimof\/photos-de-abdre-roussimof-et-sa-famille\/","title":{"rendered":"Photos d&rsquo;Andr\u00e9 ROUSSIMOFF et sa famille"},"content":{"rendered":"<h3 class=\"post-title entry-title\">Photos d&rsquo;Andr\u00e9 ROUSSIMOFF et sa famille<\/h3>\n<div class=\"post-header\">\n<div class=\"post-header-line-1\"><\/div>\n<\/div>\n<div id=\"post-body-1375618957121002635\" class=\"post-body entry-content\">\n<div class=\"separator\"><a href=\"https:\/\/i0.wp.com\/3.bp.blogspot.com\/-OvU6CAi041Q\/V_NsE7Dju7I\/AAAAAAAACgg\/94CdjdxP1-g0dUPsqxIRa79TDhCJnYwlgCLcB\/s1600\/2z70qba.jpg?ssl=1\"><img data-recalc-dims=\"1\" loading=\"lazy\" decoding=\"async\" src=\"https:\/\/i0.wp.com\/3.bp.blogspot.com\/-OvU6CAi041Q\/V_NsE7Dju7I\/AAAAAAAACgg\/94CdjdxP1-g0dUPsqxIRa79TDhCJnYwlgCLcB\/s400\/2z70qba.jpg?resize=400%2C295&#038;ssl=1\" width=\"400\" height=\"295\" border=\"0\" \/><\/a><\/div>\n<p>Cette photo est de 1977 au mariage de son fr\u00e8re. Il montre Andr\u00e9 avec tous ses fr\u00e8res et s\u0153urs (de gauche \u00e0 droite: Jacques, Mauricette, H\u00e9l\u00e8ne et Antoine)<\/p>\n<div class=\"separator\"><a href=\"https:\/\/i0.wp.com\/3.bp.blogspot.com\/-8J2WtXonNeY\/V_NsZs3dT4I\/AAAAAAAACgk\/rjyRWFCLk9wU2IjXpTFinv7xVlxxGD51gCLcB\/s1600\/1zl5aib.jpg?ssl=1\"><img data-recalc-dims=\"1\" loading=\"lazy\" decoding=\"async\" src=\"https:\/\/i0.wp.com\/3.bp.blogspot.com\/-8J2WtXonNeY\/V_NsZs3dT4I\/AAAAAAAACgk\/rjyRWFCLk9wU2IjXpTFinv7xVlxxGD51gCLcB\/s400\/1zl5aib.jpg?resize=400%2C285&#038;ssl=1\" width=\"400\" height=\"285\" border=\"0\" \/><\/a><\/div>\n<div class=\"separator\">Cette deuxi\u00e8me photo est de 1991 tandis qu&rsquo;Andr\u00e9 \u00e9tait sur la tourn\u00e9e europ\u00e9enne avec le WWF &#8230;<\/div>\n<div class=\"separator\">ici avec sa soeur, Mauricette.<\/div>\n<div class=\"separator\"><\/div>\n<div class=\"separator\"><a href=\"https:\/\/i0.wp.com\/1.bp.blogspot.com\/-RvCM8m6sO1o\/V_NtHLboqoI\/AAAAAAAACgs\/KXcof9GlKJgwy-dXcoPoJMgGXLSapjtLQCLcB\/s1600\/o5uvkp.jpg?ssl=1\"><img data-recalc-dims=\"1\" loading=\"lazy\" decoding=\"async\" src=\"https:\/\/i0.wp.com\/1.bp.blogspot.com\/-RvCM8m6sO1o\/V_NtHLboqoI\/AAAAAAAACgs\/KXcof9GlKJgwy-dXcoPoJMgGXLSapjtLQCLcB\/s400\/o5uvkp.jpg?resize=400%2C308&#038;ssl=1\" width=\"400\" height=\"308\" border=\"0\" \/><\/a><\/div>\n<div>1989 Andr\u00e9 avec sa s\u0153ur et ami de la famille sur la ferme de ses parents<\/div>\n<div><\/div>\n<div class=\"separator\"><a href=\"https:\/\/i0.wp.com\/1.bp.blogspot.com\/-b_2hTAPnAJM\/V_NtffaXwbI\/AAAAAAAACg0\/9czk1z-58yQX1wPMmRiRL4VMw4P5c_VUACLcB\/s1600\/24yn4ol.jpg?ssl=1\"><img data-recalc-dims=\"1\" loading=\"lazy\" decoding=\"async\" src=\"https:\/\/i0.wp.com\/1.bp.blogspot.com\/-b_2hTAPnAJM\/V_NtffaXwbI\/AAAAAAAACg0\/9czk1z-58yQX1wPMmRiRL4VMw4P5c_VUACLcB\/s400\/24yn4ol.jpg?resize=400%2C267&#038;ssl=1\" width=\"400\" height=\"267\" border=\"0\" \/><\/a><\/div>\n<div>Voici une photo tr\u00e8s sp\u00e9ciale (sa ni\u00e8ce croit qu&rsquo;elle a \u00e9t\u00e9 l&rsquo;une des derni\u00e8res\u00a0prise de lui).\u00a0Elle a \u00e9t\u00e9 dat\u00e9e du 24 Janvier (1993) &#8230; Andr\u00e9 \u00e9tait \u00e0 la maison pour l&rsquo;enterrement de son p\u00e8re. Sur la photo, sa m\u00e8re et un ami proche de la famille. Andr\u00e9 disparaissait 3 jours plus tard.<\/div>\n<div class=\"separator\"><\/div>\n<div class=\"separator\"><a href=\"https:\/\/i0.wp.com\/4.bp.blogspot.com\/-accM46Cpb-g\/V_NuKBU1g3I\/AAAAAAAACg8\/_tf7Bm22fgkgQECSPPWw3PRg5kE9xsYfACLcB\/s1600\/726nbn.jpg?ssl=1\"><img data-recalc-dims=\"1\" loading=\"lazy\" decoding=\"async\" src=\"https:\/\/i0.wp.com\/4.bp.blogspot.com\/-accM46Cpb-g\/V_NuKBU1g3I\/AAAAAAAACg8\/_tf7Bm22fgkgQECSPPWw3PRg5kE9xsYfACLcB\/s400\/726nbn.jpg?resize=400%2C265&#038;ssl=1\" width=\"400\" height=\"265\" border=\"0\" \/><\/a><\/div>\n<div class=\"separator\">Voici une photo de la maison\u00a0dans laquelle il a grandi. Ses parents \u00e9taient agriculteurs \u00e0 Molien. Ils ont v\u00e9cu dans\u00a0cette maison jusqu&rsquo;\u00e0 leur mort.<\/div>\n<div class=\"separator\"><\/div>\n<div class=\"separator\"><a href=\"https:\/\/i0.wp.com\/1.bp.blogspot.com\/-IKcAUKu_43I\/V_NurcHb-AI\/AAAAAAAAChE\/zEJbcwNEkb4Cs_WZqr6tAp91fNmczox8gCLcB\/s1600\/1qps8j.jpg?ssl=1\"><img data-recalc-dims=\"1\" loading=\"lazy\" decoding=\"async\" src=\"https:\/\/i0.wp.com\/1.bp.blogspot.com\/-IKcAUKu_43I\/V_NurcHb-AI\/AAAAAAAAChE\/zEJbcwNEkb4Cs_WZqr6tAp91fNmczox8gCLcB\/s400\/1qps8j.jpg?resize=400%2C267&#038;ssl=1\" width=\"400\" height=\"267\" border=\"0\" \/><\/a><\/div>\n<div class=\"separator\">Voici Andr\u00e9 avec un\u00a0ami fran\u00e7ais de longue date, Martin. La m\u00e8re d&rsquo;Andr\u00e9 est assise \u00e0 c\u00f4t\u00e9 de lui. Cette photo a \u00e9t\u00e9 prise peu avant Survivor Series 1987<\/div>\n<div class=\"separator\"><\/div>\n<div class=\"separator\">Ces photos sont extraites d&rsquo;un forum trouv\u00e9 sur internet, voici le lien :<\/div>\n<div class=\"separator\"><a href=\"http:\/\/www.infinitecore.ca\/superstar\/index.php?a=prnt&amp;code=00&amp;f=38&amp;t=73897\">http:\/\/www.infinitecore.ca\/superstar\/index.php?a=prnt&amp;code=00&amp;f=38&amp;t=73897<\/a><\/div>\n<\/div>\n<pre>mardi 4 octobre 2016<\/pre>\n","protected":false},"excerpt":{"rendered":"<p>Photos d&rsquo;Andr\u00e9 ROUSSIMOFF et sa famille Cette photo est de 1977 au mariage de son fr\u00e8re. Il montre Andr\u00e9 avec<\/p>\n","protected":false},"author":1,"featured_media":0,"parent":1281,"menu_order":0,"comment_status":"closed","ping_status":"closed","template":"","meta":{"colormag_page_container_layout":"no_sidebar_content_centered","colormag_page_sidebar_layout":"no_sidebar","jetpack_post_was_ever_published":false,"footnotes":""},"class_list":["post-1148","page","type-page","status-publish","hentry"],"jetpack_sharing_enabled":true,"jetpack_shortlink":"https:\/\/wp.me\/PaUFS9-iw","_links":{"self":[{"href":"https:\/\/asu77ussy.fr\/index.php\/wp-json\/wp\/v2\/pages\/1148","targetHints":{"allow":["GET"]}}],"collection":[{"href":"https:\/\/asu77ussy.fr\/index.php\/wp-json\/wp\/v2\/pages"}],"about":[{"href":"https:\/\/asu77ussy.fr\/index.php\/wp-json\/wp\/v2\/types\/page"}],"author":[{"embeddable":true,"href":"https:\/\/asu77ussy.fr\/index.php\/wp-json\/wp\/v2\/users\/1"}],"replies":[{"embeddable":true,"href":"https:\/\/asu77ussy.fr\/index.php\/wp-json\/wp\/v2\/comments?post=1148"}],"version-history":[{"count":3,"href":"https:\/\/asu77ussy.fr\/index.php\/wp-json\/wp\/v2\/pages\/1148\/revisions"}],"predecessor-version":[{"id":4861,"href":"https:\/\/asu77ussy.fr\/index.php\/wp-json\/wp\/v2\/pages\/1148\/revisions\/4861"}],"up":[{"embeddable":true,"href":"https:\/\/asu77ussy.fr\/index.php\/wp-json\/wp\/v2\/pages\/1281"}],"wp:attachment":[{"href":"https:\/\/asu77ussy.fr\/index.php\/wp-json\/wp\/v2\/media?parent=1148"}],"curies":[{"name":"wp","href":"https:\/\/api.w.org\/{rel}","templated":true}]}}