{"id":1138,"date":"2016-12-20T12:11:18","date_gmt":"2016-12-20T11:11:18","guid":{"rendered":"http:\/\/asu77ussy.fr\/?page_id=1138"},"modified":"2022-01-29T14:53:41","modified_gmt":"2022-01-29T13:53:41","slug":"mes-souvenirs","status":"publish","type":"page","link":"https:\/\/asu77ussy.fr\/index.php\/personnalites-et-artistes-remarquables\/andre-roussimof\/mes-souvenirs\/","title":{"rendered":"\u00ab\u00a0Mes souvenirs\u00a0\u00bb de Jacques Delaitre"},"content":{"rendered":"<p><strong><em>Mes souvenirs au sujet de Andr\u00e9 ROUSSIMOFF, dit \u00ab D\u00e9d\u00e9 \u00bb<\/em><\/strong><em><strong>\u00a0ou \u00ab\u00a0le\u00a0G\u00e9ant\u00a0\u00bb<\/strong><strong> \u00e0 Ussy-sur-Marne<\/strong><\/em><\/p>\n<p>Figure d\u2019Ussy-sur-Marne, Andr\u00e9 ROUSSIMOFF est n\u00e9 \u00e0 Ussy en Mai 1946.<br \/>\nIl y a v\u00e9cu , Impasse Pierre Paul Jacques, \u00e0 MOLIEN, jusqu\u2019\u00e0 ses 17 ans. Il est le troisi\u00e8me d\u2019une famille de 5 enfants.<br \/>\nSes parents ont\u00a0habit\u00e9 \u00e0 MOLIEN jusqu\u2019\u00e0 leur mort. Son p\u00e8re \u00e9tait militaire bulgare, exil\u00e9 en France, et sa m\u00e8re polonaise.<\/p>\n<p>Andr\u00e9 \u00e9tait un gentil gar\u00e7on\u00a0; il \u00e9tait atteint de la maladie du gigantisme, l\u2019acrom\u00e9galie. Il a fr\u00e9quent\u00e9 les bancs de l\u2019\u00e9cole jusqu\u2019\u00e0 ses 14 ans. Ensuite il a travaill\u00e9 aux Vergers de Molien, \u00a0puis \u00e0 la Ferme de Courtablon o\u00f9 il \u00a0a \u00e9t\u00e9 chauffeur de tracteur mais les si\u00e8ges ne r\u00e9sistaient pas \u00e0 sa corpulence.\u00a0: 2,24 m et 245 kgs.<\/p>\n<p>De m\u00eame il a \u00e9t\u00e9 impossible de le chausser pour faire partie de la premi\u00e8re \u00e9quipe de football d\u2019Ussy. Seules les bottes am\u00e9ricaines que les G.I mettaient par dessus leurs rangers, lui convenaient.<\/p>\n<p>Pointure 55 \u00e0 12 ans \u00a0&#8211; 1m95 et d\u00e9j\u00e0 100 kgs<\/p>\n<p>Il \u00e9tait impossible, pour Andr\u00e9, d\u2019entrer dans une voiture \u00ab\u00a0normale\u00a0\u00bb et si vous lui donniez la main, on se demandait toujours o\u00f9 \u00a0elle \u00e9tait pass\u00e9e, et si on allait la retrouver intacte.<\/p>\n<p>Chez lui aucune chaise ne pouvait lui permettre d\u2019\u00eatre assis. On a d\u00fb lui en confectionner une sp\u00e9ciale.<\/p>\n<p>L\u2019arm\u00e9e fran\u00e7aise n\u2019a pu l\u2019incorporer\u00a0: aucune taille de v\u00eatement n\u2019\u00e9tant pr\u00e9vue pour cet \u00ab\u00a0hors normes\u00a0\u00bb<\/p>\n<p>Il a aid\u00e9 Boris, son p\u00e8re, \u00e0 d\u00e9fricher la parcelle appartenant \u00e0 Samuel Beckett\u00a0 et a particip\u00e9 aux premi\u00e8res plantations d\u2019arbres.<\/p>\n<p>A l\u2019\u00e2ge de 17 ans, il a \u00e9t\u00e9 rep\u00e9r\u00e9 par un ancien catcheur et a quitt\u00e9 la r\u00e9gion.<\/p>\n<p>Avec ses 2,24 m et ses 245 kgs, il est devenu tr\u00e8s c\u00e9l\u00e8bre au Canada, \u00a0et aux USA, surnomm\u00e9 \u00ab\u00a0 Andr\u00e9 The Giant\u00a0\u00bb ou \u00ab\u00a0le Grand Ferr\u00e9\u00a0\u00bb. Plusieurs fois Champion du Monde, et \u00a0a cumul\u00e9 un palmar\u00e8s d\u2019environ 350 victoires.<\/p>\n<p>Il poss\u00e9dait des bars, des ranchs, et \u00e9levait des chevaux au Texas, en Californie, et des vaches au Canada.<\/p>\n<p>Quand il revenait \u00e0 Ussy\u00a0 il se d\u00e9pla\u00e7ait dans une immense limousine\u00a0 que conduisait son chauffeur. On la voyait alors parfois stationn\u00e9e devant le Bar Tabac du village. Le village savait qu\u2019il \u00e9tait \u00ab\u00a0revenu\u00a0\u00bb en visite chez ses parents.<\/p>\n<p>Il \u00e9tait adul\u00e9, ou plus exactement \u00ab\u00a0ador\u00e9\u00a0\u00bb au JAPON\u00a0:\u00a0beaucoup de films et de nombreuses apparitions sur toutes les cha\u00eenes t\u00e9l\u00e9vis\u00e9es.<\/p>\n<p>Encore aujourd\u2019hui un c\u00e9l\u00e8bre artiste de Street Art, <em>Franck Shepard FAIREY**, <\/em>a peint son visage sur de nombreux b\u00e2timents \u00e0 DETROIT et m\u00eame \u00e0 PARIS dans le 13<sup>\u00e8me<\/sup>, carrefour Jeanne d\u2019Arc.<\/p>\n<p>L\u2019effigie de ROUSSIMOFF, porte le nom de OBEY GIANT.<\/p>\n<p>Environ 60 murs portent le sticker\u2026<\/p>\n<p>C\u2019est trois jours apr\u00e8s l\u2019enterrement de son p\u00e8re, \u00e0 Ussy en 1993 qu\u2019Andr\u00e9 mourut, \u00a0dans sa chambre d\u2019h\u00f4tel \u00e0 Paris le 27 Janvier 1993, \u00a0sa maladie ayant provoqu\u00e9 de multiples d\u00e9formations osseuses.<\/p>\n<p>Raymond Lucas, \u00ab croque-mort \u00bb du village, n\u2019ayant pu envisager un enterrement rituel dans la tombe familiale \u00e0 Ussy (2m25 et 245 kgs) la famille s\u2019est r\u00e9solue \u00e0 l\u2019incin\u00e9ration.\u00a0 Une effigie seulement est appos\u00e9e sur le caveau \u00e0 Ussy. Et l\u2019incin\u00e9ration a eu lieu aux Etats-Unis.<\/p>\n<p>Ses cendres ont \u00e9t\u00e9 r\u00e9pandues sur son ranch en Am\u00e9rique par son neveu qui vit aux USA.<\/p>\n<p>La tombe familiale se trouve dans la partie ancienne du cimeti\u00e8re de USSY (par l\u2019ancienne porte rue de Lizy\u00a0 troisi\u00e8me all\u00e9e \u00e0 droite,\u00a0 l\u2019un des derniers caveaux sur la droite.)<\/p>\n<p><em>Jacques Delaitre, Ussois de souche<\/em><\/p>\n<p><em>D\u00e9cembre 2016<\/em><\/p>\n<p><em>**Voir le lien ci-contre : <a href=\"https:\/\/asu77ussy.fr\/index.php\/personnalites-et-artistes-remarquables\/andre-roussimof\/street-art-shepard-fairey-obey-giant\/\" target=\"_blank\" rel=\"noopener noreferrer\">street-art-shepard-fairey-obey-giant<\/a><br \/>\n<\/em><\/p>\n<pre>mardi 20 d\u00e9cembre 2016<\/pre>\n","protected":false},"excerpt":{"rendered":"<p>Mes souvenirs au sujet de Andr\u00e9 ROUSSIMOF, dit \u00ab D\u00e9d\u00e9 \u00bb<br \/>\n ou \u00ab le G\u00e9ant \u00bb \u00e0 Ussy Sur Marne<\/p>\n","protected":false},"author":1,"featured_media":0,"parent":1281,"menu_order":0,"comment_status":"closed","ping_status":"closed","template":"","meta":{"colormag_page_container_layout":"no_sidebar_content_centered","colormag_page_sidebar_layout":"no_sidebar","jetpack_post_was_ever_published":false,"footnotes":""},"class_list":["post-1138","page","type-page","status-publish","hentry"],"jetpack_sharing_enabled":true,"jetpack_shortlink":"https:\/\/wp.me\/PaUFS9-im","_links":{"self":[{"href":"https:\/\/asu77ussy.fr\/index.php\/wp-json\/wp\/v2\/pages\/1138","targetHints":{"allow":["GET"]}}],"collection":[{"href":"https:\/\/asu77ussy.fr\/index.php\/wp-json\/wp\/v2\/pages"}],"about":[{"href":"https:\/\/asu77ussy.fr\/index.php\/wp-json\/wp\/v2\/types\/page"}],"author":[{"embeddable":true,"href":"https:\/\/asu77ussy.fr\/index.php\/wp-json\/wp\/v2\/users\/1"}],"replies":[{"embeddable":true,"href":"https:\/\/asu77ussy.fr\/index.php\/wp-json\/wp\/v2\/comments?post=1138"}],"version-history":[{"count":6,"href":"https:\/\/asu77ussy.fr\/index.php\/wp-json\/wp\/v2\/pages\/1138\/revisions"}],"predecessor-version":[{"id":4858,"href":"https:\/\/asu77ussy.fr\/index.php\/wp-json\/wp\/v2\/pages\/1138\/revisions\/4858"}],"up":[{"embeddable":true,"href":"https:\/\/asu77ussy.fr\/index.php\/wp-json\/wp\/v2\/pages\/1281"}],"wp:attachment":[{"href":"https:\/\/asu77ussy.fr\/index.php\/wp-json\/wp\/v2\/media?parent=1138"}],"curies":[{"name":"wp","href":"https:\/\/api.w.org\/{rel}","templated":true}]}}