{"id":1064,"date":"2019-07-27T10:36:02","date_gmt":"2019-07-27T08:36:02","guid":{"rendered":"http:\/\/asu77ussy.fr\/?page_id=1064"},"modified":"2023-02-08T22:14:49","modified_gmt":"2023-02-08T21:14:49","slug":"samuel-beckett-en-image","status":"publish","type":"page","link":"https:\/\/asu77ussy.fr\/index.php\/personnalites-et-artistes-remarquables\/samuel-beckett\/samuel-beckett-en-image\/","title":{"rendered":"Sa derni\u00e8re demeure"},"content":{"rendered":"<h3 class=\"post-title entry-title\" style=\"text-align: center;\">\u00ab\u00a0<i>Samuel Beckett et son \u00e9pouse Suzanne sont inhum\u00e9s au cimeti\u00e8re Montparnasse \u00e0 Paris\u00a0\u00bb<\/i><\/h3>\n<div class=\"post-header\">\n<div class=\"post-header-line-1\"><\/div>\n<\/div>\n<div id=\"post-body-1105311966393766867\" class=\"post-body entry-content\" style=\"text-align: center;\">\n<div class=\"separator\"><a href=\"https:\/\/i0.wp.com\/3.bp.blogspot.com\/-ZkeqFrXe0m0\/W-BLBrNImuI\/AAAAAAAAEHc\/arMmGWV5znIMmcw8LrnhUpYyyGgSxeeQQCLcBGAs\/s1600\/SM4.png?ssl=1\"><img data-recalc-dims=\"1\" loading=\"lazy\" decoding=\"async\" class=\"aligncenter\" src=\"https:\/\/i0.wp.com\/3.bp.blogspot.com\/-ZkeqFrXe0m0\/W-BLBrNImuI\/AAAAAAAAEHc\/arMmGWV5znIMmcw8LrnhUpYyyGgSxeeQQCLcBGAs\/s400\/SM4.png?resize=400%2C373&#038;ssl=1\" width=\"400\" height=\"373\" border=\"0\" data-original-height=\"1496\" data-original-width=\"1600\" \/><\/a><\/div>\n<pre class=\"separator\">Photo ASU - novembre 2018\n\n<\/pre>\n<h6 class=\"moz-forward-container\" style=\"text-align: left;\"><strong>La tombe de Samuel Beckett et de sa femme Suzanne est situ\u00e9e dans le cimeti\u00e8re du Montparnasse (Boulevard Edgar Quinet &#8211; Paris 14\u00e8me) partie Sud du cimeti\u00e8re.<\/strong><\/h6>\n<h6 class=\"moz-forward-container\" style=\"text-align: left;\"><strong>Cette section est riche en oeuves d&rsquo;art anciennes et modernes et accueille d&rsquo;illustres d\u00e9funts du monde des arts et des lettres. C&rsquo;est un espace vert important (1200 arbres, sophoras, \u00e9rables, tilleuls&#8230;.) cr\u00e9\u00e9 en 1824.<\/strong><\/h6>\n<h6 class=\"moz-forward-container\" style=\"text-align: left;\"><strong>La s\u00e9pulture de Samuel Beckett (1906-1989) est parmi celles les plus visit\u00e9es (division 12 &#8211; tombe n\u00b08).<\/strong><\/h6>\n<div><\/div>\n<\/div>\n<div><strong>Toutes les informations sur \u00ab\u00a0Le cimeti\u00e8re Montparnasse\u00a0\u00bb :<a href=\"https:\/\/www.paris.fr\/lieux\/cimetiere-du-montparnasse-4082\" target=\"_blank\" rel=\"noopener\"> https:\/\/www.paris.fr\/lieux\/cimetiere-du-montparnasse-4082<\/a><\/strong><\/div>\n<div id=\"post-body-1105311966393766867\" class=\"post-body entry-content\" style=\"text-align: center;\">\n<div style=\"text-align: left;\"><\/div>\n<\/div>\n<div><\/div>\n","protected":false},"excerpt":{"rendered":"<p>\u00ab\u00a0Samuel Beckett et son \u00e9pouse Suzanne sont inhum\u00e9s au cimeti\u00e8re Montparnasse \u00e0 Paris\u00a0\u00bb Photo ASU &#8211; novembre 2018 La tombe<\/p>\n","protected":false},"author":1,"featured_media":0,"parent":271,"menu_order":0,"comment_status":"closed","ping_status":"closed","template":"","meta":{"colormag_page_container_layout":"no_sidebar_content_centered","colormag_page_sidebar_layout":"no_sidebar","jetpack_post_was_ever_published":false,"footnotes":""},"class_list":["post-1064","page","type-page","status-publish","hentry"],"jetpack_sharing_enabled":true,"jetpack_shortlink":"https:\/\/wp.me\/PaUFS9-ha","_links":{"self":[{"href":"https:\/\/asu77ussy.fr\/index.php\/wp-json\/wp\/v2\/pages\/1064","targetHints":{"allow":["GET"]}}],"collection":[{"href":"https:\/\/asu77ussy.fr\/index.php\/wp-json\/wp\/v2\/pages"}],"about":[{"href":"https:\/\/asu77ussy.fr\/index.php\/wp-json\/wp\/v2\/types\/page"}],"author":[{"embeddable":true,"href":"https:\/\/asu77ussy.fr\/index.php\/wp-json\/wp\/v2\/users\/1"}],"replies":[{"embeddable":true,"href":"https:\/\/asu77ussy.fr\/index.php\/wp-json\/wp\/v2\/comments?post=1064"}],"version-history":[{"count":6,"href":"https:\/\/asu77ussy.fr\/index.php\/wp-json\/wp\/v2\/pages\/1064\/revisions"}],"predecessor-version":[{"id":5278,"href":"https:\/\/asu77ussy.fr\/index.php\/wp-json\/wp\/v2\/pages\/1064\/revisions\/5278"}],"up":[{"embeddable":true,"href":"https:\/\/asu77ussy.fr\/index.php\/wp-json\/wp\/v2\/pages\/271"}],"wp:attachment":[{"href":"https:\/\/asu77ussy.fr\/index.php\/wp-json\/wp\/v2\/media?parent=1064"}],"curies":[{"name":"wp","href":"https:\/\/api.w.org\/{rel}","templated":true}]}}