{"id":1060,"date":"2019-07-27T10:24:20","date_gmt":"2019-07-27T08:24:20","guid":{"rendered":"http:\/\/asu77ussy.fr\/?page_id=1060"},"modified":"2020-07-07T09:44:11","modified_gmt":"2020-07-07T07:44:11","slug":"le-pont-samuel-beckett-a-dublin","status":"publish","type":"page","link":"https:\/\/asu77ussy.fr\/index.php\/personnalites-et-artistes-remarquables\/samuel-beckett\/le-pont-samuel-beckett-a-dublin\/","title":{"rendered":"Le pont Samuel Beckett \u00e0 DUBLIN"},"content":{"rendered":"<p style=\"font-weight: 400;\">Le pont Samuel Beckettest un pont \u00e0 haubans situ\u00e9 dans le centre-ville de<img data-recalc-dims=\"1\" loading=\"lazy\" decoding=\"async\" width=\"300\" height=\"168\" class=\"size-full wp-image-280 alignright\" alt=\"\" src=\"https:\/\/i0.wp.com\/asu77ussy.fr\/wp-content\/uploads\/2019\/04\/Pont-harpe-celtique-DUBLIN.png?resize=300%2C168\"> Dublin. V\u00e9ritable trait d\u2019union entre les 2 rives de la ville, le pont relie Macken Street \u00e0 Guild Street. Tr\u00e8s moderne, il a \u00e9t\u00e9 con\u00e7u par l\u2019architecte Santiago Calatrava Valls, tout comme le James JoyceBridge b\u00e2tit un peu plus haut.<\/p>\n<p style=\"font-weight: 400;\">Sa forme est semblable \u00e0 celle d&rsquo;une harpe celtique.<\/p>\n<p>Baptis\u00e9 en l\u2019honneur du c\u00e9l\u00e8bre \u00e9crivain irlandais, le pont a \u00e9t\u00e9 inaugur\u00e9 en 2009. Malgr\u00e9 son co\u00fbt exorbitant (60 millions d\u2019euros), le pont a permit de d\u00e9sengorger les rues de Dublin, mais aussi de v\u00e9hiculer une image de plus en plus moderne de la ville de Dublin. V\u00e9ritable attraction touristique, il est tr\u00e8s appr\u00e9ci\u00e9 des touristes, qui en profitent ensuite pour aller d\u00e9couvrir le Convention Centre de Dublin, un immeuble ultra moderne, situ\u00e9 juste en face du pont\u2026<\/p>\n<p><img data-recalc-dims=\"1\" loading=\"lazy\" decoding=\"async\" width=\"750\" height=\"449\" class=\"aligncenter size-full wp-image-281\" alt=\"\" src=\"https:\/\/i0.wp.com\/asu77ussy.fr\/wp-content\/uploads\/2019\/04\/Pont-harpe-celtique-DUBLIN2.png?resize=750%2C449\" srcset=\"https:\/\/i0.wp.com\/asu77ussy.fr\/wp-content\/uploads\/2019\/04\/Pont-harpe-celtique-DUBLIN2.png?w=750&amp;ssl=1 750w, https:\/\/i0.wp.com\/asu77ussy.fr\/wp-content\/uploads\/2019\/04\/Pont-harpe-celtique-DUBLIN2.png?resize=300%2C180&amp;ssl=1 300w\" sizes=\"auto, (max-width: 750px) 100vw, 750px\" \/><\/p>\n<p><img data-recalc-dims=\"1\" loading=\"lazy\" decoding=\"async\" width=\"800\" height=\"534\" class=\"aligncenter size-large wp-image-278\" alt=\"\" src=\"https:\/\/i0.wp.com\/asu77ussy.fr\/wp-content\/uploads\/2019\/04\/IMG_20180914_161155-1024x683.jpg?resize=800%2C534\" srcset=\"https:\/\/i0.wp.com\/asu77ussy.fr\/wp-content\/uploads\/2019\/04\/IMG_20180914_161155.jpg?resize=1024%2C683&amp;ssl=1 1024w, https:\/\/i0.wp.com\/asu77ussy.fr\/wp-content\/uploads\/2019\/04\/IMG_20180914_161155.jpg?resize=300%2C200&amp;ssl=1 300w, https:\/\/i0.wp.com\/asu77ussy.fr\/wp-content\/uploads\/2019\/04\/IMG_20180914_161155.jpg?resize=768%2C513&amp;ssl=1 768w, https:\/\/i0.wp.com\/asu77ussy.fr\/wp-content\/uploads\/2019\/04\/IMG_20180914_161155.jpg?w=1500&amp;ssl=1 1500w\" sizes=\"auto, (max-width: 800px) 100vw, 800px\" \/><br \/>\n<img data-recalc-dims=\"1\" loading=\"lazy\" decoding=\"async\" width=\"800\" height=\"480\" class=\"aligncenter size-large wp-image-279\" alt=\"\" src=\"https:\/\/i0.wp.com\/asu77ussy.fr\/wp-content\/uploads\/2019\/04\/IMG_20180914_161318-1024x614.jpg?resize=800%2C480\" srcset=\"https:\/\/i0.wp.com\/asu77ussy.fr\/wp-content\/uploads\/2019\/04\/IMG_20180914_161318.jpg?resize=1024%2C614&amp;ssl=1 1024w, https:\/\/i0.wp.com\/asu77ussy.fr\/wp-content\/uploads\/2019\/04\/IMG_20180914_161318.jpg?resize=300%2C180&amp;ssl=1 300w, https:\/\/i0.wp.com\/asu77ussy.fr\/wp-content\/uploads\/2019\/04\/IMG_20180914_161318.jpg?resize=768%2C461&amp;ssl=1 768w, https:\/\/i0.wp.com\/asu77ussy.fr\/wp-content\/uploads\/2019\/04\/IMG_20180914_161318.jpg?w=1600&amp;ssl=1 1600w\" sizes=\"auto, (max-width: 800px) 100vw, 800px\" \/><\/p>\n<p>Ici un lien vers le site Guide Irlande<\/p>\n<p><a href=\"https:\/\/www.guide-irlande.com\/sites-touristiques\/samuel-beckett-bridge\/\">&nbsp;https:\/\/www.guide-irlande.com\/sites-touristiques\/samuel-beckett-bridge\/<\/a><\/p>\n<p>mardi 18 d\u00e9cembre 2018<\/p>\n","protected":false},"excerpt":{"rendered":"<p>Le pont Samuel Beckettest un pont \u00e0 haubans situ\u00e9 dans le centre-ville de Dublin. V\u00e9ritable trait d\u2019union entre les 2<\/p>\n","protected":false},"author":1,"featured_media":0,"parent":271,"menu_order":0,"comment_status":"closed","ping_status":"closed","template":"","meta":{"colormag_page_container_layout":"no_sidebar_full_width","colormag_page_sidebar_layout":"no_sidebar","jetpack_post_was_ever_published":false,"footnotes":""},"class_list":["post-1060","page","type-page","status-publish","hentry"],"jetpack_sharing_enabled":true,"jetpack_shortlink":"https:\/\/wp.me\/PaUFS9-h6","_links":{"self":[{"href":"https:\/\/asu77ussy.fr\/index.php\/wp-json\/wp\/v2\/pages\/1060","targetHints":{"allow":["GET"]}}],"collection":[{"href":"https:\/\/asu77ussy.fr\/index.php\/wp-json\/wp\/v2\/pages"}],"about":[{"href":"https:\/\/asu77ussy.fr\/index.php\/wp-json\/wp\/v2\/types\/page"}],"author":[{"embeddable":true,"href":"https:\/\/asu77ussy.fr\/index.php\/wp-json\/wp\/v2\/users\/1"}],"replies":[{"embeddable":true,"href":"https:\/\/asu77ussy.fr\/index.php\/wp-json\/wp\/v2\/comments?post=1060"}],"version-history":[{"count":3,"href":"https:\/\/asu77ussy.fr\/index.php\/wp-json\/wp\/v2\/pages\/1060\/revisions"}],"predecessor-version":[{"id":3251,"href":"https:\/\/asu77ussy.fr\/index.php\/wp-json\/wp\/v2\/pages\/1060\/revisions\/3251"}],"up":[{"embeddable":true,"href":"https:\/\/asu77ussy.fr\/index.php\/wp-json\/wp\/v2\/pages\/271"}],"wp:attachment":[{"href":"https:\/\/asu77ussy.fr\/index.php\/wp-json\/wp\/v2\/media?parent=1060"}],"curies":[{"name":"wp","href":"https:\/\/api.w.org\/{rel}","templated":true}]}}