{"id":1053,"date":"2019-07-22T12:45:01","date_gmt":"2019-07-22T10:45:01","guid":{"rendered":"http:\/\/asu77ussy.fr\/?page_id=1053"},"modified":"2019-10-29T13:52:17","modified_gmt":"2019-10-29T12:52:17","slug":"campgane-de-sauvegarde-des-graffitis-suite","status":"publish","type":"page","link":"https:\/\/asu77ussy.fr\/index.php\/eglise-st-authaire-et-ses-vitraux\/campgane-de-sauvegarde-des-graffitis-suite\/","title":{"rendered":"Recherches actives \u00e9pisode 1 (mai 2018)"},"content":{"rendered":"<pre><em>dimanche 6 mai 2018<\/em><\/pre>\n<div class=\"post-body entry-content\" id=\"post-body-1152847432216341210\">\n<div>En juillet prochain, d\u00e9buteront les travaux de l&rsquo;\u00e9glise de Ussy. Afin de conserver l&rsquo;histoire de ses murs, Jean-Paul GUILLAUMET a souhait\u00e9 faire un relev\u00e9 des graffitis, et peut \u00eatre encore, d\u00e9couvrir de son histoire !<\/div>\n<div>&nbsp;<\/div>\n<div>&nbsp;Quelques b\u00e9n\u00e9voles ont particip\u00e9 activement \u00e0 ce travail minutieux, afin de r\u00e9v\u00e9ler probablement des d\u00e9couvertes tr\u00e8s int\u00e9ressantes.<\/div>\n<div>&nbsp;<\/div>\n<div>En attendant le d\u00e9cryptage de ces relev\u00e9s, voici quelques photos. <b><br><\/b><\/div>\n<div>&nbsp;<\/div>\n<\/div>\n\n\n<div class=\"wp-block-jetpack-slideshow aligncenter\" data-effect=\"slide\"><div class=\"wp-block-jetpack-slideshow_container swiper-container\"><ul class=\"wp-block-jetpack-slideshow_swiper-wrapper swiper-wrapper\"><li class=\"wp-block-jetpack-slideshow_slide swiper-slide\"><figure><img data-recalc-dims=\"1\" loading=\"lazy\" decoding=\"async\" width=\"800\" height=\"600\" alt=\"\" class=\"wp-block-jetpack-slideshow_image wp-image-390\" data-id=\"390\" src=\"https:\/\/i0.wp.com\/asu77ussy.fr\/wp-content\/uploads\/2019\/04\/IMG_5594.jpg?resize=800%2C600\" srcset=\"https:\/\/i0.wp.com\/asu77ussy.fr\/wp-content\/uploads\/2019\/04\/IMG_5594.jpg?w=1600&amp;ssl=1 1600w, https:\/\/i0.wp.com\/asu77ussy.fr\/wp-content\/uploads\/2019\/04\/IMG_5594.jpg?resize=300%2C225&amp;ssl=1 300w, https:\/\/i0.wp.com\/asu77ussy.fr\/wp-content\/uploads\/2019\/04\/IMG_5594.jpg?resize=768%2C576&amp;ssl=1 768w, https:\/\/i0.wp.com\/asu77ussy.fr\/wp-content\/uploads\/2019\/04\/IMG_5594.jpg?resize=1024%2C768&amp;ssl=1 1024w\" sizes=\"(max-width: 800px) 100vw, 800px\" \/><\/figure><\/li><li class=\"wp-block-jetpack-slideshow_slide swiper-slide\"><figure><img data-recalc-dims=\"1\" loading=\"lazy\" decoding=\"async\" width=\"800\" height=\"600\" alt=\"\" class=\"wp-block-jetpack-slideshow_image wp-image-389\" data-id=\"389\" src=\"https:\/\/i0.wp.com\/asu77ussy.fr\/wp-content\/uploads\/2019\/04\/IMG_5590.jpg?resize=800%2C600\" srcset=\"https:\/\/i0.wp.com\/asu77ussy.fr\/wp-content\/uploads\/2019\/04\/IMG_5590.jpg?w=1600&amp;ssl=1 1600w, https:\/\/i0.wp.com\/asu77ussy.fr\/wp-content\/uploads\/2019\/04\/IMG_5590.jpg?resize=300%2C225&amp;ssl=1 300w, https:\/\/i0.wp.com\/asu77ussy.fr\/wp-content\/uploads\/2019\/04\/IMG_5590.jpg?resize=768%2C576&amp;ssl=1 768w, https:\/\/i0.wp.com\/asu77ussy.fr\/wp-content\/uploads\/2019\/04\/IMG_5590.jpg?resize=1024%2C768&amp;ssl=1 1024w\" sizes=\"(max-width: 800px) 100vw, 800px\" \/><\/figure><\/li><li class=\"wp-block-jetpack-slideshow_slide swiper-slide\"><figure><img data-recalc-dims=\"1\" loading=\"lazy\" decoding=\"async\" width=\"800\" height=\"600\" alt=\"\" class=\"wp-block-jetpack-slideshow_image wp-image-388\" data-id=\"388\" src=\"https:\/\/i0.wp.com\/asu77ussy.fr\/wp-content\/uploads\/2019\/04\/IMG_5589.jpg?resize=800%2C600\" srcset=\"https:\/\/i0.wp.com\/asu77ussy.fr\/wp-content\/uploads\/2019\/04\/IMG_5589.jpg?w=1600&amp;ssl=1 1600w, https:\/\/i0.wp.com\/asu77ussy.fr\/wp-content\/uploads\/2019\/04\/IMG_5589.jpg?resize=300%2C225&amp;ssl=1 300w, https:\/\/i0.wp.com\/asu77ussy.fr\/wp-content\/uploads\/2019\/04\/IMG_5589.jpg?resize=768%2C576&amp;ssl=1 768w, https:\/\/i0.wp.com\/asu77ussy.fr\/wp-content\/uploads\/2019\/04\/IMG_5589.jpg?resize=1024%2C768&amp;ssl=1 1024w\" sizes=\"(max-width: 800px) 100vw, 800px\" \/><\/figure><\/li><li class=\"wp-block-jetpack-slideshow_slide swiper-slide\"><figure><img data-recalc-dims=\"1\" loading=\"lazy\" decoding=\"async\" width=\"800\" height=\"600\" alt=\"\" class=\"wp-block-jetpack-slideshow_image wp-image-387\" data-id=\"387\" src=\"https:\/\/i0.wp.com\/asu77ussy.fr\/wp-content\/uploads\/2019\/04\/IMG_5588.jpg?resize=800%2C600\" srcset=\"https:\/\/i0.wp.com\/asu77ussy.fr\/wp-content\/uploads\/2019\/04\/IMG_5588.jpg?w=1600&amp;ssl=1 1600w, https:\/\/i0.wp.com\/asu77ussy.fr\/wp-content\/uploads\/2019\/04\/IMG_5588.jpg?resize=300%2C225&amp;ssl=1 300w, https:\/\/i0.wp.com\/asu77ussy.fr\/wp-content\/uploads\/2019\/04\/IMG_5588.jpg?resize=768%2C576&amp;ssl=1 768w, https:\/\/i0.wp.com\/asu77ussy.fr\/wp-content\/uploads\/2019\/04\/IMG_5588.jpg?resize=1024%2C768&amp;ssl=1 1024w\" sizes=\"(max-width: 800px) 100vw, 800px\" \/><\/figure><\/li><li class=\"wp-block-jetpack-slideshow_slide swiper-slide\"><figure><img data-recalc-dims=\"1\" loading=\"lazy\" decoding=\"async\" width=\"800\" height=\"1067\" alt=\"\" class=\"wp-block-jetpack-slideshow_image wp-image-386\" data-id=\"386\" src=\"https:\/\/i0.wp.com\/asu77ussy.fr\/wp-content\/uploads\/2019\/04\/IMG_5587.jpg?resize=800%2C1067\" srcset=\"https:\/\/i0.wp.com\/asu77ussy.fr\/wp-content\/uploads\/2019\/04\/IMG_5587.jpg?w=1200&amp;ssl=1 1200w, https:\/\/i0.wp.com\/asu77ussy.fr\/wp-content\/uploads\/2019\/04\/IMG_5587.jpg?resize=225%2C300&amp;ssl=1 225w, https:\/\/i0.wp.com\/asu77ussy.fr\/wp-content\/uploads\/2019\/04\/IMG_5587.jpg?resize=768%2C1024&amp;ssl=1 768w\" sizes=\"(max-width: 800px) 100vw, 800px\" \/><\/figure><\/li><li class=\"wp-block-jetpack-slideshow_slide swiper-slide\"><figure><img data-recalc-dims=\"1\" loading=\"lazy\" decoding=\"async\" width=\"800\" height=\"600\" alt=\"\" class=\"wp-block-jetpack-slideshow_image wp-image-385\" data-id=\"385\" src=\"https:\/\/i0.wp.com\/asu77ussy.fr\/wp-content\/uploads\/2019\/04\/IMG_5583.jpg?resize=800%2C600\" srcset=\"https:\/\/i0.wp.com\/asu77ussy.fr\/wp-content\/uploads\/2019\/04\/IMG_5583.jpg?w=1600&amp;ssl=1 1600w, https:\/\/i0.wp.com\/asu77ussy.fr\/wp-content\/uploads\/2019\/04\/IMG_5583.jpg?resize=300%2C225&amp;ssl=1 300w, https:\/\/i0.wp.com\/asu77ussy.fr\/wp-content\/uploads\/2019\/04\/IMG_5583.jpg?resize=768%2C576&amp;ssl=1 768w, https:\/\/i0.wp.com\/asu77ussy.fr\/wp-content\/uploads\/2019\/04\/IMG_5583.jpg?resize=1024%2C768&amp;ssl=1 1024w\" sizes=\"(max-width: 800px) 100vw, 800px\" \/><\/figure><\/li><li class=\"wp-block-jetpack-slideshow_slide swiper-slide\"><figure><img data-recalc-dims=\"1\" loading=\"lazy\" decoding=\"async\" width=\"800\" height=\"1067\" alt=\"\" class=\"wp-block-jetpack-slideshow_image wp-image-384\" data-id=\"384\" src=\"https:\/\/i0.wp.com\/asu77ussy.fr\/wp-content\/uploads\/2019\/04\/IMG_5579.jpg?resize=800%2C1067\" srcset=\"https:\/\/i0.wp.com\/asu77ussy.fr\/wp-content\/uploads\/2019\/04\/IMG_5579.jpg?w=1200&amp;ssl=1 1200w, https:\/\/i0.wp.com\/asu77ussy.fr\/wp-content\/uploads\/2019\/04\/IMG_5579.jpg?resize=225%2C300&amp;ssl=1 225w, https:\/\/i0.wp.com\/asu77ussy.fr\/wp-content\/uploads\/2019\/04\/IMG_5579.jpg?resize=768%2C1024&amp;ssl=1 768w\" sizes=\"(max-width: 800px) 100vw, 800px\" \/><\/figure><\/li><li class=\"wp-block-jetpack-slideshow_slide swiper-slide\"><figure><img data-recalc-dims=\"1\" loading=\"lazy\" decoding=\"async\" width=\"800\" height=\"1067\" alt=\"\" class=\"wp-block-jetpack-slideshow_image wp-image-376\" data-id=\"376\" src=\"https:\/\/i0.wp.com\/asu77ussy.fr\/wp-content\/uploads\/2019\/04\/IMG_5566.jpg?resize=800%2C1067\" srcset=\"https:\/\/i0.wp.com\/asu77ussy.fr\/wp-content\/uploads\/2019\/04\/IMG_5566.jpg?w=1200&amp;ssl=1 1200w, https:\/\/i0.wp.com\/asu77ussy.fr\/wp-content\/uploads\/2019\/04\/IMG_5566.jpg?resize=225%2C300&amp;ssl=1 225w, https:\/\/i0.wp.com\/asu77ussy.fr\/wp-content\/uploads\/2019\/04\/IMG_5566.jpg?resize=768%2C1024&amp;ssl=1 768w\" sizes=\"(max-width: 800px) 100vw, 800px\" \/><\/figure><\/li><li class=\"wp-block-jetpack-slideshow_slide swiper-slide\"><figure><img data-recalc-dims=\"1\" loading=\"lazy\" decoding=\"async\" width=\"800\" height=\"1067\" alt=\"\" class=\"wp-block-jetpack-slideshow_image wp-image-377\" data-id=\"377\" src=\"https:\/\/i0.wp.com\/asu77ussy.fr\/wp-content\/uploads\/2019\/04\/IMG_5568.jpg?resize=800%2C1067\" srcset=\"https:\/\/i0.wp.com\/asu77ussy.fr\/wp-content\/uploads\/2019\/04\/IMG_5568.jpg?w=1200&amp;ssl=1 1200w, https:\/\/i0.wp.com\/asu77ussy.fr\/wp-content\/uploads\/2019\/04\/IMG_5568.jpg?resize=225%2C300&amp;ssl=1 225w, https:\/\/i0.wp.com\/asu77ussy.fr\/wp-content\/uploads\/2019\/04\/IMG_5568.jpg?resize=768%2C1024&amp;ssl=1 768w\" sizes=\"(max-width: 800px) 100vw, 800px\" \/><\/figure><\/li><li class=\"wp-block-jetpack-slideshow_slide swiper-slide\"><figure><img data-recalc-dims=\"1\" loading=\"lazy\" decoding=\"async\" width=\"800\" height=\"1067\" alt=\"\" class=\"wp-block-jetpack-slideshow_image wp-image-378\" data-id=\"378\" src=\"https:\/\/i0.wp.com\/asu77ussy.fr\/wp-content\/uploads\/2019\/04\/IMG_5569.jpg?resize=800%2C1067\" srcset=\"https:\/\/i0.wp.com\/asu77ussy.fr\/wp-content\/uploads\/2019\/04\/IMG_5569.jpg?w=1200&amp;ssl=1 1200w, https:\/\/i0.wp.com\/asu77ussy.fr\/wp-content\/uploads\/2019\/04\/IMG_5569.jpg?resize=225%2C300&amp;ssl=1 225w, https:\/\/i0.wp.com\/asu77ussy.fr\/wp-content\/uploads\/2019\/04\/IMG_5569.jpg?resize=768%2C1024&amp;ssl=1 768w\" sizes=\"(max-width: 800px) 100vw, 800px\" \/><\/figure><\/li><li class=\"wp-block-jetpack-slideshow_slide swiper-slide\"><figure><img data-recalc-dims=\"1\" loading=\"lazy\" decoding=\"async\" width=\"800\" height=\"600\" alt=\"\" class=\"wp-block-jetpack-slideshow_image wp-image-380\" data-id=\"380\" src=\"https:\/\/i0.wp.com\/asu77ussy.fr\/wp-content\/uploads\/2019\/04\/IMG_5572.jpg?resize=800%2C600\" srcset=\"https:\/\/i0.wp.com\/asu77ussy.fr\/wp-content\/uploads\/2019\/04\/IMG_5572.jpg?w=1600&amp;ssl=1 1600w, https:\/\/i0.wp.com\/asu77ussy.fr\/wp-content\/uploads\/2019\/04\/IMG_5572.jpg?resize=300%2C225&amp;ssl=1 300w, https:\/\/i0.wp.com\/asu77ussy.fr\/wp-content\/uploads\/2019\/04\/IMG_5572.jpg?resize=768%2C576&amp;ssl=1 768w, https:\/\/i0.wp.com\/asu77ussy.fr\/wp-content\/uploads\/2019\/04\/IMG_5572.jpg?resize=1024%2C768&amp;ssl=1 1024w\" sizes=\"(max-width: 800px) 100vw, 800px\" \/><\/figure><\/li><li class=\"wp-block-jetpack-slideshow_slide swiper-slide\"><figure><img data-recalc-dims=\"1\" loading=\"lazy\" decoding=\"async\" width=\"800\" height=\"600\" alt=\"\" class=\"wp-block-jetpack-slideshow_image wp-image-381\" data-id=\"381\" src=\"https:\/\/i0.wp.com\/asu77ussy.fr\/wp-content\/uploads\/2019\/04\/IMG_5573.jpg?resize=800%2C600\" srcset=\"https:\/\/i0.wp.com\/asu77ussy.fr\/wp-content\/uploads\/2019\/04\/IMG_5573.jpg?w=1600&amp;ssl=1 1600w, https:\/\/i0.wp.com\/asu77ussy.fr\/wp-content\/uploads\/2019\/04\/IMG_5573.jpg?resize=300%2C225&amp;ssl=1 300w, https:\/\/i0.wp.com\/asu77ussy.fr\/wp-content\/uploads\/2019\/04\/IMG_5573.jpg?resize=768%2C576&amp;ssl=1 768w, https:\/\/i0.wp.com\/asu77ussy.fr\/wp-content\/uploads\/2019\/04\/IMG_5573.jpg?resize=1024%2C768&amp;ssl=1 1024w\" sizes=\"(max-width: 800px) 100vw, 800px\" \/><\/figure><\/li><li class=\"wp-block-jetpack-slideshow_slide swiper-slide\"><figure><img data-recalc-dims=\"1\" loading=\"lazy\" decoding=\"async\" width=\"800\" height=\"600\" alt=\"\" class=\"wp-block-jetpack-slideshow_image wp-image-382\" data-id=\"382\" src=\"https:\/\/i0.wp.com\/asu77ussy.fr\/wp-content\/uploads\/2019\/04\/IMG_5575.jpg?resize=800%2C600\" srcset=\"https:\/\/i0.wp.com\/asu77ussy.fr\/wp-content\/uploads\/2019\/04\/IMG_5575.jpg?w=1600&amp;ssl=1 1600w, https:\/\/i0.wp.com\/asu77ussy.fr\/wp-content\/uploads\/2019\/04\/IMG_5575.jpg?resize=300%2C225&amp;ssl=1 300w, https:\/\/i0.wp.com\/asu77ussy.fr\/wp-content\/uploads\/2019\/04\/IMG_5575.jpg?resize=768%2C576&amp;ssl=1 768w, https:\/\/i0.wp.com\/asu77ussy.fr\/wp-content\/uploads\/2019\/04\/IMG_5575.jpg?resize=1024%2C768&amp;ssl=1 1024w\" sizes=\"(max-width: 800px) 100vw, 800px\" \/><\/figure><\/li><li class=\"wp-block-jetpack-slideshow_slide swiper-slide\"><figure><img data-recalc-dims=\"1\" loading=\"lazy\" decoding=\"async\" width=\"800\" height=\"600\" alt=\"\" class=\"wp-block-jetpack-slideshow_image wp-image-383\" data-id=\"383\" src=\"https:\/\/i0.wp.com\/asu77ussy.fr\/wp-content\/uploads\/2019\/04\/IMG_5578.jpg?resize=800%2C600\" srcset=\"https:\/\/i0.wp.com\/asu77ussy.fr\/wp-content\/uploads\/2019\/04\/IMG_5578.jpg?w=1600&amp;ssl=1 1600w, https:\/\/i0.wp.com\/asu77ussy.fr\/wp-content\/uploads\/2019\/04\/IMG_5578.jpg?resize=300%2C225&amp;ssl=1 300w, https:\/\/i0.wp.com\/asu77ussy.fr\/wp-content\/uploads\/2019\/04\/IMG_5578.jpg?resize=768%2C576&amp;ssl=1 768w, https:\/\/i0.wp.com\/asu77ussy.fr\/wp-content\/uploads\/2019\/04\/IMG_5578.jpg?resize=1024%2C768&amp;ssl=1 1024w\" sizes=\"(max-width: 800px) 100vw, 800px\" \/><\/figure><\/li><li class=\"wp-block-jetpack-slideshow_slide swiper-slide\"><figure><img data-recalc-dims=\"1\" loading=\"lazy\" decoding=\"async\" width=\"800\" height=\"1067\" alt=\"\" class=\"wp-block-jetpack-slideshow_image wp-image-379\" data-id=\"379\" src=\"https:\/\/i0.wp.com\/asu77ussy.fr\/wp-content\/uploads\/2019\/04\/IMG_5570.jpg?resize=800%2C1067\" srcset=\"https:\/\/i0.wp.com\/asu77ussy.fr\/wp-content\/uploads\/2019\/04\/IMG_5570.jpg?w=1200&amp;ssl=1 1200w, https:\/\/i0.wp.com\/asu77ussy.fr\/wp-content\/uploads\/2019\/04\/IMG_5570.jpg?resize=225%2C300&amp;ssl=1 225w, https:\/\/i0.wp.com\/asu77ussy.fr\/wp-content\/uploads\/2019\/04\/IMG_5570.jpg?resize=768%2C1024&amp;ssl=1 768w\" sizes=\"(max-width: 800px) 100vw, 800px\" \/><\/figure><\/li><\/ul><a class=\"wp-block-jetpack-slideshow_button-prev swiper-button-prev swiper-button-white\" role=\"button\"><\/a><a class=\"wp-block-jetpack-slideshow_button-next swiper-button-next swiper-button-white\" role=\"button\"><\/a><a aria-label=\"Pause Slideshow\" class=\"wp-block-jetpack-slideshow_button-pause\" role=\"button\"><\/a><div class=\"wp-block-jetpack-slideshow_pagination swiper-pagination swiper-pagination-white\"><\/div><\/div><\/div>\n","protected":false},"excerpt":{"rendered":"<p>dimanche 6 mai 2018 En juillet prochain, d\u00e9buteront les travaux de l&rsquo;\u00e9glise de Ussy. Afin de conserver l&rsquo;histoire de ses<\/p>\n","protected":false},"author":1,"featured_media":0,"parent":372,"menu_order":0,"comment_status":"closed","ping_status":"closed","template":"","meta":{"colormag_page_container_layout":"no_sidebar_content_centered","colormag_page_sidebar_layout":"no_sidebar","jetpack_post_was_ever_published":false,"footnotes":""},"class_list":["post-1053","page","type-page","status-publish","hentry"],"jetpack_sharing_enabled":true,"jetpack_shortlink":"https:\/\/wp.me\/PaUFS9-gZ","_links":{"self":[{"href":"https:\/\/asu77ussy.fr\/index.php\/wp-json\/wp\/v2\/pages\/1053","targetHints":{"allow":["GET"]}}],"collection":[{"href":"https:\/\/asu77ussy.fr\/index.php\/wp-json\/wp\/v2\/pages"}],"about":[{"href":"https:\/\/asu77ussy.fr\/index.php\/wp-json\/wp\/v2\/types\/page"}],"author":[{"embeddable":true,"href":"https:\/\/asu77ussy.fr\/index.php\/wp-json\/wp\/v2\/users\/1"}],"replies":[{"embeddable":true,"href":"https:\/\/asu77ussy.fr\/index.php\/wp-json\/wp\/v2\/comments?post=1053"}],"version-history":[{"count":8,"href":"https:\/\/asu77ussy.fr\/index.php\/wp-json\/wp\/v2\/pages\/1053\/revisions"}],"predecessor-version":[{"id":2605,"href":"https:\/\/asu77ussy.fr\/index.php\/wp-json\/wp\/v2\/pages\/1053\/revisions\/2605"}],"up":[{"embeddable":true,"href":"https:\/\/asu77ussy.fr\/index.php\/wp-json\/wp\/v2\/pages\/372"}],"wp:attachment":[{"href":"https:\/\/asu77ussy.fr\/index.php\/wp-json\/wp\/v2\/media?parent=1053"}],"curies":[{"name":"wp","href":"https:\/\/api.w.org\/{rel}","templated":true}]}}